{"id":3907,"date":"2020-03-20T16:50:23","date_gmt":"2020-03-20T15:50:23","guid":{"rendered":"https:\/\/konpart.de\/impressum\/"},"modified":"2025-09-04T11:43:41","modified_gmt":"2025-09-04T09:43:41","slug":"impressum","status":"publish","type":"page","link":"https:\/\/konpart.de\/de\/impressum\/","title":{"rendered":"Impressum"},"content":{"rendered":"<div class=\"gb-container gb-container-1b6166a1 main\">\n<div class=\"gb-container gb-container-e483e268 small\">\n\n<h1 class=\"wp-block-heading\">Impressum<\/h1>\n\n\n\n<p>KonPart Import-Export GmbH<br\/>Am alten Lokschuppen 6<br\/>21509 Glinde, Deutschland<\/p>\n\n\n\n<p>Handelsregister: HRB 22138<br\/>Registergericht: Amtsgericht L\u00fcbeck<\/p>\n\n\n\n<p><strong>Vertreten durch:<\/strong><br\/>Roman Choinowski<\/p>\n\n\n\n<p><strong>Kontakt<\/strong><br\/>Telefon: +49 (0)40 6963948-0<br\/>Telefax: +49 (0)40 6963948-20<br\/>E-Mail: info@konpart.de<\/p>\n\n\n\n<p><strong>Umsatzsteuer-Identifikationsnummer<\/strong><br\/>Umsatzsteuer-Identifikationsnummer gem\u00e4\u00df Abschnitt. 27 a des Umsatzsteuergesetzes:<br\/>DE 118 629 230<\/p>\n\n\n\n<p><strong>Verantwortliche Person f\u00fcr die Redaktion<\/strong><br\/>Roman Choinowski<br\/>Adresse siehe oben<\/p>\n\n<\/div>\n<\/div>","protected":false},"excerpt":{"rendered":"<p>Impressum KonPart Import-Export GmbHAm alten Lokschuppen 621509 Glinde, Deutschland Handelsregister: HRB 22138Registergericht: Amtsgericht L\u00fcbeck Vertreten durch:Roman Choinowski KontaktTelefon: +49 (0)40 6963948-0Telefax: +49 (0)40 6963948-20E-Mail: info@konpart.de Umsatzsteuer-IdentifikationsnummerUmsatzsteuer-Identifikationsnummer gem\u00e4\u00df Abschnitt. 27 a des Umsatzsteuergesetzes:DE 118 629 230 Verantwortliche Person f\u00fcr die RedaktionRoman ChoinowskiAdresse siehe oben<\/p>\n","protected":false},"author":1,"featured_media":0,"parent":0,"menu_order":100,"comment_status":"closed","ping_status":"closed","template":"","meta":{"_acf_changed":false,"footnotes":""},"element-controls":[],"class_list":["post-3907","page","type-page","status-publish"],"acf":[],"_links":{"self":[{"href":"https:\/\/konpart.de\/de\/wp-json\/wp\/v2\/pages\/3907","targetHints":{"allow":["GET"]}}],"collection":[{"href":"https:\/\/konpart.de\/de\/wp-json\/wp\/v2\/pages"}],"about":[{"href":"https:\/\/konpart.de\/de\/wp-json\/wp\/v2\/types\/page"}],"author":[{"embeddable":true,"href":"https:\/\/konpart.de\/de\/wp-json\/wp\/v2\/users\/1"}],"replies":[{"embeddable":true,"href":"https:\/\/konpart.de\/de\/wp-json\/wp\/v2\/comments?post=3907"}],"version-history":[{"count":5,"href":"https:\/\/konpart.de\/de\/wp-json\/wp\/v2\/pages\/3907\/revisions"}],"predecessor-version":[{"id":3912,"href":"https:\/\/konpart.de\/de\/wp-json\/wp\/v2\/pages\/3907\/revisions\/3912"}],"wp:attachment":[{"href":"https:\/\/konpart.de\/de\/wp-json\/wp\/v2\/media?parent=3907"}],"wp:term":[{"taxonomy":"element-controls","embeddable":true,"href":"https:\/\/konpart.de\/de\/wp-json\/wp\/v2\/element-controls?post=3907"}],"curies":[{"name":"wp","href":"https:\/\/api.w.org\/{rel}","templated":true}]}}