{"id":3929,"date":"2020-05-07T15:20:15","date_gmt":"2020-05-07T13:20:15","guid":{"rendered":"https:\/\/konpart.de\/kontakt\/"},"modified":"2025-10-22T10:12:14","modified_gmt":"2025-10-22T08:12:14","slug":"kontakt","status":"publish","type":"page","link":"https:\/\/konpart.de\/de\/kontakt\/","title":{"rendered":"Kontakt"},"content":{"rendered":"\n<div><div class=\"n2_clear\"><ss3-force-full-width data-overflow-x=\"body\" data-horizontal-selector=\"body\"><div class=\"n2-section-smartslider fitvidsignore  n2_clear\" data-ssid=\"29\"><div id=\"n2-ss-29-align\" class=\"n2-ss-align\"><div class=\"n2-padding\"><div id=\"n2-ss-29\" data-creator=\"Smart Slider 3\" data-responsive=\"fullwidth\" class=\"n2-ss-slider n2-ow n2-has-hover n2notransition  \">\n        <div class=\"n2-ss-slider-1 n2_ss__touch_element n2-ow\">\n            <div class=\"n2-ss-slider-2 n2-ow\">\n                                                <div class=\"n2-ss-slider-3 n2-ow\">\n\n                    <div class=\"n2-ss-slide-backgrounds n2-ow-all\"><div class=\"n2-ss-slide-background\" data-public-id=\"1\" data-mode=\"fill\"><div class=\"n2-ss-slide-background-image\" data-blur=\"0\" data-opacity=\"100\" data-x=\"50\" data-y=\"50\" data-alt=\"\" data-title=\"\"><picture class=\"skip-lazy\" data-skip-lazy=\"1\"><source srcset=\"\/\/konpart.de\/wp-content\/uploads\/2025\/06\/konpart-automotive-catalogues-aftermarket-spare-parts-contact-mobil.jpg\" media=\"(max-width: 900px)\" class=\"skip-lazy\" data-skip-lazy=\"1\"><img decoding=\"async\" src=\"\/\/konpart.de\/wp-content\/uploads\/2025\/06\/konpart-automotive-catalogues-aftermarket-spare-parts-contact.jpg\" alt=\"\" title=\"\" loading=\"lazy\" class=\"skip-lazy\" data-skip-lazy=\"1\"><\/picture><\/div><div data-color=\"RGBA(210,10,16,1)\" style=\"background-color: RGBA(210,10,16,1);\" class=\"n2-ss-slide-background-color\"><\/div><\/div><\/div>                    <div class=\"n2-ss-slider-4 n2-ow\">\n                        <svg xmlns=\"http:\/\/www.w3.org\/2000\/svg\" viewBox=\"0 0 1920 500\" data-related-device=\"desktopPortrait\" class=\"n2-ow n2-ss-preserve-size n2-ss-preserve-size--slider n2-ss-slide-limiter\"><\/svg><div data-first=\"1\" data-slide-duration=\"0\" data-id=\"36\" data-slide-public-id=\"1\" data-title=\"Slide\" class=\"n2-ss-slide n2-ow  n2-ss-slide-36\"><div role=\"note\" class=\"n2-ss-slide--focus\" tabindex=\"-1\">Slide<\/div><div class=\"n2-ss-layers-container n2-ss-slide-limiter n2-ow\"><div class=\"n2-ss-layer n2-ow n-uc-9OEBMiHIgIHF\" data-sstype=\"slide\" data-pm=\"default\"><div class=\"n2-ss-layer n2-ow n-uc-UHSooG8VdQ01\" data-pm=\"default\" data-sstype=\"content\" data-hasbackground=\"0\"><div class=\"n2-ss-section-main-content n2-ss-layer-with-background n2-ss-layer-content n2-ow n-uc-UHSooG8VdQ01-inner\"><div class=\"n2-ss-layer n2-ow n2-ss-layer--block n2-ss-has-self-align n2-ss-stretch-layer n-uc-TPl5zO6aRGCM\" data-pm=\"normal\" data-sstype=\"row\"><div class=\"n2-ss-layer-row n2-ss-layer-with-background n-uc-TPl5zO6aRGCM-inner\"><div class=\"n2-ss-layer-row-inner \"><div class=\"n2-ss-layer n2-ow n-uc-uoJ66iSTtwWY\" data-pm=\"default\" data-sstype=\"col\"><div class=\"n2-ss-layer-col n2-ss-layer-with-background n2-ss-layer-content n-uc-uoJ66iSTtwWY-inner\"><\/div><\/div><div class=\"n2-ss-layer n2-ow n-uc-BYWuASz7meqw\" data-pm=\"default\" data-hidemobileportrait=\"1\" data-sstype=\"col\"><div class=\"n2-ss-layer-col n2-ss-layer-with-background n2-ss-layer-content n-uc-BYWuASz7meqw-inner\"><div class=\"n2-ss-layer n2-ow n-uc-u87kvXRCiaql\" data-pm=\"normal\" data-animv2=\"{&quot;basic&quot;:{&quot;in&quot;:{&quot;type&quot;:&quot;basic&quot;,&quot;name&quot;:&quot;Fade&quot;,&quot;keyFrames&quot;:[{&quot;ease&quot;:&quot;linear&quot;,&quot;opacity&quot;:0}]}}}\" data-sstype=\"layer\"><div id=\"n2-ss-29item1\" class=\"n2-font-7c51fb98e3f68a79f75f15481ce3fc1c-hover   n2-ss-item-content n2-ss-text n2-ow\" style=\"display:block;\">Kontaktieren Sie uns f\u00fcr ein Angebot!<\/div><\/div><div class=\"n2-ss-layer n2-ow n2-ss-layer--block n2-ss-has-self-align n-uc-7mcQ6aF4gyuo\" data-pm=\"normal\" data-animv2=\"{&quot;basic&quot;:{&quot;in&quot;:{&quot;type&quot;:&quot;basic&quot;,&quot;name&quot;:&quot;Fade&quot;,&quot;keyFrames&quot;:[{&quot;duration&quot;:1,&quot;delay&quot;:0.6,&quot;opacity&quot;:0}]}}}\" data-sstype=\"row\"><div class=\"n2-ss-layer-row n2-ss-layer-with-background n-uc-7mcQ6aF4gyuo-inner\"><div class=\"n2-ss-layer-row-inner \"><div class=\"n2-ss-layer n2-ow n-uc-NL3ITY9msKVB\" data-pm=\"default\" data-hidetabletportrait=\"1\" data-sstype=\"col\"><div class=\"n2-ss-layer-col n2-ss-layer-with-background n2-ss-layer-content n-uc-NL3ITY9msKVB-inner\"><div class=\"n2-ss-layer n2-ow n-uc-nyn4kPvp5evk\" data-pm=\"normal\" data-sstype=\"layer\"><div class=\"n2-ss-item-content n2-ss-text n2-ow-all\"><div class=\"\"><p class=\"n2-font-a263158264e92a79de52d2ce25ae23a6-paragraph   \">Nur Unternehmen<\/p>\n<\/div><\/div><\/div><div class=\"n2-ss-layer n2-ow slider-text n-uc-Et9awgK5zavK\" data-pm=\"normal\" data-sstype=\"layer\"><div class=\"n2-ss-item-content n2-ss-text n2-ow-all\"><div class=\"\"><p class=\"n2-font-a263158264e92a79de52d2ce25ae23a6-paragraph   \"><span class=\"list-icon\"><b>\u00dcber 50 f\u00fchrende Aftermarket-Marken<\/b><\/span><br \/>\n<span class=\"list-icon\"><b>\u00c4u\u00dferst wettbewerbsf\u00e4hige Preise<\/b><\/span><br \/>\n<span class=\"list-icon\"><b>Weltweiter Versand<\/b><\/span><\/p>\n<\/div><\/div><\/div><\/div><\/div><div class=\"n2-ss-layer n2-ow n-uc-l6pbdLEkHDjz\" data-pm=\"default\" data-sstype=\"col\"><div class=\"n2-ss-layer-col n2-ss-layer-with-background n2-ss-layer-content n-uc-l6pbdLEkHDjz-inner\"><div class=\"n2-ss-layer n2-ow n-uc-TfMIjny7djpD\" data-pm=\"normal\" data-sstype=\"layer\"><div class=\"n2-ss-item-content n2-ss-text n2-ow-all\"><div class=\"\"><p class=\"n2-font-78067eb9c2693845cf09c27f3f66e900-paragraph   \"><b>Email: <a href=\"mailto:&#105;nfo&#64;&#107;&#111;n&#112;&#97;&#114;t&#46;d&#101;\">&#105;n&#102;o&#64;&#107;&#111;np&#97;&#114;&#116;.&#100;&#101;<\/a><br \/>\nPhone: +49 (0)40 6963948-0<\/b><br \/>\nBusiness Hours: Mon &#8211; Fri 8am &#8211; 5pm CET<\/p>\n<\/div><\/div><\/div><\/div><\/div><\/div><\/div><\/div><\/div><\/div><\/div><\/div><\/div><\/div><\/div><\/div><\/div><\/div>                    <\/div>\n\n                                    <\/div>\n            <\/div>\n        <\/div>\n        <\/div><ss3-loader><\/ss3-loader><\/div><\/div><div class=\"n2_clear\"><\/div><\/div><\/ss3-force-full-width><\/div><\/div>\n\n\n\n<div class=\"gb-element-78c191c8\">\n<div class=\"order-by-priority\"><div class=\"gb-looper-6020cb22 order-by-priority\">\n<div class=\"gb-loop-item gb-loop-item-70ad5639 post-3975 product type-product status-publish has-post-thumbnail hentry\">\n<a href=\"https:\/\/konpart.de\/de\/product\/zf\/\"><img loading=\"lazy\" decoding=\"async\" width=\"300\" height=\"200\" data-media-id=\"3714\" class=\"gb-media-16e43eec\" src=\"https:\/\/konpart.de\/wp-content\/uploads\/2024\/11\/zf-logo-1.jpg\" alt=\"ZF\"\/><\/a>\n<\/div>\n\n<div class=\"gb-loop-item gb-loop-item-70ad5639 post-3974 product type-product status-publish has-post-thumbnail hentry\">\n<a href=\"https:\/\/konpart.de\/de\/product\/contitech\/\"><img loading=\"lazy\" decoding=\"async\" width=\"300\" height=\"200\" data-media-id=\"3558\" class=\"gb-media-16e43eec\" src=\"https:\/\/konpart.de\/wp-content\/uploads\/2025\/05\/contitech-logo-2.jpg\" alt=\"ContiTech\"\/><\/a>\n<\/div>\n\n<div class=\"gb-loop-item gb-loop-item-70ad5639 post-4010 product type-product status-publish has-post-thumbnail hentry\">\n<a href=\"https:\/\/konpart.de\/de\/product\/ate\/\"><img loading=\"lazy\" decoding=\"async\" width=\"300\" height=\"200\" data-media-id=\"3529\" class=\"gb-media-16e43eec\" src=\"https:\/\/konpart.de\/wp-content\/uploads\/2024\/11\/ate-logo-2.jpg\" alt=\"ATE\"\/><\/a>\n<\/div>\n\n<div class=\"gb-loop-item gb-loop-item-70ad5639 post-4006 product type-product status-publish has-post-thumbnail hentry\">\n<a href=\"https:\/\/konpart.de\/de\/product\/kontinentale\/\"><img loading=\"lazy\" decoding=\"async\" width=\"300\" height=\"200\" data-media-id=\"3554\" class=\"gb-media-16e43eec\" src=\"https:\/\/konpart.de\/wp-content\/uploads\/2024\/11\/continental-logo-1.jpg\" alt=\"Kontinentale\"\/><\/a>\n<\/div>\n\n<div class=\"gb-loop-item gb-loop-item-70ad5639 post-3982 product type-product status-publish has-post-thumbnail hentry\">\n<a href=\"https:\/\/konpart.de\/de\/product\/victor-reinz\/\"><img loading=\"lazy\" decoding=\"async\" width=\"300\" height=\"200\" data-media-id=\"3674\" class=\"gb-media-16e43eec\" src=\"https:\/\/konpart.de\/wp-content\/uploads\/2024\/11\/reinz-logo.jpg\" alt=\"Victor Reinz\"\/><\/a>\n<\/div>\n\n<div class=\"gb-loop-item gb-loop-item-70ad5639 post-3973 product type-product status-publish has-post-thumbnail hentry\">\n<a href=\"https:\/\/konpart.de\/de\/product\/kolbenschmidt\/\"><img loading=\"lazy\" decoding=\"async\" width=\"300\" height=\"200\" data-media-id=\"3614\" class=\"gb-media-16e43eec\" src=\"https:\/\/konpart.de\/wp-content\/uploads\/2025\/05\/kolbenschmidt-logo-1.jpg\" alt=\"Kolbenschmidt\"\/><\/a>\n<\/div>\n\n<div class=\"gb-loop-item gb-loop-item-70ad5639 post-3991 product type-product status-publish has-post-thumbnail hentry\">\n<a href=\"https:\/\/konpart.de\/de\/product\/mahle-produkte\/\"><img loading=\"lazy\" decoding=\"async\" width=\"300\" height=\"200\" data-media-id=\"3630\" class=\"gb-media-16e43eec\" src=\"https:\/\/konpart.de\/wp-content\/uploads\/2024\/11\/mahle-logo-1.jpg\" alt=\"Mahle Produkte\"\/><\/a>\n<\/div>\n\n<div class=\"gb-loop-item gb-loop-item-70ad5639 post-4002 product type-product status-publish has-post-thumbnail hentry\">\n<a href=\"https:\/\/konpart.de\/de\/product\/febi\/\"><img loading=\"lazy\" decoding=\"async\" width=\"300\" height=\"200\" data-media-id=\"3574\" class=\"gb-media-16e43eec\" src=\"https:\/\/konpart.de\/wp-content\/uploads\/2024\/11\/febi-logo-1.jpg\" alt=\"febi\"\/><\/a>\n<\/div>\n\n<div class=\"gb-loop-item gb-loop-item-70ad5639 post-3984 product type-product status-publish has-post-thumbnail hentry\">\n<a href=\"https:\/\/konpart.de\/de\/product\/payen\/\"><img loading=\"lazy\" decoding=\"async\" width=\"300\" height=\"200\" data-media-id=\"3662\" class=\"gb-media-16e43eec\" src=\"https:\/\/konpart.de\/wp-content\/uploads\/2024\/11\/payen-logo-1.jpg\" alt=\"Payen\"\/><\/a>\n<\/div>\n\n<div class=\"gb-loop-item gb-loop-item-70ad5639 post-4007 product type-product status-publish has-post-thumbnail hentry\">\n<a href=\"https:\/\/konpart.de\/de\/product\/borgwarner\/\"><img loading=\"lazy\" decoding=\"async\" width=\"300\" height=\"200\" data-media-id=\"3546\" class=\"gb-media-16e43eec\" src=\"https:\/\/konpart.de\/wp-content\/uploads\/2024\/11\/borgwarner-logo-1.jpg\" alt=\"BorgWarner\"\/><\/a>\n<\/div>\n\n<div class=\"gb-loop-item gb-loop-item-70ad5639 post-3972 product type-product status-publish has-post-thumbnail hentry\">\n<a href=\"https:\/\/konpart.de\/de\/product\/knorr\/\"><img loading=\"lazy\" decoding=\"async\" width=\"300\" height=\"200\" data-media-id=\"3610\" class=\"gb-media-16e43eec\" src=\"https:\/\/konpart.de\/wp-content\/uploads\/2025\/05\/knorr-logo-1.jpg\" alt=\"Knorr\"\/><\/a>\n<\/div>\n\n<div class=\"gb-loop-item gb-loop-item-70ad5639 post-3971 product type-product status-publish has-post-thumbnail hentry\">\n<a href=\"https:\/\/konpart.de\/de\/product\/trw\/\"><img loading=\"lazy\" decoding=\"async\" width=\"300\" height=\"200\" data-media-id=\"3694\" class=\"gb-media-16e43eec\" src=\"https:\/\/konpart.de\/wp-content\/uploads\/2025\/05\/trw-logo-1.jpg\" alt=\"TRW\"\/><\/a>\n<\/div>\n\n<div class=\"gb-loop-item gb-loop-item-70ad5639 post-3970 product type-product status-publish has-post-thumbnail hentry\">\n<a href=\"https:\/\/konpart.de\/de\/product\/wabco\/\"><img loading=\"lazy\" decoding=\"async\" width=\"300\" height=\"200\" data-media-id=\"3706\" class=\"gb-media-16e43eec\" src=\"https:\/\/konpart.de\/wp-content\/uploads\/2025\/05\/wabco-logo-1.jpg\" alt=\"Wabco\"\/><\/a>\n<\/div>\n\n<div class=\"gb-loop-item gb-loop-item-70ad5639 post-3969 product type-product status-publish has-post-thumbnail hentry\">\n<a href=\"https:\/\/konpart.de\/de\/product\/lemfoerder\/\"><img loading=\"lazy\" decoding=\"async\" width=\"300\" height=\"200\" data-media-id=\"3626\" class=\"gb-media-16e43eec\" src=\"https:\/\/konpart.de\/wp-content\/uploads\/2025\/05\/lemfoerder-logo-1.jpg\" alt=\"Lemf\u00f6rder\"\/><\/a>\n<\/div>\n\n<div class=\"gb-loop-item gb-loop-item-70ad5639 post-3997 product type-product status-publish has-post-thumbnail hentry\">\n<a href=\"https:\/\/konpart.de\/de\/product\/glyco\/\"><img loading=\"lazy\" decoding=\"async\" width=\"300\" height=\"200\" data-media-id=\"3598\" class=\"gb-media-16e43eec\" src=\"https:\/\/konpart.de\/wp-content\/uploads\/2024\/11\/glyco-logo-2.jpg\" alt=\"Glyco\"\/><\/a>\n<\/div>\n\n<div class=\"gb-loop-item gb-loop-item-70ad5639 post-3989 product type-product status-publish has-post-thumbnail hentry\">\n<a href=\"https:\/\/konpart.de\/de\/product\/moog\/\"><img loading=\"lazy\" decoding=\"async\" width=\"300\" height=\"200\" data-media-id=\"3638\" class=\"gb-media-16e43eec\" src=\"https:\/\/konpart.de\/wp-content\/uploads\/2024\/11\/moog-logo-1.jpg\" alt=\"Moog\"\/><\/a>\n<\/div>\n\n<div class=\"gb-loop-item gb-loop-item-70ad5639 post-3996 product type-product status-publish has-post-thumbnail hentry\">\n<a href=\"https:\/\/konpart.de\/de\/product\/goetze\/\"><img loading=\"lazy\" decoding=\"async\" width=\"300\" height=\"200\" data-media-id=\"3602\" class=\"gb-media-16e43eec\" src=\"https:\/\/konpart.de\/wp-content\/uploads\/2024\/11\/goetze-logo-1.jpg\" alt=\"Goetze\"\/><\/a>\n<\/div>\n\n<div class=\"gb-loop-item gb-loop-item-70ad5639 post-3968 product type-product status-publish has-post-thumbnail hentry\">\n<a href=\"https:\/\/konpart.de\/de\/product\/sachs\/\"><img loading=\"lazy\" decoding=\"async\" width=\"300\" height=\"200\" data-media-id=\"3678\" class=\"gb-media-16e43eec\" src=\"https:\/\/konpart.de\/wp-content\/uploads\/2025\/05\/sachs-logo-1.jpg\" alt=\"Sachs\"\/><\/a>\n<\/div>\n\n<div class=\"gb-loop-item gb-loop-item-70ad5639 post-3986 product type-product status-publish has-post-thumbnail hentry\">\n<a href=\"https:\/\/konpart.de\/de\/product\/nueral\/\"><img loading=\"lazy\" decoding=\"async\" width=\"300\" height=\"200\" data-media-id=\"3654\" class=\"gb-media-16e43eec\" src=\"https:\/\/konpart.de\/wp-content\/uploads\/2024\/11\/nueral-logo-1.jpg\" alt=\"N\u00fcral\"\/><\/a>\n<\/div>\n\n<div class=\"gb-loop-item gb-loop-item-70ad5639 post-4008 product type-product status-publish has-post-thumbnail hentry\">\n<a href=\"https:\/\/konpart.de\/de\/product\/beru\/\"><img loading=\"lazy\" decoding=\"async\" width=\"300\" height=\"200\" data-media-id=\"3538\" class=\"gb-media-16e43eec\" src=\"https:\/\/konpart.de\/wp-content\/uploads\/2024\/11\/beru-logo-1.jpg\" alt=\"Beru\"\/><\/a>\n<\/div>\n\n<div class=\"gb-loop-item gb-loop-item-70ad5639 post-3995 product type-product status-publish has-post-thumbnail hentry\">\n<a href=\"https:\/\/konpart.de\/de\/product\/hella\/\"><img loading=\"lazy\" decoding=\"async\" width=\"300\" height=\"200\" data-media-id=\"3606\" class=\"gb-media-16e43eec\" src=\"https:\/\/konpart.de\/wp-content\/uploads\/2024\/11\/hella-logo-1.jpg\" alt=\"Hella\"\/><\/a>\n<\/div>\n\n<div class=\"gb-loop-item gb-loop-item-70ad5639 post-580 product type-product status-publish has-post-thumbnail hentry\">\n<a href=\"https:\/\/konpart.de\/de\/product\/bosch\/\"><img loading=\"lazy\" decoding=\"async\" width=\"300\" height=\"200\" data-media-id=\"3550\" class=\"gb-media-16e43eec\" src=\"https:\/\/konpart.de\/wp-content\/uploads\/2024\/11\/bosch-logo-1.jpg\" alt=\"Bosch\"\/><\/a>\n<\/div>\n\n<div class=\"gb-loop-item gb-loop-item-70ad5639 post-3987 product type-product status-publish has-post-thumbnail hentry\">\n<a href=\"https:\/\/konpart.de\/de\/product\/nissens\/\"><img loading=\"lazy\" decoding=\"async\" width=\"300\" height=\"200\" data-media-id=\"3646\" class=\"gb-media-16e43eec\" src=\"https:\/\/konpart.de\/wp-content\/uploads\/2024\/11\/nissens-logo.jpg\" alt=\"Nissens\"\/><\/a>\n<\/div>\n\n<div class=\"gb-loop-item gb-loop-item-70ad5639 post-4004 product type-product status-publish has-post-thumbnail hentry\">\n<a href=\"https:\/\/konpart.de\/de\/product\/dtp\/\"><img loading=\"lazy\" decoding=\"async\" width=\"300\" height=\"200\" data-media-id=\"3566\" class=\"gb-media-16e43eec\" src=\"https:\/\/konpart.de\/wp-content\/uploads\/2024\/11\/dtp-logo-1.jpg\" alt=\"DTP\"\/><\/a>\n<\/div>\n\n<div class=\"gb-loop-item gb-loop-item-70ad5639 post-3967 product type-product status-publish has-post-thumbnail hentry\">\n<a href=\"https:\/\/konpart.de\/de\/product\/pierburg\/\"><img loading=\"lazy\" decoding=\"async\" width=\"300\" height=\"200\" data-media-id=\"3670\" class=\"gb-media-16e43eec\" src=\"https:\/\/konpart.de\/wp-content\/uploads\/2025\/05\/pierburg-logo-1.jpg\" alt=\"Pierburg\"\/><\/a>\n<\/div>\n\n<div class=\"gb-loop-item gb-loop-item-70ad5639 post-3998 product type-product status-publish has-post-thumbnail hentry\">\n<a href=\"https:\/\/konpart.de\/de\/product\/fp-diesel\/\"><img loading=\"lazy\" decoding=\"async\" width=\"300\" height=\"200\" data-media-id=\"3590\" class=\"gb-media-16e43eec\" src=\"https:\/\/konpart.de\/wp-content\/uploads\/2024\/11\/fp-diesel-logo-1.jpg\" alt=\"FP Diesel\"\/><\/a>\n<\/div>\n\n<div class=\"gb-loop-item gb-loop-item-70ad5639 post-3966 product type-product status-publish has-post-thumbnail hentry\">\n<a href=\"https:\/\/konpart.de\/de\/product\/blauer-druck\/\"><img loading=\"lazy\" decoding=\"async\" width=\"300\" height=\"200\" data-media-id=\"3542\" class=\"gb-media-16e43eec\" src=\"https:\/\/konpart.de\/wp-content\/uploads\/2025\/05\/blue-print-logo-1.jpg\" alt=\"Blauer Druck\"\/><\/a>\n<\/div>\n\n<div class=\"gb-loop-item gb-loop-item-70ad5639 post-3965 product type-product status-publish has-post-thumbnail hentry\">\n<a href=\"https:\/\/konpart.de\/de\/product\/nrf\/\"><img loading=\"lazy\" decoding=\"async\" width=\"300\" height=\"200\" data-media-id=\"3650\" class=\"gb-media-16e43eec\" src=\"https:\/\/konpart.de\/wp-content\/uploads\/2025\/05\/nrf-logo-1.jpg\" alt=\"NRF\"\/><\/a>\n<\/div>\n<\/div><\/div>\n<\/div>\n\n\n<div class=\"gb-container gb-container-4c28cbe3 main\">\n<div class=\"gb-container gb-container-914b04a5 wide\">\n\n<h1 class=\"gb-text gb-text-26113fbc\">Kontakt<\/h1>\n\n\n\n<p class=\"gb-text\"><strong>F\u00fcr Anfragen z\u00f6gern Sie bitte nicht, uns zu kontaktieren!<\/strong><\/p>\n\n\n\n<p><strong>Senden Sie uns einfach Ihre gew\u00fcnschten Artikelnummern (oder OE-Nummern) und Mengenangaben und wir erstellen Ihnen gerne ein Angebot!<\/strong><\/p>\n\n\n\n<p><strong>Adresse<\/strong><br>KonPart Import-Export GmbH<br>Am alten Lokschuppen 6<br>21509 Glinde, Deutschland<\/p>\n\n\n\n<p><strong>Telefon<\/strong><br>+49 (0) 40 6963948-0<br>+49 (0) 40 6963948-20<\/p>\n\n\n\n<p>i<a href=\"mailto:n&#102;o&#64;k&#111;npa&#114;&#116;.&#100;&#101;\">n&#102;o&#64;k&#111;n&#112;&#97;&#114;&#116;.d&#101;<\/a><br>http:\/\/www.konpart.de<\/p>\n\n<\/div>\n<\/div>\n\n<div class=\"gb-container gb-container-ff76f97b main page-mb\">\n<div class=\"gb-container gb-container-82e47643 small\">\n\n<div class=\"wpcf7 no-js\" id=\"wpcf7-f3931-o1\" lang=\"de-DE\" dir=\"ltr\" data-wpcf7-id=\"3931\">\n<div class=\"screen-reader-response\"><p role=\"status\" aria-live=\"polite\" aria-atomic=\"true\"><\/p> <ul><\/ul><\/div>\n<form action=\"\/de\/wp-json\/wp\/v2\/pages\/3929#wpcf7-f3931-o1\" method=\"post\" class=\"wpcf7-form init\" aria-label=\"Kontaktformular\" novalidate=\"novalidate\" data-status=\"init\">\n<fieldset class=\"hidden-fields-container\"><input type=\"hidden\" name=\"_wpcf7\" value=\"3931\" \/><input type=\"hidden\" name=\"_wpcf7_version\" value=\"6.1.5\" \/><input type=\"hidden\" name=\"_wpcf7_locale\" value=\"de_DE\" \/><input type=\"hidden\" name=\"_wpcf7_unit_tag\" value=\"wpcf7-f3931-o1\" \/><input type=\"hidden\" name=\"_wpcf7_container_post\" value=\"0\" \/><input type=\"hidden\" name=\"_wpcf7_posted_data_hash\" value=\"\" \/>\n<\/fieldset>\n<div class=\"ws-form-grid\">\n   <div class=\"ws-form-row\">\n       <div><span class=\"wpcf7-form-control-wrap\" data-name=\"your-name\"><input size=\"40\" maxlength=\"400\" class=\"wpcf7-form-control wpcf7-text wpcf7-validates-as-required\" aria-required=\"true\" aria-invalid=\"false\" placeholder=\"Name*\" value=\"\" type=\"text\" name=\"your-name\" \/><\/span><\/div>\n   <\/div>\n   <div class=\"ws-form-row\">\n       <div><span class=\"wpcf7-form-control-wrap\" data-name=\"company\"><input size=\"40\" maxlength=\"400\" class=\"wpcf7-form-control wpcf7-text wpcf7-validates-as-required\" aria-required=\"true\" aria-invalid=\"false\" placeholder=\"Firma*\" value=\"\" type=\"text\" name=\"company\" \/><\/span><\/div>\n   <\/div>\n   <div class=\"ws-form-row\">\n       <div><span class=\"wpcf7-form-control-wrap\" data-name=\"your-email\"><input size=\"40\" maxlength=\"400\" class=\"wpcf7-form-control wpcf7-email wpcf7-validates-as-required wpcf7-text wpcf7-validates-as-email\" aria-required=\"true\" aria-invalid=\"false\" placeholder=\"E-Mail-Adresse*\" value=\"\" type=\"email\" name=\"your-email\" \/><\/span><\/div>\n   <\/div>\n\n   <div class=\"ws-form-row\">\n       <div><span class=\"wpcf7-form-control-wrap\" data-name=\"your-message\"><textarea cols=\"40\" rows=\"10\" maxlength=\"2000\" class=\"wpcf7-form-control wpcf7-textarea\" aria-invalid=\"false\" placeholder=\"Ihre Nachricht\" name=\"your-message\"><\/textarea><\/span><\/div>\n   <\/div>\n   \n<div class=\"ws-form-row\">\n      <p>* Pflichtfelder<\/p>\n      <p>Mit dem Absenden dieses Formulars erkl\u00e4ren Sie sich damit einverstanden, dass wir Ihre Daten verwenden, um Ihre Anfrage zu bearbeiten oder Sie zu kontaktieren. Weitere Informationen zum Datenschutz finden Sie in unserer <a href=\"\/privacy-policy\/\" target=\"_blank\">Datenschutzrichtlinie<\/a>.<\/p>\n   <\/div>\n   <div class=\"ws-form-row\">\n      \n\n\t\t\t\t\t\t\t<span class=\"wpcf7-form-control-wrap mailpoetsignup-367\">\n\t\t\t<span class=\"wpcf7-form-control wpcf7-mailpoetsignup\">\n\t\t\t\t<label class=\"wpcf7-list-label\">\n\t\t\t\t<input type=\"checkbox\"\n\t\t\t\tname=\"mailpoetsignup-367[]\" value=\"\n\t\t\t\t\t\t\t\t\t\tNewsletter mailing list\t\t\t\t\"\n\t\t\t\tid=\"\" class=\"\"\n\t\t\t\t\t\t\t\t\/>Newsletter-Abonnement\t\t\t\t\t<input type=\"hidden\" name=\"fieldVal\"  value=\"\n\t\t\t\t\t3\t\t\t\t\t\"\n\t\t\t\t<\/label>\n\t\t\t\t<br\/>\n\t\t\t\t<\/span>\n\n\t\t\t\t<\/span>\n\n\t\t\t\t\n   <\/div>\n<span id=\"ai1ic-cd83V\" data-toggle=\"\" class=\"cf7ic-loader\">Loading...<\/span>\n<input class=\"wpcf7-form-control wpcf7-submit has-spinner\" type=\"submit\" value=\"Absenden\" \/>\n<\/div><div class=\"wpcf7-response-output\" aria-hidden=\"true\"><\/div>\n<\/form>\n<\/div>\n\n\n<\/div>\n<\/div>","protected":false},"excerpt":{"rendered":"<p>Kontakt F\u00fcr Anfragen z\u00f6gern Sie bitte nicht, uns zu kontaktieren! Senden Sie uns einfach Ihre gew\u00fcnschten Artikelnummern (oder OE-Nummern) und Mengenangaben und wir erstellen Ihnen gerne ein Angebot! AdresseKonPart Import-Export GmbHAm alten Lokschuppen 621509 Glinde, Deutschland Telefon+49 (0) 40 6963948-0+49 (0) 40 6963948-20 ihttp:\/\/www.konpart.de<\/p>\n","protected":false},"author":1,"featured_media":0,"parent":0,"menu_order":80,"comment_status":"closed","ping_status":"closed","template":"","meta":{"_acf_changed":false,"footnotes":""},"element-controls":[],"class_list":["post-3929","page","type-page","status-publish"],"acf":[],"_links":{"self":[{"href":"https:\/\/konpart.de\/de\/wp-json\/wp\/v2\/pages\/3929","targetHints":{"allow":["GET"]}}],"collection":[{"href":"https:\/\/konpart.de\/de\/wp-json\/wp\/v2\/pages"}],"about":[{"href":"https:\/\/konpart.de\/de\/wp-json\/wp\/v2\/types\/page"}],"author":[{"embeddable":true,"href":"https:\/\/konpart.de\/de\/wp-json\/wp\/v2\/users\/1"}],"replies":[{"embeddable":true,"href":"https:\/\/konpart.de\/de\/wp-json\/wp\/v2\/comments?post=3929"}],"version-history":[{"count":3,"href":"https:\/\/konpart.de\/de\/wp-json\/wp\/v2\/pages\/3929\/revisions"}],"predecessor-version":[{"id":4856,"href":"https:\/\/konpart.de\/de\/wp-json\/wp\/v2\/pages\/3929\/revisions\/4856"}],"wp:attachment":[{"href":"https:\/\/konpart.de\/de\/wp-json\/wp\/v2\/media?parent=3929"}],"wp:term":[{"taxonomy":"element-controls","embeddable":true,"href":"https:\/\/konpart.de\/de\/wp-json\/wp\/v2\/element-controls?post=3929"}],"curies":[{"name":"wp","href":"https:\/\/api.w.org\/{rel}","templated":true}]}}