{"id":3933,"date":"2025-05-13T18:16:44","date_gmt":"2025-05-13T16:16:44","guid":{"rendered":"https:\/\/konpart.de\/standort\/"},"modified":"2025-10-22T10:11:24","modified_gmt":"2025-10-22T08:11:24","slug":"standort","status":"publish","type":"page","link":"https:\/\/konpart.de\/de\/standort\/","title":{"rendered":"Standort"},"content":{"rendered":"\n<div><div class=\"n2_clear\"><ss3-force-full-width data-overflow-x=\"body\" data-horizontal-selector=\"body\"><div class=\"n2-section-smartslider fitvidsignore  n2_clear\" data-ssid=\"27\"><div id=\"n2-ss-27-align\" class=\"n2-ss-align\"><div class=\"n2-padding\"><div id=\"n2-ss-27\" data-creator=\"Smart Slider 3\" data-responsive=\"fullwidth\" class=\"n2-ss-slider n2-ow n2-has-hover n2notransition  \">\n        <div class=\"n2-ss-slider-1 n2_ss__touch_element n2-ow\">\n            <div class=\"n2-ss-slider-2 n2-ow\">\n                                                <div class=\"n2-ss-slider-3 n2-ow\">\n\n                    <div class=\"n2-ss-slide-backgrounds n2-ow-all\"><div class=\"n2-ss-slide-background\" data-public-id=\"1\" data-mode=\"fill\"><div class=\"n2-ss-slide-background-image\" data-blur=\"0\" data-opacity=\"100\" data-x=\"50\" data-y=\"50\" data-alt=\"\" data-title=\"\"><picture class=\"skip-lazy\" data-skip-lazy=\"1\"><source srcset=\"\/\/konpart.de\/wp-content\/uploads\/2025\/06\/konpart-automotive-catalogues-aftermarket-spare-parts-location-mobil.jpg\" media=\"(max-width: 900px)\" class=\"skip-lazy\" data-skip-lazy=\"1\"><img decoding=\"async\" src=\"\/\/konpart.de\/wp-content\/uploads\/2025\/06\/konpart-automotive-catalogues-aftermarket-spare-parts-location.jpg\" alt=\"\" title=\"\" loading=\"lazy\" class=\"skip-lazy\" data-skip-lazy=\"1\"><\/picture><\/div><div data-color=\"RGBA(210,10,16,1)\" style=\"background-color: RGBA(210,10,16,1);\" class=\"n2-ss-slide-background-color\"><\/div><\/div><\/div>                    <div class=\"n2-ss-slider-4 n2-ow\">\n                        <svg xmlns=\"http:\/\/www.w3.org\/2000\/svg\" viewBox=\"0 0 1920 500\" data-related-device=\"desktopPortrait\" class=\"n2-ow n2-ss-preserve-size n2-ss-preserve-size--slider n2-ss-slide-limiter\"><\/svg><div data-first=\"1\" data-slide-duration=\"0\" data-id=\"34\" data-slide-public-id=\"1\" data-title=\"Slide\" class=\"n2-ss-slide n2-ow  n2-ss-slide-34\"><div role=\"note\" class=\"n2-ss-slide--focus\" tabindex=\"-1\">Slide<\/div><div class=\"n2-ss-layers-container n2-ss-slide-limiter n2-ow\"><div class=\"n2-ss-layer n2-ow n-uc-z3SjnQPf3i1a\" data-sstype=\"slide\" data-pm=\"default\"><div class=\"n2-ss-layer n2-ow n-uc-u2IbwPWvohcH\" data-pm=\"default\" data-sstype=\"content\" data-hasbackground=\"0\"><div class=\"n2-ss-section-main-content n2-ss-layer-with-background n2-ss-layer-content n2-ow n-uc-u2IbwPWvohcH-inner\"><div class=\"n2-ss-layer n2-ow n2-ss-layer--block n2-ss-has-self-align n2-ss-stretch-layer n-uc-qfuKcFnaNtXV\" data-pm=\"normal\" data-sstype=\"row\"><div class=\"n2-ss-layer-row n2-ss-layer-with-background n-uc-qfuKcFnaNtXV-inner\"><div class=\"n2-ss-layer-row-inner \"><div class=\"n2-ss-layer n2-ow n-uc-rwV40PtMp1vo\" data-pm=\"default\" data-sstype=\"col\"><div class=\"n2-ss-layer-col n2-ss-layer-with-background n2-ss-layer-content n-uc-rwV40PtMp1vo-inner\"><\/div><\/div><div class=\"n2-ss-layer n2-ow n-uc-etKCRaIL8hVZ\" data-pm=\"default\" data-hidemobileportrait=\"1\" data-sstype=\"col\"><div class=\"n2-ss-layer-col n2-ss-layer-with-background n2-ss-layer-content n-uc-etKCRaIL8hVZ-inner\"><div class=\"n2-ss-layer n2-ow n-uc-6x65KBRVG0T3\" data-pm=\"normal\" data-animv2=\"{&quot;basic&quot;:{&quot;in&quot;:{&quot;type&quot;:&quot;basic&quot;,&quot;name&quot;:&quot;Fade&quot;,&quot;keyFrames&quot;:[{&quot;ease&quot;:&quot;linear&quot;,&quot;opacity&quot;:0}]}}}\" data-sstype=\"layer\"><div id=\"n2-ss-27item1\" class=\"n2-font-7c51fb98e3f68a79f75f15481ce3fc1c-hover   n2-ss-item-content n2-ss-text n2-ow\" style=\"display:block;\">Standort<\/div><\/div><div class=\"n2-ss-layer n2-ow n-uc-1LMHtMZjevzg\" data-pm=\"normal\" data-animv2=\"{&quot;basic&quot;:{&quot;in&quot;:{&quot;type&quot;:&quot;basic&quot;,&quot;name&quot;:&quot;Fade&quot;,&quot;keyFrames&quot;:[{&quot;duration&quot;:1,&quot;delay&quot;:0.6,&quot;opacity&quot;:0}]}}}\" data-sstype=\"layer\"><div class=\"n2-ss-item-content n2-ss-text n2-ow-all\"><div class=\"\"><p class=\"n2-font-a263158264e92a79de52d2ce25ae23a6-paragraph   \">KonPart-Hauptsitz in Glinde bei Hamburg.<br \/>\n1.500 Quadratmeter B\u00fcro-, Lager- und Logistikfl\u00e4che. <\/p>\n<\/div><\/div><\/div><div class=\"n2-ss-layer n2-ow n-uc-OijcGvXwovx7\" data-pm=\"normal\" data-animv2=\"{&quot;basic&quot;:{&quot;in&quot;:{&quot;type&quot;:&quot;basic&quot;,&quot;name&quot;:&quot;Fade&quot;,&quot;keyFrames&quot;:[{&quot;duration&quot;:1,&quot;delay&quot;:0.6,&quot;opacity&quot;:0}]}}}\" data-sstype=\"layer\"><div class=\"n2-ss-item-content n2-ss-text n2-ow-all\"><div class=\"\"><p class=\"n2-font-a263158264e92a79de52d2ce25ae23a6-paragraph   \">KonPart Import-Export GmbH<br \/>\nAm alten Lokschuppen 6<br \/>\n21509 Glinde, Deutschland<\/p>\n<\/div><\/div><\/div><\/div><\/div><\/div><\/div><\/div><\/div><\/div><\/div><\/div><\/div>                    <\/div>\n\n                                    <\/div>\n            <\/div>\n        <\/div>\n        <\/div><ss3-loader><\/ss3-loader><\/div><\/div><div class=\"n2_clear\"><\/div><\/div><\/ss3-force-full-width><\/div><\/div>\n\n\n\n<div class=\"gb-element-78c191c8\">\n<div class=\"order-by-priority\"><div class=\"gb-looper-6020cb22 order-by-priority\">\n<div class=\"gb-loop-item gb-loop-item-70ad5639 post-3975 product type-product status-publish has-post-thumbnail hentry\">\n<a href=\"https:\/\/konpart.de\/de\/product\/zf\/\"><img loading=\"lazy\" decoding=\"async\" width=\"300\" height=\"200\" data-media-id=\"3714\" class=\"gb-media-16e43eec\" src=\"https:\/\/konpart.de\/wp-content\/uploads\/2024\/11\/zf-logo-1.jpg\" alt=\"ZF\"\/><\/a>\n<\/div>\n\n<div class=\"gb-loop-item gb-loop-item-70ad5639 post-3974 product type-product status-publish has-post-thumbnail hentry\">\n<a href=\"https:\/\/konpart.de\/de\/product\/contitech\/\"><img loading=\"lazy\" decoding=\"async\" width=\"300\" height=\"200\" data-media-id=\"3558\" class=\"gb-media-16e43eec\" src=\"https:\/\/konpart.de\/wp-content\/uploads\/2025\/05\/contitech-logo-2.jpg\" alt=\"ContiTech\"\/><\/a>\n<\/div>\n\n<div class=\"gb-loop-item gb-loop-item-70ad5639 post-4010 product type-product status-publish has-post-thumbnail hentry\">\n<a href=\"https:\/\/konpart.de\/de\/product\/ate\/\"><img loading=\"lazy\" decoding=\"async\" width=\"300\" height=\"200\" data-media-id=\"3529\" class=\"gb-media-16e43eec\" src=\"https:\/\/konpart.de\/wp-content\/uploads\/2024\/11\/ate-logo-2.jpg\" alt=\"ATE\"\/><\/a>\n<\/div>\n\n<div class=\"gb-loop-item gb-loop-item-70ad5639 post-4006 product type-product status-publish has-post-thumbnail hentry\">\n<a href=\"https:\/\/konpart.de\/de\/product\/kontinentale\/\"><img loading=\"lazy\" decoding=\"async\" width=\"300\" height=\"200\" data-media-id=\"3554\" class=\"gb-media-16e43eec\" src=\"https:\/\/konpart.de\/wp-content\/uploads\/2024\/11\/continental-logo-1.jpg\" alt=\"Kontinentale\"\/><\/a>\n<\/div>\n\n<div class=\"gb-loop-item gb-loop-item-70ad5639 post-3982 product type-product status-publish has-post-thumbnail hentry\">\n<a href=\"https:\/\/konpart.de\/de\/product\/victor-reinz\/\"><img loading=\"lazy\" decoding=\"async\" width=\"300\" height=\"200\" data-media-id=\"3674\" class=\"gb-media-16e43eec\" src=\"https:\/\/konpart.de\/wp-content\/uploads\/2024\/11\/reinz-logo.jpg\" alt=\"Victor Reinz\"\/><\/a>\n<\/div>\n\n<div class=\"gb-loop-item gb-loop-item-70ad5639 post-3973 product type-product status-publish has-post-thumbnail hentry\">\n<a href=\"https:\/\/konpart.de\/de\/product\/kolbenschmidt\/\"><img loading=\"lazy\" decoding=\"async\" width=\"300\" height=\"200\" data-media-id=\"3614\" class=\"gb-media-16e43eec\" src=\"https:\/\/konpart.de\/wp-content\/uploads\/2025\/05\/kolbenschmidt-logo-1.jpg\" alt=\"Kolbenschmidt\"\/><\/a>\n<\/div>\n\n<div class=\"gb-loop-item gb-loop-item-70ad5639 post-3991 product type-product status-publish has-post-thumbnail hentry\">\n<a href=\"https:\/\/konpart.de\/de\/product\/mahle-produkte\/\"><img loading=\"lazy\" decoding=\"async\" width=\"300\" height=\"200\" data-media-id=\"3630\" class=\"gb-media-16e43eec\" src=\"https:\/\/konpart.de\/wp-content\/uploads\/2024\/11\/mahle-logo-1.jpg\" alt=\"Mahle Produkte\"\/><\/a>\n<\/div>\n\n<div class=\"gb-loop-item gb-loop-item-70ad5639 post-4002 product type-product status-publish has-post-thumbnail hentry\">\n<a href=\"https:\/\/konpart.de\/de\/product\/febi\/\"><img loading=\"lazy\" decoding=\"async\" width=\"300\" height=\"200\" data-media-id=\"3574\" class=\"gb-media-16e43eec\" src=\"https:\/\/konpart.de\/wp-content\/uploads\/2024\/11\/febi-logo-1.jpg\" alt=\"febi\"\/><\/a>\n<\/div>\n\n<div class=\"gb-loop-item gb-loop-item-70ad5639 post-3984 product type-product status-publish has-post-thumbnail hentry\">\n<a href=\"https:\/\/konpart.de\/de\/product\/payen\/\"><img loading=\"lazy\" decoding=\"async\" width=\"300\" height=\"200\" data-media-id=\"3662\" class=\"gb-media-16e43eec\" src=\"https:\/\/konpart.de\/wp-content\/uploads\/2024\/11\/payen-logo-1.jpg\" alt=\"Payen\"\/><\/a>\n<\/div>\n\n<div class=\"gb-loop-item gb-loop-item-70ad5639 post-4007 product type-product status-publish has-post-thumbnail hentry\">\n<a href=\"https:\/\/konpart.de\/de\/product\/borgwarner\/\"><img loading=\"lazy\" decoding=\"async\" width=\"300\" height=\"200\" data-media-id=\"3546\" class=\"gb-media-16e43eec\" src=\"https:\/\/konpart.de\/wp-content\/uploads\/2024\/11\/borgwarner-logo-1.jpg\" alt=\"BorgWarner\"\/><\/a>\n<\/div>\n\n<div class=\"gb-loop-item gb-loop-item-70ad5639 post-3972 product type-product status-publish has-post-thumbnail hentry\">\n<a href=\"https:\/\/konpart.de\/de\/product\/knorr\/\"><img loading=\"lazy\" decoding=\"async\" width=\"300\" height=\"200\" data-media-id=\"3610\" class=\"gb-media-16e43eec\" src=\"https:\/\/konpart.de\/wp-content\/uploads\/2025\/05\/knorr-logo-1.jpg\" alt=\"Knorr\"\/><\/a>\n<\/div>\n\n<div class=\"gb-loop-item gb-loop-item-70ad5639 post-3971 product type-product status-publish has-post-thumbnail hentry\">\n<a href=\"https:\/\/konpart.de\/de\/product\/trw\/\"><img loading=\"lazy\" decoding=\"async\" width=\"300\" height=\"200\" data-media-id=\"3694\" class=\"gb-media-16e43eec\" src=\"https:\/\/konpart.de\/wp-content\/uploads\/2025\/05\/trw-logo-1.jpg\" alt=\"TRW\"\/><\/a>\n<\/div>\n\n<div class=\"gb-loop-item gb-loop-item-70ad5639 post-3970 product type-product status-publish has-post-thumbnail hentry\">\n<a href=\"https:\/\/konpart.de\/de\/product\/wabco\/\"><img loading=\"lazy\" decoding=\"async\" width=\"300\" height=\"200\" data-media-id=\"3706\" class=\"gb-media-16e43eec\" src=\"https:\/\/konpart.de\/wp-content\/uploads\/2025\/05\/wabco-logo-1.jpg\" alt=\"Wabco\"\/><\/a>\n<\/div>\n\n<div class=\"gb-loop-item gb-loop-item-70ad5639 post-3969 product type-product status-publish has-post-thumbnail hentry\">\n<a href=\"https:\/\/konpart.de\/de\/product\/lemfoerder\/\"><img loading=\"lazy\" decoding=\"async\" width=\"300\" height=\"200\" data-media-id=\"3626\" class=\"gb-media-16e43eec\" src=\"https:\/\/konpart.de\/wp-content\/uploads\/2025\/05\/lemfoerder-logo-1.jpg\" alt=\"Lemf\u00f6rder\"\/><\/a>\n<\/div>\n\n<div class=\"gb-loop-item gb-loop-item-70ad5639 post-3997 product type-product status-publish has-post-thumbnail hentry\">\n<a href=\"https:\/\/konpart.de\/de\/product\/glyco\/\"><img loading=\"lazy\" decoding=\"async\" width=\"300\" height=\"200\" data-media-id=\"3598\" class=\"gb-media-16e43eec\" src=\"https:\/\/konpart.de\/wp-content\/uploads\/2024\/11\/glyco-logo-2.jpg\" alt=\"Glyco\"\/><\/a>\n<\/div>\n\n<div class=\"gb-loop-item gb-loop-item-70ad5639 post-3989 product type-product status-publish has-post-thumbnail hentry\">\n<a href=\"https:\/\/konpart.de\/de\/product\/moog\/\"><img loading=\"lazy\" decoding=\"async\" width=\"300\" height=\"200\" data-media-id=\"3638\" class=\"gb-media-16e43eec\" src=\"https:\/\/konpart.de\/wp-content\/uploads\/2024\/11\/moog-logo-1.jpg\" alt=\"Moog\"\/><\/a>\n<\/div>\n\n<div class=\"gb-loop-item gb-loop-item-70ad5639 post-3996 product type-product status-publish has-post-thumbnail hentry\">\n<a href=\"https:\/\/konpart.de\/de\/product\/goetze\/\"><img loading=\"lazy\" decoding=\"async\" width=\"300\" height=\"200\" data-media-id=\"3602\" class=\"gb-media-16e43eec\" src=\"https:\/\/konpart.de\/wp-content\/uploads\/2024\/11\/goetze-logo-1.jpg\" alt=\"Goetze\"\/><\/a>\n<\/div>\n\n<div class=\"gb-loop-item gb-loop-item-70ad5639 post-3968 product type-product status-publish has-post-thumbnail hentry\">\n<a href=\"https:\/\/konpart.de\/de\/product\/sachs\/\"><img loading=\"lazy\" decoding=\"async\" width=\"300\" height=\"200\" data-media-id=\"3678\" class=\"gb-media-16e43eec\" src=\"https:\/\/konpart.de\/wp-content\/uploads\/2025\/05\/sachs-logo-1.jpg\" alt=\"Sachs\"\/><\/a>\n<\/div>\n\n<div class=\"gb-loop-item gb-loop-item-70ad5639 post-3986 product type-product status-publish has-post-thumbnail hentry\">\n<a href=\"https:\/\/konpart.de\/de\/product\/nueral\/\"><img loading=\"lazy\" decoding=\"async\" width=\"300\" height=\"200\" data-media-id=\"3654\" class=\"gb-media-16e43eec\" src=\"https:\/\/konpart.de\/wp-content\/uploads\/2024\/11\/nueral-logo-1.jpg\" alt=\"N\u00fcral\"\/><\/a>\n<\/div>\n\n<div class=\"gb-loop-item gb-loop-item-70ad5639 post-4008 product type-product status-publish has-post-thumbnail hentry\">\n<a href=\"https:\/\/konpart.de\/de\/product\/beru\/\"><img loading=\"lazy\" decoding=\"async\" width=\"300\" height=\"200\" data-media-id=\"3538\" class=\"gb-media-16e43eec\" src=\"https:\/\/konpart.de\/wp-content\/uploads\/2024\/11\/beru-logo-1.jpg\" alt=\"Beru\"\/><\/a>\n<\/div>\n\n<div class=\"gb-loop-item gb-loop-item-70ad5639 post-3995 product type-product status-publish has-post-thumbnail hentry\">\n<a href=\"https:\/\/konpart.de\/de\/product\/hella\/\"><img loading=\"lazy\" decoding=\"async\" width=\"300\" height=\"200\" data-media-id=\"3606\" class=\"gb-media-16e43eec\" src=\"https:\/\/konpart.de\/wp-content\/uploads\/2024\/11\/hella-logo-1.jpg\" alt=\"Hella\"\/><\/a>\n<\/div>\n\n<div class=\"gb-loop-item gb-loop-item-70ad5639 post-580 product type-product status-publish has-post-thumbnail hentry\">\n<a href=\"https:\/\/konpart.de\/de\/product\/bosch\/\"><img loading=\"lazy\" decoding=\"async\" width=\"300\" height=\"200\" data-media-id=\"3550\" class=\"gb-media-16e43eec\" src=\"https:\/\/konpart.de\/wp-content\/uploads\/2024\/11\/bosch-logo-1.jpg\" alt=\"Bosch\"\/><\/a>\n<\/div>\n\n<div class=\"gb-loop-item gb-loop-item-70ad5639 post-3987 product type-product status-publish has-post-thumbnail hentry\">\n<a href=\"https:\/\/konpart.de\/de\/product\/nissens\/\"><img loading=\"lazy\" decoding=\"async\" width=\"300\" height=\"200\" data-media-id=\"3646\" class=\"gb-media-16e43eec\" src=\"https:\/\/konpart.de\/wp-content\/uploads\/2024\/11\/nissens-logo.jpg\" alt=\"Nissens\"\/><\/a>\n<\/div>\n\n<div class=\"gb-loop-item gb-loop-item-70ad5639 post-4004 product type-product status-publish has-post-thumbnail hentry\">\n<a href=\"https:\/\/konpart.de\/de\/product\/dtp\/\"><img loading=\"lazy\" decoding=\"async\" width=\"300\" height=\"200\" data-media-id=\"3566\" class=\"gb-media-16e43eec\" src=\"https:\/\/konpart.de\/wp-content\/uploads\/2024\/11\/dtp-logo-1.jpg\" alt=\"DTP\"\/><\/a>\n<\/div>\n\n<div class=\"gb-loop-item gb-loop-item-70ad5639 post-3967 product type-product status-publish has-post-thumbnail hentry\">\n<a href=\"https:\/\/konpart.de\/de\/product\/pierburg\/\"><img loading=\"lazy\" decoding=\"async\" width=\"300\" height=\"200\" data-media-id=\"3670\" class=\"gb-media-16e43eec\" src=\"https:\/\/konpart.de\/wp-content\/uploads\/2025\/05\/pierburg-logo-1.jpg\" alt=\"Pierburg\"\/><\/a>\n<\/div>\n\n<div class=\"gb-loop-item gb-loop-item-70ad5639 post-3998 product type-product status-publish has-post-thumbnail hentry\">\n<a href=\"https:\/\/konpart.de\/de\/product\/fp-diesel\/\"><img loading=\"lazy\" decoding=\"async\" width=\"300\" height=\"200\" data-media-id=\"3590\" class=\"gb-media-16e43eec\" src=\"https:\/\/konpart.de\/wp-content\/uploads\/2024\/11\/fp-diesel-logo-1.jpg\" alt=\"FP Diesel\"\/><\/a>\n<\/div>\n\n<div class=\"gb-loop-item gb-loop-item-70ad5639 post-3966 product type-product status-publish has-post-thumbnail hentry\">\n<a href=\"https:\/\/konpart.de\/de\/product\/blauer-druck\/\"><img loading=\"lazy\" decoding=\"async\" width=\"300\" height=\"200\" data-media-id=\"3542\" class=\"gb-media-16e43eec\" src=\"https:\/\/konpart.de\/wp-content\/uploads\/2025\/05\/blue-print-logo-1.jpg\" alt=\"Blauer Druck\"\/><\/a>\n<\/div>\n\n<div class=\"gb-loop-item gb-loop-item-70ad5639 post-3965 product type-product status-publish has-post-thumbnail hentry\">\n<a href=\"https:\/\/konpart.de\/de\/product\/nrf\/\"><img loading=\"lazy\" decoding=\"async\" width=\"300\" height=\"200\" data-media-id=\"3650\" class=\"gb-media-16e43eec\" src=\"https:\/\/konpart.de\/wp-content\/uploads\/2025\/05\/nrf-logo-1.jpg\" alt=\"NRF\"\/><\/a>\n<\/div>\n<\/div><\/div>\n<\/div>\n\n\n<div class=\"gb-container gb-container-4c28cbe3 main page-mb\">\n<div class=\"gb-container gb-container-914b04a5 small\">\n\n<h1 class=\"gb-text gb-text-26113fbc\">Standort<\/h1>\n\n\n\n<p class=\"gb-text\"><strong>Adresse<\/strong><br>KonPart Import-Export GmbH<br>Am alten Lokschuppen 6<br>21509 Glinde, Deutschland<\/p>\n\n\n\n<div class=\"gb-element-4bb419c4\">\n<p><strong>Wie Sie mit dem Auto oder LKW zu uns kommen&#8230;<\/strong><\/p>\n\n\n\n<p>Verlassen Sie die Autobahn 24 an der Ausfahrt 4 &#8222;Reinbek&#8220;, dann folgen Sie der Beschilderung in Richtung &#8222;Reinbek\/Glinde&#8220;.<br>An der Kreuzung mit der M\u00f6llner Landstra\u00dfe biegen Sie links ab. Nach einigen hundert Metern nehmen Sie am Kreisverkehr die dritte Ausfahrt &#8222;Berliner Stra\u00dfe&#8220;, um in das Gewerbegebiet Reinbek-Glinde zu gelangen. <\/p>\n<\/div>\n\n\n\n<div class=\"gb-element-c89795ed\">\n<p><strong>Wie Sie mit \u00f6ffentlichen Verkehrsmitteln zu uns kommen<\/strong>&#8230;<br>Vom Flughafen Hamburg<\/p>\n\n\n\n<p>U-Bahn &#8222;S1&#8220; &#8211; Richtung &#8222;Wedel&#8220;<br>Ausstieg &#8222;Berliner Tor&#8220;<br>U-Bahn &#8222;U2&#8220; &#8211; Richtung &#8222;M\u00fcmmelmannsberg&#8220;<br>Ausstieg &#8222;Merkenstra\u00dfe&#8220; oder &#8222;Steinfurther Allee&#8220;<br>Dann nehmen Sie den Bus Nr. &#8222;133&#8220; &#8211; Richtung &#8222;Neusch\u00f6nningstedt, Haidkrug&#8220;<br>Haltestelle &#8222;Berliner Stra\u00dfe&#8220; <\/p>\n<\/div>\n\n\n\n<div class=\"gb-element-e9fad60b\">\n<p><strong>Vom Hamburger Hauptbahnhof<\/strong><\/p>\n\n\n\n<p>U-Bahn &#8222;U2&#8220; &#8211; Richtung &#8222;M\u00fcmmelmannsberg&#8220;<br>Ausstieg &#8222;Merkenstra\u00dfe&#8220; oder &#8222;Steinfurther Allee&#8220;<br>Dann nehmen Sie den Bus Nr. &#8222;133&#8220; &#8211; Richtung &#8222;Neusch\u00f6nningstedt, Haidkrug&#8220;<br>Haltestelle &#8222;Berliner Stra\u00dfe&#8220; <\/p>\n<\/div>\n\n<\/div>\n<\/div>","protected":false},"excerpt":{"rendered":"<p>Standort AdresseKonPart Import-Export GmbHAm alten Lokschuppen 621509 Glinde, Deutschland Wie Sie mit dem Auto oder LKW zu uns kommen&#8230; Verlassen Sie die Autobahn 24 an der Ausfahrt 4 &#8222;Reinbek&#8220;, dann folgen Sie der Beschilderung in Richtung &#8222;Reinbek\/Glinde&#8220;.An der Kreuzung mit der M\u00f6llner Landstra\u00dfe biegen Sie links ab. Nach einigen hundert Metern nehmen Sie am Kreisverkehr &#8230; <a title=\"Standort\" class=\"read-more\" href=\"https:\/\/konpart.de\/de\/standort\/\" aria-label=\"Mehr Informationen \u00fcber Standort\">Weiterlesen &#8230;<\/a><\/p>\n","protected":false},"author":1,"featured_media":0,"parent":0,"menu_order":70,"comment_status":"closed","ping_status":"closed","template":"","meta":{"_acf_changed":false,"footnotes":""},"element-controls":[],"class_list":["post-3933","page","type-page","status-publish"],"acf":[],"_links":{"self":[{"href":"https:\/\/konpart.de\/de\/wp-json\/wp\/v2\/pages\/3933","targetHints":{"allow":["GET"]}}],"collection":[{"href":"https:\/\/konpart.de\/de\/wp-json\/wp\/v2\/pages"}],"about":[{"href":"https:\/\/konpart.de\/de\/wp-json\/wp\/v2\/types\/page"}],"author":[{"embeddable":true,"href":"https:\/\/konpart.de\/de\/wp-json\/wp\/v2\/users\/1"}],"replies":[{"embeddable":true,"href":"https:\/\/konpart.de\/de\/wp-json\/wp\/v2\/comments?post=3933"}],"version-history":[{"count":2,"href":"https:\/\/konpart.de\/de\/wp-json\/wp\/v2\/pages\/3933\/revisions"}],"predecessor-version":[{"id":4855,"href":"https:\/\/konpart.de\/de\/wp-json\/wp\/v2\/pages\/3933\/revisions\/4855"}],"wp:attachment":[{"href":"https:\/\/konpart.de\/de\/wp-json\/wp\/v2\/media?parent=3933"}],"wp:term":[{"taxonomy":"element-controls","embeddable":true,"href":"https:\/\/konpart.de\/de\/wp-json\/wp\/v2\/element-controls?post=3933"}],"curies":[{"name":"wp","href":"https:\/\/api.w.org\/{rel}","templated":true}]}}