{"id":3935,"date":"2025-05-13T18:16:22","date_gmt":"2025-05-13T16:16:22","guid":{"rendered":"https:\/\/konpart.de\/ueber-uns\/"},"modified":"2025-10-22T10:10:42","modified_gmt":"2025-10-22T08:10:42","slug":"ueber-uns","status":"publish","type":"page","link":"https:\/\/konpart.de\/de\/ueber-uns\/","title":{"rendered":"\u00dcber uns"},"content":{"rendered":"\n<div><div class=\"n2_clear\"><ss3-force-full-width data-overflow-x=\"body\" data-horizontal-selector=\"body\"><div class=\"n2-section-smartslider fitvidsignore  n2_clear\" data-ssid=\"26\"><div id=\"n2-ss-26-align\" class=\"n2-ss-align\"><div class=\"n2-padding\"><div id=\"n2-ss-26\" data-creator=\"Smart Slider 3\" data-responsive=\"fullwidth\" class=\"n2-ss-slider n2-ow n2-has-hover n2notransition  \">\n        <div class=\"n2-ss-slider-1 n2_ss__touch_element n2-ow\">\n            <div class=\"n2-ss-slider-2 n2-ow\">\n                                                <div class=\"n2-ss-slider-3 n2-ow\">\n\n                    <div class=\"n2-ss-slide-backgrounds n2-ow-all\"><div class=\"n2-ss-slide-background\" data-public-id=\"1\" data-mode=\"fill\"><div class=\"n2-ss-slide-background-image\" data-blur=\"0\" data-opacity=\"100\" data-x=\"50\" data-y=\"50\" data-alt=\"\" data-title=\"\"><picture class=\"skip-lazy\" data-skip-lazy=\"1\"><source srcset=\"\/\/konpart.de\/wp-content\/uploads\/2025\/06\/konpart-automotive-catalogues-aftermarket-spare-parts-about-mobil.jpg\" media=\"(max-width: 900px)\" class=\"skip-lazy\" data-skip-lazy=\"1\"><img decoding=\"async\" src=\"\/\/konpart.de\/wp-content\/uploads\/2025\/06\/konpart-automotive-catalogues-aftermarket-spare-parts-about.jpg\" alt=\"\" title=\"\" loading=\"lazy\" class=\"skip-lazy\" data-skip-lazy=\"1\"><\/picture><\/div><div data-color=\"RGBA(210,10,16,1)\" style=\"background-color: RGBA(210,10,16,1);\" class=\"n2-ss-slide-background-color\"><\/div><\/div><\/div>                    <div class=\"n2-ss-slider-4 n2-ow\">\n                        <svg xmlns=\"http:\/\/www.w3.org\/2000\/svg\" viewBox=\"0 0 1920 500\" data-related-device=\"desktopPortrait\" class=\"n2-ow n2-ss-preserve-size n2-ss-preserve-size--slider n2-ss-slide-limiter\"><\/svg><div data-first=\"1\" data-slide-duration=\"0\" data-id=\"33\" data-slide-public-id=\"1\" data-title=\"Slide\" class=\"n2-ss-slide n2-ow  n2-ss-slide-33\"><div role=\"note\" class=\"n2-ss-slide--focus\" tabindex=\"-1\">Slide<\/div><div class=\"n2-ss-layers-container n2-ss-slide-limiter n2-ow\"><div class=\"n2-ss-layer n2-ow n-uc-Ao8VfHiW6S45\" data-sstype=\"slide\" data-pm=\"default\"><div class=\"n2-ss-layer n2-ow n-uc-JfJWHA25mSKU\" data-pm=\"default\" data-sstype=\"content\" data-hasbackground=\"0\"><div class=\"n2-ss-section-main-content n2-ss-layer-with-background n2-ss-layer-content n2-ow n-uc-JfJWHA25mSKU-inner\"><div class=\"n2-ss-layer n2-ow n2-ss-layer--block n2-ss-has-self-align n2-ss-stretch-layer n-uc-VhVxYO3vJiIE\" data-pm=\"normal\" data-sstype=\"row\"><div class=\"n2-ss-layer-row n2-ss-layer-with-background n-uc-VhVxYO3vJiIE-inner\"><div class=\"n2-ss-layer-row-inner \"><div class=\"n2-ss-layer n2-ow n-uc-hGNoYkOVjIqy\" data-pm=\"default\" data-sstype=\"col\"><div class=\"n2-ss-layer-col n2-ss-layer-with-background n2-ss-layer-content n-uc-hGNoYkOVjIqy-inner\"><\/div><\/div><div class=\"n2-ss-layer n2-ow n-uc-Ixw24hkowAw7\" data-pm=\"default\" data-hidemobileportrait=\"1\" data-sstype=\"col\"><div class=\"n2-ss-layer-col n2-ss-layer-with-background n2-ss-layer-content n-uc-Ixw24hkowAw7-inner\"><div class=\"n2-ss-layer n2-ow n-uc-OHZ9vYdZmrBx\" data-pm=\"normal\" data-animv2=\"{&quot;basic&quot;:{&quot;in&quot;:{&quot;type&quot;:&quot;basic&quot;,&quot;name&quot;:&quot;Fade&quot;,&quot;keyFrames&quot;:[{&quot;ease&quot;:&quot;linear&quot;,&quot;opacity&quot;:0}]}}}\" data-sstype=\"layer\"><div id=\"n2-ss-26item1\" class=\"n2-font-7c51fb98e3f68a79f75f15481ce3fc1c-hover   n2-ss-item-content n2-ss-text n2-ow\" style=\"display:block;\">\u00dcber uns<\/div><\/div><div class=\"n2-ss-layer n2-ow slider-text n-uc-TJhgWwApLzJb\" data-pm=\"normal\" data-animv2=\"{&quot;basic&quot;:{&quot;in&quot;:{&quot;type&quot;:&quot;basic&quot;,&quot;name&quot;:&quot;Fade&quot;,&quot;keyFrames&quot;:[{&quot;duration&quot;:1,&quot;delay&quot;:0.6,&quot;opacity&quot;:0}]}}}\" data-sstype=\"layer\"><div class=\"n2-ss-item-content n2-ss-text n2-ow-all\"><div class=\"\"><p class=\"n2-font-a263158264e92a79de52d2ce25ae23a6-paragraph   \"><span class=\"list-icon\">Mehr als 30 Jahre Erfahrung und Fachkompetenz.<\/span><br \/>\n<span class=\"list-icon\">Mehr als 1.000 Kunden. <\/span><br \/>\n<span class=\"list-icon\">Mehr als 10.000 \u00dcberseetransporte. <\/span><br \/>\n<span class=\"list-icon\">Mehr als 1.000.000 Teile pro Jahr. <\/span><\/p>\n<\/div><\/div><\/div><\/div><\/div><\/div><\/div><\/div><\/div><\/div><\/div><\/div><\/div>                    <\/div>\n\n                                    <\/div>\n            <\/div>\n        <\/div>\n        <\/div><ss3-loader><\/ss3-loader><\/div><\/div><div class=\"n2_clear\"><\/div><\/div><\/ss3-force-full-width><\/div><\/div>\n\n\n\n<div class=\"gb-element-78c191c8\">\n<div class=\"order-by-priority\"><div class=\"gb-looper-6020cb22 order-by-priority\">\n<div class=\"gb-loop-item gb-loop-item-70ad5639 post-3975 product type-product status-publish has-post-thumbnail hentry\">\n<a href=\"https:\/\/konpart.de\/de\/product\/zf\/\"><img loading=\"lazy\" decoding=\"async\" width=\"300\" height=\"200\" data-media-id=\"3714\" class=\"gb-media-16e43eec\" src=\"https:\/\/konpart.de\/wp-content\/uploads\/2024\/11\/zf-logo-1.jpg\" alt=\"ZF\"\/><\/a>\n<\/div>\n\n<div class=\"gb-loop-item gb-loop-item-70ad5639 post-3974 product type-product status-publish has-post-thumbnail hentry\">\n<a href=\"https:\/\/konpart.de\/de\/product\/contitech\/\"><img loading=\"lazy\" decoding=\"async\" width=\"300\" height=\"200\" data-media-id=\"3558\" class=\"gb-media-16e43eec\" src=\"https:\/\/konpart.de\/wp-content\/uploads\/2025\/05\/contitech-logo-2.jpg\" alt=\"ContiTech\"\/><\/a>\n<\/div>\n\n<div class=\"gb-loop-item gb-loop-item-70ad5639 post-4010 product type-product status-publish has-post-thumbnail hentry\">\n<a href=\"https:\/\/konpart.de\/de\/product\/ate\/\"><img loading=\"lazy\" decoding=\"async\" width=\"300\" height=\"200\" data-media-id=\"3529\" class=\"gb-media-16e43eec\" src=\"https:\/\/konpart.de\/wp-content\/uploads\/2024\/11\/ate-logo-2.jpg\" alt=\"ATE\"\/><\/a>\n<\/div>\n\n<div class=\"gb-loop-item gb-loop-item-70ad5639 post-4006 product type-product status-publish has-post-thumbnail hentry\">\n<a href=\"https:\/\/konpart.de\/de\/product\/kontinentale\/\"><img loading=\"lazy\" decoding=\"async\" width=\"300\" height=\"200\" data-media-id=\"3554\" class=\"gb-media-16e43eec\" src=\"https:\/\/konpart.de\/wp-content\/uploads\/2024\/11\/continental-logo-1.jpg\" alt=\"Kontinentale\"\/><\/a>\n<\/div>\n\n<div class=\"gb-loop-item gb-loop-item-70ad5639 post-3982 product type-product status-publish has-post-thumbnail hentry\">\n<a href=\"https:\/\/konpart.de\/de\/product\/victor-reinz\/\"><img loading=\"lazy\" decoding=\"async\" width=\"300\" height=\"200\" data-media-id=\"3674\" class=\"gb-media-16e43eec\" src=\"https:\/\/konpart.de\/wp-content\/uploads\/2024\/11\/reinz-logo.jpg\" alt=\"Victor Reinz\"\/><\/a>\n<\/div>\n\n<div class=\"gb-loop-item gb-loop-item-70ad5639 post-3973 product type-product status-publish has-post-thumbnail hentry\">\n<a href=\"https:\/\/konpart.de\/de\/product\/kolbenschmidt\/\"><img loading=\"lazy\" decoding=\"async\" width=\"300\" height=\"200\" data-media-id=\"3614\" class=\"gb-media-16e43eec\" src=\"https:\/\/konpart.de\/wp-content\/uploads\/2025\/05\/kolbenschmidt-logo-1.jpg\" alt=\"Kolbenschmidt\"\/><\/a>\n<\/div>\n\n<div class=\"gb-loop-item gb-loop-item-70ad5639 post-3991 product type-product status-publish has-post-thumbnail hentry\">\n<a href=\"https:\/\/konpart.de\/de\/product\/mahle-produkte\/\"><img loading=\"lazy\" decoding=\"async\" width=\"300\" height=\"200\" data-media-id=\"3630\" class=\"gb-media-16e43eec\" src=\"https:\/\/konpart.de\/wp-content\/uploads\/2024\/11\/mahle-logo-1.jpg\" alt=\"Mahle Produkte\"\/><\/a>\n<\/div>\n\n<div class=\"gb-loop-item gb-loop-item-70ad5639 post-4002 product type-product status-publish has-post-thumbnail hentry\">\n<a href=\"https:\/\/konpart.de\/de\/product\/febi\/\"><img loading=\"lazy\" decoding=\"async\" width=\"300\" height=\"200\" data-media-id=\"3574\" class=\"gb-media-16e43eec\" src=\"https:\/\/konpart.de\/wp-content\/uploads\/2024\/11\/febi-logo-1.jpg\" alt=\"febi\"\/><\/a>\n<\/div>\n\n<div class=\"gb-loop-item gb-loop-item-70ad5639 post-3984 product type-product status-publish has-post-thumbnail hentry\">\n<a href=\"https:\/\/konpart.de\/de\/product\/payen\/\"><img loading=\"lazy\" decoding=\"async\" width=\"300\" height=\"200\" data-media-id=\"3662\" class=\"gb-media-16e43eec\" src=\"https:\/\/konpart.de\/wp-content\/uploads\/2024\/11\/payen-logo-1.jpg\" alt=\"Payen\"\/><\/a>\n<\/div>\n\n<div class=\"gb-loop-item gb-loop-item-70ad5639 post-4007 product type-product status-publish has-post-thumbnail hentry\">\n<a href=\"https:\/\/konpart.de\/de\/product\/borgwarner\/\"><img loading=\"lazy\" decoding=\"async\" width=\"300\" height=\"200\" data-media-id=\"3546\" class=\"gb-media-16e43eec\" src=\"https:\/\/konpart.de\/wp-content\/uploads\/2024\/11\/borgwarner-logo-1.jpg\" alt=\"BorgWarner\"\/><\/a>\n<\/div>\n\n<div class=\"gb-loop-item gb-loop-item-70ad5639 post-3972 product type-product status-publish has-post-thumbnail hentry\">\n<a href=\"https:\/\/konpart.de\/de\/product\/knorr\/\"><img loading=\"lazy\" decoding=\"async\" width=\"300\" height=\"200\" data-media-id=\"3610\" class=\"gb-media-16e43eec\" src=\"https:\/\/konpart.de\/wp-content\/uploads\/2025\/05\/knorr-logo-1.jpg\" alt=\"Knorr\"\/><\/a>\n<\/div>\n\n<div class=\"gb-loop-item gb-loop-item-70ad5639 post-3971 product type-product status-publish has-post-thumbnail hentry\">\n<a href=\"https:\/\/konpart.de\/de\/product\/trw\/\"><img loading=\"lazy\" decoding=\"async\" width=\"300\" height=\"200\" data-media-id=\"3694\" class=\"gb-media-16e43eec\" src=\"https:\/\/konpart.de\/wp-content\/uploads\/2025\/05\/trw-logo-1.jpg\" alt=\"TRW\"\/><\/a>\n<\/div>\n\n<div class=\"gb-loop-item gb-loop-item-70ad5639 post-3970 product type-product status-publish has-post-thumbnail hentry\">\n<a href=\"https:\/\/konpart.de\/de\/product\/wabco\/\"><img loading=\"lazy\" decoding=\"async\" width=\"300\" height=\"200\" data-media-id=\"3706\" class=\"gb-media-16e43eec\" src=\"https:\/\/konpart.de\/wp-content\/uploads\/2025\/05\/wabco-logo-1.jpg\" alt=\"Wabco\"\/><\/a>\n<\/div>\n\n<div class=\"gb-loop-item gb-loop-item-70ad5639 post-3969 product type-product status-publish has-post-thumbnail hentry\">\n<a href=\"https:\/\/konpart.de\/de\/product\/lemfoerder\/\"><img loading=\"lazy\" decoding=\"async\" width=\"300\" height=\"200\" data-media-id=\"3626\" class=\"gb-media-16e43eec\" src=\"https:\/\/konpart.de\/wp-content\/uploads\/2025\/05\/lemfoerder-logo-1.jpg\" alt=\"Lemf\u00f6rder\"\/><\/a>\n<\/div>\n\n<div class=\"gb-loop-item gb-loop-item-70ad5639 post-3997 product type-product status-publish has-post-thumbnail hentry\">\n<a href=\"https:\/\/konpart.de\/de\/product\/glyco\/\"><img loading=\"lazy\" decoding=\"async\" width=\"300\" height=\"200\" data-media-id=\"3598\" class=\"gb-media-16e43eec\" src=\"https:\/\/konpart.de\/wp-content\/uploads\/2024\/11\/glyco-logo-2.jpg\" alt=\"Glyco\"\/><\/a>\n<\/div>\n\n<div class=\"gb-loop-item gb-loop-item-70ad5639 post-3989 product type-product status-publish has-post-thumbnail hentry\">\n<a href=\"https:\/\/konpart.de\/de\/product\/moog\/\"><img loading=\"lazy\" decoding=\"async\" width=\"300\" height=\"200\" data-media-id=\"3638\" class=\"gb-media-16e43eec\" src=\"https:\/\/konpart.de\/wp-content\/uploads\/2024\/11\/moog-logo-1.jpg\" alt=\"Moog\"\/><\/a>\n<\/div>\n\n<div class=\"gb-loop-item gb-loop-item-70ad5639 post-3996 product type-product status-publish has-post-thumbnail hentry\">\n<a href=\"https:\/\/konpart.de\/de\/product\/goetze\/\"><img loading=\"lazy\" decoding=\"async\" width=\"300\" height=\"200\" data-media-id=\"3602\" class=\"gb-media-16e43eec\" src=\"https:\/\/konpart.de\/wp-content\/uploads\/2024\/11\/goetze-logo-1.jpg\" alt=\"Goetze\"\/><\/a>\n<\/div>\n\n<div class=\"gb-loop-item gb-loop-item-70ad5639 post-3968 product type-product status-publish has-post-thumbnail hentry\">\n<a href=\"https:\/\/konpart.de\/de\/product\/sachs\/\"><img loading=\"lazy\" decoding=\"async\" width=\"300\" height=\"200\" data-media-id=\"3678\" class=\"gb-media-16e43eec\" src=\"https:\/\/konpart.de\/wp-content\/uploads\/2025\/05\/sachs-logo-1.jpg\" alt=\"Sachs\"\/><\/a>\n<\/div>\n\n<div class=\"gb-loop-item gb-loop-item-70ad5639 post-3986 product type-product status-publish has-post-thumbnail hentry\">\n<a href=\"https:\/\/konpart.de\/de\/product\/nueral\/\"><img loading=\"lazy\" decoding=\"async\" width=\"300\" height=\"200\" data-media-id=\"3654\" class=\"gb-media-16e43eec\" src=\"https:\/\/konpart.de\/wp-content\/uploads\/2024\/11\/nueral-logo-1.jpg\" alt=\"N\u00fcral\"\/><\/a>\n<\/div>\n\n<div class=\"gb-loop-item gb-loop-item-70ad5639 post-4008 product type-product status-publish has-post-thumbnail hentry\">\n<a href=\"https:\/\/konpart.de\/de\/product\/beru\/\"><img loading=\"lazy\" decoding=\"async\" width=\"300\" height=\"200\" data-media-id=\"3538\" class=\"gb-media-16e43eec\" src=\"https:\/\/konpart.de\/wp-content\/uploads\/2024\/11\/beru-logo-1.jpg\" alt=\"Beru\"\/><\/a>\n<\/div>\n\n<div class=\"gb-loop-item gb-loop-item-70ad5639 post-3995 product type-product status-publish has-post-thumbnail hentry\">\n<a href=\"https:\/\/konpart.de\/de\/product\/hella\/\"><img loading=\"lazy\" decoding=\"async\" width=\"300\" height=\"200\" data-media-id=\"3606\" class=\"gb-media-16e43eec\" src=\"https:\/\/konpart.de\/wp-content\/uploads\/2024\/11\/hella-logo-1.jpg\" alt=\"Hella\"\/><\/a>\n<\/div>\n\n<div class=\"gb-loop-item gb-loop-item-70ad5639 post-580 product type-product status-publish has-post-thumbnail hentry\">\n<a href=\"https:\/\/konpart.de\/de\/product\/bosch\/\"><img loading=\"lazy\" decoding=\"async\" width=\"300\" height=\"200\" data-media-id=\"3550\" class=\"gb-media-16e43eec\" src=\"https:\/\/konpart.de\/wp-content\/uploads\/2024\/11\/bosch-logo-1.jpg\" alt=\"Bosch\"\/><\/a>\n<\/div>\n\n<div class=\"gb-loop-item gb-loop-item-70ad5639 post-3987 product type-product status-publish has-post-thumbnail hentry\">\n<a href=\"https:\/\/konpart.de\/de\/product\/nissens\/\"><img loading=\"lazy\" decoding=\"async\" width=\"300\" height=\"200\" data-media-id=\"3646\" class=\"gb-media-16e43eec\" src=\"https:\/\/konpart.de\/wp-content\/uploads\/2024\/11\/nissens-logo.jpg\" alt=\"Nissens\"\/><\/a>\n<\/div>\n\n<div class=\"gb-loop-item gb-loop-item-70ad5639 post-4004 product type-product status-publish has-post-thumbnail hentry\">\n<a href=\"https:\/\/konpart.de\/de\/product\/dtp\/\"><img loading=\"lazy\" decoding=\"async\" width=\"300\" height=\"200\" data-media-id=\"3566\" class=\"gb-media-16e43eec\" src=\"https:\/\/konpart.de\/wp-content\/uploads\/2024\/11\/dtp-logo-1.jpg\" alt=\"DTP\"\/><\/a>\n<\/div>\n\n<div class=\"gb-loop-item gb-loop-item-70ad5639 post-3967 product type-product status-publish has-post-thumbnail hentry\">\n<a href=\"https:\/\/konpart.de\/de\/product\/pierburg\/\"><img loading=\"lazy\" decoding=\"async\" width=\"300\" height=\"200\" data-media-id=\"3670\" class=\"gb-media-16e43eec\" src=\"https:\/\/konpart.de\/wp-content\/uploads\/2025\/05\/pierburg-logo-1.jpg\" alt=\"Pierburg\"\/><\/a>\n<\/div>\n\n<div class=\"gb-loop-item gb-loop-item-70ad5639 post-3998 product type-product status-publish has-post-thumbnail hentry\">\n<a href=\"https:\/\/konpart.de\/de\/product\/fp-diesel\/\"><img loading=\"lazy\" decoding=\"async\" width=\"300\" height=\"200\" data-media-id=\"3590\" class=\"gb-media-16e43eec\" src=\"https:\/\/konpart.de\/wp-content\/uploads\/2024\/11\/fp-diesel-logo-1.jpg\" alt=\"FP Diesel\"\/><\/a>\n<\/div>\n\n<div class=\"gb-loop-item gb-loop-item-70ad5639 post-3966 product type-product status-publish has-post-thumbnail hentry\">\n<a href=\"https:\/\/konpart.de\/de\/product\/blauer-druck\/\"><img loading=\"lazy\" decoding=\"async\" width=\"300\" height=\"200\" data-media-id=\"3542\" class=\"gb-media-16e43eec\" src=\"https:\/\/konpart.de\/wp-content\/uploads\/2025\/05\/blue-print-logo-1.jpg\" alt=\"Blauer Druck\"\/><\/a>\n<\/div>\n\n<div class=\"gb-loop-item gb-loop-item-70ad5639 post-3965 product type-product status-publish has-post-thumbnail hentry\">\n<a href=\"https:\/\/konpart.de\/de\/product\/nrf\/\"><img loading=\"lazy\" decoding=\"async\" width=\"300\" height=\"200\" data-media-id=\"3650\" class=\"gb-media-16e43eec\" src=\"https:\/\/konpart.de\/wp-content\/uploads\/2025\/05\/nrf-logo-1.jpg\" alt=\"NRF\"\/><\/a>\n<\/div>\n<\/div><\/div>\n<\/div>\n\n\n<div class=\"gb-container gb-container-4c28cbe3 main\">\n<div class=\"gb-container gb-container-914b04a5 small\">\n\n<h1 class=\"gb-text gb-text-26113fbc\">\u00dcber uns<\/h1>\n\n<\/div>\n<\/div>\n\n\n<div class=\"main gb-element-30b127b4\">\n<div class=\"small gb-element-c6fd46af\">\n<div class=\"gb-element-ba7218b7\">\n<img loading=\"lazy\" decoding=\"async\" width=\"2521\" height=\"219\" class=\"gb-media-36324af9\" alt=\"\" src=\"https:\/\/konpart.de\/wp-content\/uploads\/2025\/05\/konpart-automotive-zeitleiste.webp\" title=\"konpart-automotive-zeitleiste\" srcset=\"https:\/\/konpart.de\/wp-content\/uploads\/2025\/05\/konpart-automotive-zeitleiste.webp 2521w, https:\/\/konpart.de\/wp-content\/uploads\/2025\/05\/konpart-automotive-zeitleiste-300x26.webp 300w, https:\/\/konpart.de\/wp-content\/uploads\/2025\/05\/konpart-automotive-zeitleiste-1024x89.webp 1024w, https:\/\/konpart.de\/wp-content\/uploads\/2025\/05\/konpart-automotive-zeitleiste-768x67.webp 768w, https:\/\/konpart.de\/wp-content\/uploads\/2025\/05\/konpart-automotive-zeitleiste-1536x133.webp 1536w, https:\/\/konpart.de\/wp-content\/uploads\/2025\/05\/konpart-automotive-zeitleiste-2048x178.webp 2048w, https:\/\/konpart.de\/wp-content\/uploads\/2025\/05\/konpart-automotive-zeitleiste-1320x115.webp 1320w\" sizes=\"auto, (max-width: 2521px) 100vw, 2521px\" \/>\n<\/div>\n\n\n\n<div class=\"gb-element-da0fea3f\">\n<div class=\"gb-element-f276450c\">\n<div>\n<p class=\"gb-text gb-text-add474d0\">1991<\/p>\n<\/div>\n\n\n\n<div>\n<p class=\"gb-text gb-text-118044d2\">Gr\u00fcndung von KonPart in Hamburg \/ Deutschland. Nach mehr als 20 Jahren in verschiedenen Export- und Logistikunternehmen beschloss Konrad Choinowski, die KonPart Import-Export GmbH zu gr\u00fcnden, um seine guten Kontakte im Handel mit Westafrika zu pflegen.<\/p>\n<\/div>\n\n\n\n<div>\n<p class=\"gb-text gb-text-add474d0\">1995<\/p>\n<\/div>\n\n\n\n<div>\n<p class=\"gb-text gb-text-9a8884c7\">B\u00fcro- und Lagerr\u00e4ume werden erstmals zusammengelegt und sind nach wie vor der Schl\u00fcssel zum Erfolg f\u00fcr die schnellste und effizienteste Bearbeitung und Lieferung an Kunden weltweit.<\/p>\n<\/div>\n\n\n\n<div>\n<p class=\"gb-text gb-text-c105145a\">2001<\/p>\n<\/div>\n\n\n\n<div>\n<p class=\"gb-text gb-text-9840b52a\">Die 10-Jahres-Feier bringt Kunden und Lieferanten aus ganz Afrika und der Welt zusammen. KonPart ist einer der gr\u00f6\u00dften deutschen Ersatzteil-Exporteure in Westafrika und vertritt mehr als 20 f\u00fchrende Ersatzteilmarken in mehreren westafrikanischen L\u00e4ndern.<\/p>\n<\/div>\n\n\n\n<div>\n<p class=\"gb-text gb-text-fa99bcf6\">2011<\/p>\n<\/div>\n\n\n\n<div>\n<p class=\"gb-text gb-text-f0d601ce\">KonPart hat sich auf den M\u00e4rkten weiter etabliert und wird nun von einem starken Team von Vertriebsexperten unterst\u00fctzt, die Kundenservice und Fachwissen bieten. Wir vertreiben mehr als 50 f\u00fchrende Marken im Aftermarket.<\/p>\n<\/div>\n\n\n\n<div>\n<p class=\"gb-text gb-text-313d6739\">2022<\/p>\n<\/div>\n\n\n\n<div>\n<p class=\"gb-text gb-text-182f6f64\">KonPart leitet den Generationswechsel im Management ein und Roman Choinowski \u00fcbernimmt die Leitung des Unternehmens.<\/p>\n<\/div>\n\n\n\n<div>\n<p class=\"gb-text gb-text-a97c4c92\">2023<\/p>\n<\/div>\n\n\n\n<div>\n<p class=\"gb-text gb-text-3f9929c9\">KonPart ist an seinem neuen Hauptsitz in Glinde in der N\u00e4he von Hamburg gewachsen und bedient seine Kunden von einer 1500 Quadratmeter gro\u00dfen B\u00fcro-, Lager- und Logistikfl\u00e4che aus.<\/p>\n<\/div>\n\n\n\n<div>\n<p class=\"gb-text gb-text-bed3d110\">2024<\/p>\n<\/div>\n\n\n\n<div>\n<p class=\"gb-text gb-text-d2ef2fd3\">KonPart hat ein leistungsstarkes und zukunftsorientiertes ERP-System implementiert.<\/p>\n<\/div>\n\n\n\n<div>\n<p class=\"gb-text gb-text-aac52a1e\">2025<\/p>\n<\/div>\n\n\n\n<div>\n<p class=\"gb-text gb-text-fd05f85d\">KonPart hat eine neue Unternehmenswebseite eingerichtet und eine moderne Corporate Identity eingef\u00fchrt.<\/p>\n<\/div>\n<\/div>\n<\/div>\n<\/div>\n<\/div>\n","protected":false},"excerpt":{"rendered":"<p>\u00dcber uns 1991 Gr\u00fcndung von KonPart in Hamburg \/ Deutschland. Nach mehr als 20 Jahren in verschiedenen Export- und Logistikunternehmen beschloss Konrad Choinowski, die KonPart Import-Export GmbH zu gr\u00fcnden, um seine guten Kontakte im Handel mit Westafrika zu pflegen. 1995 B\u00fcro- und Lagerr\u00e4ume werden erstmals zusammengelegt und sind nach wie vor der Schl\u00fcssel zum Erfolg &#8230; <a title=\"\u00dcber uns\" class=\"read-more\" href=\"https:\/\/konpart.de\/de\/ueber-uns\/\" aria-label=\"Mehr Informationen \u00fcber \u00dcber uns\">Weiterlesen &#8230;<\/a><\/p>\n","protected":false},"author":1,"featured_media":0,"parent":0,"menu_order":60,"comment_status":"closed","ping_status":"closed","template":"","meta":{"_acf_changed":false,"footnotes":""},"element-controls":[],"class_list":["post-3935","page","type-page","status-publish"],"acf":[],"_links":{"self":[{"href":"https:\/\/konpart.de\/de\/wp-json\/wp\/v2\/pages\/3935","targetHints":{"allow":["GET"]}}],"collection":[{"href":"https:\/\/konpart.de\/de\/wp-json\/wp\/v2\/pages"}],"about":[{"href":"https:\/\/konpart.de\/de\/wp-json\/wp\/v2\/types\/page"}],"author":[{"embeddable":true,"href":"https:\/\/konpart.de\/de\/wp-json\/wp\/v2\/users\/1"}],"replies":[{"embeddable":true,"href":"https:\/\/konpart.de\/de\/wp-json\/wp\/v2\/comments?post=3935"}],"version-history":[{"count":2,"href":"https:\/\/konpart.de\/de\/wp-json\/wp\/v2\/pages\/3935\/revisions"}],"predecessor-version":[{"id":4854,"href":"https:\/\/konpart.de\/de\/wp-json\/wp\/v2\/pages\/3935\/revisions\/4854"}],"wp:attachment":[{"href":"https:\/\/konpart.de\/de\/wp-json\/wp\/v2\/media?parent=3935"}],"wp:term":[{"taxonomy":"element-controls","embeddable":true,"href":"https:\/\/konpart.de\/de\/wp-json\/wp\/v2\/element-controls?post=3935"}],"curies":[{"name":"wp","href":"https:\/\/api.w.org\/{rel}","templated":true}]}}