{"id":3966,"date":"2025-05-16T11:49:42","date_gmt":"2025-05-16T09:49:42","guid":{"rendered":"https:\/\/konpart.de\/product\/blauer-druck\/"},"modified":"2025-05-16T11:49:42","modified_gmt":"2025-05-16T09:49:42","slug":"blauer-druck","status":"publish","type":"product","link":"https:\/\/konpart.de\/de\/product\/blauer-druck\/","title":{"rendered":"Blauer Druck"},"excerpt":{"rendered":"<p>Blue Print ist ein Spezialist f\u00fcr Ersatzteile in Erstausr\u00fcsterqualit\u00e4t f\u00fcr asiatische und amerikanische Fahrzeugmarken und bietet ein umfassendes Sortiment an pr\u00e4zisionsgefertigten Automobilkomponenten. Als Teil der Bilstein-Gruppe hat sich Blue Print einen guten Ruf f\u00fcr Genauigkeit, Zuverl\u00e4ssigkeit und Produktabdeckung erworben &#8211; insbesondere f\u00fcr Modelle von Toyota, Honda, Hyundai, Kia, Nissan, Ford (US) und anderen. <\/p>\n","protected":false},"featured_media":3542,"template":"","meta":{"_acf_changed":false},"product-type":[],"class_list":["post-3966","product","type-product","status-publish","has-post-thumbnail","hentry"],"acf":{"product-claim":"Blue Print - Pr\u00e4zisionsersatzteile f\u00fcr asiatische und amerikanische Fahrzeuge","product-description":"<em>Ihre Quelle f\u00fcr echte Blue Print Produkte von einem vertrauensw\u00fcrdigen deutschen Exporteur<\/em>\n\n<strong>Blue Print<\/strong> ist ein Spezialist f\u00fcr <strong>Ersatzteile in Erstausr\u00fcsterqualit\u00e4t<\/strong> f\u00fcr asiatische und amerikanische Fahrzeugmarken und bietet ein umfassendes Sortiment an pr\u00e4zisionsgefertigten Automobilkomponenten. Als Teil der Bilstein-Gruppe hat sich <strong>Blue Print<\/strong> einen guten Ruf f\u00fcr Genauigkeit, Zuverl\u00e4ssigkeit und Produktabdeckung erworben - insbesondere f\u00fcr Modelle von Toyota, Honda, Hyundai, Kia, Nissan, Ford (US) und anderen. \n\nAls f\u00fchrender <strong>deutscher Exporteur von Ersatzteilen f\u00fcr den Ersatzteilmarkt<\/strong> bieten wir ein umfassendes Sortiment an <strong>Blue Print-Produkten<\/strong>, die direkt aus Deutschland an unsere Kunden geliefert werden. Ganz gleich, ob Sie Gro\u00dfh\u00e4ndler, Distributor oder Service-Center sind, wir sorgen f\u00fcr einen reibungslosen und zuverl\u00e4ssigen Zugriff auf den kompletten Blue Print Katalog. \n\n<strong>Blue Print Produkt-Highlights:<\/strong>\n<ul>\n \t<li><strong>Teile in OE-Qualit\u00e4t<\/strong> f\u00fcr asiatische und amerikanische Marken<\/li>\n \t<li>\u00dcber 25.000 Artikel in Kategorien wie z.B.:\n<ul>\n \t<li>Bremssysteme<\/li>\n \t<li>Filter<\/li>\n \t<li>Baus\u00e4tze f\u00fcr Kupplungen<\/li>\n \t<li>Komponenten des Motors<\/li>\n \t<li>Lenkung & Federung<\/li>\n \t<li>Elektrische und k\u00fchlende Teile<\/li>\n<\/ul>\n<\/li>\n \t<li><strong>Exakte Passform und Funktion<\/strong> - ideal f\u00fcr eine schnelle Installation und langfristige Zuverl\u00e4ssigkeit<\/li>\n \t<li>Unterst\u00fctzt durch das Qualit\u00e4ts- und Logistiknetzwerk der Bilstein-Gruppe<\/li>\n<\/ul>\n<strong>Blue Print Ersatzteile<\/strong> werden nach den exakten Spezifikationen der Originalteile hergestellt und bieten eine perfekte Alternative zu den OE-Teilen - insbesondere f\u00fcr japanische, koreanische und amerikanische Fahrzeugmarken.\n\n<strong>Export von Blue Print Produkten<\/strong>\n\nAls vertrauensw\u00fcrdiger <strong>deutscher Exporteur<\/strong> bieten wir:\n<ul>\n \t<li>Direkter Zugriff auf das gesamte Blue Print Sortiment<\/li>\n \t<li>Schnelle und effiziente Exportlogistik<\/li>\n \t<li>Professionelle Unterst\u00fctzung bei der Identifizierung und Beschaffung von Teilen<\/li>\n \t<li>Wettbewerbsf\u00e4hige Preise und L\u00f6sungen f\u00fcr Gro\u00dfbestellungen<\/li>\n \t<li>Ma\u00dfgeschneiderte Exportdokumente und Verpackungen<\/li>\n<\/ul>\nGanz gleich, ob Sie <strong>Blue Print Aftermarket-Ersatzteile<\/strong> f\u00fcr Pkws oder leichte Nutzfahrzeuge suchen, unser Exportteam gew\u00e4hrleistet ein hohes Serviceniveau und eine reibungslose internationale Lieferung.\n\n<em>Kontaktieren Sie uns f\u00fcr Preise, Verf\u00fcgbarkeit oder langfristige Lieferpartnerschaften.  <\/em><em>Blue Print - technische Pr\u00e4zision, geliefert aus Deutschland.<\/em>","catalog":null,"logo-reihenfolge":27,"spare-part-table":""},"_links":{"self":[{"href":"https:\/\/konpart.de\/de\/wp-json\/wp\/v2\/product\/3966","targetHints":{"allow":["GET"]}}],"collection":[{"href":"https:\/\/konpart.de\/de\/wp-json\/wp\/v2\/product"}],"about":[{"href":"https:\/\/konpart.de\/de\/wp-json\/wp\/v2\/types\/product"}],"wp:featuredmedia":[{"embeddable":true,"href":"https:\/\/konpart.de\/de\/wp-json\/wp\/v2\/media\/3542"}],"wp:attachment":[{"href":"https:\/\/konpart.de\/de\/wp-json\/wp\/v2\/media?parent=3966"}],"wp:term":[{"taxonomy":"product-type","embeddable":true,"href":"https:\/\/konpart.de\/de\/wp-json\/wp\/v2\/product-type?post=3966"}],"curies":[{"name":"wp","href":"https:\/\/api.w.org\/{rel}","templated":true}]}}