{"id":3967,"date":"2025-05-16T11:48:40","date_gmt":"2025-05-16T09:48:40","guid":{"rendered":"https:\/\/konpart.de\/product\/pierburg\/"},"modified":"2025-05-16T11:48:40","modified_gmt":"2025-05-16T09:48:40","slug":"pierburg","status":"publish","type":"product","link":"https:\/\/konpart.de\/de\/product\/pierburg\/","title":{"rendered":"Pierburg"},"excerpt":{"rendered":"<p>Pierburg steht f\u00fcr Spitzeninnovationen im Bereich Motormanagement und Luftversorgungssysteme. Als Teil der Rheinmetall Automotive Group ist Pierburg ein wichtiger Lieferant von Ersatzteilen in Erstausr\u00fcsterqualit\u00e4t f\u00fcr viele der weltweit f\u00fchrenden Fahrzeughersteller. Die f\u00fcr ihre Pr\u00e4zision und Leistung bekannten Pierburg-Produkte sind unverzichtbar f\u00fcr moderne Abgasreinigung, Kraftstoffeffizienz und Motorleistung.<\/p>\n","protected":false},"featured_media":3670,"template":"","meta":{"_acf_changed":false},"product-type":[],"class_list":["post-3967","product","type-product","status-publish","has-post-thumbnail","hentry"],"acf":{"product-claim":"Pierburg - Motormanagement-Kompetenz aus Deutschland","product-description":"<em>Ihre vertrauensw\u00fcrdige Quelle f\u00fcr Pierburg Produkte von einem f\u00fchrenden deutschen Exporteur von Ersatzteilen in Erstausr\u00fcsterqualit\u00e4t<\/em>\n\n<strong>Pierburg<\/strong> steht f\u00fcr Spitzeninnovationen im Bereich Motormanagement und Luftversorgungssysteme. Als Teil der Rheinmetall Automotive Group ist <strong>Pierburg<\/strong> ein wichtiger Lieferant von <strong>Ersatzteilen in Erstausr\u00fcsterqualit\u00e4t<\/strong> f\u00fcr viele der weltweit f\u00fchrenden Fahrzeughersteller. Die f\u00fcr ihre Pr\u00e4zision und Leistung bekannten <strong>Pierburg-Produkte<\/strong> sind unverzichtbar f\u00fcr moderne Abgasreinigung, Kraftstoffeffizienz und Motorleistung.\n\nAls zuverl\u00e4ssiger <strong>deutscher Exporteur von Aftermarket-Ersatzteilen<\/strong> bieten wir unseren Exportkunden <strong>Pierburg-Originalteile<\/strong> direkt aus Deutschland an. Wir gew\u00e4hrleisten schnelle und effiziente Exportlieferungen f\u00fcr Ihren gesamten Bedarf an <strong>Pierburg Produkten<\/strong>.\n\n<strong>Warum Pierburg Produkte w\u00e4hlen?<\/strong>\n<ul>\n \t<li><strong>Erstausr\u00fcstungsstandard (OE)<\/strong>, dem Hersteller wie VW, BMW, Mercedes-Benz, Audi und Opel vertrauen.<\/li>\n \t<li><strong>Hochleistungstechnologie<\/strong> - ideal f\u00fcr moderne Motorsysteme und Emissionskontrolle.<\/li>\n \t<li><strong>Breite Produktpalette<\/strong> - einschlie\u00dflich AGR-Ventile, Luftmassenmesser, elektrische Pumpen, Drosselklappenstutzen und Magnetventile.<\/li>\n \t<li><strong>Entwickelt in Deutschland<\/strong> - f\u00fcr Pr\u00e4zision, Qualit\u00e4t und langfristige Zuverl\u00e4ssigkeit.<\/li>\n<\/ul>\n<strong>Pierburg-Ersatzteile<\/strong> sind vor allem f\u00fcr elektronische Motorkomponenten unverzichtbar und damit eine gute Wahl f\u00fcr Werkst\u00e4tten und H\u00e4ndler, die mit Hightech-Fahrzeugen und leistungsorientierten Kunden arbeiten.\n\n<strong>Export von Pierburg-Ersatzteilen<\/strong>\n\nAls erfahrener <strong>deutscher Exporteur<\/strong> sind wir auf den Vertrieb von <strong>Pierburg-Ersatzteilen f\u00fcr den Ersatzteilmarkt<\/strong> spezialisiert. Unsere Dienstleistungen umfassen:\n<ul>\n \t<li>Direkte Beschaffung von Pierburg-Originalprodukten<\/li>\n \t<li>Exportlogistik und schneller Versand<\/li>\n \t<li>Ma\u00dfgeschneiderte Exportverpackung und Dokumentation<\/li>\n \t<li>G\u00fcnstige Preise f\u00fcr Gro\u00dfhandelsbestellungen<\/li>\n \t<li>Fachkundige Unterst\u00fctzung und Produktidentifizierung<\/li>\n<\/ul>\nWir arbeiten eng mit internationalen Distributoren und Gro\u00dfh\u00e4ndlern zusammen, die auf der Suche nach authentischen <strong>deutschen Ersatzteilen<\/strong> sind, die Leistung und Qualit\u00e4t auf Erstausr\u00fcstungsniveau bieten.\n\n<em>Kontaktieren Sie uns jetzt f\u00fcr Exportanfragen oder um ein Angebot zu erhalten. Pierburg - Deutsche Ingenieurskunst f\u00fcr jeden Motor.<\/em>","catalog":null,"logo-reihenfolge":25,"spare-part-table":""},"_links":{"self":[{"href":"https:\/\/konpart.de\/de\/wp-json\/wp\/v2\/product\/3967","targetHints":{"allow":["GET"]}}],"collection":[{"href":"https:\/\/konpart.de\/de\/wp-json\/wp\/v2\/product"}],"about":[{"href":"https:\/\/konpart.de\/de\/wp-json\/wp\/v2\/types\/product"}],"wp:featuredmedia":[{"embeddable":true,"href":"https:\/\/konpart.de\/de\/wp-json\/wp\/v2\/media\/3670"}],"wp:attachment":[{"href":"https:\/\/konpart.de\/de\/wp-json\/wp\/v2\/media?parent=3967"}],"wp:term":[{"taxonomy":"product-type","embeddable":true,"href":"https:\/\/konpart.de\/de\/wp-json\/wp\/v2\/product-type?post=3967"}],"curies":[{"name":"wp","href":"https:\/\/api.w.org\/{rel}","templated":true}]}}