{"id":3968,"date":"2025-05-16T11:44:45","date_gmt":"2025-05-16T09:44:45","guid":{"rendered":"https:\/\/konpart.de\/product\/sachs\/"},"modified":"2025-05-16T11:44:45","modified_gmt":"2025-05-16T09:44:45","slug":"sachs","status":"publish","type":"product","link":"https:\/\/konpart.de\/de\/product\/sachs\/","title":{"rendered":"Sachs"},"excerpt":{"rendered":"<p>Sachs ist eine weltweit anerkannte Marke f\u00fcr Hochleistungsersatzteile in Erstausr\u00fcsterqualit\u00e4t, auf die Kfz-Profis und Erstausr\u00fcster gleicherma\u00dfen vertrauen. Als stolzes Mitglied des ZF-Konzerns entwickelt und produziert Sachs Sto\u00dfd\u00e4mpfer, Kupplungen und andere Ersatzteile von Weltklasse, die auf Haltbarkeit, Komfort und Fahrpr\u00e4zision ausgelegt sind. <\/p>\n","protected":false},"featured_media":3678,"template":"","meta":{"_acf_changed":false},"product-type":[],"class_list":["post-3968","product","type-product","status-publish","has-post-thumbnail","hentry"],"acf":{"product-claim":"Sachs - Deutsche Ingenieurskunst f\u00fcr \u00fcberlegenen Fahrkomfort","product-description":"<em>Zuverl\u00e4ssige Quelle f\u00fcr echte Sachs Produkte von einem vertrauensw\u00fcrdigen deutschen Exporteur<\/em>\n\n<strong>Sachs<\/strong> ist eine weltweit anerkannte Marke f\u00fcr <strong>Hochleistungsersatzteile in Erstausr\u00fcsterqualit\u00e4t<\/strong>, auf die Kfz-Profis und Erstausr\u00fcster gleicherma\u00dfen vertrauen. Als stolzes Mitglied des ZF-Konzerns entwickelt und produziert Sachs <strong>Sto\u00dfd\u00e4mpfer<\/strong>, <strong>Kupplungen<\/strong> und andere <strong>Ersatzteile<\/strong> von Weltklasse, die auf Haltbarkeit, Komfort und Fahrpr\u00e4zision ausgelegt sind. \n\nAls <strong>deutscher Exporteur<\/strong> mit langj\u00e4hriger Erfahrung im internationalen Kfz-Teilehandel bieten wir unseren Exportkunden ein umfassendes Sortiment an <strong>Sachs Produkten<\/strong>. Alle Teile werden direkt aus Deutschland bezogen, was Authentizit\u00e4t, schnelle Lieferung und volle \u00dcbereinstimmung mit den OE-Standards gew\u00e4hrleistet. \n\n<strong>Sachs Produktvorteile:<\/strong>\n<ul>\n \t<li><strong>Erstausr\u00fcsterqualit\u00e4t und -leistung<\/strong> - verwendet von f\u00fchrenden Automobilherstellern wie Mercedes-Benz, BMW, Audi, Volkswagen und anderen.<\/li>\n \t<li><strong>Breite Produktabdeckung<\/strong> - von Personenkraftwagen \u00fcber leichte Nutzfahrzeuge bis hin zu schweren Lastkraftwagen.<\/li>\n \t<li><strong>Hohe Haltbarkeit und Effizienz<\/strong> - entwickelt f\u00fcr optimale Leistung auch unter extremen Bedingungen.<\/li>\n \t<li><strong>Fokus auf Innovation<\/strong> - Sachs integriert fortschrittliche Technologie f\u00fcr bessere Fahrkontrolle und Sicherheit.<\/li>\n<\/ul>\nUnser Angebot umfasst die gesamte Produktpalette von Sachs, wie z.B.:\n<ul>\n \t<li>Sto\u00dfd\u00e4mpfer und Federbeine<\/li>\n \t<li>Kupplungss\u00e4tze und Schwungr\u00e4der<\/li>\n \t<li>Komponenten der Aufh\u00e4ngung<\/li>\n \t<li>Torsionsschwingungsd\u00e4mpfer<\/li>\n \t<li>Ausl\u00f6sesysteme f\u00fcr Kupplungen<\/li>\n<\/ul>\n<strong>Export von Sachs Originalersatzteilen<\/strong>\n\nAls Ihr erfahrener <strong>deutscher Exporteur von Sachs-Ersatzteilen<\/strong> bieten wir Ihnen:\n<ul>\n \t<li>Zuverl\u00e4ssige internationale Logistik<\/li>\n \t<li>Ma\u00dfgeschneiderte Exportl\u00f6sungen<\/li>\n \t<li>Technische Unterst\u00fctzung und Teileidentifikation<\/li>\n \t<li>Wettbewerbsf\u00e4hige Preise f\u00fcr Gro\u00df- und Dauerauftr\u00e4ge<\/li>\n<\/ul>\nOb Sie als Gro\u00dfh\u00e4ndler oder Distributor <strong>deutsche Ersatzteile<\/strong> von einem zuverl\u00e4ssigen Partner suchen, unser Sachs Exportprogramm bietet Ihnen Leistung und Vertrauen - direkt aus <strong>Deutschland<\/strong>.\n\n<em>Kontaktieren Sie uns f\u00fcr Ihr pers\u00f6nliches Angebot. Sachs - Qualit\u00e4t. Leistung. In Deutschland hergestellt.   <\/em>","catalog":null,"logo-reihenfolge":18,"spare-part-table":""},"_links":{"self":[{"href":"https:\/\/konpart.de\/de\/wp-json\/wp\/v2\/product\/3968","targetHints":{"allow":["GET"]}}],"collection":[{"href":"https:\/\/konpart.de\/de\/wp-json\/wp\/v2\/product"}],"about":[{"href":"https:\/\/konpart.de\/de\/wp-json\/wp\/v2\/types\/product"}],"wp:featuredmedia":[{"embeddable":true,"href":"https:\/\/konpart.de\/de\/wp-json\/wp\/v2\/media\/3678"}],"wp:attachment":[{"href":"https:\/\/konpart.de\/de\/wp-json\/wp\/v2\/media?parent=3968"}],"wp:term":[{"taxonomy":"product-type","embeddable":true,"href":"https:\/\/konpart.de\/de\/wp-json\/wp\/v2\/product-type?post=3968"}],"curies":[{"name":"wp","href":"https:\/\/api.w.org\/{rel}","templated":true}]}}