{"id":3971,"date":"2025-05-16T11:39:33","date_gmt":"2025-05-16T09:39:33","guid":{"rendered":"https:\/\/konpart.de\/product\/trw\/"},"modified":"2025-05-16T11:39:33","modified_gmt":"2025-05-16T09:39:33","slug":"trw","status":"publish","type":"product","link":"https:\/\/konpart.de\/de\/product\/trw\/","title":{"rendered":"TRW"},"excerpt":{"rendered":"<p>TRW, eine Marke von ZF Aftermarket, ist ein weltweit f\u00fchrender Anbieter von Sicherheitssystemen f\u00fcr Kraftfahrzeuge und bietet erstklassige Brems-, Lenk- und Aufh\u00e4ngungskomponenten. Als vertrauensw\u00fcrdiger deutscher Exporteur von Ersatzteilen in Aftermarket- und OE-Qualit\u00e4t liefern wir unseren Exportkunden, die Wert auf Leistung, Zuverl\u00e4ssigkeit und Sicherheit legen, ein umfassendes Sortiment an TRW-Originalprodukten. <\/p>\n","protected":false},"featured_media":3694,"template":"","meta":{"_acf_changed":false},"product-type":[],"class_list":["post-3971","product","type-product","status-publish","has-post-thumbnail","hentry"],"acf":{"product-claim":"Sicherheit und Leistung, auf die Sie sich verlassen k\u00f6nnen","product-description":"<strong>Ihr globaler Partner f\u00fcr TRW-Originalprodukte und Ersatzteile in Erstausr\u00fcsterqualit\u00e4t aus Deutschland<\/strong>\n\nTRW, eine Marke von ZF Aftermarket, ist ein weltweit f\u00fchrender Anbieter von Sicherheitssystemen f\u00fcr Kraftfahrzeuge und bietet erstklassige Brems-, Lenk- und Aufh\u00e4ngungskomponenten. Als vertrauensw\u00fcrdiger deutscher Exporteur von Ersatzteilen in Aftermarket- und OE-Qualit\u00e4t liefern wir unseren Exportkunden, die Wert auf Leistung, Zuverl\u00e4ssigkeit und Sicherheit legen, ein umfassendes Sortiment an TRW-Originalprodukten. \n\nDie Produkte von TRW, die auf eine lange Tradition in Innovation und Pr\u00e4zisionstechnik zur\u00fcckblicken, erf\u00fcllen die strengen Standards der Erstausr\u00fcster. Ob Sie Bremsbel\u00e4ge, Bremsscheiben, Bremss\u00e4ttel, Querlenker oder Lenkungsteile suchen - TRW liefert un\u00fcbertroffene Qualit\u00e4t und Konsistenz. \n\n<strong>Warum TRW?<\/strong>\n<ul>\n \t<li><strong>Komponenten in Erstausr\u00fcsterqualit\u00e4t:<\/strong> TRW-Teile werden so hergestellt, dass sie die OE-Spezifikationen f\u00fcr optimale Sicherheit und Leistung erf\u00fcllen oder \u00fcbertreffen.<\/li>\n \t<li><strong>Deutsche Ersatzteilkompetenz:<\/strong> TRW-Produkte genie\u00dfen weltweites Vertrauen und spiegeln die hervorragende Qualit\u00e4t deutscher Ingenieurskunst und Produktionsstandards wider.<\/li>\n \t<li><strong>Breites Produktportfolio:<\/strong> Wir exportieren eine vollst\u00e4ndige Palette von TRW-Produkten f\u00fcr europ\u00e4ische, asiatische und amerikanische Fahrzeuge.<\/li>\n \t<li><strong>Aftermarket-L\u00f6sungen:<\/strong> Ideal f\u00fcr Werkst\u00e4tten, H\u00e4ndler und Flottenbetreiber, die zuverl\u00e4ssige Aftermarket-Ersatzteile mit OE-Niveau suchen.<\/li>\n<\/ul>\nAls spezialisierter <strong>deutscher Exporteur<\/strong> konzentrieren wir uns auf die effiziente und zuverl\u00e4ssige Lieferung von TRW-Ersatzteilen an Kunden in unseren Exportm\u00e4rkten. Unser logistisches Fachwissen gew\u00e4hrleistet eine schnelle Abwicklung, wettbewerbsf\u00e4hige Preise und ma\u00dfgeschneiderte Exportl\u00f6sungen, die genau Ihren Bed\u00fcrfnissen entsprechen. \n\n<strong>Exportieren Sie TRW-Produkte mit Zuversicht<\/strong>\n\nMit jahrelanger Erfahrung im internationalen Vertrieb von deutschen Ersatzteilen garantieren wir Ihnen Originalteile von TRW, die wir direkt von TRW in Deutschland beziehen. Ganz gleich, ob Sie wichtige TRW-Produkte auf Lager haben oder schwer zu findende Komponenten beschaffen m\u00f6chten, wir sind Ihr zuverl\u00e4ssiger Exportpartner. \n\n<strong>W\u00e4hlen Sie Qualit\u00e4t. W\u00e4hlen Sie Sicherheit. W\u00e4hlen Sie TRW - direkt aus Deutschland exportiert.  <\/strong>","catalog":null,"logo-reihenfolge":12,"spare-part-table":""},"_links":{"self":[{"href":"https:\/\/konpart.de\/de\/wp-json\/wp\/v2\/product\/3971","targetHints":{"allow":["GET"]}}],"collection":[{"href":"https:\/\/konpart.de\/de\/wp-json\/wp\/v2\/product"}],"about":[{"href":"https:\/\/konpart.de\/de\/wp-json\/wp\/v2\/types\/product"}],"wp:featuredmedia":[{"embeddable":true,"href":"https:\/\/konpart.de\/de\/wp-json\/wp\/v2\/media\/3694"}],"wp:attachment":[{"href":"https:\/\/konpart.de\/de\/wp-json\/wp\/v2\/media?parent=3971"}],"wp:term":[{"taxonomy":"product-type","embeddable":true,"href":"https:\/\/konpart.de\/de\/wp-json\/wp\/v2\/product-type?post=3971"}],"curies":[{"name":"wp","href":"https:\/\/api.w.org\/{rel}","templated":true}]}}