{"id":3972,"date":"2025-05-16T11:39:09","date_gmt":"2025-05-16T09:39:09","guid":{"rendered":"https:\/\/konpart.de\/product\/knorr\/"},"modified":"2025-05-16T11:39:09","modified_gmt":"2025-05-16T09:39:09","slug":"knorr","status":"publish","type":"product","link":"https:\/\/konpart.de\/de\/product\/knorr\/","title":{"rendered":"Knorr"},"excerpt":{"rendered":"<p>Knorr-Bremse ist ein weltweit f\u00fchrender Hersteller von Bremssystemen und sicherheitskritischen Komponenten f\u00fcr Nutzfahrzeuge und Schienenfahrzeuge. Als deutscher Exporteur, der sich auf Ersatzteile in Erstausr\u00fcsterqualit\u00e4t spezialisiert hat, sind wir stolz darauf, unseren Exportkunden, die nach zuverl\u00e4ssigen und leistungsstarken Nachr\u00fcstl\u00f6sungen suchen, eine gro\u00dfe Auswahl an Originalprodukten von Knorr-Bremse anbieten zu k\u00f6nnen.<\/p>\n","protected":false},"featured_media":3610,"template":"","meta":{"_acf_changed":false},"product-type":[],"class_list":["post-3972","product","type-product","status-publish","has-post-thumbnail","hentry"],"acf":{"product-claim":"Knorr-Bremse - Moderne Bremssysteme aus Deutschland","product-description":"<strong>Offizieller Lieferant von Knorr-Bremse Originalersatzteilen<\/strong>\n\nKnorr-Bremse ist ein weltweit f\u00fchrender Hersteller von Bremssystemen und sicherheitskritischen Komponenten f\u00fcr Nutzfahrzeuge und Schienenfahrzeuge. Als deutscher Exporteur, der sich auf Ersatzteile in Erstausr\u00fcsterqualit\u00e4t spezialisiert hat, sind wir stolz darauf, unseren Exportkunden, die nach zuverl\u00e4ssigen und leistungsstarken Nachr\u00fcstl\u00f6sungen suchen, eine gro\u00dfe Auswahl an Originalprodukten von Knorr-Bremse anbieten zu k\u00f6nnen.\n\nVon Druckluft-Scheibenbremsen, Ventilen und Kompressoren bis hin zu ABS\/EBS-Steuerger\u00e4ten und elektronischen Systemen - die Produkte von Knorr-Bremse sind auf Pr\u00e4zision, Langlebigkeit und die Einhaltung der h\u00f6chsten Sicherheitsstandards ausgelegt. Mit mehr als einem Jahrhundert an Innovation und deutscher Ingenieurskunst genie\u00dft Knorr-Bremse das Vertrauen f\u00fchrender Lkw-, Anh\u00e4nger- und Bushersteller auf der ganzen Welt.\n\n<strong>Warum sollten Sie sich f\u00fcr Ersatzteile von Knorr-Bremse entscheiden?<\/strong>\n<ul>\n \t<li><strong>OE-Qualit\u00e4t, der Sie vertrauen k\u00f6nnen:<\/strong> Alle Komponenten von Knorr-Bremse erf\u00fcllen oder \u00fcbertreffen die Spezifikationen der Erstausr\u00fcstung.<\/li>\n \t<li><strong>Deutsche Technik:<\/strong> Entwickelt und hergestellt in Deutschland f\u00fcr au\u00dfergew\u00f6hnliche Zuverl\u00e4ssigkeit und lange Lebensdauer.<\/li>\n \t<li><strong>Umfassende Produktpalette:<\/strong> Wir bieten Knorr-Bremse Teile f\u00fcr Nutzfahrzeuge, Anh\u00e4nger und Busse verschiedener europ\u00e4ischer und globaler Marken.<\/li>\n \t<li><strong>Perfekt f\u00fcr den Aftermarket:<\/strong> Ideal f\u00fcr Werkst\u00e4tten, Flottenbetreiber und H\u00e4ndler, die bei jeder Lieferung gleichbleibende Qualit\u00e4t verlangen.<\/li>\n<\/ul>\nAls erfahrener deutscher Exporteur sorgen wir f\u00fcr eine schnelle und effiziente Lieferung von Knorr-Bremse Produkten an unsere Kunden. Ob Sie nun Gro\u00dfbestellungen oder ma\u00dfgeschneiderte Exportpakete ben\u00f6tigen, wir bieten Ihnen flexible L\u00f6sungen, die auf Ihre Bed\u00fcrfnisse zugeschnitten sind.\n\n<strong>Exportieren Sie Echte Knorr-Bremse Produkte aus Deutschland<\/strong>\n\nMit unserer starken Beschaffungsexpertise garantieren wir den Zugang zu einem vollst\u00e4ndigen Sortiment an authentischen Knorr-Bremse Ersatzteilen direkt aus Deutschland. Unser Exportservice steht Ihnen zur Verf\u00fcgung - wir liefern Qualit\u00e4t, wo sie am meisten gebraucht wird.\n\nNutzen Sie unsere Partnerschaft f\u00fcr eine zuverl\u00e4ssige Lieferung, wettbewerbsf\u00e4hige Preise und einen engagierten Kundenservice. Nehmen Sie Kontakt auf, um mehr \u00fcber das aktuelle Produktsortiment, den Online-Produktkatalog von Knorr-Bremse und die Exportbedingungen zu erfahren.\n\n<strong>Knorr-Bremse - Pr\u00e4zisionsbremsen. Entwickelt in Deutschland.  <\/strong>","catalog":null,"logo-reihenfolge":11,"spare-part-table":""},"_links":{"self":[{"href":"https:\/\/konpart.de\/de\/wp-json\/wp\/v2\/product\/3972","targetHints":{"allow":["GET"]}}],"collection":[{"href":"https:\/\/konpart.de\/de\/wp-json\/wp\/v2\/product"}],"about":[{"href":"https:\/\/konpart.de\/de\/wp-json\/wp\/v2\/types\/product"}],"wp:featuredmedia":[{"embeddable":true,"href":"https:\/\/konpart.de\/de\/wp-json\/wp\/v2\/media\/3610"}],"wp:attachment":[{"href":"https:\/\/konpart.de\/de\/wp-json\/wp\/v2\/media?parent=3972"}],"wp:term":[{"taxonomy":"product-type","embeddable":true,"href":"https:\/\/konpart.de\/de\/wp-json\/wp\/v2\/product-type?post=3972"}],"curies":[{"name":"wp","href":"https:\/\/api.w.org\/{rel}","templated":true}]}}