{"id":3973,"date":"2025-05-16T10:32:58","date_gmt":"2025-05-16T08:32:58","guid":{"rendered":"https:\/\/konpart.de\/product\/kolbenschmidt\/"},"modified":"2025-05-16T10:32:58","modified_gmt":"2025-05-16T08:32:58","slug":"kolbenschmidt","status":"publish","type":"product","link":"https:\/\/konpart.de\/de\/product\/kolbenschmidt\/","title":{"rendered":"Kolbenschmidt"},"excerpt":{"rendered":"<p>Kolbenschmidt, auch bekannt als KS, ist eine weltweit bekannte Marke in der Automobilindustrie, die f\u00fcr ihre leistungsstarken Motorkomponenten und ihre Pr\u00e4zisionstechnik made in Germany bekannt ist. Als vertrauensw\u00fcrdiger deutscher Exporteur von Ersatzteilen in Aftermarket- und OE-Qualit\u00e4t sind wir stolz darauf, die gesamte Produktpalette von KS f\u00fcr den weltweiten Vertrieb anzubieten. <\/p>\n","protected":false},"featured_media":3614,"template":"","meta":{"_acf_changed":false},"product-type":[],"class_list":["post-3973","product","type-product","status-publish","has-post-thumbnail","hentry"],"acf":{"product-claim":"Kolbenschmidt - Premium-Motorkomponenten aus Deutschland","product-description":"<strong>Ihre vertrauensw\u00fcrdige Quelle f\u00fcr Kolbenschmidt-Originalprodukte und Ersatzteile in OE-Qualit\u00e4t<\/strong>\n\nKolbenschmidt, auch bekannt als KS, ist eine weltweit bekannte Marke in der Automobilindustrie, die f\u00fcr ihre leistungsstarken Motorkomponenten und ihre Pr\u00e4zisionstechnik made in Germany bekannt ist. Als vertrauensw\u00fcrdiger deutscher Exporteur von Ersatzteilen in Aftermarket- und OE-Qualit\u00e4t sind wir stolz darauf, die gesamte Produktpalette von KS f\u00fcr den weltweiten Vertrieb anzubieten. \n\nVon Kolben und Kolbenringen bis hin zu Lagern, Zylinderlaufbuchsen und Motorbl\u00f6cken - Kolbenschmidt liefert au\u00dfergew\u00f6hnliche Qualit\u00e4t und Haltbarkeit, die die Standards der Erstausr\u00fcstung (OE) erf\u00fcllen oder \u00fcbertreffen. Kolbenschmidt-Ersatzteile werden sowohl f\u00fcr Personen- als auch f\u00fcr Nutzfahrzeuge entwickelt und sind die erste Wahl f\u00fcr professionelle Mechaniker und Motoreninstandsetzer weltweit. \n\n<strong>Warum Kolbenschmidt w\u00e4hlen?<\/strong>\n<ul>\n \t<li><strong>OE-Qualit\u00e4t:<\/strong> Kolbenschmidt stellt Ersatzteile her, die den Spezifikationen der f\u00fchrenden Fahrzeughersteller entsprechen.<\/li>\n \t<li><strong>Qualit\u00e4t Made in Germany:<\/strong> Alle Produkte von Kolbenschmidt spiegeln deutsche Ingenieurskunst wider und gew\u00e4hrleisten eine lang anhaltende Leistung und Zuverl\u00e4ssigkeit.<\/li>\n \t<li><strong>Breite Produktpalette:<\/strong> Wir exportieren Kolbenschmidt Motorenteile f\u00fcr verschiedene europ\u00e4ische, asiatische und amerikanische Fahrzeugmarken.<\/li>\n \t<li><strong>Hervorragende Qualit\u00e4t f\u00fcr den Aftermarket:<\/strong> Perfekt f\u00fcr Werkst\u00e4tten und H\u00e4ndler, die verl\u00e4ssliche Aftermarket-L\u00f6sungen mit OE-Qualit\u00e4t suchen.<\/li>\n<\/ul>\nAls spezialisierter deutscher Exporteur sorgen wir f\u00fcr einen schnellen und effizienten internationalen Versand von Kolbenschmidt-Produkten. Ganz gleich, ob Sie kleine Chargen oder gro\u00dfe Mengen ben\u00f6tigen, wir bieten flexible Exportl\u00f6sungen, die auf Ihre Bed\u00fcrfnisse zugeschnitten sind. Unsere Kunden vertrauen uns aufgrund unserer umfassenden Kenntnisse des deutschen Ersatzteilmarktes und unseres Engagements f\u00fcr die Lieferung echter, hochwertiger Komponenten.  \n\n<strong>Exportieren Sie Kolbenschmidt Produkte mit Zuversicht<\/strong>\n\nMit mehr als drei Jahrzehnten Erfahrung im Export von deutschen Ersatzteilen stellen wir sicher, dass unsere Kunden Originalprodukte von Kolbenschmidt direkt aus Deutschland erhalten. Unser Logistiknetzwerk erm\u00f6glicht eine p\u00fcnktliche Lieferung in unsere Exportm\u00e4rkte. \n\nSie suchen einen zuverl\u00e4ssigen Lieferanten f\u00fcr Kolbenschmidt Motorenteile? Setzen Sie sich mit uns in Verbindung, um mehr \u00fcber unsere Produktverf\u00fcgbarkeit, Exportbedingungen und ma\u00dfgeschneiderte Angebote zu erfahren. \n\n<strong>Kolbenschmidt - Entwickelt in Deutschland. Weltweit vertrauensw\u00fcrdig. <\/strong>","catalog":null,"logo-reihenfolge":6,"spare-part-table":""},"_links":{"self":[{"href":"https:\/\/konpart.de\/de\/wp-json\/wp\/v2\/product\/3973","targetHints":{"allow":["GET"]}}],"collection":[{"href":"https:\/\/konpart.de\/de\/wp-json\/wp\/v2\/product"}],"about":[{"href":"https:\/\/konpart.de\/de\/wp-json\/wp\/v2\/types\/product"}],"wp:featuredmedia":[{"embeddable":true,"href":"https:\/\/konpart.de\/de\/wp-json\/wp\/v2\/media\/3614"}],"wp:attachment":[{"href":"https:\/\/konpart.de\/de\/wp-json\/wp\/v2\/media?parent=3973"}],"wp:term":[{"taxonomy":"product-type","embeddable":true,"href":"https:\/\/konpart.de\/de\/wp-json\/wp\/v2\/product-type?post=3973"}],"curies":[{"name":"wp","href":"https:\/\/api.w.org\/{rel}","templated":true}]}}