{"id":3975,"date":"2024-11-22T12:17:30","date_gmt":"2024-11-22T11:17:30","guid":{"rendered":"https:\/\/konpart.de\/product\/zf\/"},"modified":"2024-11-22T12:17:30","modified_gmt":"2024-11-22T11:17:30","slug":"zf","status":"publish","type":"product","link":"https:\/\/konpart.de\/de\/product\/zf\/","title":{"rendered":"ZF"},"excerpt":{"rendered":"<p>Als Teil des zweitgr\u00f6\u00dften Automobilzulieferers der Welt, ZF Friedrichshafen, ist die Marke ZF weltweit f\u00fchrend in der Antriebs- und Fahrwerktechnik. ZF Friedrichshafen betreibt rund 230 Standorte in 40 L\u00e4ndern sowie mehr als 70 eigene Serviceeinrichtungen. <\/p>\n","protected":false},"featured_media":3714,"template":"","meta":{"_acf_changed":false},"product-type":[],"class_list":["post-3975","product","type-product","status-publish","has-post-thumbnail","hentry"],"acf":{"product-claim":"Getriebe, Achsen und Ersatzteile in Erstausr\u00fcsterqualit\u00e4t f\u00fcr den Ersatzteilmarkt","product-description":"Als Teil des zweitgr\u00f6\u00dften Automobilzulieferers der Welt, ZF Friedrichshafen, ist die Marke ZF weltweit f\u00fchrend in der Antriebs- und Fahrwerktechnik. ZF Friedrichshafen betreibt rund 230 Standorte in 40 L\u00e4ndern sowie mehr als 70 eigene Serviceeinrichtungen. \n\nZF \u00fcbertr\u00e4gt sein Know-how aus der Erstausr\u00fcstung auf das Ersatzteilgesch\u00e4ft, indem es komplette Komponenten und Ersatzteile in Erstausr\u00fcsterqualit\u00e4t f\u00fcr Pkw, Lkw, Busse und Off-Highway-Fahrzeuge auf dem Ersatzteilmarkt anbietet. H\u00f6chste Qualit\u00e4t und Technologiekompetenz aus der Erstausr\u00fcstung werden im Ersatzteilgesch\u00e4ft von ZF erfolgreich umgesetzt. Mit ihrem umfassenden Produktportfolio sichert die Marke ZF die Leistungsf\u00e4higkeit und Effizienz von Fahrzeugen \u00fcber deren gesamten Lebenszyklus.  \n\nProfis vertrauen auf Aftermarket-Komplettkomponenten und Ersatzteile in OE-Qualit\u00e4t von ZF. Die KonPart Import-Export GmbH bietet das komplette Getriebe- und Achsen-Ersatzteilsortiment von ZF f\u00fcr Lkw, Busse und Pkw an, das f\u00fcr ZF-Komponenten geeignet ist. \n\nKonPart Import-Export GmbH liefert die folgenden kompletten ZF-Linien (komplette Komponenten und Ersatzteile):\n<ul>\n \t<li>ZF-Getriebe f\u00fcr Nutzfahrzeuge und Pkw<\/li>\n \t<li>ZF-Achsen f\u00fcr Nutzfahrzeuge und Pkw<\/li>\n<\/ul>\nAls autorisierter Exporteur von ZF-Getrieben, Achsen und Ersatzteilen z\u00f6gern Sie bitte nicht, uns bei Bedarf zu kontaktieren.\n<h3>ZF-Original-Getriebe und Getriebe-Ersatzteile f\u00fcr Lkw, Busse und Pkw<\/h3>\nZF bietet Ihnen alles, was Sie brauchen, wenn es um Getriebe geht: Neue oder ausgetauschte Original-Getriebe und Ersatzteile oder Reparaturkits.\n\nZF h\u00e4lt in seinen Logistikzentren ein umfassendes Sortiment von mehr als 100.000 Getriebeersatzteilen f\u00fcr alle Arten von Lkw und Bussen auf Lager. ZF-Ersatzteile f\u00fcr den Aftermarket unterliegen den gleichen Qualit\u00e4ts- und Pr\u00fcfprozessen wie die ZF-Komponenten aus der Serienproduktion, so dass alle gelieferten Teile bew\u00e4hrte OE-Qualit\u00e4t aufweisen. Langfristige Zuverl\u00e4ssigkeit, denn ZF garantiert die Ersatzteilversorgung f\u00fcr bis zu 15 Jahre nach Auslaufen der Serienproduktion, bei Oldtimern sogar noch l\u00e4nger. ZF liefert auch ZF-Getriebe\u00f6le in OE-Qualit\u00e4t an den unabh\u00e4ngigen Ersatzteilmarkt.   \n\nDie erstklassige Qualit\u00e4t, Technologie und Garantien von ZF in der Serienproduktion sind auch auf dem Ersatzteilmarkt erh\u00e4ltlich:\n<ul>\n \t<li>Komplette Original-Getriebe<\/li>\n \t<li>Ersatzteile in OE-Qualit\u00e4t<\/li>\n \t<li>Umfassende Produktpalette<\/li>\n \t<li>\u00dcber 100.000 Getriebeteile immer auf Lager<\/li>\n<\/ul>\n<img class=\"alignnone size-full wp-image-1741\" src=\"https:\/\/konpart.de\/wp-content\/uploads\/2024\/11\/ZF-EcoLife_small.webp\" alt=\"\" width=\"700\" height=\"478\">\n<h4>ZF-Getriebe f\u00fcr Lkw:<\/h4>\n<ul>\n \t<li>AS Tronic<\/li>\n \t<li>AS Tronic Lite<\/li>\n \t<li>AS Tronic Mid<\/li>\n \t<li>Ecolite f\u00fcr leichte Nutzfahrzeuge<\/li>\n \t<li>Ecomid<\/li>\n \t<li>Ecosplit<\/li>\n \t<li>EcoTronic Mid<\/li>\n<\/ul>\n<h4>ZF-Getriebe f\u00fcr Busse:<\/h4>\n<ul>\n \t<li>AS Tronic<\/li>\n \t<li>AS Tronic Lite Reisebusse<\/li>\n \t<li>EcoLife Stadt- und \u00dcberlandbus<\/li>\n \t<li>EcoLife Coach<\/li>\n \t<li>TraXon<\/li>\n<\/ul>\n<h4>ZF-Getriebe f\u00fcr Pkw:<\/h4>\n<ul>\n \t<li>6-Gang-Automatikgetriebe<\/li>\n \t<li>6-Gang-Schaltgetriebe<\/li>\n \t<li>7-Gang-Doppelkupplungsgetriebe<\/li>\n \t<li>7-Gang-Schaltgetriebe<\/li>\n \t<li>8-Gang-Automatikgetriebe<\/li>\n \t<li>8-Gang-Doppelkupplungs-Getriebe<\/li>\n \t<li>8-Gang-Hybridgetriebe<\/li>\n \t<li>8-Gang Plug-In Hybridgetriebe<\/li>\n \t<li>9-Gang-Automatikgetriebe<\/li>\n \t<li>Wandler Hybridgetriebe<\/li>\n \t<li>Ecolite f\u00fcr Pick-Ups<\/li>\n<\/ul>\n<h3>  ZF-Original-Achsen und Achsen-Ersatzteile f\u00fcr Lkw, Busse und Pkw<\/h3>\nZF bietet komplette Lkw-Vorder- und Hinterachssysteme einschlie\u00dflich Radaufh\u00e4ngungen, Federungen, D\u00e4mpfern und Bremsen an, die von Fahrzeugherstellern auf der ganzen Welt eingesetzt werden. F\u00fcr den Ersatzteilmarkt liefert ZF kompatible Originalersatzteile f\u00fcr die Reparatur und Wartung von Lkw-, Bus- und Pkw-Achsen. \n<h4>ZF Neu- und Ersatzachsen f\u00fcr Lkw, Busse, Pkw und leichte Nutzfahrzeuge<\/h4>\nZF liefert neue Achsen und Ersatzachsen. Eine Ersatzachse f\u00fcr Lkw, Busse oder Pkw ist eine schnelle, kosteng\u00fcnstige und \u00f6kologische Alternative zur herk\u00f6mmlichen Reparatur. ZF-Austauschachsen erf\u00fcllen die gleichen Qualit\u00e4tsstandards wie Achsen aus der Gro\u00dfserienfertigung. Kunden profitieren au\u00dferdem von den technischen Fortschritten bei Achsen aus der Gro\u00dfserienproduktion, da ZF diese in den Wiederaufbereitungsprozess integriert. Auf ZF-Austauschachsen gew\u00e4hren wir eine einj\u00e4hrige Garantie.    \n\n<img class=\"alignnone size-full wp-image-1737\" src=\"https:\/\/konpart.de\/wp-content\/uploads\/2024\/11\/ZF-AVE-130_small.webp\" alt=\"\" width=\"700\" height=\"478\">\n<h5>ZF-Achsen f\u00fcr Lkw:<\/h5>\n<ul>\n \t<li>AVE 130<\/li>\n \t<li>Planetenlenkachse APL 90<\/li>\n \t<li>Federung Hintere Doppelachse<\/li>\n<\/ul>\n<h5>ZF-Achsen f\u00fcr Busse:<\/h5>\n<ul>\n \t<li>AV110 Portalachse f\u00fcr Midi-Busse<\/li>\n \t<li>AVE 130 System<\/li>\n \t<li>Hinterachse System A 132<\/li>\n \t<li>Hinterachse System AV 133<\/li>\n<\/ul>\n<h5>ZF-Achsen f\u00fcr Pkw:<\/h5>\n<ul>\n \t<li>Angetriebene Verbundlenkerachse<\/li>\n \t<li>1-stufige Zapfwellenanlage<\/li>\n \t<li>2-stufige Zapfwellenanlage<\/li>\n \t<li>Motorgebundener Vorderachsantrieb<\/li>\n \t<li>Rahmengebundener Vorderachsantrieb<\/li>\n \t<li>HAG Hinterachsgetriebe<\/li>\n \t<li>Vektorantrieb<\/li>\n<\/ul>\n<h4>ZF Original Achsen-Ersatzteile f\u00fcr Lkw, Busse und Pkw<\/h4>\nZF hat mehr als 100.000 Ersatzteile f\u00fcr alle Arten von Lkw-, Bus- und Pkw-Achsen auf Lager. Alle ZF-Ersatzteile werden mit denselben Fertigungsverfahren hergestellt wie die ZF-Komponenten aus der Serienproduktion und unterliegen denselben Qualit\u00e4ts- und Pr\u00fcfverfahren. ZF gew\u00e4hrt eine Garantie von bis zu 10 Jahren nach dem Auslaufen der Serienproduktion, f\u00fcr spezielle ZF-Achsen sogar noch l\u00e4nger.  ","catalog":null,"logo-reihenfolge":1,"spare-part-table":""},"_links":{"self":[{"href":"https:\/\/konpart.de\/de\/wp-json\/wp\/v2\/product\/3975","targetHints":{"allow":["GET"]}}],"collection":[{"href":"https:\/\/konpart.de\/de\/wp-json\/wp\/v2\/product"}],"about":[{"href":"https:\/\/konpart.de\/de\/wp-json\/wp\/v2\/types\/product"}],"wp:featuredmedia":[{"embeddable":true,"href":"https:\/\/konpart.de\/de\/wp-json\/wp\/v2\/media\/3714"}],"wp:attachment":[{"href":"https:\/\/konpart.de\/de\/wp-json\/wp\/v2\/media?parent=3975"}],"wp:term":[{"taxonomy":"product-type","embeddable":true,"href":"https:\/\/konpart.de\/de\/wp-json\/wp\/v2\/product-type?post=3975"}],"curies":[{"name":"wp","href":"https:\/\/api.w.org\/{rel}","templated":true}]}}