{"id":3976,"date":"2024-11-22T12:15:30","date_gmt":"2024-11-22T11:15:30","guid":{"rendered":"https:\/\/konpart.de\/product\/wahler\/"},"modified":"2024-11-22T12:15:30","modified_gmt":"2024-11-22T11:15:30","slug":"wahler","status":"publish","type":"product","link":"https:\/\/konpart.de\/de\/product\/wahler\/","title":{"rendered":"Wahler"},"excerpt":{"rendered":"<p>Wahler, 1902 in Deutschland gegr\u00fcndet und seit 2014 Teil der BorgWarner Gruppe, ist ein bekannter Erstausr\u00fcster f\u00fcr Teile von Verbrennungsmotoren wie AGR-Ventile und Thermostate.<\/p>\n","protected":false},"featured_media":3710,"template":"","meta":{"_acf_changed":false},"product-type":[],"class_list":["post-3976","product","type-product","status-publish","has-post-thumbnail","hentry"],"acf":{"product-claim":"OEM EGR-Ventile und Thermostate f\u00fcr den Ersatzteilmarkt","product-description":"Wahler, 1902 in Deutschland gegr\u00fcndet und seit 2014 Teil der BorgWarner Gruppe, ist ein bekannter Erstausr\u00fcster f\u00fcr Teile von Verbrennungsmotoren wie AGR-Ventile und Thermostate.\n<h3>Abgastechnologie in Erstausr\u00fcsterqualit\u00e4t f\u00fcr ein breites Spektrum<\/h3>\nWahler bietet dem Kfz-Ersatzteilmarkt ein breites Portfolio an hochwertigen Motorkomponenten, die die gleiche Qualit\u00e4t aufweisen wie die von den Fahrzeugherstellern verwendeten Originalteile. Wahler Ersatzteile sind f\u00fcr eine breite Palette von Fahrzeugen erh\u00e4ltlich und garantieren die gleiche Leistung, Qualit\u00e4t und Zuverl\u00e4ssigkeit wie OE-Produkte.\n\nHeute verf\u00fcgt Wahler \u00fcber Technologieabteilungen, Produktionsst\u00e4tten und Vertriebseinheiten in Europa, Asien sowie in Nord- und S\u00fcdamerika.\n\n\u00a0\n\n<strong>Wahler Ersatzteile<\/strong>\n\n[table id=\"12\" \/]","catalog":null,"logo-reihenfolge":"","spare-part-table":"[table id=\"12\" \/]"},"_links":{"self":[{"href":"https:\/\/konpart.de\/de\/wp-json\/wp\/v2\/product\/3976","targetHints":{"allow":["GET"]}}],"collection":[{"href":"https:\/\/konpart.de\/de\/wp-json\/wp\/v2\/product"}],"about":[{"href":"https:\/\/konpart.de\/de\/wp-json\/wp\/v2\/types\/product"}],"wp:featuredmedia":[{"embeddable":true,"href":"https:\/\/konpart.de\/de\/wp-json\/wp\/v2\/media\/3710"}],"wp:attachment":[{"href":"https:\/\/konpart.de\/de\/wp-json\/wp\/v2\/media?parent=3976"}],"wp:term":[{"taxonomy":"product-type","embeddable":true,"href":"https:\/\/konpart.de\/de\/wp-json\/wp\/v2\/product-type?post=3976"}],"curies":[{"name":"wp","href":"https:\/\/api.w.org\/{rel}","templated":true}]}}