{"id":3977,"date":"2024-11-22T12:13:52","date_gmt":"2024-11-22T11:13:52","guid":{"rendered":"https:\/\/konpart.de\/product\/vemo\/"},"modified":"2024-11-22T12:13:52","modified_gmt":"2024-11-22T11:13:52","slug":"vemo","status":"publish","type":"product","link":"https:\/\/konpart.de\/de\/product\/vemo\/","title":{"rendered":"Vemo"},"excerpt":{"rendered":"<p>In nur wenigen Jahren wird der Wert der elektronischen Teile eines Autos mehr als 60 Prozent des Gesamtwerts ausmachen. Eine Zahl, die das Potenzial des Gesch\u00e4ftsfelds VEMO deutlich macht.<\/p>\n","protected":false},"featured_media":3702,"template":"","meta":{"_acf_changed":false},"product-type":[],"class_list":["post-3977","product","type-product","status-publish","has-post-thumbnail","hentry"],"acf":{"product-claim":"Vemo Produkte","product-description":"In nur wenigen Jahren wird der Wert der elektronischen Teile eines Autos mehr als 60 Prozent des Gesamtwerts ausmachen. Eine Zahl, die das Potenzial des Gesch\u00e4ftsfelds VEMO deutlich macht.\n\nAber bei weitem nicht der einzige: VEMO liefert mehr als 4000 Artikel f\u00fcr den Klima-, Elektro- und Elektroniksektor in 125 L\u00e4nder, wobei jedes Jahr etwa 1000 neue Produkte hinzukommen. Auch die Zahl der VEMO-Kunden nimmt st\u00e4ndig zu. Das liegt unter anderem an unserem schnellen Lieferservice, den attraktiven Sortimenten und den effizienten IT-Systemen - und nicht zuletzt an unserer konsequent kooperativen Haltung.","catalog":null,"logo-reihenfolge":"","spare-part-table":""},"_links":{"self":[{"href":"https:\/\/konpart.de\/de\/wp-json\/wp\/v2\/product\/3977","targetHints":{"allow":["GET"]}}],"collection":[{"href":"https:\/\/konpart.de\/de\/wp-json\/wp\/v2\/product"}],"about":[{"href":"https:\/\/konpart.de\/de\/wp-json\/wp\/v2\/types\/product"}],"wp:featuredmedia":[{"embeddable":true,"href":"https:\/\/konpart.de\/de\/wp-json\/wp\/v2\/media\/3702"}],"wp:attachment":[{"href":"https:\/\/konpart.de\/de\/wp-json\/wp\/v2\/media?parent=3977"}],"wp:term":[{"taxonomy":"product-type","embeddable":true,"href":"https:\/\/konpart.de\/de\/wp-json\/wp\/v2\/product-type?post=3977"}],"curies":[{"name":"wp","href":"https:\/\/api.w.org\/{rel}","templated":true}]}}