{"id":3978,"date":"2024-11-22T12:12:35","date_gmt":"2024-11-22T11:12:35","guid":{"rendered":"https:\/\/konpart.de\/product\/vaico\/"},"modified":"2024-11-22T12:12:35","modified_gmt":"2024-11-22T11:12:35","slug":"vaico","status":"publish","type":"product","link":"https:\/\/konpart.de\/de\/product\/vaico\/","title":{"rendered":"Vaico"},"excerpt":{"rendered":"<p>&#8222;Schnell beste Qualit\u00e4t liefern &#8211; zu geringstm\u00f6glichen Kosten und mit entscheidendem Mehrwert.&#8220; Eine kurze Formel f\u00fcr ein komplexes Gesch\u00e4ft mit hohen Anspr\u00fcchen. VAICO erf\u00fcllt diese Anspr\u00fcche in jeder Hinsicht, \u00fcberall auf der Welt. Mit Teilen in Erstausr\u00fcsterqualit\u00e4t &#8222;Made in Germany&#8220;.<\/p>\n","protected":false},"featured_media":3698,"template":"","meta":{"_acf_changed":false},"product-type":[],"class_list":["post-3978","product","type-product","status-publish","has-post-thumbnail","hentry"],"acf":{"product-claim":"Vaico Produkte","product-description":"\"Schnell beste Qualit\u00e4t liefern - zu geringstm\u00f6glichen Kosten und mit entscheidendem Mehrwert.\" Eine kurze Formel f\u00fcr ein komplexes Gesch\u00e4ft mit hohen Anspr\u00fcchen. VAICO erf\u00fcllt diese Anspr\u00fcche in jeder Hinsicht, \u00fcberall auf der Welt. Mit Teilen in Erstausr\u00fcsterqualit\u00e4t \"Made in Germany\".\n\nDas neue Qualit\u00e4tssiegel Q+ steht f\u00fcr die Produktion nach den strengsten Vorgaben f\u00fchrender deutscher Automobilhersteller.","catalog":null,"logo-reihenfolge":"","spare-part-table":""},"_links":{"self":[{"href":"https:\/\/konpart.de\/de\/wp-json\/wp\/v2\/product\/3978","targetHints":{"allow":["GET"]}}],"collection":[{"href":"https:\/\/konpart.de\/de\/wp-json\/wp\/v2\/product"}],"about":[{"href":"https:\/\/konpart.de\/de\/wp-json\/wp\/v2\/types\/product"}],"wp:featuredmedia":[{"embeddable":true,"href":"https:\/\/konpart.de\/de\/wp-json\/wp\/v2\/media\/3698"}],"wp:attachment":[{"href":"https:\/\/konpart.de\/de\/wp-json\/wp\/v2\/media?parent=3978"}],"wp:term":[{"taxonomy":"product-type","embeddable":true,"href":"https:\/\/konpart.de\/de\/wp-json\/wp\/v2\/product-type?post=3978"}],"curies":[{"name":"wp","href":"https:\/\/api.w.org\/{rel}","templated":true}]}}