{"id":3979,"date":"2024-11-22T12:00:25","date_gmt":"2024-11-22T11:00:25","guid":{"rendered":"https:\/\/konpart.de\/product\/trucktec\/"},"modified":"2024-11-22T12:00:25","modified_gmt":"2024-11-22T11:00:25","slug":"trucktec","status":"publish","type":"product","link":"https:\/\/konpart.de\/de\/product\/trucktec\/","title":{"rendered":"Trucktec"},"excerpt":{"rendered":"<p>TRUCKTEC ist eine deutsche Vollsortimenter-Marke f\u00fcr hochwertige Ersatzteile mit Schwerpunkt auf den wichtigsten europ\u00e4ischen Fahrzeugherstellern.<\/p>\n","protected":false},"featured_media":3690,"template":"","meta":{"_acf_changed":false},"product-type":[],"class_list":["post-3979","product","type-product","status-publish","has-post-thumbnail","hentry"],"acf":{"product-claim":"Qualit\u00e4t ohne Kompromisse","product-description":"TRUCKTEC ist eine deutsche Vollsortimenter-Marke f\u00fcr hochwertige Ersatzteile mit Schwerpunkt auf den wichtigsten europ\u00e4ischen Fahrzeugherstellern.\n<h3>Der Ansatz f\u00fcr das gesamte Spektrum<\/h3>\nDie Produktpalette von TRUCKTEC umfasst heute mehr als 15.000 Artikel und wird st\u00e4ndig erweitert. TRUCKTEC verfolgt f\u00fcr seine Hauptanwendungsmarken einen Full-Range-Ansatz, indem es eine nahezu vollst\u00e4ndige Produktpalette anbietet, wie z.B.: \n\nZylinderk\u00f6pfe, bewegliche Teile, Motorsteuerungsteile, Einspritzsystemteile, Luftfilter & Turbolader, Luftkompressoren, Ansaug- & Auspuffkr\u00fcmmer, elektrische Ausr\u00fcstungsteile, Motork\u00fchlsystemteile, Motoraufh\u00e4ngungsteile, Kupplungsteile, Schaltgetriebeteile, Federn & Aufh\u00e4ngungsteile, Achsteile, Gelenkwellen, Bremsteile, Lenkungsteile, Kraftstoffsystemteile, Auspuffsystemteile, K\u00fchler, Hydrauliksystemteile, Heizungs- & L\u00fcftungsteile usw.\n\n[ws-catalog]\n<h3>Wichtigste europ\u00e4ische Anwendungen<\/h3>\nAngefangen in den 1980er Jahren mit MERCEDES-BENZ-LKW-Teilen, bietet TRUCKTEC heute eine enorme Menge an Ersatzteilen f\u00fcr PKW, leichte Nutzfahrzeuge, LKW und Busse vieler Hersteller. Etwa die H\u00e4lfte des TRUCKTEC-Ersatzteilsortiments sind Lkw- oder Bus-Ersatzteile. \n\nDie wichtigsten Anwendungsmarken von TRUCKTEC:\n<ul>\n \t<li>\n<h4>Autos<\/h4>\n<ul>\n \t<li>MERCEDES-BENZ<\/li>\n \t<li>AUDI<\/li>\n \t<li>BMW<\/li>\n<\/ul>\n<\/li>\n \t<li>\n<h4>Leichte Nutzfahrzeuge<\/h4>\n<ul>\n \t<li>MERCEDES-BENZ<\/li>\n \t<li>VW<\/li>\n<\/ul>\n<\/li>\n \t<li>\n<h4>Lastwagen & Busse<\/h4>\n<ul>\n \t<li>MERCEDES-BENZ<\/li>\n \t<li>MAN<\/li>\n \t<li>VOLVO<\/li>\n \t<li>SCANIA<\/li>\n<\/ul>\n<\/li>\n<\/ul>\n<h3>Qualit\u00e4t ohne Kompromisse<\/h3>\nAlle TRUCKTEC Teile werden nach den h\u00f6chsten Qualit\u00e4tsstandards hergestellt, in Deutschland zugelassen und st\u00e4ndig \u00fcberwacht. Die meisten TRUCKTEC-Teile werden von namhaften Lieferanten bezogen, einige davon sind f\u00fchrende OE-Hersteller. Alle Lieferanten sind nach TS 16949 oder \u00e4hnlichem zertifiziert.  ","catalog":[{"catalog-name":"TRUCKTEC MERCEDES-BENZ Autoteile Katalog 2013","catalog-description":"Der komplette Ersatzteilkatalog von TRUCKTEC f\u00fcr MERCEDES-BENZ-Personenkraftwagen. 430 Seiten inklusive OE-Referenzen am Ende. Englisch, Deutsch.  ","katalog-cover":1670,"katalog-file":1690},{"catalog-name":"TRUCKTEC MERCEDES-BENZ LCV Teilekatalog 2013","catalog-description":"TRUCKTEC's vollst\u00e4ndiger Ersatzteilkatalog f\u00fcr MERCEDES-BENZ leichte Nutzfahrzeuge wie MB Sprinter. 314 Seiten einschlie\u00dflich OE-Austauschteilen am Ende. Englisch, Deutsch.  ","katalog-cover":1674,"katalog-file":1694},{"catalog-name":"TRUCKTEC VOLKSWAGEN LCV Teilekatalog 2013","catalog-description":"TRUCKTEC's vollst\u00e4ndiger Ersatzteilkatalog f\u00fcr VOLKSWAGEN leichte Nutzfahrzeuge wie VW LT, T2, T3, T4 usw. 78 Seiten einschlie\u00dflich OE-Austauschteilen am Ende. Englisch, Deutsch. ","katalog-cover":1674,"katalog-file":1706},{"catalog-name":"TRUCKTEC MERCEDES-BENZ ACTROS AXOR ATEGO Teilekatalog 2014","catalog-description":"TRUCKTEC's Gesamtkatalog f\u00fcr MERCEDES-BENZ ACTROS, AXOR, ATEGO Ersatzteile. Jahr 2014, 238 Seiten einschlie\u00dflich OE-Austauschteilen am Ende. Englisch, Franz\u00f6sisch, Deutsch.  ","katalog-cover":1678,"katalog-file":1686},{"catalog-name":"TRUCKTEC MERCEDES-BENZ OM300 \/ OM400 Teilekatalog 2012","catalog-description":"TRUCKTEC's vollst\u00e4ndiger Ersatzteilkatalog f\u00fcr MERCEDES-BENZ \u00e4ltere OM300 und OM 400 Anwendungen. 560 Seiten einschlie\u00dflich OE-Austauschteilen am Ende. Englisch, Deutsch.  ","katalog-cover":1678,"katalog-file":1698},{"catalog-name":"TRUCKTEC MAN Teilekatalog 2013","catalog-description":"TRUCKTEC 2013 Katalog f\u00fcr MAN Anwendungen, vollst\u00e4ndige Abdeckung. 282 Seiten, einschlie\u00dflich OE-Austauschteile.  Englisch, Deutsch.","katalog-cover":1678,"katalog-file":1682},{"catalog-name":"TRUCKTEC VOLVO Lkw-Teilekatalog 2014","catalog-description":"Der VOLVO-Katalog 2014 von TRUCKTEC mit einer Vielzahl von Artikeln f\u00fcr viele VOLVO-Modelle. 198 Seiten einschlie\u00dflich VOLVO OE-Nummernwechsel. Englisch, Deutsch.","katalog-cover":1678,"katalog-file":1710},{"catalog-name":"TRUCKTEC SCANIA & VOLVO Teilekatalog 2011","catalog-description":"TRUCKTEC's 2011 SCANIA und VOLVO Vollsortiment-Katalog (f\u00fcr VOLVO-Teile, siehe TRUCKTEC's 2014 VOLVO-Katalog). 288 Seiten mit SCANIA und VOLVO OE Referenznummern am Ende. Englisch, Franz\u00f6sisch, Deutsch.","katalog-cover":1678,"katalog-file":1702}],"logo-reihenfolge":"","spare-part-table":""},"_links":{"self":[{"href":"https:\/\/konpart.de\/de\/wp-json\/wp\/v2\/product\/3979","targetHints":{"allow":["GET"]}}],"collection":[{"href":"https:\/\/konpart.de\/de\/wp-json\/wp\/v2\/product"}],"about":[{"href":"https:\/\/konpart.de\/de\/wp-json\/wp\/v2\/types\/product"}],"wp:featuredmedia":[{"embeddable":true,"href":"https:\/\/konpart.de\/de\/wp-json\/wp\/v2\/media\/3690"}],"wp:attachment":[{"href":"https:\/\/konpart.de\/de\/wp-json\/wp\/v2\/media?parent=3979"}],"wp:term":[{"taxonomy":"product-type","embeddable":true,"href":"https:\/\/konpart.de\/de\/wp-json\/wp\/v2\/product-type?post=3979"}],"curies":[{"name":"wp","href":"https:\/\/api.w.org\/{rel}","templated":true}]}}