{"id":3980,"date":"2024-11-22T11:41:57","date_gmt":"2024-11-22T10:41:57","guid":{"rendered":"https:\/\/konpart.de\/product\/spicer\/"},"modified":"2024-11-22T11:41:57","modified_gmt":"2024-11-22T10:41:57","slug":"spicer","status":"publish","type":"product","link":"https:\/\/konpart.de\/de\/product\/spicer\/","title":{"rendered":"Spicer"},"excerpt":{"rendered":"<p>SPICER ist die Spezialmarke der DANA Gruppe f\u00fcr Getriebe, Antriebswellen, Lenkungsteile und Achsen sowie die entsprechenden Serviceteile. Als einer der gro\u00dfen Erstausr\u00fcster weltweit bietet SPICER Achsen, Antriebswellen, Lenkungen und Getriebe f\u00fcr den Ersatzteilmarkt in Erstausr\u00fcstungsqualit\u00e4t an. <\/p>\n","protected":false},"featured_media":3823,"template":"","meta":{"_acf_changed":false},"product-type":[],"class_list":["post-3980","product","type-product","status-publish","has-post-thumbnail","hentry"],"acf":{"product-claim":"SPICER OEM-Teile f\u00fcr den Ersatzteilmarkt","product-description":"<h3>SPICER Getriebe, Antriebswellen, Lenkungsteile & Achsen<\/h3>\nSPICER ist die Spezialmarke der DANA Gruppe f\u00fcr Getriebe, Antriebswellen, Lenkungsteile und Achsen sowie die entsprechenden Serviceteile. Als einer der gro\u00dfen Erstausr\u00fcster weltweit bietet SPICER Achsen, Antriebswellen, Lenkungen und Getriebe f\u00fcr den Ersatzteilmarkt in Erstausr\u00fcstungsqualit\u00e4t an. \n\nSPICER ist anerkannter Erstausr\u00fcster f\u00fcr gro\u00dfe europ\u00e4ische und amerikanische LKW- und Off-Highway-Hersteller wie MAN, IVECO, CATERPILLAR und JOHN DEERE. Alle SPICER OEM- und Aftermarket-Produkte werden in einer der SPICER-eigenen Produktionsst\u00e4tten hergestellt, was eine hohe Haltbarkeit und Zuverl\u00e4ssigkeit garantiert. \n\n[ws-catalog]\n<h3>SPICERs komplettes Aftermarket-Sortiment f\u00fcr Pkw & Pick-Ups, Lkw & Busse, Off-Highway und Industrie<\/h3>\nDie enorme Produktpalette von SPICER f\u00fcr den Aftermarket umfasst:\n<ul>\n \t<li>Getriebe & Serviceteile<\/li>\n \t<li>Antriebswellen & Serviceteile<\/li>\n \t<li>Achsen, Transaxles & Serviceteile<\/li>\n \t<li>Teile f\u00fcr die Lenkung<\/li>\n \t<li>Verteilergetriebe<\/li>\n \t<li>Schmierstoffe<\/li>\n<\/ul>\n...f\u00fcr viele <strong>europ\u00e4ische, asiatische, nordamerikanische und lateinamerikanische Anwendungen<\/strong> wie z.B.:\n<ul>\n \t<li><strong>Pick-Ups & SUVs:<\/strong> Toyota Land Cruiser\/Hi-Lux, Nissan Navara\/Pathfinder, Mitsubishi Pajero, Ford F-150\/F-250\/F-350, Jeep Wrangler\/Cherokee\/Willys usw.<\/li>\n \t<li><strong>Leichte Nutzfahrzeuge:<\/strong> Mercedes-Benz\/Freightliner Sprinter, Volkswagen Crafter, Iveco Daily, Renault Master usw.<\/li>\n \t<li><strong>Lastkraftwagen & Busse:<\/strong> Mercedes-Benz, MAN, Scania, Iveco, DAF, Volvo, Evobus, VDL, VanHol, Meritor, Mack, Cummins, Navistar\/International, Freightliner, Detroit Diesel, Kenworth, Peterbilt usw.<\/li>\n \t<li><strong>Off-Highway:<\/strong> Caterpillar, John Deere, JCB, Liebherr, Fendt usw.<\/li>\n \t<li><strong>Industrie<\/strong><\/li>\n<\/ul>\n<strong>Nachfolgend finden Sie einen kleinen Auszug aus dem umfangreichen SPICER Aftermarket-Sortiment, das KonPart Import-Export GmbH komplett f\u00fcr den Export anbietet:<\/strong>\n\n[table id=\"13\" \/]","catalog":[{"catalog-name":"","catalog-description":"","katalog-cover":1575,"katalog-file":1659},{"catalog-name":"","catalog-description":"","katalog-cover":1591,"katalog-file":1643},{"catalog-name":"","catalog-description":"","katalog-cover":1595,"katalog-file":1647},{"catalog-name":"","catalog-description":"","katalog-cover":1599,"katalog-file":1651},{"catalog-name":"","catalog-description":"","katalog-cover":1607,"katalog-file":1659},{"catalog-name":"","catalog-description":"","katalog-cover":1579,"katalog-file":1631},{"catalog-name":"","catalog-description":"","katalog-cover":1603,"katalog-file":1655},{"catalog-name":"","catalog-description":"","katalog-cover":1587,"katalog-file":1639},{"catalog-name":"","catalog-description":"","katalog-cover":1583,"katalog-file":1635},{"catalog-name":"","catalog-description":"","katalog-cover":1611,"katalog-file":1615},{"catalog-name":"","catalog-description":"","katalog-cover":1567,"katalog-file":1619},{"catalog-name":"","catalog-description":"","katalog-cover":1571,"katalog-file":1623}],"logo-reihenfolge":"","spare-part-table":"[table id=\"13\" \/]"},"_links":{"self":[{"href":"https:\/\/konpart.de\/de\/wp-json\/wp\/v2\/product\/3980","targetHints":{"allow":["GET"]}}],"collection":[{"href":"https:\/\/konpart.de\/de\/wp-json\/wp\/v2\/product"}],"about":[{"href":"https:\/\/konpart.de\/de\/wp-json\/wp\/v2\/types\/product"}],"wp:featuredmedia":[{"embeddable":true,"href":"https:\/\/konpart.de\/de\/wp-json\/wp\/v2\/media\/3823"}],"wp:attachment":[{"href":"https:\/\/konpart.de\/de\/wp-json\/wp\/v2\/media?parent=3980"}],"wp:term":[{"taxonomy":"product-type","embeddable":true,"href":"https:\/\/konpart.de\/de\/wp-json\/wp\/v2\/product-type?post=3980"}],"curies":[{"name":"wp","href":"https:\/\/api.w.org\/{rel}","templated":true}]}}