{"id":3981,"date":"2024-11-22T11:35:27","date_gmt":"2024-11-22T10:35:27","guid":{"rendered":"https:\/\/konpart.de\/product\/sm-motorenteile\/"},"modified":"2024-11-22T11:35:27","modified_gmt":"2024-11-22T10:35:27","slug":"sm-motorenteile","status":"publish","type":"product","link":"https:\/\/konpart.de\/de\/product\/sm-motorenteile\/","title":{"rendered":"SM Motorenteile"},"excerpt":{"rendered":"<p>SM Motorenteile GmbH liefert hochpr\u00e4zise Motorenteile f\u00fcr die Erstausr\u00fcstung und komplette Motorsysteme in Erstausr\u00fcsterqualit\u00e4t f\u00fcr den Ersatzteilmarkt.<\/p>\n","protected":false},"featured_media":3682,"template":"","meta":{"_acf_changed":false},"product-type":[],"class_list":["post-3981","product","type-product","status-publish","has-post-thumbnail","hentry"],"acf":{"product-claim":"SM Motorenteile Produkte","product-description":"<h3>Motorenteile in OE-Qualit\u00e4t<\/h3>\nSM Motorenteile GmbH liefert hochpr\u00e4zise Motorenteile f\u00fcr die Erstausr\u00fcstung und komplette Motorsysteme in Erstausr\u00fcsterqualit\u00e4t f\u00fcr den Ersatzteilmarkt.\n\n[ws-catalog]\n\nAls internationaler Systemlieferant f\u00fcr hochpr\u00e4zise Motorkomponenten ist SM Motorenteile Partner vieler Industrieunternehmen aus dem Automobilsektor, der metallverarbeitenden Industrie und dem Aftermarket.\n\nSM-Produkte werden weltweit f\u00fcr alle Arten von Motoren, Luftkompressoren, Getriebesystemen, Pumpen und Anbauteilen eingesetzt.\n<h3>Qualit\u00e4t von SM Engine Parts<\/h3>\nSM Motorenteile werden ausnahmslos nach OE-Spezifikation gefertigt. Moderne, hochpr\u00e4zise Produktionsmethoden garantieren eine Herstellung von Komponenten in gleichbleibender und wiederholbarer Qualit\u00e4t. Gr\u00fcndliche Kontrollen w\u00e4hrend des Produktionsprozesses gew\u00e4hrleisten Produkte von h\u00f6chstem Standard. Jede SM-Produktionsst\u00e4tte ist nach ISO 9001 und QS 9000 zertifiziert. SM-Motorenteile werden aus Materialien hergestellt, die dem Material der Erstausr\u00fcstung entsprechen. Durch komplexe Kontrollen und eine kompromisslose Auswahl stellt die SM Motorenteile GmbH sicher, dass nur einwandfreie Materialien in der Produktion verwendet werden.     \n<h3>SM Motorenteile Produktpalette<\/h3>\nDie Produktpalette von SM Motorenteile umfasst Ventilsysteme, Kolben und Kolbenringe, Sinterteile f\u00fcr Motoren, Getriebe und Pumpen, Hochpr\u00e4zisionsdrehteile sowie einfache und komplexe Aluminiumgussmodule f\u00fcr PKW, LKW, Land- und Baumaschinen. Alle Produkte werden in \u00dcbereinstimmung mit internationalen Standards und nach Kundenzeichnungen geliefert. ","catalog":[{"catalog-name":"SM Motorenteile Kolben, Kolbenringe, Zylinder, Laufbuchsen Katalog","catalog-description":"Dieser Katalog von SM Motorenteile umfasst Kolben, Zylinder, Zylinderh\u00fclsen und Kolbenringe f\u00fcr PKW, LKW, Land- und Baumaschinen. Sortiert nach OE-Herstellern. Am Ende des Katalogs finden Sie eine Querverweisliste, die zu MAHLE, KS und GOETZE wechselt.  ","katalog-cover":1538,"katalog-file":1550},{"catalog-name":"SM Motorenteile Nockenwellen, Zylinderk\u00f6pfe, Zylinderkopfdichtungen, Ventile Katalog","catalog-description":"Dieser Katalog von SM Motorenteile umfasst Ventile, Ventilf\u00fchrungen, Ventilfedern, Ventilschaftdichtungen, Ventilst\u00f6\u00dfel, Nockenwellen, Zylinderk\u00f6pfe, Zylinderkopfdichtungen f\u00fcr PKW, LKW, Land- und Baumaschinen. Sortiert nach OE-Herstellern. OEM-Querverweisliste und Austausch gegen TRW \/ KS und sonstige Nummern am Ende des Katalogs.  ","katalog-cover":1530,"katalog-file":1558},{"catalog-name":"SM Motorenteile Universalgelenke & Kupplungsausr\u00fccklager Katalog","catalog-description":"Dieser Katalog von SM Motorenteile umfasst Universalgelenke und Kupplungsausr\u00fccklager f\u00fcr PKW und LKW. Sortiert nach Artikelabmessungen und OE-Herstellern. OEM-Querverweisliste und Austauschm\u00f6glichkeiten zu GKN, SPICER, TRW, UC, LUK, SACHS am Ende des Katalogs.  ","katalog-cover":1542,"katalog-file":1554},{"catalog-name":"SM Motorenteile Motorlager Katalog","catalog-description":"SM Motorenteile Motorlager Katalog f\u00fcr PKW und LKW. Sortiert nach OE-Herstellern. Austausch-Querverweisliste zu GLYCO, KS und MAHLE verf\u00fcgbar.  ","katalog-cover":1534,"katalog-file":1546}],"logo-reihenfolge":"","spare-part-table":""},"_links":{"self":[{"href":"https:\/\/konpart.de\/de\/wp-json\/wp\/v2\/product\/3981","targetHints":{"allow":["GET"]}}],"collection":[{"href":"https:\/\/konpart.de\/de\/wp-json\/wp\/v2\/product"}],"about":[{"href":"https:\/\/konpart.de\/de\/wp-json\/wp\/v2\/types\/product"}],"wp:featuredmedia":[{"embeddable":true,"href":"https:\/\/konpart.de\/de\/wp-json\/wp\/v2\/media\/3682"}],"wp:attachment":[{"href":"https:\/\/konpart.de\/de\/wp-json\/wp\/v2\/media?parent=3981"}],"wp:term":[{"taxonomy":"product-type","embeddable":true,"href":"https:\/\/konpart.de\/de\/wp-json\/wp\/v2\/product-type?post=3981"}],"curies":[{"name":"wp","href":"https:\/\/api.w.org\/{rel}","templated":true}]}}