{"id":3982,"date":"2024-11-22T11:26:18","date_gmt":"2024-11-22T10:26:18","guid":{"rendered":"https:\/\/konpart.de\/product\/victor-reinz\/"},"modified":"2024-11-22T11:26:18","modified_gmt":"2024-11-22T10:26:18","slug":"victor-reinz","status":"publish","type":"product","link":"https:\/\/konpart.de\/de\/product\/victor-reinz\/","title":{"rendered":"Victor Reinz"},"excerpt":{"rendered":"<p>VICTOR REINZ &#8211; Als Teil der DANA Gruppe ist VICTOR REINZ einer der weltweit f\u00fchrenden OEM- und Aftermarket-Hersteller f\u00fcr Dichtungsprodukte in der Automobilindustrie.<\/p>\n","protected":false},"featured_media":3674,"template":"","meta":{"_acf_changed":false},"product-type":[],"class_list":["post-3982","product","type-product","status-publish","has-post-thumbnail","hentry"],"acf":{"product-claim":"Als Teil der DANA Gruppe ist VICTOR REINZ einer der weltweit f\u00fchrenden OEM- und Aftermarket-Hersteller f\u00fcr Dichtungsprodukte in der Automobilindustrie.","product-description":"VICTOR REINZ - Als Teil der DANA Gruppe ist VICTOR REINZ einer der weltweit f\u00fchrenden OEM- und Aftermarket-Hersteller f\u00fcr Dichtungsprodukte in der Automobilindustrie.\n\nDank der mehr als 90-j\u00e4hrigen Erfahrung mit innovativen Dichtungstechnologien und den h\u00f6chsten Qualit\u00e4tsstandards werden VICTOR REINZ Produkte in fast alle Modelle der Automobilhersteller weltweit eingebaut.\n\n[ws-catalog]\n\nAls Erstausr\u00fcster erf\u00fcllt das umfangreiche Ersatzteilsortiment von VICTOR REINZ nur die h\u00f6chsten OEM-Qualit\u00e4tsstandards. VICTOR REINZ Aftermarket-Ersatzteile gelten f\u00fcr: \n<ul>\n \t<li>Autos: Alfa Romeo, Asia, Audi, Austin, BMW, Chrysler, Citroen, Dacia, Daewoo-Chevrolet, Daihatsu, Fiat, Ford, Honda, Hyundai, Isuzu, Jeep, Kia, Lada, Lancia, Land Rover, Lexus, Mazda, Mercedes-Benz, Mini, Mitsubishi, Nissan, Opel, Peugeot, Porsche, Renault, Rover, Saab, Seat, Skoda, Smart-MCC, Ssang Yong, Subaru, Suzuki, Toyota, Volkswagen, Volvo.<\/li>\n \t<li>Lastkraftwagen: DAF, Deutz, Iveco, MAN, Mercedes-Benz, Renault RVI, Scania, Volvo, Volvo Penta.<\/li>\n \t<li>Landmaschinen, Baumaschinen, Bergbaumaschinen: Allis Chalmers, Belarus, Caterpillar, Cummins, David Brown, Deutz, Ebro, Fendt, Fiat, Ford, Gueldner, IHC Case, John Deere, MWM, New Holland, Perkins, Porsche Diesel, Renault, RVI, Same, Valmet, Zetor.<\/li>\n<\/ul>\nAls autorisierter Gro\u00dfh\u00e4ndler von VICTOR REINZ exportiert die KonPart Import-Export GmbH das komplette, umfassende VICTOR REINZ Produktsortiment, wie z.B.:\n<ul>\n \t<li>REINZ Dichtungss\u00e4tze \/ \u00dcberholungssets<\/li>\n \t<li>REINZ Zylinderkopfdichtung \/ Top-Dichtungen<\/li>\n \t<li>REINZ-Zylinderkopfschrauben<\/li>\n \t<li>REINZ Ventildeckeldichtungen<\/li>\n \t<li>REINZ Ventilschaftdichtungen \/ Ventildichtungen<\/li>\n \t<li>REINZ Einlassdichtung<\/li>\n \t<li>REINZ Auspuffdichtung<\/li>\n \t<li>REINZ \u00d6lwannen-Dichtung<\/li>\n \t<li>REINZ \u00d6ldichtungen<\/li>\n \t<li>REINZ Dichtungsmassen und Dichtungsentferner<\/li>\n \t<li>REINZ Turbolader Kits<\/li>\n<\/ul>\n<h3>REINZ-Dichtungss\u00e4tze und REINZ-Zylinderkopfdichtungen<\/h3>\nVICTOR REINZ bietet eines der umfangreichsten Sortimente an Volldichtungss\u00e4tzen und Zylinderkopfdichtungen f\u00fcr alle europ\u00e4ischen Pkw und Lkw mit kurzen Lieferzeiten. Neben den REINZ \u00dcberholungss\u00e4tzen und REINZ Top-Dichtungen f\u00fcr europ\u00e4ische Modelle bietet VICTOR REINZ auch ein umfangreiches Ersatzteilsortiment f\u00fcr asiatische Fahrzeuge. \n<h3>REINZ Spezial-Sets<\/h3>\nVICTOR REINZ bietet ein umfassendes Sortiment an Spezialdichtungss\u00e4tzen in Erstausr\u00fcsterqualit\u00e4t f\u00fcr die \u00dcberholung von Kurbelgeh\u00e4usen, \u00d6lwannen, Auspuffanlagen, Ventilsch\u00e4ften und \u00d6lk\u00fchlern.\n<h3>REINZ Dichtungsmassen und Dichtungsentferner<\/h3>\nMit den Dichtungsmassen von VICTOR REINZ ben\u00f6tigen Sie nur zwei Typen, um jede Anwendung an einem Motor, einem Abgassystem, einem Antriebsstrang oder einer Karosserie abzudecken, anstatt vier, sechs oder sogar acht verschiedene Dichtungsmassen:\n<ul>\n \t<li>REINZOSIL<\/li>\n \t<li>REINZOPLAST<\/li>\n<\/ul>\nAls Dichtungsentferner bietet VICTOR REINZ REINZ Re-Move an.\n<h3>REINZ Turbolader-Anbaus\u00e4tze<\/h3>\nVICTOR REINZ Turbolader-Anbaus\u00e4tze sind effiziente Pakete f\u00fcr Handel und Werkst\u00e4tten zum sicheren, schnellen und kostenoptimierten Austausch und Einbau moderner Turbolader. REINZ Turbolader-Anbaus\u00e4tze sind die perfekte L\u00f6sung f\u00fcr den Austausch von Turboladern. \n\nVICTOR REINZ Turbolader-Kits enthalten alle Dichtungen und Ersatzteile, die Sie ben\u00f6tigen, um effiziente und professionelle Ergebnisse zu garantieren:\n<ul>\n \t<li>Auspuffkr\u00fcmmer-Dichtungen<\/li>\n \t<li>Hitzeschilder<\/li>\n \t<li>Auspuff-Halteklammern<\/li>\n \t<li>Auspuffschellen mit Bolzen<\/li>\n \t<li>O-Ringe<\/li>\n \t<li>Geformte Gummiringe<\/li>\n \t<li>Unterlegscheiben aus Metall<\/li>\n \t<li>Hochgradig hitzebest\u00e4ndige Sekund\u00e4rdichtungen<\/li>\n \t<li>Stehbolzen f\u00fcr die Auspuffkr\u00fcmmerdichtung<\/li>\n \t<li>Hochgradig hitzebest\u00e4ndige Bolzenverbindungen und Muttern<\/li>\n \t<li>Turbolader-Dichtungen (Einlass- und Auslassseite)<\/li>\n<\/ul>","catalog":[{"catalog-name":"VICTOR REINZ Dichtungen & Dichtungsringe Autos Katalog 2015-2016","catalog-description":"Der VICTOR REINZ Dichtungskatalog umfasst komplette Dichtungss\u00e4tze, Zylinderkopfdichtungen, \u00d6ldichtungen, Kipphebelabdeckungen usw. f\u00fcr alle g\u00e4ngigen Fahrzeuge unter Angabe von Referenznummern, Motor- und Fahrzeuganwendungen. Suchen Sie nach OE-Herstellern oder verwenden Sie die Querverweisliste am Ende des Katalogs. Mehrsprachig Englisch, Spanisch, Franz\u00f6sisch, Portugiesisch usw.  ","katalog-cover":1490,"katalog-file":1506},{"catalog-name":"VICTOR REINZ Dichtungen & Dichtungen Lkw & Busse Katalog 2015-2016","catalog-description":"Der VICTOR REINZ Dichtungskatalog f\u00fcr alle g\u00e4ngigen LKW, Busse und Anh\u00e4nger umfasst komplette Dichtungss\u00e4tze, Zylinderkopfdichtungen, \u00d6ldichtungen, Kipphebelabdeckungen usw. Suchen Sie nach OE-Herstellern oder verwenden Sie die Querverweisliste am Ende des Katalogs. Mehrsprachig Englisch, Spanisch, Franz\u00f6sisch, Portugiesisch usw.  ","katalog-cover":1494,"katalog-file":1510},{"catalog-name":"VICTOR REINZ Dichtungen Bau- und Landmaschinen Katalog 2015-2016","catalog-description":"VICTOR REINZ Dichtungskatalog f\u00fcr g\u00e4ngige Bau- und Landmaschinen \/ Traktoren umfasst komplette Dichtungss\u00e4tze, Zylinderkopfdichtungen, Schraubens\u00e4tze, \u00d6ldichtungen usw. Suchen Sie nach OE-Herstellern oder verwenden Sie die Querverweisliste am Ende des Katalogs. Mehrsprachig Englisch, Spanisch, Franz\u00f6sisch, Portugiesisch usw.  ","katalog-cover":1486,"katalog-file":1502},{"catalog-name":"VICTOR REINZ Turbolader Kits Katalog 2015-2016","catalog-description":"VICTOR REINZ Turbolader Kits Katalog f\u00fcr g\u00e4ngige PKW, LKW, Busse und Landmaschinen. Detaillierte Abbildungen aller Dichtungen und Ersatzteile, die mit jedem Kit geliefert werden. Suchen Sie nach OE-Herstellern oder verwenden Sie die Querverweisliste am Ende des Katalogs. Mehrsprachig Englisch, Spanisch, Franz\u00f6sisch, Portugiesisch usw.   ","katalog-cover":1498,"katalog-file":1514}],"logo-reihenfolge":5,"spare-part-table":""},"_links":{"self":[{"href":"https:\/\/konpart.de\/de\/wp-json\/wp\/v2\/product\/3982","targetHints":{"allow":["GET"]}}],"collection":[{"href":"https:\/\/konpart.de\/de\/wp-json\/wp\/v2\/product"}],"about":[{"href":"https:\/\/konpart.de\/de\/wp-json\/wp\/v2\/types\/product"}],"wp:featuredmedia":[{"embeddable":true,"href":"https:\/\/konpart.de\/de\/wp-json\/wp\/v2\/media\/3674"}],"wp:attachment":[{"href":"https:\/\/konpart.de\/de\/wp-json\/wp\/v2\/media?parent=3982"}],"wp:term":[{"taxonomy":"product-type","embeddable":true,"href":"https:\/\/konpart.de\/de\/wp-json\/wp\/v2\/product-type?post=3982"}],"curies":[{"name":"wp","href":"https:\/\/api.w.org\/{rel}","templated":true}]}}