{"id":3983,"date":"2024-11-22T11:25:26","date_gmt":"2024-11-22T10:25:26","guid":{"rendered":"https:\/\/konpart.de\/product\/pe-produkte\/"},"modified":"2024-11-22T11:25:26","modified_gmt":"2024-11-22T10:25:26","slug":"pe-produkte","status":"publish","type":"product","link":"https:\/\/konpart.de\/de\/product\/pe-produkte\/","title":{"rendered":"PE-Produkte"},"excerpt":{"rendered":"<p>PE bietet ein umfassendes Sortiment an Nutzfahrzeug-Ersatzteilen aus der eigenen Entwicklungsabteilung. Mit h\u00f6chsten Sicherheits-, Qualit\u00e4ts- und Fertigungsstandards ist das 1947 gegr\u00fcndete, inhabergef\u00fchrte Familienunternehmen einer der f\u00fchrenden Anbieter auf dem freien Teilemarkt. <\/p>\n","protected":false},"featured_media":3666,"template":"","meta":{"_acf_changed":false},"product-type":[],"class_list":["post-3983","product","type-product","status-publish","has-post-thumbnail","hentry"],"acf":{"product-claim":"PE-Produkte","product-description":"PE bietet ein umfassendes Sortiment an Nutzfahrzeug-Ersatzteilen aus der eigenen Entwicklungsabteilung. Mit h\u00f6chsten Sicherheits-, Qualit\u00e4ts- und Fertigungsstandards ist das 1947 gegr\u00fcndete, inhabergef\u00fchrte Familienunternehmen einer der f\u00fchrenden Anbieter auf dem freien Teilemarkt. \n\nDie international eingetragene Marke PE ist seit 1979 Teil des Unternehmens.\n\nDaher genie\u00dfen die fast 10.000 verschiedenen PE-Produkte weltweit ein hohes Ma\u00df an Vertrauen, sowohl in freien als auch in gebundenen, anspruchsvollen Werkst\u00e4tten. Mit werkstattorientierten Produktl\u00f6sungen ist PE eine attraktive Option f\u00fcr alle Werkst\u00e4tten, die jede Art von Anh\u00e4nger und Nutzfahrzeug reparieren m\u00f6chten. \n\nDas internationale und leistungsstarke Netzwerk von PE-Handelspartnern sorgt f\u00fcr eine breite Distribution und Verf\u00fcgbarkeit von PE-Ersatzteilen.","catalog":null,"logo-reihenfolge":"","spare-part-table":""},"_links":{"self":[{"href":"https:\/\/konpart.de\/de\/wp-json\/wp\/v2\/product\/3983","targetHints":{"allow":["GET"]}}],"collection":[{"href":"https:\/\/konpart.de\/de\/wp-json\/wp\/v2\/product"}],"about":[{"href":"https:\/\/konpart.de\/de\/wp-json\/wp\/v2\/types\/product"}],"wp:featuredmedia":[{"embeddable":true,"href":"https:\/\/konpart.de\/de\/wp-json\/wp\/v2\/media\/3666"}],"wp:attachment":[{"href":"https:\/\/konpart.de\/de\/wp-json\/wp\/v2\/media?parent=3983"}],"wp:term":[{"taxonomy":"product-type","embeddable":true,"href":"https:\/\/konpart.de\/de\/wp-json\/wp\/v2\/product-type?post=3983"}],"curies":[{"name":"wp","href":"https:\/\/api.w.org\/{rel}","templated":true}]}}