{"id":3984,"date":"2024-11-22T11:16:03","date_gmt":"2024-11-22T10:16:03","guid":{"rendered":"https:\/\/konpart.de\/product\/payen\/"},"modified":"2024-11-22T11:16:03","modified_gmt":"2024-11-22T10:16:03","slug":"payen","status":"publish","type":"product","link":"https:\/\/konpart.de\/de\/product\/payen\/","title":{"rendered":"Payen"},"excerpt":{"rendered":"<p>Federal-Mogul ist ein weltweit f\u00fchrendes Unternehmen in der Dichtungstechnologie, das sich seit mehr als einem Jahrhundert der Herstellung von Dichtungsl\u00f6sungen von Weltklasse verschrieben hat. Kein anderer Hersteller erforscht und verwendet eine so breite Palette an fortschrittlichen Materialien, um sicherzustellen, dass Sie die perfekte Dichtung f\u00fcr jede Anwendung erhalten. <\/p>\n","protected":false},"featured_media":3662,"template":"","meta":{"_acf_changed":false},"product-type":[],"class_list":["post-3984","product","type-product","status-publish","has-post-thumbnail","hentry"],"acf":{"product-claim":"Payen Produkte","product-description":"<h3>Das perfekte Payen Siegel f\u00fcr jede Anwendung<\/h3>\nFederal-Mogul ist ein weltweit f\u00fchrendes Unternehmen in der Dichtungstechnologie, das sich seit mehr als einem Jahrhundert der Herstellung von Dichtungsl\u00f6sungen von Weltklasse verschrieben hat. Kein anderer Hersteller erforscht und verwendet eine so breite Palette an fortschrittlichen Materialien, um sicherzustellen, dass Sie die perfekte Dichtung f\u00fcr jede Anwendung erhalten. \n\nUnsere Marke Payen f\u00fcr Dichtungen, \u00d6ldichtungen und Zylinderkopfschrauben steht f\u00fcr innovative Designtechnologie und strenge Fertigungsstandards - Qualit\u00e4ten, die unseren Ruf als vertrauensw\u00fcrdiger Hersteller auf dem Kfz-Ersatzteilmarkt untermauern.\n\nAls globaler Hersteller von Motor- und Dichtungsprodukten profitieren unsere Aftermarket-Kunden von der bew\u00e4hrten Expertise von Federal-Mogul bei der Entwicklung und Herstellung von OE-Komponenten und Subsystemen f\u00fcr die weltweit gr\u00f6\u00dften Automobilhersteller. Dank unserer umfangreichen Erfahrungen in der Praxis wissen wir, welche Ver\u00e4nderungen bei Motorkomponenten im Laufe der Zeit zu erwarten sind. Wir entwickeln unsere Aftermarket-Dichtungsteile so, dass sie Ihre spezifischen Anforderungen in der Ersatzteilumgebung erf\u00fcllen.  \n\nW\u00e4hlen Sie eine Produktlinie aus, um mehr dar\u00fcber zu erfahren, wie die Dichtungsl\u00f6sungen von Payen Ihre Reparaturprogramme unterst\u00fctzen k\u00f6nnen.\n\n[ws-catalog]","catalog":[{"catalog-name":"PAYEN Dichtungen, \u00d6ldichtungen & Zylinderkopfschrauben Autos Katalog 2014-2015","catalog-description":"","katalog-cover":1460,"katalog-file":1468},{"catalog-name":"PAYEN Dichtungen, \u00d6ldichtungen & Zylinderkopfschrauben LKW-Katalog 2012-2013","catalog-description":"","katalog-cover":1464,"katalog-file":1472}],"logo-reihenfolge":9,"spare-part-table":""},"_links":{"self":[{"href":"https:\/\/konpart.de\/de\/wp-json\/wp\/v2\/product\/3984","targetHints":{"allow":["GET"]}}],"collection":[{"href":"https:\/\/konpart.de\/de\/wp-json\/wp\/v2\/product"}],"about":[{"href":"https:\/\/konpart.de\/de\/wp-json\/wp\/v2\/types\/product"}],"wp:featuredmedia":[{"embeddable":true,"href":"https:\/\/konpart.de\/de\/wp-json\/wp\/v2\/media\/3662"}],"wp:attachment":[{"href":"https:\/\/konpart.de\/de\/wp-json\/wp\/v2\/media?parent=3984"}],"wp:term":[{"taxonomy":"product-type","embeddable":true,"href":"https:\/\/konpart.de\/de\/wp-json\/wp\/v2\/product-type?post=3984"}],"curies":[{"name":"wp","href":"https:\/\/api.w.org\/{rel}","templated":true}]}}