{"id":3985,"date":"2024-11-22T11:04:00","date_gmt":"2024-11-22T10:04:00","guid":{"rendered":"https:\/\/konpart.de\/product\/optimal\/"},"modified":"2024-11-22T11:04:00","modified_gmt":"2024-11-22T10:04:00","slug":"optimal","status":"publish","type":"product","link":"https:\/\/konpart.de\/de\/product\/optimal\/","title":{"rendered":"Optimal"},"excerpt":{"rendered":"<p>Die OPTIMAL KG liefert seit ihrer Gr\u00fcndung im Jahr 1992 Qualit\u00e4tsersatzteile f\u00fcr Achsen, Bremsen, Lenkungen, Motoren und andere Automobilprodukte.<\/p>\n","protected":false},"featured_media":3658,"template":"","meta":{"_acf_changed":false},"product-type":[],"class_list":["post-3985","product","type-product","status-publish","has-post-thumbnail","hentry"],"acf":{"product-claim":"Optimale Produkte","product-description":"Die OPTIMAL KG liefert seit ihrer Gr\u00fcndung im Jahr 1992 Qualit\u00e4tsersatzteile f\u00fcr Achsen, Bremsen, Lenkungen, Motoren und andere Automobilprodukte.\n\nDas starke Wachstum unseres Unternehmens zeigt, dass unsere erstklassigen Konzepte sowohl bei Kunden als auch bei Lieferanten auf Zustimmung sto\u00dfen.\n\nDie gr\u00fcndliche und direkte Zusammenarbeit mit unseren Kunden steht im Mittelpunkt unseres Handelns. Die Qualit\u00e4t unserer Produkte und unser extrem hoher Servicestandard sind der Schl\u00fcssel zur Zufriedenheit unserer Kunden. Qualit\u00e4t ist eines unserer wichtigsten Gesch\u00e4ftsziele.  \n\nOPTIMAL KG liefert Teile an den Ersatzteilmarkt, die von Produktionspartnern aus aller Welt, OEMs und Qualit\u00e4tslieferanten bezogen werden. Trotz ihres gro\u00dfen Wachstums ist die OPTIMAL KG ein transparentes, strukturiertes und zug\u00e4ngliches Unternehmen geblieben, das sich einer gro\u00dfen Flexibilit\u00e4t und Loyalit\u00e4t der Mitarbeiter erfreut. \n\nModerne Kommunikationssysteme und Logistik sowie ein umfangreiches Lager sorgen daf\u00fcr, dass die Produkte p\u00fcnktlich und mit einem hervorragenden Service geliefert werden. Alle Produkte sind von h\u00f6chster Qualit\u00e4t und entsprechen den europ\u00e4ischen und internationalen Standards f\u00fcr den Ersatzteilmarkt, z.B. den Herstellernormen TS 16949, QS 9000, VDA 6.1, ISO 9001:2000 und insbesondere der Gruppenfreistellungsverordnung Nr. 1400\/2002. \n\n[ws-catalog]","catalog":[{"catalog-name":"Katalog OPTIMAL ABS-Sensoren","catalog-description":"","katalog-cover":1355,"katalog-file":1407},{"catalog-name":"OPTIMAL Gurtstraffers\u00e4tze Katalog","catalog-description":"","katalog-cover":1359,"katalog-file":1411},{"catalog-name":"OPTIMAL Bremssystem Katalog","catalog-description":"","katalog-cover":1363,"katalog-file":1415},{"catalog-name":"OPTIMAL Spiralfedern Katalog","catalog-description":"","katalog-cover":1367,"katalog-file":1419},{"catalog-name":"OPTIMAL Gasdruckfedern Katalog","catalog-description":"","katalog-cover":1371,"katalog-file":1423},{"catalog-name":"OPTIMAL Gummi-Metall-Teilekatalog","catalog-description":"","katalog-cover":1375,"katalog-file":1427},{"catalog-name":"OPTIMAL-Sto\u00dfd\u00e4mpfer Katalog","catalog-description":"","katalog-cover":1379,"katalog-file":1431},{"catalog-name":"OPTIMAL Ersatzteilkatalog f\u00fcr leichte Nutzfahrzeuge","catalog-description":"","katalog-cover":1383,"katalog-file":1435},{"catalog-name":"OPTIMAL Lenkungspumpen Katalog","catalog-description":"","katalog-cover":1387,"katalog-file":1439},{"catalog-name":"OPTIMAL Lenkung & Aufh\u00e4ngung Teilekatalog","catalog-description":"","katalog-cover":1391,"katalog-file":1443},{"catalog-name":"OPTIMAL Wasserpumpen Katalog","catalog-description":"","katalog-cover":1395,"katalog-file":1447},{"catalog-name":"OPTIMAL Radlagers\u00e4tze Katalog","catalog-description":"","katalog-cover":1399,"katalog-file":1451}],"logo-reihenfolge":"","spare-part-table":""},"_links":{"self":[{"href":"https:\/\/konpart.de\/de\/wp-json\/wp\/v2\/product\/3985","targetHints":{"allow":["GET"]}}],"collection":[{"href":"https:\/\/konpart.de\/de\/wp-json\/wp\/v2\/product"}],"about":[{"href":"https:\/\/konpart.de\/de\/wp-json\/wp\/v2\/types\/product"}],"wp:featuredmedia":[{"embeddable":true,"href":"https:\/\/konpart.de\/de\/wp-json\/wp\/v2\/media\/3658"}],"wp:attachment":[{"href":"https:\/\/konpart.de\/de\/wp-json\/wp\/v2\/media?parent=3985"}],"wp:term":[{"taxonomy":"product-type","embeddable":true,"href":"https:\/\/konpart.de\/de\/wp-json\/wp\/v2\/product-type?post=3985"}],"curies":[{"name":"wp","href":"https:\/\/api.w.org\/{rel}","templated":true}]}}