{"id":3986,"date":"2024-11-22T11:00:36","date_gmt":"2024-11-22T10:00:36","guid":{"rendered":"https:\/\/konpart.de\/product\/nueral\/"},"modified":"2024-11-22T11:00:36","modified_gmt":"2024-11-22T10:00:36","slug":"nueral","status":"publish","type":"product","link":"https:\/\/konpart.de\/de\/product\/nueral\/","title":{"rendered":"N\u00fcral"},"excerpt":{"rendered":"<p>Dank des kontinuierlichen Engagements von Federal-Mogul im Bereich Forschung und Entwicklung (F&amp;E) steht N\u00fcral an der Spitze der Kolbentechnologie. Die j\u00fcngsten Fortschritte in der Technologie der Dieselmotoren mit Direkteinspritzung w\u00e4ren ohne N\u00fcral-Kolben praktisch unm\u00f6glich gewesen. <\/p>\n","protected":false},"featured_media":3654,"template":"","meta":{"_acf_changed":false},"product-type":[],"class_list":["post-3986","product","type-product","status-publish","has-post-thumbnail","hentry"],"acf":{"product-claim":"Nural Produkte","product-description":"<h3>F\u00f6rderung der Leistung und Schutz der Umwelt<\/h3>\nDank des kontinuierlichen Engagements von Federal-Mogul im Bereich Forschung und Entwicklung (F&E) steht N\u00fcral an der Spitze der Kolbentechnologie. Die j\u00fcngsten Fortschritte in der Technologie der Dieselmotoren mit Direkteinspritzung w\u00e4ren ohne N\u00fcral-Kolben praktisch unm\u00f6glich gewesen. \n\n[ws-catalog]\n\nN\u00fcral verf\u00fcgt \u00fcber jahrelange Erfahrung in der schnellen Produktentwicklung, hochmoderner Produktionstechnologie und flexiblem Service. N\u00fcral-Kolben erf\u00fcllen nicht nur anspruchsvolle Standards, sondern unterst\u00fctzen auch den Umweltschutz. \n\nFederal-Mogul hat die AE\u00ae- und N\u00fcral-Kolbenproduktlinien kombiniert, um eine konkurrenzlose Abdeckung f\u00fcr Anwendungen in Gas- und Dieselmotoren f\u00fcr den Nutzfahrzeug-, Automobil-, Landwirtschafts-, Marine- und Industriesektor zu bieten.\n\nUnser bew\u00e4hrtes Know-how in der Entwicklung und Herstellung von OE-Komponenten kommt unseren Kunden im Aftermarket direkt zugute. Wir bieten eine wachsende Anzahl innovativer Technologien an, die ein Problem l\u00f6sen, die Arbeit erleichtern oder die Fahrzeugleistung verbessern. ","catalog":[{"catalog-name":"NURAL Kolben, Laufbuchsen und Baugruppen Katalog 2013-2014","catalog-description":"","katalog-cover":1346,"katalog-file":1350}],"logo-reihenfolge":19,"spare-part-table":""},"_links":{"self":[{"href":"https:\/\/konpart.de\/de\/wp-json\/wp\/v2\/product\/3986","targetHints":{"allow":["GET"]}}],"collection":[{"href":"https:\/\/konpart.de\/de\/wp-json\/wp\/v2\/product"}],"about":[{"href":"https:\/\/konpart.de\/de\/wp-json\/wp\/v2\/types\/product"}],"wp:featuredmedia":[{"embeddable":true,"href":"https:\/\/konpart.de\/de\/wp-json\/wp\/v2\/media\/3654"}],"wp:attachment":[{"href":"https:\/\/konpart.de\/de\/wp-json\/wp\/v2\/media?parent=3986"}],"wp:term":[{"taxonomy":"product-type","embeddable":true,"href":"https:\/\/konpart.de\/de\/wp-json\/wp\/v2\/product-type?post=3986"}],"curies":[{"name":"wp","href":"https:\/\/api.w.org\/{rel}","templated":true}]}}