{"id":3987,"date":"2024-11-22T10:59:35","date_gmt":"2024-11-22T09:59:35","guid":{"rendered":"https:\/\/konpart.de\/product\/nissens\/"},"modified":"2024-11-22T10:59:35","modified_gmt":"2024-11-22T09:59:35","slug":"nissens","status":"publish","type":"product","link":"https:\/\/konpart.de\/de\/product\/nissens\/","title":{"rendered":"Nissens"},"excerpt":{"rendered":"<p>Seit 1921 entwickelt, produziert und liefert Nissens eine breite Palette von Autoersatzteilen wie K\u00fchler, Klimatisierungsprodukte und thermische L\u00f6sungen f\u00fcr den Kfz-Ersatzteilmarkt.<\/p>\n","protected":false},"featured_media":3646,"template":"","meta":{"_acf_changed":false},"product-type":[],"class_list":["post-3987","product","type-product","status-publish","has-post-thumbnail","hentry"],"acf":{"product-claim":"Nissens Produkte","product-description":"<h3>Ersatzteile f\u00fcr Motork\u00fchlung, Emission und Klima f\u00fcr den Automotive Aftermarket<\/h3>\nSeit 1921 entwickelt, produziert und liefert Nissens eine breite Palette von Autoersatzteilen wie K\u00fchler, Klimatisierungsprodukte und thermische L\u00f6sungen f\u00fcr den Kfz-Ersatzteilmarkt.\n<h3>Qualit\u00e4t, Reichweite und Kompetenz<\/h3>\nAls marktf\u00fchrender IAM der wichtigsten Komponenten f\u00fcr thermische Systeme bietet Nissens ein umfassendes Produktsortiment mit einer fast vollst\u00e4ndigen Abdeckung des Fahrzeugparks, das alles von den schnelllebigen bis zu den exotischeren Teilen der europ\u00e4ischen, asiatischen und amerikanischen Fahrzeuganwendungen abdeckt. Mit mehr als 10.000 Artikeln bietet Nissens wahrscheinlich das breiteste Sortiment an Motork\u00fchlungsteilen auf dem Ersatzteilmarkt an. \n\nAlle Produkte und Dienstleistungen von Nissens entspringen dem Wunsch, die optimale L\u00f6sung f\u00fcr jeden Bedarf zu liefern. Dies erfordert nicht nur ein fundiertes Wissen \u00fcber Technologien, M\u00f6glichkeiten und M\u00e4rkte, sondern auch eine st\u00e4ndige Neugier. Neugier bedeutet, sich nicht mit dem Besten zufrieden zu geben, also immer neue Wege zu gehen, effiziente L\u00f6sungen zu entwickeln und bestehende Produkte zu optimieren. Jedes einzelne Produkt ist das Ergebnis von Entwicklung, Pr\u00fcfung und Bewertung, und die Entwicklung in einem Bereich f\u00fchrt oft zu Ergebnissen, die in anderen Bereichen genutzt werden k\u00f6nnen. Auf diese Weise kann die daraus resultierende Entwicklung zu einer Optimierung der Arbeitsabl\u00e4ufe, der Produktionsmethoden und der Materialauswahl f\u00fchren, was nat\u00fcrlich unseren Kunden zugute kommt.    \n<h3>Autorisierter Nissens Exporteur<\/h3>\nAls autorisierter Exporteur liefert KonPart Import-Export GmbH die komplette Produktpalette von Nissens an seine Kunden, wie z.B. K\u00fchler, \u00d6lk\u00fchler, Ladeluftk\u00fchler, L\u00fcfter und Gebl\u00e4se.\n\n[table id=\"14\" \/]","catalog":null,"logo-reihenfolge":23,"spare-part-table":"[table id=\"14\" \/]"},"_links":{"self":[{"href":"https:\/\/konpart.de\/de\/wp-json\/wp\/v2\/product\/3987","targetHints":{"allow":["GET"]}}],"collection":[{"href":"https:\/\/konpart.de\/de\/wp-json\/wp\/v2\/product"}],"about":[{"href":"https:\/\/konpart.de\/de\/wp-json\/wp\/v2\/types\/product"}],"wp:featuredmedia":[{"embeddable":true,"href":"https:\/\/konpart.de\/de\/wp-json\/wp\/v2\/media\/3646"}],"wp:attachment":[{"href":"https:\/\/konpart.de\/de\/wp-json\/wp\/v2\/media?parent=3987"}],"wp:term":[{"taxonomy":"product-type","embeddable":true,"href":"https:\/\/konpart.de\/de\/wp-json\/wp\/v2\/product-type?post=3987"}],"curies":[{"name":"wp","href":"https:\/\/api.w.org\/{rel}","templated":true}]}}