{"id":3988,"date":"2024-11-22T10:53:03","date_gmt":"2024-11-22T09:53:03","guid":{"rendered":"https:\/\/konpart.de\/product\/ne\/"},"modified":"2024-11-22T10:53:03","modified_gmt":"2024-11-22T09:53:03","slug":"ne","status":"publish","type":"product","link":"https:\/\/konpart.de\/de\/product\/ne\/","title":{"rendered":"NE"},"excerpt":{"rendered":"<p>NE-Ersatzteile mit modernster Technologie und h\u00f6chster Qualit\u00e4t von NPR of Europe GmbH, einer Tochtergesellschaft des japanischen Motorenteileherstellers NPR &#8211; Nippon Piston Ring Co. Ltd. <\/p>\n","protected":false},"featured_media":3642,"template":"","meta":{"_acf_changed":false},"product-type":[],"class_list":["post-3988","product","type-product","status-publish","has-post-thumbnail","hentry"],"acf":{"product-claim":"NE - NPR von Europa Produkte","product-description":"NE-Ersatzteile mit modernster Technologie und h\u00f6chster Qualit\u00e4t von NPR of Europe GmbH, einer Tochtergesellschaft des japanischen Motorenteileherstellers NPR - Nippon Piston Ring Co. Ltd. \n\n[ws-catalog]\n<h3>So tauschen Sie alte NE-Artikelnummern gegen neue NE-Artikelnummern aus<\/h3>\nDie erste Ziffer kennzeichnet die Verpackung (beginnend mit 8 - 1-Zylinder-Satz \/ beginnend mit 7 - Motorensatz). Motorens\u00e4tze sind jedoch nur f\u00fcr asiatische Motoren erh\u00e4ltlich. Die Ziffern 3 bis 6 geben den Motorhersteller und den Ringsatz an, die Ziffern 7 und 8 zeigen an, ob der Ringsatz in Standard- oder \u00dcbergr\u00f6\u00dfe vorliegt. Die letzten beiden Ziffern sind f\u00fcr interne Zwecke von NE reserviert.   \n\nBeispiel: Wie Sie alte NE-Artikelnummern gegen neue NE-Artikelnummern austauschen:\n[table id=\"15\" \/]\n<h3>NE unter die Lupe genommen - NPR of Europe<\/h3>\nMit \u00fcber 30 Jahren Erfahrung in der Herstellung von Kolbenringen, Rings\u00e4tzen, Ventiltriebteilen, Lagern und Zylinderlaufbuchsen f\u00fcr Automobil-, Marine-, Industrie- und Landwirtschaftsmotoren ist die Marke NE f\u00fcr ihre hohen Qualit\u00e4tsstandards, ihre kontinuierliche Entwicklung und ihre zuverl\u00e4ssige Lieferung bekannt.\n\nHeute beliefert NPR of Europe viele bekannte Erstausr\u00fcster in der Serienproduktion sowie den Ersatzteilmarkt.\n\nNPR of Europe beliefert die folgenden Kolben- und Motorenhersteller:\n<ul>\n \t<li>Audi<\/li>\n \t<li>Asso Werke<\/li>\n \t<li>Bitzer K\u00fchlmaschinenbau<\/li>\n \t<li>BMW<\/li>\n \t<li>BRP-Rotax<\/li>\n \t<li>Steinbock<\/li>\n \t<li>Copeland<\/li>\n \t<li>Delmag<\/li>\n \t<li>Deutz<\/li>\n \t<li>Ducati<\/li>\n \t<li>Duraldur<\/li>\n \t<li>Federal-Mogul<\/li>\n \t<li>Ferrari<\/li>\n \t<li>Fiat<\/li>\n \t<li>Ford<\/li>\n \t<li>Kolbenschmidt Pierburg<\/li>\n \t<li>Mahle<\/li>\n \t<li>Mercedes-Benz Auto Gruppe<\/li>\n \t<li>Mercedes-Benz Lkw<\/li>\n \t<li>Mercedes-AMG<\/li>\n \t<li>Motorenfabrik Hatz<\/li>\n \t<li>MTU<\/li>\n \t<li>Renault<\/li>\n \t<li>Sisu<\/li>\n \t<li>Triumph Motorr\u00e4der<\/li>\n \t<li>Vertex<\/li>\n \t<li>Yamaha Motor Frankreich (MBK)<\/li>\n \t<li>Volvo<\/li>\n \t<li>VM<\/li>\n \t<li>VW<\/li>\n<\/ul>\nAuf dem Ersatzteilmarkt liefert NPR of Europe Motorenteile f\u00fcr die folgenden Marken:\n<ul>\n \t<li>Alfa Romeo<\/li>\n \t<li>Audi<\/li>\n \t<li>Austin<\/li>\n \t<li>Autobianchi<\/li>\n \t<li>Avia-Daewoo<\/li>\n \t<li>Baudouin<\/li>\n \t<li>Bedford<\/li>\n \t<li>Berliet<\/li>\n \t<li>BLMC<\/li>\n \t<li>BMW<\/li>\n \t<li>BMW Motorrad<\/li>\n \t<li>Bosch<\/li>\n \t<li>Case IH<\/li>\n \t<li>Caterpillar<\/li>\n \t<li>Chrysler<\/li>\n \t<li>Citro\u00ebn<\/li>\n \t<li>Cummins<\/li>\n \t<li>Dacia<\/li>\n \t<li>Daewoo - Chevrolet (GM)<\/li>\n \t<li>Daf<\/li>\n \t<li>Daihatsu<\/li>\n \t<li>Mercedes-Benz<\/li>\n \t<li>David Brown<\/li>\n \t<li>Deutz<\/li>\n \t<li>Eicher<\/li>\n \t<li>Fap-Famos<\/li>\n \t<li>FIAT<\/li>\n \t<li>FIAT-Iveco<\/li>\n \t<li>Ford<\/li>\n \t<li>Fordson<\/li>\n \t<li>GA3-Wolga<\/li>\n \t<li>Guascor<\/li>\n \t<li>G\u00fcldner<\/li>\n \t<li>Hanomag<\/li>\n \t<li>Hatz<\/li>\n \t<li>Henschel<\/li>\n \t<li>Hino<\/li>\n \t<li>Honda<\/li>\n \t<li>Hyundai<\/li>\n \t<li>IFA<\/li>\n \t<li>IHC - Case IH<\/li>\n \t<li>Indenor<\/li>\n \t<li>Isuzu<\/li>\n \t<li>Iveco<\/li>\n \t<li>Jaguar<\/li>\n \t<li>John Deere<\/li>\n \t<li>Kama3<\/li>\n \t<li>KHD<\/li>\n \t<li>Kia<\/li>\n \t<li>Komatsu<\/li>\n \t<li>Lada<\/li>\n \t<li>Lamborghini<\/li>\n \t<li>Lancia<\/li>\n \t<li>Land Rover<\/li>\n \t<li>Leyland<\/li>\n \t<li>Liaz<\/li>\n \t<li>Liebherr<\/li>\n \t<li>Lister<\/li>\n \t<li>Lombardini<\/li>\n \t<li>Lotus<\/li>\n \t<li>MAN<\/li>\n \t<li>Magirus-Deutz<\/li>\n \t<li>Malcotsis<\/li>\n \t<li>Massey-Ferguson<\/li>\n \t<li>Mazda<\/li>\n \t<li>MCC - Klug<\/li>\n \t<li>Mercedes-Benz<\/li>\n \t<li>Mini<\/li>\n \t<li>Mitsubishi<\/li>\n \t<li>MMZ Minsk<\/li>\n \t<li>Morris<\/li>\n \t<li>Moskvitch<\/li>\n \t<li>MWM<\/li>\n \t<li>New Holland<\/li>\n \t<li>Nissan<\/li>\n \t<li>NSU<\/li>\n \t<li>Opel<\/li>\n \t<li>Pegaso<\/li>\n \t<li>Perkins<\/li>\n \t<li>Petter<\/li>\n \t<li>Peugeot<\/li>\n \t<li>Peykan<\/li>\n \t<li>Polski-FIAT<\/li>\n \t<li>Porsche<\/li>\n \t<li>Porsche Diesel Traktor<\/li>\n \t<li>Raba Ungarn<\/li>\n \t<li>Renault<\/li>\n \t<li>Renault Traktor<\/li>\n \t<li>Renault Lkw<\/li>\n \t<li>Roman<\/li>\n \t<li>Rum\u00e4nien<\/li>\n \t<li>Rover<\/li>\n \t<li>Ruggerini<\/li>\n \t<li>RVI<\/li>\n \t<li>Saab<\/li>\n \t<li>Dasselbe<\/li>\n \t<li>Saviem<\/li>\n \t<li>Scania<\/li>\n \t<li>SEAT<\/li>\n \t<li>Simca<\/li>\n \t<li>Skoda<\/li>\n \t<li>Slanzi<\/li>\n \t<li>Smart<\/li>\n \t<li>Ssang Yong<\/li>\n \t<li>Steyr<\/li>\n \t<li>Subaru<\/li>\n \t<li>Suzuki<\/li>\n \t<li>Talbot<\/li>\n \t<li>Tatra<\/li>\n \t<li>Toyota<\/li>\n \t<li>UAZ<\/li>\n \t<li>Ursus<\/li>\n \t<li>UTB<\/li>\n \t<li>Vauxhall<\/li>\n \t<li>VM<\/li>\n \t<li>Volkswagen<\/li>\n \t<li>Volvo<\/li>\n \t<li>Volvo-BM<\/li>\n \t<li>Volvo-Penta<\/li>\n \t<li>Westinghouse<\/li>\n \t<li>Wolga<\/li>\n \t<li>Zetor<\/li>\n<\/ul>\nDie NE-Produktpalette umfasst sowohl Ringe f\u00fcr Motoren als auch Dichtungsringe f\u00fcr K\u00fchlkompressoren und Anwendungen im Bereich Pumpen und allgemeiner Maschinenbau. Der Schwerpunkt liegt auf Kolbenringen, die aus verschiedenen Stahllegierungen hergestellt werden. \n\nNE Kolbenringe Produktpalette:\n<ul>\n \t<li>Ringe aus Gusseisen Ringe aus Stahl<\/li>\n \t<li>2-teilige und 3-teilige \u00d6lkontrollringe<\/li>\n \t<li>Axial d\u00fcnne Ringe<\/li>\n \t<li>nitrierte Ringe<\/li>\n \t<li>diverse galvanische oder andere<\/li>\n \t<li>Oberfl\u00e4chenbehandlungen<\/li>\n \t<li>Verchromung<\/li>\n \t<li>PVD-Beschichtung<\/li>\n \t<li>DLC-Beschichtung<\/li>\n<\/ul>\nNE Ventilsitzringe f\u00fcr:\n<ul>\n \t<li>Anwendungen f\u00fcr alternative Kraftstoffe<\/li>\n \t<li>FlexFuel-Anwendungen<\/li>\n \t<li>LPG \/ CNG-Anwendungen<\/li>\n \t<li>gesinterte ein- und zweischichtige Materialiengesinterte Schmiedeprodukte f\u00fcr h\u00f6chste Anforderungen (z.B. LKW-Anwendungen)<\/li>\n<\/ul>\nNE-Lager Produktpalette:\n<ul>\n \t<li>2- und 3-Schicht-Lager<\/li>\n \t<li>bleifreie Lagermaterialien<\/li>\n \t<li>Reduzierung der Reibungsverluste<\/li>\n<\/ul>\nDie Produkte und Dienstleistungen der NPR of Europe GmbH sind nach ISO\/TS 16949:2008 und ISO 9001:2008 \/ JIS Q 9001:2008 zertifiziert.","catalog":[{"catalog-name":"NE-Kolbenringe Katalog 2014","catalog-description":"NE-Kolbenringsatzkatalog 2014 f\u00fcr g\u00e4ngige Automobil-, Marine-, Industrie- und Landmaschinen. Der Katalog ist nach OE-Herstellern geordnet, einschlie\u00dflich Motoranwendungen und Fahrzeuganwendungen. Dar\u00fcber hinaus bietet der Katalog zus\u00e4tzliche Informationen wie Umrechnungstabellen, NE-Artikelnummern-\u00dcbergr\u00f6\u00dfen-Relationen und Anleitungen zum Umtausch alter NE-Artikelnummern in neue NE-Artikelnummern. Mehrsprachig Deutsch, Englisch, Franz\u00f6sisch, Spanisch, Italienisch usw.   ","katalog-cover":1332,"katalog-file":1320},{"catalog-name":"NE Bearings Katalog 2014","catalog-description":"Der NE-Lagerkatalog 2014 umfasst Hauptlager, Pleuellager, Anlaufscheiben, Nockenwellenlager und kleine Endbuchsen f\u00fcr PKW, LKW und weitere Anwendungen. Von OE-Herstellern bestellt. Zus\u00e4tzliche Informationen zu \u00dcbergr\u00f6\u00dfen, Materialien und Abmessungen. Querverweisliste zu GLYCO, VANDERVELL, AE, MAHLE KS und MIBA. OE-Austauschliste am Ende des Katalogs. Mehrsprachig Deutsch, Englisch, Franz\u00f6sisch.     ","katalog-cover":1324,"katalog-file":1312},{"catalog-name":"NE-Kolben Katalog 2014","catalog-description":"","katalog-cover":1328,"katalog-file":1316}],"logo-reihenfolge":"","spare-part-table":""},"_links":{"self":[{"href":"https:\/\/konpart.de\/de\/wp-json\/wp\/v2\/product\/3988","targetHints":{"allow":["GET"]}}],"collection":[{"href":"https:\/\/konpart.de\/de\/wp-json\/wp\/v2\/product"}],"about":[{"href":"https:\/\/konpart.de\/de\/wp-json\/wp\/v2\/types\/product"}],"wp:featuredmedia":[{"embeddable":true,"href":"https:\/\/konpart.de\/de\/wp-json\/wp\/v2\/media\/3642"}],"wp:attachment":[{"href":"https:\/\/konpart.de\/de\/wp-json\/wp\/v2\/media?parent=3988"}],"wp:term":[{"taxonomy":"product-type","embeddable":true,"href":"https:\/\/konpart.de\/de\/wp-json\/wp\/v2\/product-type?post=3988"}],"curies":[{"name":"wp","href":"https:\/\/api.w.org\/{rel}","templated":true}]}}