{"id":3989,"date":"2024-11-21T16:28:18","date_gmt":"2024-11-21T15:28:18","guid":{"rendered":"https:\/\/konpart.de\/product\/moog\/"},"modified":"2024-11-21T16:28:18","modified_gmt":"2024-11-21T15:28:18","slug":"moog","status":"publish","type":"product","link":"https:\/\/konpart.de\/de\/product\/moog\/","title":{"rendered":"Moog"},"excerpt":{"rendered":"<p>Moog &#8211; die Spezialmarke von Federal Mogul f\u00fcr Lenkungs- und Aufh\u00e4ngungsteile &#8211; stellt seit 1919 in den USA hochwertige Fahrwerks-, Lenkungs- und Aufh\u00e4ngungsteile her.<\/p>\n","protected":false},"featured_media":3638,"template":"","meta":{"_acf_changed":false},"product-type":[],"class_list":["post-3989","product","type-product","status-publish","has-post-thumbnail","hentry"],"acf":{"product-claim":"Moog Produkte","product-description":"<h3>Hochwertige Lenkungs- und Aufh\u00e4ngungsteile von FEDERAL MOGUL<\/h3>\nMoog - die Spezialmarke von Federal Mogul f\u00fcr Lenkungs- und Aufh\u00e4ngungsteile - stellt seit 1919 in den USA hochwertige Fahrwerks-, Lenkungs- und Aufh\u00e4ngungsteile her.\n\nDank seiner hohen Qualit\u00e4tsstandards und seiner Wettbewerbsf\u00e4higkeit geh\u00f6rt Moog heute zu den Marktf\u00fchrern und bietet eine riesige Auswahl an Lenkungs- und Aufh\u00e4ngungsersatzteilen f\u00fcr fast alle europ\u00e4ischen, amerikanischen und japanischen Pkw, Lkw und Busse.\n\n[ws-catalog]\n\nDie Produkte von Moog verbessern die Teile der Erstausr\u00fcstung und sind technikerfreundlich gestaltet. Sie bieten Lenkungsl\u00f6sungen, die die Reparatur erleichtern und die Gesamtreparatur f\u00fcr Kfz-Techniker verbessern.\n\nDie Lenkungs- und Aufh\u00e4ngungsteile von Moog werden nach strengen OE-Anforderungen entwickelt und gebaut und in erstklassigen OE-Pr\u00fcfeinrichtungen getestet. Moog Produkte werden erst vertrieben, nachdem sie erfolgreich einer Reihe von strengen Tests (Erm\u00fcdung, Verschlei\u00df, ...) unterzogen wurden. \n\nDie Innovationen von Moog bilden die Grundlage f\u00fcr das Angebot vollst\u00e4ndig integrierter Fahrwerkssysteme mit Teilen, die Folgendes leisten\n<ul>\n \t<li>verbesserte Leistung<\/li>\n \t<li>bessere Handhabung<\/li>\n \t<li>zus\u00e4tzliche Haltbarkeit<\/li>\n \t<li>verbesserte Qualit\u00e4t.<\/li>\n<\/ul>\nDie Fahrwerksteile von Moog bestehen aus leichten Materialien, die das Gewicht des Fahrzeugs reduzieren, die Biegsamkeit erh\u00f6hen und die Haltbarkeit verbessern. Wir verwenden die richtigen Materialien und haben alle Eigenschaften im Blick (Sicherheit, Verh\u00e4ltnis zwischen Materialkosten und Qualit\u00e4t usw.). Die Produktqualit\u00e4t entspricht den Standards der Erstausr\u00fcstung und \u00fcbertrifft diese sogar.  \n\nMoog Reparaturs\u00e4tze f\u00fcr Lenkungen und Aufh\u00e4ngungen, die Fahrwerksreparaturen schneller und einfacher als je zuvor machen. Hardware und Einbauanleitungen sind in einer Packung mit allen Teilen enthalten, die Sie ben\u00f6tigen. Verschlissene Teile und Zubeh\u00f6rteile k\u00f6nnen ersetzt werden, wodurch sich die Sicherheit und Leistung Ihres Fahrzeugs erheblich verbessern l\u00e4sst.  \n\nProfessionelle Techniker vertrauen und sch\u00e4tzen diese Marke von Federal Mogul. Die Produkte von Moog sind durch die st\u00e4ndige Verbesserung und Pr\u00fcfung durch die Forschungs- und Entwicklungsabteilung zum Ma\u00dfstab f\u00fcr Lenkung und Aufh\u00e4ngung geworden. Alle Moog-Ersatzteile sind zu 100% getestet und zugelassen.  ","catalog":[{"catalog-name":"MOOG Katalog f\u00fcr Lenkung und Aufh\u00e4ngung - Autos","catalog-description":"Der Katalog f\u00fcr Lenkungs- und Aufh\u00e4ngungsteile von MOOG umfasst Kugelgelenke, Spurstangenk\u00f6pfe, Querlenker, Stabilisatoren f\u00fcr Stange und Federbein sowie Motorlager f\u00fcr alle g\u00e4ngigen Pkw und leichten Nutzfahrzeuge. Der Katalog enth\u00e4lt viele detaillierte Abbildungen und eine Querverweisliste am Ende. Mehrsprachig Englisch, Spanisch, Franz\u00f6sisch usw.  ","katalog-cover":1286,"katalog-file":1299},{"catalog-name":"MOOG Katalog f\u00fcr Lenkung und Aufh\u00e4ngung - Lkw & Busse","catalog-description":"Der MOOG Katalog f\u00fcr Lenkungs- und Aufh\u00e4ngungsteile f\u00fcr alle g\u00e4ngigen Lastwagen, Busse und Anh\u00e4nger umfasst Kugelgelenke, Spurstangenk\u00f6pfe, Mittelstangen, Drehmomentstangen usw. Der Katalog ist nach OE-Herstellern einschlie\u00dflich OE-Referenznummern gegliedert. Au\u00dferdem ist am Ende des Katalogs eine Querverweisliste angegeben. Mehrsprachig Englisch, Spanisch, Franz\u00f6sisch, Portugiesisch usw.   ","katalog-cover":1290,"katalog-file":1303}],"logo-reihenfolge":16,"spare-part-table":""},"_links":{"self":[{"href":"https:\/\/konpart.de\/de\/wp-json\/wp\/v2\/product\/3989","targetHints":{"allow":["GET"]}}],"collection":[{"href":"https:\/\/konpart.de\/de\/wp-json\/wp\/v2\/product"}],"about":[{"href":"https:\/\/konpart.de\/de\/wp-json\/wp\/v2\/types\/product"}],"wp:featuredmedia":[{"embeddable":true,"href":"https:\/\/konpart.de\/de\/wp-json\/wp\/v2\/media\/3638"}],"wp:attachment":[{"href":"https:\/\/konpart.de\/de\/wp-json\/wp\/v2\/media?parent=3989"}],"wp:term":[{"taxonomy":"product-type","embeddable":true,"href":"https:\/\/konpart.de\/de\/wp-json\/wp\/v2\/product-type?post=3989"}],"curies":[{"name":"wp","href":"https:\/\/api.w.org\/{rel}","templated":true}]}}