{"id":3990,"date":"2024-11-21T16:22:46","date_gmt":"2024-11-21T15:22:46","guid":{"rendered":"https:\/\/konpart.de\/product\/monark\/"},"modified":"2024-11-21T16:22:46","modified_gmt":"2024-11-21T15:22:46","slug":"monark","status":"publish","type":"product","link":"https:\/\/konpart.de\/de\/product\/monark\/","title":{"rendered":"Monark"},"excerpt":{"rendered":"<p>MONARK ist seit Jahrzehnten ein anerkannter deutscher OE-Hersteller von Einspritzteilen, Startern, Lichtmaschinen und weiteren Kfz-Ersatzteilen. MONARKs Ersatzteile in Erstausr\u00fcsterqualit\u00e4t werden sowohl an Hersteller der internationalen Automobilindustrie als auch an den Ersatzteilmarkt geliefert. <\/p>\n","protected":false},"featured_media":3634,"template":"","meta":{"_acf_changed":false},"product-type":[],"class_list":["post-3990","product","type-product","status-publish","has-post-thumbnail","hentry"],"acf":{"product-claim":"MONARK Produkte","product-description":"<h3>Einspritzteile, Anlasser und Lichtmaschinen in OE-Qualit\u00e4t<\/h3>\nMONARK ist seit Jahrzehnten ein anerkannter deutscher OE-Hersteller von Einspritzteilen, Startern, Lichtmaschinen und weiteren Kfz-Ersatzteilen. MONARKs Ersatzteile in Erstausr\u00fcsterqualit\u00e4t werden sowohl an Hersteller der internationalen Automobilindustrie als auch an den Ersatzteilmarkt geliefert. \n\n<strong>Einspritzteile<\/strong>\n<ul>\n \t<li><a href=\"https:\/\/konpart.de\/products\/monark\/monark-injectors\/\" hreflang=\"en\">MONARK Injektoren<\/a><\/li>\n \t<li><a href=\"https:\/\/konpart.de\/products\/monark\/monark-injection-pumps\/\" hreflang=\"en\">MONARK Einspritzpumpen<\/a><\/li>\n \t<li><a href=\"https:\/\/konpart.de\/products\/monark\/monark-remanufactured-injection-pumps\/\" hreflang=\"en\">MONARK Wiederaufbereitete Einspritzpumpen<\/a><\/li>\n \t<li><a href=\"https:\/\/konpart.de\/products\/monark\/monark-injector-nozzles\/\" hreflang=\"en\">MONARK Einspritzd\u00fcsen<\/a><\/li>\n \t<li><a href=\"https:\/\/konpart.de\/products\/monark\/monark-pins\/\" hreflang=\"en\">MONARK Pins<\/a><\/li>\n \t<li><a href=\"https:\/\/konpart.de\/products\/monark\/monark-pump-elements\/\" hreflang=\"en\">MONARK Pumpenelemente<\/a><\/li>\n \t<li><a href=\"https:\/\/konpart.de\/products\/monark\/monark-fuel-pumps\/\" hreflang=\"en\">MONARK Kraftstoffpumpen<\/a><\/li>\n \t<li><a href=\"https:\/\/konpart.de\/products\/monark\/monark-feed-pumps\/\" hreflang=\"en\">MONARK F\u00f6rderpumpen<\/a><\/li>\n \t<li><a href=\"https:\/\/konpart.de\/products\/monark\/monark-hand-feed-pumps\/\" hreflang=\"en\">MONARK Handf\u00f6rderpumpen<\/a><\/li>\n \t<li><a href=\"https:\/\/konpart.de\/products\/monark\/monark-high-pressure-pumps-common-rail\/\" hreflang=\"en\">MONARK Hochdruckpumpen (Common Rail)<\/a><\/li>\n \t<li><a href=\"https:\/\/konpart.de\/products\/monark\/monark-sender-units\/\" hreflang=\"en\">MONARK Sendereinheiten<\/a><\/li>\n \t<li><a href=\"https:\/\/konpart.de\/products\/monark\/monark-switches-ignition-system\/\" hreflang=\"en\">MONARK-Schalter, Z\u00fcndanlage<\/a><\/li>\n \t<li><a href=\"https:\/\/konpart.de\/products\/monark\/monark-membranes\/\" hreflang=\"en\">MONARK Membranen<\/a><\/li>\n \t<li><a href=\"https:\/\/konpart.de\/products\/monark\/monark-glow-plugs\/\" hreflang=\"en\">MONARK Gl\u00fchkerzen<\/a><\/li>\n<\/ul>\n<strong>Anlasser & Lichtmaschinen<\/strong>\n<ul>\n \t<li><a href=\"https:\/\/konpart.de\/products\/monark\/monark-starters\/\" hreflang=\"en\">MONARK Vorspeisen<\/a><\/li>\n \t<li><a href=\"https:\/\/konpart.de\/products\/monark\/monark-remanufactured-starters\/\" hreflang=\"en\">MONARK Wiederaufbereitete Anlasser<\/a><\/li>\n \t<li><a href=\"https:\/\/konpart.de\/products\/monark\/monark-armatures\/\" hreflang=\"en\">MONARK Armaturen<\/a><\/li>\n \t<li><a href=\"https:\/\/konpart.de\/products\/monark\/monark-carbon-brushes\/\" hreflang=\"en\">MONARK Kohleb\u00fcrsten<\/a><\/li>\n \t<li><a href=\"https:\/\/konpart.de\/products\/monark\/monark-collector-end-shield-bushes\/\" hreflang=\"en\">MONARK Kollektor-Lagerschildbuchsen<\/a><\/li>\n \t<li><a href=\"https:\/\/konpart.de\/products\/monark\/monark-communator-end-shields\/\" hreflang=\"en\">MONARK Kommutator-Lagerschilde<\/a><\/li>\n \t<li><a href=\"https:\/\/konpart.de\/products\/monark\/monark-field-windings\/\" hreflang=\"en\">MONARK Feldwicklungen<\/a><\/li>\n \t<li><a href=\"https:\/\/konpart.de\/products\/monark\/monark-ignition-coils\/\" hreflang=\"en\">MONARK Z\u00fcndspulen<\/a><\/li>\n \t<li><a href=\"https:\/\/konpart.de\/products\/monark\/monark-ignition-starter-switches\/\" hreflang=\"en\">MONARK Z\u00fcndschalter \/ Anlasserschalter<\/a><\/li>\n \t<li><a href=\"https:\/\/konpart.de\/products\/monark\/monark-levers\/\" hreflang=\"en\">MONARK-Hebel<\/a><\/li>\n \t<li><a href=\"https:\/\/konpart.de\/products\/monark\/monark-multiple-disc-clutches\/\" hreflang=\"en\">MONARK Mehrscheibenkupplungen<\/a><\/li>\n \t<li><a href=\"https:\/\/konpart.de\/products\/monark\/monark-planetary-gears\/\" hreflang=\"en\">MONARK Planetengetriebe<\/a><\/li>\n \t<li><a href=\"https:\/\/konpart.de\/products\/monark\/monark-solenoid-switches\/\" hreflang=\"en\">MONARK Magnetschalter<\/a><\/li>\n \t<li><a href=\"https:\/\/konpart.de\/products\/monark\/monark-alternators\/\" hreflang=\"en\">MONARK Lichtmaschinen<\/a><\/li>\n \t<li><a href=\"https:\/\/konpart.de\/products\/monark\/monark-drive-bearings\/\" hreflang=\"en\">MONARK Antriebslager<\/a><\/li>\n \t<li><a href=\"https:\/\/konpart.de\/products\/monark\/monark-rectifiers\/\" hreflang=\"en\">MONARK-Gleichrichter<\/a><\/li>\n \t<li><a href=\"https:\/\/konpart.de\/products\/monark\/monark-stators\/\" hreflang=\"en\">MONARK Statoren<\/a><\/li>\n<\/ul>\n<strong>Beleuchtung<\/strong>\n<ul>\n \t<li><a href=\"https:\/\/konpart.de\/products\/monark\/monark-flasher-units\/\" hreflang=\"en\">MONARK Blinkgeber<\/a><\/li>\n \t<li><a href=\"https:\/\/konpart.de\/products\/monark\/monark-control-stalks\/\" hreflang=\"en\">MONARK Kontrollst\u00e4ngel<\/a><\/li>\n<\/ul>\n<strong>Bremse Teile<\/strong>\n<ul>\n \t<li><a href=\"https:\/\/konpart.de\/products\/monark\/monark-brake-cylinders\/\" hreflang=\"en\">MONARK-Bremszylinder<\/a><\/li>\n \t<li><a href=\"https:\/\/konpart.de\/products\/monark\/monark-brake-power-regulators\/\" hreflang=\"en\">MONARK Bremsenergieregler<\/a><\/li>\n \t<li><a href=\"https:\/\/konpart.de\/products\/monark\/monark-coupling-heads\/\" hreflang=\"en\">MONARK Kupplungsk\u00f6pfe<\/a><\/li>\n \t<li><a href=\"https:\/\/konpart.de\/products\/monark\/monark-pressure-control-valves\/\" hreflang=\"en\">MONARK Druckregelventile<\/a><\/li>\n \t<li><a href=\"https:\/\/konpart.de\/products\/monark\/monark-pressure-converters\/\" hreflang=\"en\">MONARK Druckumwandler<\/a><\/li>\n<\/ul>\n<strong>Weitere Teile<\/strong>\n<ul>\n \t<li><a href=\"https:\/\/konpart.de\/products\/monark\/monark-valves\/\" hreflang=\"en\">MONARK-Ventile<\/a><\/li>\n \t<li><a href=\"https:\/\/konpart.de\/products\/monark\/monark-switches\/\" hreflang=\"en\">MONARK-Schalter<\/a><\/li>\n \t<li><a href=\"https:\/\/konpart.de\/products\/monark\/monark-temperatur-switches\/\" hreflang=\"en\">MONARK Temperaturschalter<\/a><\/li>\n \t<li><a href=\"https:\/\/konpart.de\/products\/monark\/monark-oil-pressures-switches\/\" hreflang=\"en\">MONARK \u00d6ldruckschalter<\/a><\/li>\n \t<li><a href=\"https:\/\/konpart.de\/products\/monark\/monark-control-units\/\" hreflang=\"en\">MONARK Steuerger\u00e4te<\/a><\/li>\n \t<li><a href=\"https:\/\/konpart.de\/products\/monark\/monark-relays\/\" hreflang=\"en\">MONARK-Relais<\/a><\/li>\n \t<li><a href=\"https:\/\/konpart.de\/products\/monark\/monark-bearings\/\" hreflang=\"en\">MONARK-Lager<\/a><\/li>\n \t<li><a href=\"https:\/\/konpart.de\/products\/monark\/monark-rotors\/\" hreflang=\"en\">MONARK Rotoren<\/a><\/li>\n \t<li><a href=\"https:\/\/konpart.de\/products\/monark\/monark-adapters\/\" hreflang=\"en\">MONARK-Adapter<\/a><\/li>\n \t<li><a href=\"https:\/\/konpart.de\/products\/monark\/monark-compressors\/\" hreflang=\"en\">MONARK-Kompressoren<\/a><\/li>\n \t<li><a href=\"https:\/\/konpart.de\/products\/monark\/monark-repair-kits\/\" hreflang=\"en\">MONARK Reparatur-Sets<\/a><\/li>\n<\/ul>\n\u00a0\n\nAls OEM sind h\u00f6chste Qualit\u00e4tsstandards f\u00fcr MONARK entscheidend. Daher laufen alle MONARK-Fertigungsprozesse gem\u00e4\u00df den ISO 9001:2008 Standards ab. \n<h3>MONARK Einspritzteile in Erstausr\u00fcsterqualit\u00e4t - Neu und wiederaufgearbeitet<\/h3>\nNeben der Herstellung neuer Einspritzteile verf\u00fcgt Monark \u00fcber einen Standort f\u00fcr die Wiederaufbereitung von Einspritzpumpen mit langer Tradition. Die moderne Fabrik mit erfahrenen Spezialisten und gut etablierten Prozessen macht die wiederaufbereiteten Einspritzteile von MONARK zur ersten Wahl f\u00fcr OE-Hersteller und den Ersatzteilmarkt. \n\nZur Zeit bietet MONARK die Reparatur der folgenden Marken von Einspritzteilen an:\n<ul>\n \t<li>Bosch<\/li>\n \t<li>Delphi<\/li>\n \t<li>Denso<\/li>\n \t<li>VDO\/Kontinental<\/li>\n<\/ul>\nAlle Wiederaufbereitungsprozesse von MONARK laufen gem\u00e4\u00df den Normen ISO 9001:2008 und ISO\/TS 16949:2009.\n\n[ws-catalog]","catalog":[{"catalog-name":"MONARK Einspritzteile, Anlasser & Lichtmaschinen Autos Katalog 2014","catalog-description":"","katalog-cover":1273,"katalog-file":1257},{"catalog-name":"MONARK Einspritzteile, Anlasser & Lichtmaschinen LKW-Katalog 2014","catalog-description":"","katalog-cover":1277,"katalog-file":1261},{"catalog-name":"MONARK Common Rail Katalog 2014","catalog-description":"","katalog-cover":1265,"katalog-file":1249},{"catalog-name":"MONARK Rebuild Kraftstoffeinspritzpumpen Katalog 2014","catalog-description":"","katalog-cover":1269,"katalog-file":1253}],"logo-reihenfolge":"","spare-part-table":""},"_links":{"self":[{"href":"https:\/\/konpart.de\/de\/wp-json\/wp\/v2\/product\/3990","targetHints":{"allow":["GET"]}}],"collection":[{"href":"https:\/\/konpart.de\/de\/wp-json\/wp\/v2\/product"}],"about":[{"href":"https:\/\/konpart.de\/de\/wp-json\/wp\/v2\/types\/product"}],"wp:featuredmedia":[{"embeddable":true,"href":"https:\/\/konpart.de\/de\/wp-json\/wp\/v2\/media\/3634"}],"wp:attachment":[{"href":"https:\/\/konpart.de\/de\/wp-json\/wp\/v2\/media?parent=3990"}],"wp:term":[{"taxonomy":"product-type","embeddable":true,"href":"https:\/\/konpart.de\/de\/wp-json\/wp\/v2\/product-type?post=3990"}],"curies":[{"name":"wp","href":"https:\/\/api.w.org\/{rel}","templated":true}]}}