{"id":3991,"date":"2024-11-21T16:20:08","date_gmt":"2024-11-21T15:20:08","guid":{"rendered":"https:\/\/konpart.de\/product\/mahle-produkte\/"},"modified":"2024-11-21T16:20:08","modified_gmt":"2024-11-21T15:20:08","slug":"mahle-produkte","status":"publish","type":"product","link":"https:\/\/konpart.de\/de\/product\/mahle-produkte\/","title":{"rendered":"Mahle Produkte"},"excerpt":{"rendered":"<p>Als weltweit f\u00fchrender Entwicklungspartner f\u00fcr die Automobil- und Motorenindustrie bietet MAHLE eine einzigartige Systemkompetenz im Bereich Verbrennungsmotor und Motorperipherie. Mit seinen beiden Gesch\u00e4ftsbereichen Motorsysteme und -komponenten sowie Filtration und Motorperipherie geh\u00f6rt der MAHLE Konzern damit zu den drei f\u00fchrenden Systemanbietern in der Automobilindustrie. <\/p>\n","protected":false},"featured_media":3630,"template":"","meta":{"_acf_changed":false},"product-type":[],"class_list":["post-3991","product","type-product","status-publish","has-post-thumbnail","hentry"],"acf":{"product-claim":"Mahle Produkte","product-description":"Als weltweit f\u00fchrender Entwicklungspartner der Automobil- und Motorenindustrie bietet MAHLE eine einzigartige Systemkompetenz im Bereich Verbrennungsmotor und Motorperipherie. Mit seinen beiden Gesch\u00e4ftsbereichen Motorsysteme und -komponenten sowie Filtration und Motorperipherie geh\u00f6rt der MAHLE Konzern damit zu den drei weltweit f\u00fchrenden Systemanbietern f\u00fcr Kolbensysteme, Zylinderkomponenten sowie Ventiltrieb-, Luftmanagement- und Fl\u00fcssigkeitsmanagement-Systeme. Nahezu alle Automobil- und Motorenhersteller der Welt sind Kunden von MAHLE.  \n\nSeit mehr als 90 Jahren treibt MAHLE die Entwicklung der Automobil- und Motorentechnik entscheidend voran und setzt dabei immer wieder Ma\u00dfst\u00e4be. Angetrieben von Leistung - jeder MAHLE Mitarbeiter zeigt eine \u00fcberragende Begeisterung f\u00fcr Leistung, Pr\u00e4zision und Perfektion. \n\nMAHLE ist in allen wichtigen M\u00e4rkten der Welt vor Ort pr\u00e4sent. Rund 49.000 Mitarbeiter arbeiten in \u00fcber 100 Produktionsst\u00e4tten und acht Forschungs- und Entwicklungszentren in Stuttgart, Northampton, Detroit (Farmington Hills, Novi), Tokio (Kawagoe, Okegawa), Shanghai und S\u00e3o Paulo (Jundia\u00ed). Weltweit arbeiten rund 3.000 Entwicklungsingenieure und Techniker an zukunftsweisenden Konzepten, Produkten und Systemen f\u00fcr die Weiterentwicklung von Fahrzeugantrieben.  \n\nDer Gesch\u00e4ftsbereich Industrie b\u00fcndelt die industriellen Aktivit\u00e4ten des MAHLE Konzerns. Dazu geh\u00f6ren die Bereiche Gro\u00dfmotoren, Industriefiltration sowie K\u00fchl- und Klimatisierungssysteme f\u00fcr Schienen- und Sonderfahrzeuge, Busse, Schiffe, Bau- und Landmaschinen, die Luft- und Raumfahrtindustrie sowie station\u00e4re Gro\u00dfmotoren f\u00fcr die Energieerzeugung. Der Gesch\u00e4ftsbereich Aftermarket bedient den unabh\u00e4ngigen Ersatzteilmarkt mit MAHLE Produkten in Erstausr\u00fcsterqualit\u00e4t.  ","catalog":null,"logo-reihenfolge":7,"spare-part-table":""},"_links":{"self":[{"href":"https:\/\/konpart.de\/de\/wp-json\/wp\/v2\/product\/3991","targetHints":{"allow":["GET"]}}],"collection":[{"href":"https:\/\/konpart.de\/de\/wp-json\/wp\/v2\/product"}],"about":[{"href":"https:\/\/konpart.de\/de\/wp-json\/wp\/v2\/types\/product"}],"wp:featuredmedia":[{"embeddable":true,"href":"https:\/\/konpart.de\/de\/wp-json\/wp\/v2\/media\/3630"}],"wp:attachment":[{"href":"https:\/\/konpart.de\/de\/wp-json\/wp\/v2\/media?parent=3991"}],"wp:term":[{"taxonomy":"product-type","embeddable":true,"href":"https:\/\/konpart.de\/de\/wp-json\/wp\/v2\/product-type?post=3991"}],"curies":[{"name":"wp","href":"https:\/\/api.w.org\/{rel}","templated":true}]}}