{"id":3992,"date":"2024-11-21T15:59:17","date_gmt":"2024-11-21T14:59:17","guid":{"rendered":"https:\/\/konpart.de\/product\/laso\/"},"modified":"2024-11-21T15:59:17","modified_gmt":"2024-11-21T14:59:17","slug":"laso","status":"publish","type":"product","link":"https:\/\/konpart.de\/de\/product\/laso\/","title":{"rendered":"Laso"},"excerpt":{"rendered":"<p>LASO produziert seit \u00fcber 40 Jahren Ersatzteile f\u00fcr Autos, Busse und LKWs in Olpe, Deutschland. Handwerkliches Geschick und moderne Produktionslinien sind der Schl\u00fcssel zu h\u00f6chster Qualit\u00e4t und Pr\u00e4zision. <\/p>\n","protected":false},"featured_media":3622,"template":"","meta":{"_acf_changed":false},"product-type":[],"class_list":["post-3992","product","type-product","status-publish","has-post-thumbnail","hentry"],"acf":{"product-claim":"Laso Produkte","product-description":"LASO produziert seit \u00fcber 40 Jahren Ersatzteile f\u00fcr Autos, Busse und LKWs in Olpe, Deutschland. Handwerkliches Geschick und moderne Produktionslinien sind der Schl\u00fcssel zu h\u00f6chster Qualit\u00e4t und Pr\u00e4zision. \n\n[ws-catalog]\n\nAls Nischenanbieter konzentriert sich LASO auf anspruchsvolle Motorkomponenten wie \u00d6l- und Wasserpumpen. Wir produzieren vor allem f\u00fcr europ\u00e4ische Lkw und Pkw. Unsere Philosophie ist es, eine Reihe von Produkten f\u00fcr eine breite Auswahl an Marken zu produzieren - in einer Qualit\u00e4t, die genauso gut ist wie das Original, von \"A\" f\u00fcr Audi bis \"V\" f\u00fcr Volvo.  ","catalog":[{"catalog-name":"LASO Ersatzteile Hauptkatalog Autos 2009","catalog-description":"","katalog-cover":1206,"katalog-file":1186},{"catalog-name":"LASO Ersatzteile Hauptkatalog Trucks 2011","catalog-description":"","katalog-cover":1210,"katalog-file":1190},{"catalog-name":"LASO Ersatzteile Porsche Katalog 2014","catalog-description":"","katalog-cover":1218,"katalog-file":1198},{"catalog-name":"LASO Ersatzteile Mercedes-Benz Trucks Katalog 2012","catalog-description":"","katalog-cover":1214,"katalog-file":1194},{"catalog-name":"LASO Ersatzteile Volvo Trucks Katalog 2014","catalog-description":"","katalog-cover":1222,"katalog-file":1202}],"logo-reihenfolge":"","spare-part-table":""},"_links":{"self":[{"href":"https:\/\/konpart.de\/de\/wp-json\/wp\/v2\/product\/3992","targetHints":{"allow":["GET"]}}],"collection":[{"href":"https:\/\/konpart.de\/de\/wp-json\/wp\/v2\/product"}],"about":[{"href":"https:\/\/konpart.de\/de\/wp-json\/wp\/v2\/types\/product"}],"wp:featuredmedia":[{"embeddable":true,"href":"https:\/\/konpart.de\/de\/wp-json\/wp\/v2\/media\/3622"}],"wp:attachment":[{"href":"https:\/\/konpart.de\/de\/wp-json\/wp\/v2\/media?parent=3992"}],"wp:term":[{"taxonomy":"product-type","embeddable":true,"href":"https:\/\/konpart.de\/de\/wp-json\/wp\/v2\/product-type?post=3992"}],"curies":[{"name":"wp","href":"https:\/\/api.w.org\/{rel}","templated":true}]}}