{"id":3993,"date":"2024-11-21T15:56:27","date_gmt":"2024-11-21T14:56:27","guid":{"rendered":"https:\/\/konpart.de\/product\/kp-deutschland\/"},"modified":"2024-11-21T15:56:27","modified_gmt":"2024-11-21T14:56:27","slug":"kp-deutschland","status":"publish","type":"product","link":"https:\/\/konpart.de\/de\/product\/kp-deutschland\/","title":{"rendered":"KP Deutschland"},"excerpt":{"rendered":"<p>KonPart Import-Export GmbH bietet unter der eigenen Marke KP GERMANY ein umfangreiches Sortiment an geschmiedeten Kurbelwellen in Erstausr\u00fcstungsqualit\u00e4t (OE) an.<\/p>\n","protected":false},"featured_media":3618,"template":"","meta":{"_acf_changed":false},"product-type":[],"class_list":["post-3993","product","type-product","status-publish","has-post-thumbnail","hentry"],"acf":{"product-claim":"KP GERMANY Kurbelwellen","product-description":"<h3>Geschmiedete Kurbelwellen in OE-Qualit\u00e4t, hergestellt in der EU<\/h3>\nKonPart Import-Export GmbH bietet unter der eigenen Marke KP GERMANY ein umfangreiches Sortiment an geschmiedeten Kurbelwellen in Erstausr\u00fcstungsqualit\u00e4t (OE) an.\n\nDie Kurbelwellen-Produktpalette von KP GERMANY deckt die meisten g\u00e4ngigen europ\u00e4ischen, amerikanischen und asiatischen Lkw-, Bus- und Schwerlastanwendungen ab, wie z.B.:\n<ul>\n \t<li>MERCEDES<\/li>\n \t<li>MAN<\/li>\n \t<li>IVECO<\/li>\n \t<li>VOLVO<\/li>\n \t<li>SCANIA<\/li>\n \t<li>DAF<\/li>\n \t<li>MACK<\/li>\n \t<li>CATERPILLAR<\/li>\n \t<li>PERKINS<\/li>\n \t<li>CUMMINS<\/li>\n \t<li>INTERNATIONAL<\/li>\n \t<li>JOHN DEERE<\/li>\n \t<li>KOMATSU<\/li>\n \t<li>usw.<\/li>\n<\/ul>\n[ws-catalog]\n\nAlle Kurbelwellen von KP GERMANY werden in der Europ\u00e4ischen Union gem\u00e4\u00df der ISO 9001:2000 Zertifizierung hergestellt. Eine zuverl\u00e4ssige und kosteneffiziente Alternative zu OE-Kurbelwellen auf dem Ersatzteilmarkt dank strenger OE-Qualit\u00e4tsstandards und kontinuierlicher Weiterentwicklung. ","catalog":[{"catalog-name":"KP GERMANY Kurbelwelle Referenzliste","catalog-description":"","katalog-cover":"","katalog-file":1175}],"logo-reihenfolge":"","spare-part-table":""},"_links":{"self":[{"href":"https:\/\/konpart.de\/de\/wp-json\/wp\/v2\/product\/3993","targetHints":{"allow":["GET"]}}],"collection":[{"href":"https:\/\/konpart.de\/de\/wp-json\/wp\/v2\/product"}],"about":[{"href":"https:\/\/konpart.de\/de\/wp-json\/wp\/v2\/types\/product"}],"wp:featuredmedia":[{"embeddable":true,"href":"https:\/\/konpart.de\/de\/wp-json\/wp\/v2\/media\/3618"}],"wp:attachment":[{"href":"https:\/\/konpart.de\/de\/wp-json\/wp\/v2\/media?parent=3993"}],"wp:term":[{"taxonomy":"product-type","embeddable":true,"href":"https:\/\/konpart.de\/de\/wp-json\/wp\/v2\/product-type?post=3993"}],"curies":[{"name":"wp","href":"https:\/\/api.w.org\/{rel}","templated":true}]}}