{"id":3994,"date":"2024-11-21T15:50:57","date_gmt":"2024-11-21T14:50:57","guid":{"rendered":"https:\/\/konpart.de\/product\/gebe\/"},"modified":"2024-11-21T15:50:57","modified_gmt":"2024-11-21T14:50:57","slug":"gebe","status":"publish","type":"product","link":"https:\/\/konpart.de\/de\/product\/gebe\/","title":{"rendered":"GeBe"},"excerpt":{"rendered":"<p>IKA ist ein Handelsunternehmen f\u00fcr elektrische Ersatzteile f\u00fcr Anlasser, Lichtmaschinen und AC-Kompressoren, das 1983 gegr\u00fcndet wurde. In den letzten 28 Jahren hat das Unternehmen seinen Bestand und seine Dienstleistungen stetig erweitert. IKA vertreibt heute \u00fcber 7.000 Komponenten und Teile.  <\/p>\n","protected":false},"featured_media":3594,"template":"","meta":{"_acf_changed":false},"product-type":[],"class_list":["post-3994","product","type-product","status-publish","has-post-thumbnail","hentry"],"acf":{"product-claim":"IKA GeBe Produkte","product-description":"IKA ist ein Handelsunternehmen f\u00fcr elektrische Ersatzteile f\u00fcr Anlasser, Lichtmaschinen und AC-Kompressoren, das 1983 gegr\u00fcndet wurde. In den letzten 28 Jahren hat das Unternehmen seinen Bestand und seine Dienstleistungen stetig erweitert. Heute vertreibt IKA \u00fcber 7.000 Komponenten und Teile. IKA beliefert \u00fcber 500 Kunden in mehr als 70 L\u00e4ndern, darunter alle namhaften Instandsetzungsbetriebe und Gro\u00dfh\u00e4ndler.   \n\n[ws-catalog]\n\nDie langj\u00e4hrige Erfahrung in verschiedenen M\u00e4rkten weltweit macht IKA zu einem zuverl\u00e4ssigen Partner mit hoher Qualit\u00e4t f\u00fcr bew\u00e4hrte und innovative Produkte.\n\nAls IKA Ge Be Lieferant exportiert KonPart Import-Export GmbH IKA Ge Be Produkte wie z.B. IKA Ge Be Kohleb\u00fcrsten, IKA Ge Be Lichtmaschinenteile, IKA Ge Be Riemenscheiben, IKA Ge Be Buchsen \/ Anlasserteile, IKA Ge Be Starterbuchsen, IKA Ge Be Anlasserteile, IKA Ge Be B\u00fcrstenhalter, IKA Ge Be Lager, IKA Ge Be Reparaturs\u00e4tze.","catalog":[{"catalog-name":"IKA-GEBE Lichtmaschinen-Riemenscheiben Katalog 2014","catalog-description":"","katalog-cover":1154,"katalog-file":1138},{"catalog-name":"IKA-GEBE Katalog Motormanagement 2014-2015","catalog-description":"","katalog-cover":1158,"katalog-file":1142},{"catalog-name":"IKA-GEBE Anlasser & Lichtmaschinen Katalog 2014-2015","catalog-description":"","katalog-cover":1162,"katalog-file":1146},{"catalog-name":"IKA-GEBE Starter Ersatzteilkatalog 2014-2015","catalog-description":"","katalog-cover":1166,"katalog-file":1150}],"logo-reihenfolge":"","spare-part-table":""},"_links":{"self":[{"href":"https:\/\/konpart.de\/de\/wp-json\/wp\/v2\/product\/3994","targetHints":{"allow":["GET"]}}],"collection":[{"href":"https:\/\/konpart.de\/de\/wp-json\/wp\/v2\/product"}],"about":[{"href":"https:\/\/konpart.de\/de\/wp-json\/wp\/v2\/types\/product"}],"wp:featuredmedia":[{"embeddable":true,"href":"https:\/\/konpart.de\/de\/wp-json\/wp\/v2\/media\/3594"}],"wp:attachment":[{"href":"https:\/\/konpart.de\/de\/wp-json\/wp\/v2\/media?parent=3994"}],"wp:term":[{"taxonomy":"product-type","embeddable":true,"href":"https:\/\/konpart.de\/de\/wp-json\/wp\/v2\/product-type?post=3994"}],"curies":[{"name":"wp","href":"https:\/\/api.w.org\/{rel}","templated":true}]}}