{"id":3995,"date":"2024-11-21T15:41:20","date_gmt":"2024-11-21T14:41:20","guid":{"rendered":"https:\/\/konpart.de\/product\/hella\/"},"modified":"2024-11-21T15:41:20","modified_gmt":"2024-11-21T14:41:20","slug":"hella","status":"publish","type":"product","link":"https:\/\/konpart.de\/de\/product\/hella\/","title":{"rendered":"Hella"},"excerpt":{"rendered":"<p>Als einer der 50 gr\u00f6\u00dften Erstausr\u00fcster f\u00fcr Automobilersatzteile weltweit entwickelt und produziert HELLA hochwertige Beleuchtungs- und Elektronikkomponenten und -systeme f\u00fcr die Automobilindustrie. In Joint-Venture-Unternehmen werden komplette Fahrzeugmodule, Klimaanlagen und Bordnetzsysteme produziert. <\/p>\n","protected":false},"featured_media":3606,"template":"","meta":{"_acf_changed":false},"product-type":[],"class_list":["post-3995","product","type-product","status-publish","has-post-thumbnail","hentry"],"acf":{"product-claim":"Hella Produkte","product-description":"Als einer der 50 gr\u00f6\u00dften Erstausr\u00fcster f\u00fcr Automobilersatzteile weltweit entwickelt und produziert HELLA hochwertige Beleuchtungs- und Elektronikkomponenten und -systeme f\u00fcr die Automobilindustrie. In Joint-Venture-Unternehmen werden komplette Fahrzeugmodule, Klimaanlagen und Bordnetzsysteme produziert. \n\n[ws-catalog]\n\nHELLA ist ein unabh\u00e4ngiges Familienunternehmen mit mehr als 30.700 Mitarbeitern an 100 Standorten in mehr als 35 L\u00e4ndern. Mit mehr als 5.800 Mitarbeitern in der Forschung und Entwicklung ist HELLA einer der wichtigsten Innovationstreiber auf dem Markt. \n\nAls Aftermarket-Zulieferer entwickelt, produziert und vermarktet HELLA ein umfangreiches Aftermarket-Produktsortiment f\u00fcr Beleuchtung, Elektrik, Elektronik und W\u00e4rmemanagement mit mehr als 38.000 Artikeln - ein leistungsstarkes Portfolio, das eine Vielzahl von Anwendungen abdeckt. Die HELLA Ersatzteile f\u00fcr den Ersatzteilmarkt stammen aus der eigenen Produktion, aus Joint Ventures mit anderen Herstellern hochwertiger Teile sowie aus der HELLA OEM-Produktion. ","catalog":[{"catalog-name":"HELLA Hauptkatalog Elektrik & Elektronik 2012-2013","catalog-description":"","katalog-cover":1089,"katalog-file":1113},{"catalog-name":"HELLA Hauptkatalog Beleuchtung 2010-2011","catalog-description":"","katalog-cover":1093,"katalog-file":1117},{"catalog-name":"HELLA Relais, Hupen & Schalter Katalog 2012","catalog-description":"","katalog-cover":1097,"katalog-file":1121},{"catalog-name":"HELLA Signals Katalog","catalog-description":"","katalog-cover":1101,"katalog-file":1125},{"catalog-name":"HELLA Anlasser & Lichtmaschinen 2013-2014","catalog-description":"","katalog-cover":1105,"katalog-file":1129},{"catalog-name":"HELLA Katalog K\u00fchlung & Klimaanlagen f\u00fcr Hochleistungsmotoren 2012","catalog-description":"","katalog-cover":1085,"katalog-file":1109}],"logo-reihenfolge":21,"spare-part-table":""},"_links":{"self":[{"href":"https:\/\/konpart.de\/de\/wp-json\/wp\/v2\/product\/3995","targetHints":{"allow":["GET"]}}],"collection":[{"href":"https:\/\/konpart.de\/de\/wp-json\/wp\/v2\/product"}],"about":[{"href":"https:\/\/konpart.de\/de\/wp-json\/wp\/v2\/types\/product"}],"wp:featuredmedia":[{"embeddable":true,"href":"https:\/\/konpart.de\/de\/wp-json\/wp\/v2\/media\/3606"}],"wp:attachment":[{"href":"https:\/\/konpart.de\/de\/wp-json\/wp\/v2\/media?parent=3995"}],"wp:term":[{"taxonomy":"product-type","embeddable":true,"href":"https:\/\/konpart.de\/de\/wp-json\/wp\/v2\/product-type?post=3995"}],"curies":[{"name":"wp","href":"https:\/\/api.w.org\/{rel}","templated":true}]}}