{"id":3997,"date":"2024-11-21T15:33:12","date_gmt":"2024-11-21T14:33:12","guid":{"rendered":"https:\/\/konpart.de\/product\/glyco\/"},"modified":"2024-11-21T15:33:12","modified_gmt":"2024-11-21T14:33:12","slug":"glyco","status":"publish","type":"product","link":"https:\/\/konpart.de\/de\/product\/glyco\/","title":{"rendered":"Glyco"},"excerpt":{"rendered":"<p>Federal-Mogul ist weltweit f\u00fchrend in der Motorlagertechnologie, und eine unserer am meisten gesch\u00e4tzten Motorlagermarken ist Glyco\u00ae.<\/p>\n","protected":false},"featured_media":3598,"template":"","meta":{"_acf_changed":false},"product-type":[],"class_list":["post-3997","product","type-product","status-publish","has-post-thumbnail","hentry"],"acf":{"product-claim":"Glyco Produkte","product-description":"<h3>Mehr als 100 Jahre globale F\u00fchrungsrolle<\/h3>\nFederal-Mogul ist weltweit f\u00fchrend in der Motorlagertechnologie, und eine unserer am meisten gesch\u00e4tzten Motorlagermarken ist Glyco\u00ae.\n\n[ws-catalog]\n\nSeit mehr als 100 Jahren bietet unsere Marke Glyco dem Kfz-Ersatzteilmarkt eine un\u00fcbertroffene Auswahl an Lagern und Werkstoffen, die von zwei der bestausgestatteten Lagerforschungszentren der Welt unterst\u00fctzt werden.\n\nJedes Jahr werden die OE-Lager von Glyco in mehr als 10 Millionen Automobil-, Schiffs- und Station\u00e4rmotoren sowie in Land- und Baumaschinen eingebaut. Unsere bew\u00e4hrte OE-Expertise ist ein Grund daf\u00fcr, dass Glyco die erste Wahl f\u00fcr Aftermarket-Lager geworden ist. \n\nDas Angebot von Glyco Engine Solutions umfasst sowohl Lager als auch Motors\u00e4tze (Buchsen und Anlaufscheiben).","catalog":[{"catalog-name":"GLYCO W\u00e4lzlager Katalog 2013-2014","catalog-description":"","katalog-cover":1054,"katalog-file":1058}],"logo-reihenfolge":15,"spare-part-table":""},"_links":{"self":[{"href":"https:\/\/konpart.de\/de\/wp-json\/wp\/v2\/product\/3997","targetHints":{"allow":["GET"]}}],"collection":[{"href":"https:\/\/konpart.de\/de\/wp-json\/wp\/v2\/product"}],"about":[{"href":"https:\/\/konpart.de\/de\/wp-json\/wp\/v2\/types\/product"}],"wp:featuredmedia":[{"embeddable":true,"href":"https:\/\/konpart.de\/de\/wp-json\/wp\/v2\/media\/3598"}],"wp:attachment":[{"href":"https:\/\/konpart.de\/de\/wp-json\/wp\/v2\/media?parent=3997"}],"wp:term":[{"taxonomy":"product-type","embeddable":true,"href":"https:\/\/konpart.de\/de\/wp-json\/wp\/v2\/product-type?post=3997"}],"curies":[{"name":"wp","href":"https:\/\/api.w.org\/{rel}","templated":true}]}}