{"id":3999,"date":"2024-11-21T13:19:35","date_gmt":"2024-11-21T12:19:35","guid":{"rendered":"https:\/\/konpart.de\/product\/flagge-deutschland\/"},"modified":"2024-11-21T13:19:35","modified_gmt":"2024-11-21T12:19:35","slug":"flagge-deutschland","status":"publish","type":"product","link":"https:\/\/konpart.de\/de\/product\/flagge-deutschland\/","title":{"rendered":"Flagge Deutschland"},"excerpt":{"rendered":"<p>FLAG GERMANY ist die weltweit eingetragene Qualit\u00e4tsmarke von Portex, die auf Dieseleinspritzung und elektronische Teile f\u00fcr die Automobilindustrie spezialisiert ist. Portex behauptet mit Stolz, dass das Unternehmen im Laufe der letzten 24 Jahre die F\u00fchrung auf dem Automobil-Ersatzteilmarkt \u00fcbernommen hat. <\/p>\n","protected":false},"featured_media":3586,"template":"","meta":{"_acf_changed":false},"product-type":[],"class_list":["post-3999","product","type-product","status-publish","has-post-thumbnail","hentry"],"acf":{"product-claim":"Flagge Deutschland - Portex Produkte","product-description":"FLAG GERMANY ist die weltweit eingetragene Qualit\u00e4tsmarke von Portex, die auf Dieseleinspritzung und elektronische Teile f\u00fcr die Automobilindustrie spezialisiert ist. Portex behauptet mit Stolz, dass das Unternehmen im Laufe der letzten 24 Jahre die F\u00fchrung auf dem Automobil-Ersatzteilmarkt \u00fcbernommen hat. Die Kunden von Portex sch\u00e4tzen das weltweite Prestige des Markennamens FLAG GERMANY und belohnen es mit ihrem langj\u00e4hrigen Vertrauen und ihrer Loyalit\u00e4t. Auch namhafte OE-Hersteller haben Portex als kompetenten Partner sch\u00e4tzen gelernt.   \n\n[ws-catalog]\n\nIm Laufe seiner Geschichte hat sich das Unternehmen von einem Handelsunternehmen zu einem innovativen Produzenten entwickelt. FLAG GERMANY Anlasser und Generatoren, F\u00f6rderpumpen und Reparaturs\u00e4tze werden im eigenen Werk in Deutschland hergestellt. Dadurch ist Portex in der Lage, seinen Kunden h\u00f6chste Flexibilit\u00e4t und Individualit\u00e4t zu bieten. Dar\u00fcber hinaus verf\u00fcgt Portex \u00fcber externe Produktionsst\u00e4tten im Ausland, die vor Ort von erfahrenen Technikern unterst\u00fctzt werden. Dadurch ist Portex in der Lage, die st\u00e4ndig wachsenden Bed\u00fcrfnisse seiner Kunden und die hohen Standards der FLAG GERMANY Produkte zu erf\u00fcllen. Die Philosophie von Portex verbindet seit jeher traditionelle Werte aus 25 Jahren Erfahrung mit modernsten Technologien und Kompetenz auf h\u00f6chstem Niveau.     \n\nPortex hat sich auf den Bereich der Dieseleinspritztechnik spezialisiert. Mit seiner Standardproduktpalette hat Portex seine Effizienz und Wettbewerbsf\u00e4higkeit auf dem Weltmarkt bewiesen. \n\nFLAG GERMANY Diesel Programm beinhaltet:\n<ul>\n \t<li>Ersatzteile und Reparaturkits f\u00fcr alle Einspritzsysteme<\/li>\n \t<li>F\u00f6rderpumpen<\/li>\n \t<li>D\u00fcsenbefestigungen<\/li>\n<\/ul>\nAuf Wunsch seiner Kunden hat Portex seine Produktpalette um weitere Produkte erweitert:\n<ul>\n \t<li>Einspritzd\u00fcsen<\/li>\n \t<li>Teile der Pumpe<\/li>\n \t<li>Druckventile<\/li>\n<\/ul>\nVor einigen Jahren hat Portex damit begonnen, seine Produktpalette um die Fahrzeugelektrik zu erweitern.\n\nDas elektrische Programm von FLAG GERMANY umfasst:\n<ul>\n \t<li>Vorspeisen<\/li>\n \t<li>Generatoren (komplett und Ersatzteile)<\/li>\n \t<li>Blinkgeber<\/li>\n \t<li>Wechselt zu<\/li>\n \t<li>Gouverneure<\/li>\n \t<li>Spannungswandler<\/li>\n \t<li>Sensoren<\/li>\n \t<li>Z\u00fcndkerzen<\/li>\n \t<li>Kraftstoffpumpen und vieles mehr.<\/li>\n<\/ul>\nDar\u00fcber hinaus finden Sie in der Portex-Produktpalette auch Teile f\u00fcr den Kraftfahrzeugbau:\n<ul>\n \t<li>Dichtungss\u00e4tze f\u00fcr Hinterachsen und Lenkgetriebe<\/li>\n \t<li>Wellendichtringe<\/li>\n \t<li>Werkzeuge<\/li>\n<\/ul>","catalog":[{"catalog-name":"FLAG GERMANY Common Rail Ersatzteilkatalog 2014","catalog-description":"FLAG GERMANY Common-Rail-Ersatzteilkatalog 2014 mit Reparaturs\u00e4tzen, D\u00fcsen und Kolben f\u00fcr DENSO und BOSCH, Reparaturs\u00e4tzen f\u00fcr DENSO-Hochdruckpumpen HP 2 \/ 3 und 4, Reparaturs\u00e4tzen f\u00fcr BOSCH-Hochdruckpumpen CR\/CP und DELPHI-Injektoren, Ventilen, Distanzst\u00fccken und D\u00fcsen. Der Katalog ist sehr gut bebildert und zeigt jedes Teil eines jeden Kits. Austauschbare Teile f\u00fcr DENSO, BOSCH und DELPHI verf\u00fcgbar  ","katalog-cover":922,"katalog-file":894},{"catalog-name":"FLAG GERMANY Diesel Einspritz Teilekatalog 2014 - Teil 1","catalog-description":"Der FLAG GERMANY Katalog f\u00fcr Diesel-Einspritzteile umfasst Einspritzpumpen, D\u00fcsen, Common Rails, F\u00f6rderpumpen f\u00fcr alle g\u00e4ngigen LKW und Busse. Der Index und die Querverweisliste des Katalogs erm\u00f6glichen die Suche nach den OE-Herstellern BOSCH, DELPHI, DENSO, ZEXEL, STANADYNE usw. ","katalog-cover":926,"katalog-file":898},{"catalog-name":"FLAG GERMANY Diesel-Einspritzteilekatalog 2014 - Teil 2","catalog-description":"Der FLAG GERMANY Katalog f\u00fcr Diesel-Einspritzteile umfasst Einspritzpumpen, D\u00fcsen, Common Rails, F\u00f6rderpumpen f\u00fcr alle g\u00e4ngigen LKW und Busse. Der Index und die Querverweisliste des Katalogs erm\u00f6glichen die Suche nach den OE-Herstellern BOSCH, DELPHI, DENSO, ZEXEL, STANADYNE usw. ","katalog-cover":926,"katalog-file":902},{"catalog-name":"FLAG GERMANY Elektroteile Katalog","catalog-description":"Der FLAG GERMANY Katalog f\u00fcr elektrische Teile umfasst Anlasser, Ersatzteile f\u00fcr Anlasser, Lichtmaschinen, Regler und Seilz\u00fcge usw. f\u00fcr alle g\u00e4ngigen LKWs und Busse. Die Querverweisliste des Katalogs erm\u00f6glicht die Suche nach den OE-Herstellern BOSCH, DAF, IVECO, KHD, MAN, MERCEDES BENZ, RENAULT, SCANIA und VOLVO. Die Referenznummern sind angegeben.  ","katalog-cover":930,"katalog-file":906},{"catalog-name":"FLAG Katalog Hydraulikkomponenten 2014","catalog-description":"","katalog-cover":934,"katalog-file":910},{"catalog-name":"FLAG Einheitspumpensysteme Katalog 2014","catalog-description":"","katalog-cover":938,"katalog-file":914}],"logo-reihenfolge":"","spare-part-table":""},"_links":{"self":[{"href":"https:\/\/konpart.de\/de\/wp-json\/wp\/v2\/product\/3999","targetHints":{"allow":["GET"]}}],"collection":[{"href":"https:\/\/konpart.de\/de\/wp-json\/wp\/v2\/product"}],"about":[{"href":"https:\/\/konpart.de\/de\/wp-json\/wp\/v2\/types\/product"}],"wp:featuredmedia":[{"embeddable":true,"href":"https:\/\/konpart.de\/de\/wp-json\/wp\/v2\/media\/3586"}],"wp:attachment":[{"href":"https:\/\/konpart.de\/de\/wp-json\/wp\/v2\/media?parent=3999"}],"wp:term":[{"taxonomy":"product-type","embeddable":true,"href":"https:\/\/konpart.de\/de\/wp-json\/wp\/v2\/product-type?post=3999"}],"curies":[{"name":"wp","href":"https:\/\/api.w.org\/{rel}","templated":true}]}}