{"id":4000,"date":"2024-11-21T13:11:34","date_gmt":"2024-11-21T12:11:34","guid":{"rendered":"https:\/\/konpart.de\/product\/ferodo\/"},"modified":"2024-11-21T13:11:34","modified_gmt":"2024-11-21T12:11:34","slug":"ferodo","status":"publish","type":"product","link":"https:\/\/konpart.de\/de\/product\/ferodo\/","title":{"rendered":"Ferodo"},"excerpt":{"rendered":"<p>Ferodo, der erste Name f\u00fcr Bremsen, wurde 1897 in England gegr\u00fcndet und war f\u00fchrend in der Entwicklung von Reibmaterialien in ihrer modernen Form.<\/p>\n","protected":false},"featured_media":3582,"template":"","meta":{"_acf_changed":false},"product-type":[],"class_list":["post-4000","product","type-product","status-publish","has-post-thumbnail","hentry"],"acf":{"product-claim":"Ferodo Produkte","product-description":"<h3>Der erste Name in Brakes<\/h3>\nFerodo, <em>der erste Name f\u00fcr Bremsen<\/em>, wurde 1897 in England gegr\u00fcndet und war f\u00fchrend in der Entwicklung von Reibmaterialien in ihrer modernen Form.\n\n[ws-catalog]\n\nHeute sind unsere Ferodo-Bremsprodukte so konzipiert, dass sie die Spezifikationen der Erstausr\u00fcstung erf\u00fcllen oder \u00fcbertreffen und Folgendes bieten:\n<ul>\n \t<li>Sichere und zuverl\u00e4ssige Bremsleistung<\/li>\n \t<li>Verl\u00e4ngerte Lebensdauer<\/li>\n \t<li>OE-Technologien und innovative L\u00f6sungen f\u00fcr den Ersatzteilmarkt<\/li>\n<\/ul>\nDie Bremsprodukte der Marke Ferodo bieten auch im Renn- und Rallyesport eine \u00fcberragende Leistung. So verf\u00fcgen unsere Ingenieure \u00fcber die Erfahrung und das Wissen, um Reibungsl\u00f6sungen f\u00fcr die anspruchsvollsten Bremssituationen zu entwickeln. Ferodo bietet die ultimative Bremse f\u00fcr diejenigen, die nichts weniger als das Beste akzeptieren. \n\nDie Aftermarket-Kunden von Federal-Mogul profitieren von der bew\u00e4hrten Kompetenz von Ferodo bei der Entwicklung und Herstellung von OE-Komponenten. Wir bieten eine wachsende Palette innovativer Technologien an, die ein Problem l\u00f6sen, die Arbeit erleichtern oder die Fahrzeugleistung verbessern. ","catalog":[{"catalog-name":"FERODO Bremsbel\u00e4ge Scheiben & Zubeh\u00f6r Auto-Katalog 2011","catalog-description":"","katalog-cover":875,"katalog-file":883},{"catalog-name":"FERODO Bremsbel\u00e4ge Scheiben & Zubeh\u00f6r LKW Katalog 2013","catalog-description":"","katalog-cover":879,"katalog-file":887}],"logo-reihenfolge":"","spare-part-table":""},"_links":{"self":[{"href":"https:\/\/konpart.de\/de\/wp-json\/wp\/v2\/product\/4000","targetHints":{"allow":["GET"]}}],"collection":[{"href":"https:\/\/konpart.de\/de\/wp-json\/wp\/v2\/product"}],"about":[{"href":"https:\/\/konpart.de\/de\/wp-json\/wp\/v2\/types\/product"}],"wp:featuredmedia":[{"embeddable":true,"href":"https:\/\/konpart.de\/de\/wp-json\/wp\/v2\/media\/3582"}],"wp:attachment":[{"href":"https:\/\/konpart.de\/de\/wp-json\/wp\/v2\/media?parent=4000"}],"wp:term":[{"taxonomy":"product-type","embeddable":true,"href":"https:\/\/konpart.de\/de\/wp-json\/wp\/v2\/product-type?post=4000"}],"curies":[{"name":"wp","href":"https:\/\/api.w.org\/{rel}","templated":true}]}}