{"id":4001,"date":"2024-11-21T13:08:37","date_gmt":"2024-11-21T12:08:37","guid":{"rendered":"https:\/\/konpart.de\/product\/federal-mogul\/"},"modified":"2024-11-21T13:08:37","modified_gmt":"2024-11-21T12:08:37","slug":"federal-mogul","status":"publish","type":"product","link":"https:\/\/konpart.de\/de\/product\/federal-mogul\/","title":{"rendered":"Federal Mogul"},"excerpt":{"rendered":"<p>Federal-Mogul ist eines der weltweit f\u00fchrenden Unternehmen f\u00fcr Ersatzteile f\u00fcr die Erstausr\u00fcstung (OE) und den Ersatzteilmarkt.<\/p>\n","protected":false},"featured_media":3578,"template":"","meta":{"_acf_changed":false},"product-type":[],"class_list":["post-4001","product","type-product","status-publish","has-post-thumbnail","hentry"],"acf":{"product-claim":"Federal-Mogul Produkte","product-description":"<h3>Bestes Portfolio an Aftermarket-Ersatzteilmarken<\/h3>\nFederal-Mogul ist eines der weltweit f\u00fchrenden Unternehmen f\u00fcr Ersatzteile f\u00fcr die Erstausr\u00fcstung (OE) und den Ersatzteilmarkt.\n\nMit dem bekanntesten Marken- und Produktportfolio der Branche bietet die Federal Mogul Corporation Aftermarket-L\u00f6sungen f\u00fcr Motor-, Dichtungs-, Lenkungs- und Bremsenreparaturen sowie Routinewartungen f\u00fcr Millionen von Pkw, leichten Nutzfahrzeugen und Nutzfahrzeugen auf allen Kontinenten:\n<ul>\n \t<li><a href=\"https:\/\/konpart.de\/product\/ferodo\/\" hreflang=\"en\">FERODO, JURID & BERAL Bremsteile<\/a><\/li>\n \t<li><a href=\"https:\/\/konpart.de\/product\/glyco\/\" hreflang=\"en\">GLYCO-Lager<\/a><\/li>\n \t<li><a href=\"https:\/\/konpart.de\/product\/goetze\/\" hreflang=\"en\">GOETZE Kolbenringe & Zylinderlaufbuchsen<\/a><\/li>\n \t<li><a href=\"https:\/\/konpart.de\/product\/nural\/\" hreflang=\"en\">N\u00dcRAL Kolben & Baugruppen<\/a><\/li>\n \t<li><a href=\"https:\/\/konpart.de\/product\/payen\/\" hreflang=\"en\">PAYEN Dichtungen, Kopfbolzen & \u00d6ldichtungen<\/a><\/li>\n \t<li>CHAMPION Z\u00fcndkerzen & Filter<\/li>\n \t<li><a href=\"https:\/\/konpart.de\/product\/moog\/\" hreflang=\"en\">MOOG Teile f\u00fcr Lenkung und Aufh\u00e4ngung<\/a><\/li>\n \t<li><a href=\"https:\/\/konpart.de\/product\/fp-diesel\/\" hreflang=\"en\">FP DIESEL Heavy Duty Teile f\u00fcr amerikanische Maschinen<\/a><\/li>\n<\/ul>\nKein anderer Ersatzteilhersteller kommt in Bezug auf Ruf und Loyalit\u00e4t an die von Federal-Moguls bevorzugten Marken heran!\n<h3>F\u00dcHREND IN DER OE-TECHNOLOGIE UND FERTIGUNG<\/h3>\nKunden im Aftermarket auf der ganzen Welt profitieren von der technischen und produktionstechnischen Kompetenz von Federal-Mogul, einem f\u00fchrenden Anbieter von Erstausr\u00fcstungs-Technologien f\u00fcr die gr\u00f6\u00dften Automobilhersteller der Welt. Federal-Mogul bietet eine umfassende Palette innovativer Produkte an, die Probleme l\u00f6sen, Reparaturen erleichtern und die Fahrzeugleistung verbessern. Federal-Mogul bietet Ihnen hervorragende fortschrittliche Motorl\u00f6sungen, die die hohen Standards der Fahrzeug- und Motorenhersteller erf\u00fcllen. Die Aftermarket-Produkte von Federal-Mogul werden so entwickelt und hergestellt, dass sie die Anforderungen der Erstausr\u00fcstung erf\u00fcllen und in erstklassigen Pr\u00fcfeinrichtungen zertifiziert werden.   \n<h3>F&E-F\u00dcHRERSCHAFT<\/h3>\nDie Fabriken von Federal-Mogul werden von einem globalen Netzwerk von Forschungs- und Entwicklungszentren unterst\u00fctzt. Diese technischen Zentren sind mit modernsten Test- und Entwicklungsverfahren und -ausr\u00fcstungen ausgestattet, um sicherzustellen, dass Federal-Mogul seinen Konkurrenten immer einen Schritt voraus ist und Teile und Materialien entwickelt, die auf die Bed\u00fcrfnisse der heutigen Fahrzeuge und Antriebsstr\u00e4nge abgestimmt sind. F\u00fcr Federal-Mogul ist die Zusammenarbeit in der Konstruktionsphase entscheidend. Deshalb arbeiten die Ingenieure von Federal-Mogul mit den Erstausr\u00fcstern zusammen, um neue Technologien zu entwickeln, die Kraftstoffeffizienz zu verbessern und zur Senkung des CO2-Aussto\u00dfes beizutragen. Mit rund 200 Wissenschaftlern und Ingenieuren, die an technologischen Entwicklungen arbeiten, und 26 Pr\u00fcfst\u00e4nden f\u00fcr Motoren f\u00fcr leichte Fahrzeuge (LV) und Nutzfahrzeuge (CV) zur Analyse der Forschungsergebnisse ist es leicht zu erkennen, warum Federal-Mogul f\u00fchrend ist, wenn es um die perfekte Abstimmung zwischen Anwendung und Produkt geht.    \n<h3>KOMPLETTE MOTORENKOMPETENZ<\/h3>\nFederal-Mogul bietet \u00fcber eine Gruppe weltweit anerkannter Marken, die von Experten in jeder Produktkategorie entwickelt werden, komplette Reparaturl\u00f6sungen f\u00fcr die Instandsetzung von Nutzfahrzeug-, LKW- und CV-Motoren an - einschlie\u00dflich aller wichtigen Motorenteile, Dichtungen, Dichtungen und Kopfschrauben. Die Motoren- und Dichtungsmarken von Federal-Mogul profitieren von diesem globalen F&E-Netzwerk und dem Fertigungs-Know-how. ","catalog":null,"logo-reihenfolge":"","spare-part-table":""},"_links":{"self":[{"href":"https:\/\/konpart.de\/de\/wp-json\/wp\/v2\/product\/4001","targetHints":{"allow":["GET"]}}],"collection":[{"href":"https:\/\/konpart.de\/de\/wp-json\/wp\/v2\/product"}],"about":[{"href":"https:\/\/konpart.de\/de\/wp-json\/wp\/v2\/types\/product"}],"wp:featuredmedia":[{"embeddable":true,"href":"https:\/\/konpart.de\/de\/wp-json\/wp\/v2\/media\/3578"}],"wp:attachment":[{"href":"https:\/\/konpart.de\/de\/wp-json\/wp\/v2\/media?parent=4001"}],"wp:term":[{"taxonomy":"product-type","embeddable":true,"href":"https:\/\/konpart.de\/de\/wp-json\/wp\/v2\/product-type?post=4001"}],"curies":[{"name":"wp","href":"https:\/\/api.w.org\/{rel}","templated":true}]}}