{"id":4002,"date":"2024-11-20T18:22:08","date_gmt":"2024-11-20T17:22:08","guid":{"rendered":"https:\/\/konpart.de\/product\/febi\/"},"modified":"2024-11-20T18:22:08","modified_gmt":"2024-11-20T17:22:08","slug":"febi","status":"publish","type":"product","link":"https:\/\/konpart.de\/de\/product\/febi\/","title":{"rendered":"febi"},"excerpt":{"rendered":"<p>Als Teil der Bilstein Group ist Febi (Ferdinand Bilstein GmbH + Co. KG) einer der gro\u00dfen deutschen unabh\u00e4ngigen Hersteller f\u00fcr den Kfz-Ersatzteilmarkt (IAM). Neben Febi besitzt die Bilstein Group weitere Marken f\u00fcr Kfz-Ersatzteile wie SWAG, KM Germany und Blue Print. <\/p>\n","protected":false},"featured_media":3574,"template":"","meta":{"_acf_changed":false},"product-type":[],"class_list":["post-4002","product","type-product","status-publish","has-post-thumbnail","hentry"],"acf":{"product-claim":"Febi Produkte","product-description":"Als Teil der Bilstein Group ist Febi (Ferdinand Bilstein GmbH + Co. KG) einer der gro\u00dfen deutschen unabh\u00e4ngigen Hersteller f\u00fcr den Kfz-Ersatzteilmarkt (IAM). Neben Febi besitzt die Bilstein Group weitere Marken f\u00fcr Automobilersatzteile wie SWAG, KM Germany und Blue Print. Febi steht seit mehr als 160 Jahren f\u00fcr Kontinuit\u00e4t, Qualit\u00e4t, Service, Zuverl\u00e4ssigkeit und Innovation.  \n\nFebi bietet dem Ersatzteilmarkt ein umfassendes Angebot an hochwertigen IAM-Ersatzteilen mit einem Full-Range-Ansatz: Ein Sortiment von mehr als 34.000 Ersatz- und Verschlei\u00dfteilen f\u00fcr die meisten europ\u00e4ischen Personenkraftwagen und Nutzfahrzeuge, das st\u00e4ndig w\u00e4chst, da Febi bestrebt ist, dem Ersatzteilmarkt neue Produkte so schnell wie m\u00f6glich zur Verf\u00fcgung zu stellen.\n\n<img class=\"alignnone size-full wp-image-734\" src=\"https:\/\/konpart.de\/wp-content\/uploads\/2024\/11\/bilstein-group-logo_small.webp\" alt=\"\" width=\"595\" height=\"333\">\n\nNeben dem umfassenden Angebot von Febi, das von Lenkungsteilen \u00fcber Bremsteile bis hin zu Kraftstoffversorgung, Sensoren, Filtern usw. reicht, sind das hervorragende Preis-Leistungs-Verh\u00e4ltnis und die gute Verf\u00fcgbarkeit der Artikel die Hauptgr\u00fcnde f\u00fcr die Akzeptanz von Febi auf dem Markt und seinen Erfolg.\n\nAls offizieller Exporteur der Bilstein Group liefert die KonPart Import-Export GmbH das komplette Ersatzteilsortiment von Febi, Blue Print, KM Germany und SWAG.\n\n[ws-catalog]","catalog":[{"catalog-name":"FEBI DAF Gesamtkatalog 2014","catalog-description":"","katalog-cover":744,"katalog-file":805},{"catalog-name":"FEBI DAF XF Katalog 2011-2012","catalog-description":"","katalog-cover":748,"katalog-file":809},{"catalog-name":"FEBI IVECO Gesamtkatalog 2013-2014","catalog-description":"","katalog-cover":752,"katalog-file":813},{"catalog-name":"FEBI IVECO Stralis Katalog 2012-2013","catalog-description":"","katalog-cover":756,"katalog-file":817},{"catalog-name":"FEBI MAN Gesamtkatalog 2013-2014","catalog-description":"","katalog-cover":760,"katalog-file":821},{"catalog-name":"FEBI MAN TGA Katalog 2008-2009","catalog-description":"","katalog-cover":764,"katalog-file":825},{"catalog-name":"FEBI MAN TGS TGX Katalog 2010-2011","catalog-description":"","katalog-cover":768,"katalog-file":829},{"catalog-name":"FEBI MERCEDES-BENZ LKW Gesamtkatalog 2014-2015","catalog-description":"","katalog-cover":780,"katalog-file":841},{"catalog-name":"FEBI MERCEDES-BENZ Actros Axor Katalog 2011-2012","catalog-description":"","katalog-cover":772,"katalog-file":833},{"catalog-name":"FEBI MERCEDES-BENZ Atego Katalog 2011-2012","catalog-description":"","katalog-cover":776,"katalog-file":837},{"catalog-name":"FEBI RENAULT TRUCKS RVI Gesamtkatalog 2014-2015","catalog-description":"","katalog-cover":784,"katalog-file":845},{"catalog-name":"FEBI SCANIA Gesamtkatalog 2014-2015","catalog-description":"","katalog-cover":788,"katalog-file":849},{"catalog-name":"FEBI SCANIA Serie P-G-R-T Katalog 2012-2013","catalog-description":"","katalog-cover":792,"katalog-file":853},{"catalog-name":"FEBI VOLVO LKW Gesamtkatalog 2014-2015","catalog-description":"","katalog-cover":800,"katalog-file":861},{"catalog-name":"FEBI VOLVO FH Katalog 2011-2012","catalog-description":"","katalog-cover":796,"katalog-file":857}],"logo-reihenfolge":8,"spare-part-table":""},"_links":{"self":[{"href":"https:\/\/konpart.de\/de\/wp-json\/wp\/v2\/product\/4002","targetHints":{"allow":["GET"]}}],"collection":[{"href":"https:\/\/konpart.de\/de\/wp-json\/wp\/v2\/product"}],"about":[{"href":"https:\/\/konpart.de\/de\/wp-json\/wp\/v2\/types\/product"}],"wp:featuredmedia":[{"embeddable":true,"href":"https:\/\/konpart.de\/de\/wp-json\/wp\/v2\/media\/3574"}],"wp:attachment":[{"href":"https:\/\/konpart.de\/de\/wp-json\/wp\/v2\/media?parent=4002"}],"wp:term":[{"taxonomy":"product-type","embeddable":true,"href":"https:\/\/konpart.de\/de\/wp-json\/wp\/v2\/product-type?post=4002"}],"curies":[{"name":"wp","href":"https:\/\/api.w.org\/{rel}","templated":true}]}}