{"id":4004,"date":"2024-11-20T18:05:07","date_gmt":"2024-11-20T17:05:07","guid":{"rendered":"https:\/\/konpart.de\/product\/dtp\/"},"modified":"2024-11-20T18:05:07","modified_gmt":"2024-11-20T17:05:07","slug":"dtp","status":"publish","type":"product","link":"https:\/\/konpart.de\/de\/product\/dtp\/","title":{"rendered":"DTP"},"excerpt":{"rendered":"<p>DTP Motorteile GmbH ist ein deutscher Hersteller von qualitativ hochwertigen Dieselmotorteilen f\u00fcr den Aftermarket. Die umfangreiche Produktpalette von DTP umfasst Common-Rail-Teile, Pumpenteile, \u00dcberstr\u00f6mventile, Hubpumpen, Dichtungen und viele weitere Einspritzpumpen- und Dieselteile f\u00fcr die meisten g\u00e4ngigen LKWs. <\/p>\n","protected":false},"featured_media":3566,"template":"","meta":{"_acf_changed":false},"product-type":[],"class_list":["post-4004","product","type-product","status-publish","has-post-thumbnail","hentry"],"acf":{"product-claim":"DTP-Produkte","product-description":"<h3>DTP - Diesel Truck Parts<\/h3>\nDTP Motorteile GmbH ist ein deutscher Hersteller von qualitativ hochwertigen Dieselmotorteilen f\u00fcr den Aftermarket. Die umfangreiche Produktpalette von DTP umfasst Common-Rail-Teile, Pumpenteile, \u00dcberstr\u00f6mventile, Hubpumpen, Dichtungen und viele weitere Einspritzpumpen- und Dieselteile f\u00fcr die meisten g\u00e4ngigen LKWs. Die Produkte von DTP sind eine kosteneffiziente Alternative zu OE- oder OEM-Ersatzteilen und k\u00f6nnen ohne Einschr\u00e4nkungen als Ersatzteile verwendet werden.  \n\nDTP-Dieseleinspritzteile werden aus den besten Rohstoffen nach den neuesten Standards des Produktionsprozesses und unter strengen Qualit\u00e4tskontrollen hergestellt. Die gleichbleibend hohe Qualit\u00e4t der DTP-Teile garantiert eine zuverl\u00e4ssige und wirtschaftliche Funktion der Motoren unserer Kunden. \n\nAlle Arbeitsabl\u00e4ufe bei DTP Motorteile GmbH unterliegen einem Qualit\u00e4tsmanagementsystem und sind T\u00dcV-zertifiziert nach DIN EN ISO 9001.\n<h3>DTP-Produkte<\/h3>\n<ul>\n \t<li>Auslassventile<\/li>\n \t<li>Pumpen-Elemente<\/li>\n \t<li>F\u00f6rderpumpen f\u00fcr Einspritzpumpen<\/li>\n \t<li>Kraftstoffabschaltmagnete<\/li>\n \t<li>D\u00fcsen<\/li>\n \t<li>Dichtungen & Dichtungsringe<\/li>\n \t<li>Wellendichtringe f. Einspritzsysteme <\/li>\n \t<li>Unterlegscheiben f\u00fcr Einspritzpumpen<\/li>\n \t<li>mehr...<\/li>\n<\/ul>\n<a href=\"https:\/\/konpart.de\/wp-content\/uploads\/2024\/11\/DTP-Cross-Reference-List.pdf\" target=\"_blank\" rel=\"noopener\">DTP-Querverweisliste<\/a>","catalog":null,"logo-reihenfolge":24,"spare-part-table":""},"_links":{"self":[{"href":"https:\/\/konpart.de\/de\/wp-json\/wp\/v2\/product\/4004","targetHints":{"allow":["GET"]}}],"collection":[{"href":"https:\/\/konpart.de\/de\/wp-json\/wp\/v2\/product"}],"about":[{"href":"https:\/\/konpart.de\/de\/wp-json\/wp\/v2\/types\/product"}],"wp:featuredmedia":[{"embeddable":true,"href":"https:\/\/konpart.de\/de\/wp-json\/wp\/v2\/media\/3566"}],"wp:attachment":[{"href":"https:\/\/konpart.de\/de\/wp-json\/wp\/v2\/media?parent=4004"}],"wp:term":[{"taxonomy":"product-type","embeddable":true,"href":"https:\/\/konpart.de\/de\/wp-json\/wp\/v2\/product-type?post=4004"}],"curies":[{"name":"wp","href":"https:\/\/api.w.org\/{rel}","templated":true}]}}