{"id":4005,"date":"2024-11-20T16:44:54","date_gmt":"2024-11-20T15:44:54","guid":{"rendered":"https:\/\/konpart.de\/product\/dph\/"},"modified":"2024-11-20T16:44:54","modified_gmt":"2024-11-20T15:44:54","slug":"dph","status":"publish","type":"product","link":"https:\/\/konpart.de\/de\/product\/dph\/","title":{"rendered":"dph"},"excerpt":{"rendered":"<p>DPH &#8211; Hersteller von hochwertigen Gummis, Dichtungen und Dichtungsringen f\u00fcr die Automobil-, Bau- und Schiffsindustrie. Das Unternehmen DPH hat seinen Sitz in Deutschland und bietet ein breites Sortiment von mehr als 20.000 Dichtungsprodukten, die nach h\u00f6chsten Qualit\u00e4tsstandards hergestellt werden. <\/p>\n","protected":false},"featured_media":3562,"template":"","meta":{"_acf_changed":false},"product-type":[],"class_list":["post-4005","product","type-product","status-publish","has-post-thumbnail","hentry"],"acf":{"product-claim":"DPH Produkte","product-description":"DPH - Hersteller von hochwertigen Gummis, Dichtungen und Dichtungsringen f\u00fcr die Automobil-, Bau- und Schiffsindustrie. Das Unternehmen DPH hat seinen Sitz in Deutschland und bietet ein breites Sortiment von mehr als 20.000 Dichtungsprodukten, die nach h\u00f6chsten Qualit\u00e4tsstandards hergestellt werden. \n\nAls offizieller DPH-Lieferant exportiert die KonPart Import-Export GmbH das komplette Sortiment an DPH-Produkten wie \u00d6ldichtungen, Zylinderkopfdichtungen, Ventildeckeldichtungen, \u00d6lwannendichtungen, Ventilschaftdichtungen, Dichtungsringe, Flachdichtungen, Formteile, Dichtungss\u00e4tze und Reparaturs\u00e4tze.\n\nDPH-Gummis, Dichtungen und Dichtungsringe gelten f\u00fcr:\n<ul>\n \t<li>Autos: MERCEDES-BENZ, VW, BMW, FORD, OPEL, MAZDA, MITSUBISHI, NISSAN, SUBARU, SUZUKI, TOYOTA, KIA, VOLVO, SAAB, LADA, ROVER, LANCIA, FIAT, ALFA, RENAULT, PEUGEOT, CITROEN, PORSCHE, FERRARI<\/li>\n \t<li>Lastkraftwagen, Busse: MERCEDES-BENZ, VOLVO, SCANIA, DAF, MAN, IVECO, RVI, EVOBUS, FRUEHAUF, STEYR<\/li>\n \t<li>Bau, Landwirtschaft, Marine: CATERPILLAR, DEUTZ, KHD, MWM, CUMMINS, NEW HOLLAND, PERKINS<\/li>\n<\/ul>\n[ws-catalog]","catalog":[{"catalog-name":"DPH-Katalog - MERCEDES BENZ","catalog-description":"Dieser DPH MERCEDES BENZ Katalog umfasst Dichtungss\u00e4tze, Zylinderkopfdichtungen, Zylinderlaufbuchsendichtungen, \u00d6lwannendichtungen, Ventilschaftdichtungen, Unterlegscheiben, O-Ringe, Ventilf\u00fchrungen, Ventile usw. f\u00fcr g\u00e4ngige MERCEDES BENZ Fahrzeuge. Der Katalog enth\u00e4lt eine Querverweisliste am Anfang des Katalogs. ","katalog-cover":617,"katalog-file":661},{"catalog-name":"DPH Katalog - SCANIA","catalog-description":"Dieser DPH SCANIA Katalog umfasst Dichtungss\u00e4tze, Zylinderkopfdichtungen, Zylinderlaufbuchsendichtungen, \u00d6lwannendichtungen, Ventilschaftdichtungen, Unterlegscheiben, O-Ringe, Ventilf\u00fchrungen, Ventile usw. f\u00fcr g\u00e4ngige SCANIA Fahrzeuge. Der Katalog enth\u00e4lt eine Querverweisliste am Anfang des Katalogs. ","katalog-cover":629,"katalog-file":673},{"catalog-name":"DPH-Katalog - VOLVO","catalog-description":"Dieser DPH VOLVO Katalog umfasst Dichtungss\u00e4tze, Zylinderkopfdichtungen, Zylinderlaufbuchsendichtungen, \u00d6lwannendichtungen, Ventilschaftdichtungen, O-Ringe, Ventilf\u00fchrungen, Ventile usw. f\u00fcr g\u00e4ngige VOLVO LKWs. Der Katalog enth\u00e4lt eine Querverweisliste am Anfang des Katalogs. ","katalog-cover":633,"katalog-file":677},{"catalog-name":"DPH Katalog - DAF","catalog-description":"Dieser DPH DAF Katalog umfasst Dichtungss\u00e4tze, Zylinderkopfdichtungen, Zylinderlaufbuchsendichtungen, \u00d6lwannendichtungen, Ventilschaftdichtungen, O-Ringe, Ventilf\u00fchrungen, Ventile usw. f\u00fcr g\u00e4ngige DAF-LKW. Der Katalog enth\u00e4lt eine Querverweisliste am Anfang des Katalogs. ","katalog-cover":609,"katalog-file":653},{"catalog-name":"DPH Katalog - MAN","catalog-description":"Dieser DPH MAN Katalog umfasst Dichtungss\u00e4tze, Zylinderkopfdichtungen, Zylinderlaufbuchsendichtungen, \u00d6lwannendichtungen, Ventilschaftdichtungen, O-Ringe, Ventilf\u00fchrungen, Ventile usw. f\u00fcr g\u00e4ngige MAN LKWs. Der Katalog enth\u00e4lt eine Querverweisliste am Anfang des Katalogs. ","katalog-cover":613,"katalog-file":657},{"catalog-name":"DPH Katalog - BMW","catalog-description":"Dieser DPH BMW Katalog umfasst Dichtungss\u00e4tze, Zylinderkopfdichtungen, Zylinderlaufbuchsendichtungen, \u00d6lwannendichtungen, Ventilschaftdichtungen, O-Ringe, Ventilf\u00fchrungen, Ventile usw. f\u00fcr BMW Fahrzeuge. Der Katalog enth\u00e4lt eine Querverweisliste am Anfang des Katalogs. ","katalog-cover":605,"katalog-file":649},{"catalog-name":"DPH Katalog - OPEL","catalog-description":"Dieser DPH OPEL Katalog umfasst Dichtungss\u00e4tze, Zylinderkopfdichtungen, Zylinderlaufbuchsendichtungen, \u00d6lwannendichtungen, Ventilschaftdichtungen, O-Ringe, Ventilf\u00fchrungen, Ventile usw. f\u00fcr g\u00e4ngige OPEL Fahrzeuge. Der Katalog enth\u00e4lt eine Querverweisliste am Anfang des Katalogs. ","katalog-cover":621,"katalog-file":665},{"catalog-name":"DPH Katalog - PEUGEOT","catalog-description":"Dieser DPH PEUGEOT Katalog umfasst Dichtungss\u00e4tze, Zylinderkopfdichtungen, Zylinderlaufbuchsendichtungen, \u00d6lwannendichtungen, Ventilschaftdichtungen, Unterlegscheiben, O-Ringe, Ventilf\u00fchrungen, Ventile usw. f\u00fcr g\u00e4ngige PEUGEOT Anwendungen. Der Katalog enth\u00e4lt eine Querverweisliste am Anfang des Katalogs. ","katalog-cover":625,"katalog-file":669},{"catalog-name":"DPH Katalog - VW","catalog-description":"Dieser DPH VW Katalog umfasst Dichtungss\u00e4tze, Zylinderkopfdichtungen, Zylinderlaufbuchsendichtungen, \u00d6lwannendichtungen, Ventilschaftdichtungen, O-Ringe, Ventilf\u00fchrungen, Ventile usw. f\u00fcr die meisten VW Fahrzeuge und LCV. Dieser Katalog enth\u00e4lt eine Querverweisliste am Anfang des Katalogs. ","katalog-cover":637,"katalog-file":681},{"catalog-name":"DPH Katalog - ZF","catalog-description":"Dieser DPH ZF-Katalog enth\u00e4lt viele alternative Ersatzdichtungen und Dichtungen f\u00fcr ZF-Teile. Der Katalog enth\u00e4lt eine Querverweisliste mit ZF-Artikelnummern. ","katalog-cover":645,"katalog-file":690},{"catalog-name":"DPH Katalog - \u00d6ldichtungen","catalog-description":"Dieser Katalog enth\u00e4lt alle DPH \u00d6ldichtungen, die f\u00fcr alle derzeit von DPH unterst\u00fctzten Marken und Anwendungen geeignet sind. Der Katalog enth\u00e4lt eine Querverweisliste mit den entsprechenden OE-Artikelnummern. ","katalog-cover":641,"katalog-file":686}],"logo-reihenfolge":"","spare-part-table":""},"_links":{"self":[{"href":"https:\/\/konpart.de\/de\/wp-json\/wp\/v2\/product\/4005","targetHints":{"allow":["GET"]}}],"collection":[{"href":"https:\/\/konpart.de\/de\/wp-json\/wp\/v2\/product"}],"about":[{"href":"https:\/\/konpart.de\/de\/wp-json\/wp\/v2\/types\/product"}],"wp:featuredmedia":[{"embeddable":true,"href":"https:\/\/konpart.de\/de\/wp-json\/wp\/v2\/media\/3562"}],"wp:attachment":[{"href":"https:\/\/konpart.de\/de\/wp-json\/wp\/v2\/media?parent=4005"}],"wp:term":[{"taxonomy":"product-type","embeddable":true,"href":"https:\/\/konpart.de\/de\/wp-json\/wp\/v2\/product-type?post=4005"}],"curies":[{"name":"wp","href":"https:\/\/api.w.org\/{rel}","templated":true}]}}