{"id":4006,"date":"2024-11-20T16:37:55","date_gmt":"2024-11-20T15:37:55","guid":{"rendered":"https:\/\/konpart.de\/product\/kontinentale\/"},"modified":"2024-11-20T16:37:55","modified_gmt":"2024-11-20T15:37:55","slug":"kontinentale","status":"publish","type":"product","link":"https:\/\/konpart.de\/de\/product\/kontinentale\/","title":{"rendered":"Kontinentale"},"excerpt":{"rendered":"<p>Als Teil der Continental AG ist ContiTech einer der f\u00fchrenden Erstausr\u00fcster und Nachr\u00fcstungslieferanten von hochwertigen Kunststoff- und Gummiteilen wie Antriebsriemen, Luftfedern, Bremsen und Schl\u00e4uchen f\u00fcr die Automobilindustrie.<\/p>\n","protected":false},"featured_media":3554,"template":"","meta":{"_acf_changed":false},"product-type":[],"class_list":["post-4006","product","type-product","status-publish","has-post-thumbnail","hentry"],"acf":{"product-claim":"OE-Riemen & Luftfedern f\u00fcr den Ersatzteilmarkt","product-description":"Als Teil der Continental AG ist ContiTech einer der f\u00fchrenden Erstausr\u00fcster und Nachr\u00fcstungslieferanten von hochwertigen Kunststoff- und Gummiteilen wie Antriebsriemen, Luftfedern, Bremsen und Schl\u00e4uchen f\u00fcr die Automobilindustrie.\n\nContiTech Zahnriemen, Keilriemen, Keilrippenriemen und Luftfedern werden in vielen Autos, Lastwagen, Bussen und Anh\u00e4ngern als Erstausr\u00fcstung verbaut und sind die erste Wahl, wenn es um qualitativ hochwertige Ersatzteile f\u00fcr den Ersatzteilmarkt geht.\n\nAls Entwicklungspartner und Erstausr\u00fcster von Komponenten und Systemen mit umfassender Material- und Verfahrenskompetenz in der Automobilindustrie bietet ContiTech mit seinen rund 40.000 Mitarbeitern und Produktionsst\u00e4tten in mehr als 40 L\u00e4ndern innovative technische L\u00f6sungen f\u00fcr Automobil-, Lkw-, Bus- und Anh\u00e4ngerhersteller in aller Welt.\n<h3>ContiTech Ersatz- und Serviceteile f\u00fcr den Automotive Aftermarket - Bew\u00e4hrte Originalqualit\u00e4t<\/h3>\nDie f\u00fchrende Position von ContiTech als Automobilhersteller ist die Grundlage f\u00fcr sein internationales Ersatzteilgesch\u00e4ft. ContiTech bietet ein umfangreiches Sortiment an Ersatz- und Serviceteilen aus Kunststoff und Kautschuk f\u00fcr Pkw, Lkw, Busse und Anh\u00e4nger in Erstausr\u00fcstungsqualit\u00e4t f\u00fcr viele Marken und Modelle. Wenn Sie sich f\u00fcr ContiTech Antriebselemente entscheiden, entscheiden Sie sich f\u00fcr die Qualit\u00e4t, die auch von f\u00fchrenden Fahrzeugherstellern in der Erstausr\u00fcstung bevorzugt wird.  \n<h4>Contitech G\u00fcrtel<\/h4>\n<ul>\n \t<li>Zahnriemen: Zahnriemen f\u00fcr den Antrieb von Nockenwellen, Ausgleichswellen, Einspritzpumpen oder Wasserpumpen<\/li>\n \t<li>Keilrippenriemen: Keilrippenriemen f\u00fcr den Antrieb von Nebenaggregaten in Pkw und Nutzfahrzeugen<\/li>\n \t<li>ELAST-Keilrippenriemen: Elastische Keilrippenriemen f\u00fcr Nebenantriebe ohne Spannrolle<\/li>\n \t<li>Keilriemen: Keilriemen f\u00fcr den Antrieb von Nebenaggregaten in Pkw und Nutzfahrzeugen<\/li>\n<\/ul>\nAlle Antriebsriemen von ContiTech erf\u00fcllen alle Anforderungen der Automobilindustrie:\n<ul>\n \t<li>Kaltstartf\u00e4higkeit bis zu -40\u00b0 C<\/li>\n \t<li>Hohe dynamische und statische Temperaturbest\u00e4ndigkeit bis zu 140\u00b0 C<\/li>\n \t<li>Kompaktes DesignAbriebfestigkeit<\/li>\n \t<li>Minimierung von L\u00e4rm<\/li>\n \t<li>Reduzierung der Emissionen<\/li>\n \t<li>Voll funktionsf\u00e4hig \u00fcber die gesamte Lebensdauer des Motors<\/li>\n<\/ul>\n<h4>Contitech G\u00fcrtel-Kits<\/h4>\nAlle ContiTech Kit-Komponenten sind perfekt aufeinander abgestimmt. ContiTech bietet Kits in verschiedenen Konfigurationen f\u00fcr nahezu jedes Fahrzeug in Erstausr\u00fcsterqualit\u00e4t an. \n\nVorteile:\n<ul>\n \t<li>OEM-Qualit\u00e4t<\/li>\n \t<li>Keine Notwendigkeit, einzelne Teile zu bestellen<\/li>\n \t<li>Pr\u00e4zise Abstimmung der Komponenten auf das Fahrzeug<\/li>\n<\/ul>\n<img class=\"alignnone size-full wp-image-593\" src=\"https:\/\/konpart.de\/wp-content\/uploads\/2024\/11\/ContiTech-Belt-Kit.webp\" alt=\"\" width=\"650\" height=\"367\">\n<h5>Zahnriemen Kits<\/h5>\nContiTech Zahnriemen-Kits enthalten Zahnriemen, Spann- und Umlenkrollen sowie die erforderlichen Verbrauchsmaterialien. Neben dem Zahnriemen enthalten die ContiTech Kits alle relevanten Komponenten, die f\u00fcr einen ordnungsgem\u00e4\u00dfen Riemenwechsel erforderlich sind. \n\nDie hohe Qualit\u00e4t der perfekt aufeinander abgestimmten ContiTech Kit-Komponenten garantiert eine perfekte Leistung:\n<ul>\n \t<li>Zahnriemen<\/li>\n \t<li>Spannrollen, Umlenkrollen oder Umlenkrollen<\/li>\n \t<li>Verbrauchsmaterial wie Schrauben, Muttern oder Federn<\/li>\n \t<li>Aufkleber f\u00fcr den Riemenwechsel<\/li>\n \t<li>Optional mit Wasserpumpe<\/li>\n<\/ul>\n<h5>Keilrippenriemen-Sets<\/h5>\nContiTech Keilrippenriemen-Kits enthalten Keilrippenriemen und, je nach Fahrzeuganwendung, alle notwendigen Komponenten wie Spann- und Umlenkrollen, Spannd\u00e4mpfer oder Befestigungsmaterial:\n<ul>\n \t<li>Keilrippenriemen<\/li>\n \t<li>Spann- und Umlenkrollen<\/li>\n \t<li>Spannungsd\u00e4mpfer<\/li>\n \t<li>Montagematerial<\/li>\n<\/ul>\n<h4>Contitech Luftfedern f\u00fcr Nutzfahrzeuge<\/h4>\n<img class=\"alignleft wp-image-589\" src=\"https:\/\/konpart.de\/wp-content\/uploads\/2024\/11\/ContiTech-Air-Springs-149x300.webp\" alt=\"\" width=\"200\" height=\"403\">\n\nContiTech ist ein anerkannter Entwicklungspartner und Erstausr\u00fcster f\u00fcr die Nutzfahrzeugindustrie und produziert Erstausr\u00fcstungskomponenten und Komplettsysteme f\u00fcr die selbstregulierende Luftfederung in Nutzfahrzeugen, Bussen und Anh\u00e4ngern.\n\nContitech bietet dem Ersatzteilmarkt eine breite Palette von Luftfedern in OE-Qualit\u00e4t:\n<ul>\n \t<li>ContiTech Luftfedern f\u00fcr Achsen<\/li>\n \t<li>ContiTech Luftfedern f\u00fcr Kabinenlagerungen<\/li>\n \t<li>ContiTech Luftfedern f\u00fcr Fahrersitze<\/li>\n<\/ul>\n\u00a0\n\n\u00a0\n\n\u00a0\n\n\u00a0\n\n\u00a0","catalog":null,"logo-reihenfolge":4,"spare-part-table":""},"_links":{"self":[{"href":"https:\/\/konpart.de\/de\/wp-json\/wp\/v2\/product\/4006","targetHints":{"allow":["GET"]}}],"collection":[{"href":"https:\/\/konpart.de\/de\/wp-json\/wp\/v2\/product"}],"about":[{"href":"https:\/\/konpart.de\/de\/wp-json\/wp\/v2\/types\/product"}],"wp:featuredmedia":[{"embeddable":true,"href":"https:\/\/konpart.de\/de\/wp-json\/wp\/v2\/media\/3554"}],"wp:attachment":[{"href":"https:\/\/konpart.de\/de\/wp-json\/wp\/v2\/media?parent=4006"}],"wp:term":[{"taxonomy":"product-type","embeddable":true,"href":"https:\/\/konpart.de\/de\/wp-json\/wp\/v2\/product-type?post=4006"}],"curies":[{"name":"wp","href":"https:\/\/api.w.org\/{rel}","templated":true}]}}