{"id":4007,"date":"2024-11-12T17:15:57","date_gmt":"2024-11-12T16:15:57","guid":{"rendered":"https:\/\/konpart.de\/product\/borgwarner\/"},"modified":"2024-11-12T17:15:57","modified_gmt":"2024-11-12T16:15:57","slug":"borgwarner","status":"publish","type":"product","link":"https:\/\/konpart.de\/de\/product\/borgwarner\/","title":{"rendered":"BorgWarner"},"excerpt":{"rendered":"<p>BorgWarner ist ein f\u00fchrender Anbieter von innovativen Turboladesystemen und ein kompetenter Partner der Automobilindustrie und des Aftermarkets weltweit. BorgWarner bietet eine breite Palette von Turboladern f\u00fcr Pkw und Nutzfahrzeuge sowie f\u00fcr Industrie-, Lokomotiv- und Schiffsmotoren. <\/p>\n","protected":false},"featured_media":3546,"template":"","meta":{"_acf_changed":false},"product-type":[],"class_list":["post-4007","product","type-product","status-publish","has-post-thumbnail","hentry"],"acf":{"product-claim":"Turbolader in OE-Qualit\u00e4t f\u00fcr den Ersatzteilmarkt","product-description":"BorgWarner ist ein f\u00fchrender Anbieter von innovativen Turboladesystemen und ein kompetenter Partner der Automobilindustrie und des Aftermarkets weltweit. BorgWarner bietet eine breite Palette von Turboladern f\u00fcr Pkw und Nutzfahrzeuge sowie f\u00fcr Industrie-, Lokomotiv- und Schiffsmotoren. \n<h3>KonPart Import-Export GmbH Autorisierter Exporteur von BorgWarner, Schwitzer und KKK Turboladern<\/h3>\nAls autorisierter Exporteur und direkter Kunde von BorgWarner ist die KonPart Import-Export GmbH in der Lage, die komplette Produktpalette aller 3 BorgWarner Turboladermarken zu liefern:\n<ul>\n \t<li>BorgWarner Turbolader<\/li>\n \t<li>Schwitzer Turbolader<\/li>\n \t<li>KKK Turbolader<\/li>\n<\/ul>\nBorgWarner Turbo Systems ist ein Gesch\u00e4ftsbereich des weltweit t\u00e4tigen Automobilzulieferers BorgWarner, Inc. Seit seiner Gr\u00fcndung durch den Zusammenschluss der Turboladerhersteller KKK und Schwitzer ist der technologische Fortschritt in der Turboaufladung eng mit der Unternehmensgeschichte von BorgWarner Turbo Systems verwoben. KKK und Schwitzer begannen bereits 1952 mit der Entwicklung und Produktion von Turboladern, und heute setzt BorgWarner Turbo & Emissions Systems immer wieder neue technologische Ma\u00dfst\u00e4be in diesem Bereich.  \n\n\u00a0\n\n<strong>BorgWarner, KKK & Schwitzer Turbolader und Ersatzteile<\/strong>\n\n[table id=\"10\" \/]","catalog":null,"logo-reihenfolge":10,"spare-part-table":"[table id=\"10\" \/]"},"_links":{"self":[{"href":"https:\/\/konpart.de\/de\/wp-json\/wp\/v2\/product\/4007","targetHints":{"allow":["GET"]}}],"collection":[{"href":"https:\/\/konpart.de\/de\/wp-json\/wp\/v2\/product"}],"about":[{"href":"https:\/\/konpart.de\/de\/wp-json\/wp\/v2\/types\/product"}],"wp:featuredmedia":[{"embeddable":true,"href":"https:\/\/konpart.de\/de\/wp-json\/wp\/v2\/media\/3546"}],"wp:attachment":[{"href":"https:\/\/konpart.de\/de\/wp-json\/wp\/v2\/media?parent=4007"}],"wp:term":[{"taxonomy":"product-type","embeddable":true,"href":"https:\/\/konpart.de\/de\/wp-json\/wp\/v2\/product-type?post=4007"}],"curies":[{"name":"wp","href":"https:\/\/api.w.org\/{rel}","templated":true}]}}