{"id":4008,"date":"2024-11-12T17:01:41","date_gmt":"2024-11-12T16:01:41","guid":{"rendered":"https:\/\/konpart.de\/product\/beru\/"},"modified":"2024-11-12T17:01:41","modified_gmt":"2024-11-12T16:01:41","slug":"beru","status":"publish","type":"product","link":"https:\/\/konpart.de\/de\/product\/beru\/","title":{"rendered":"Beru"},"excerpt":{"rendered":"<p>Als Teil der BorgWarner Gruppe und Pionier in der Dieseltechnologie liefert BERU Qualit\u00e4tsteile f\u00fcr die Z\u00fcndung und die Dieselkaltstarttechnologie an die f\u00fchrenden Automobilhersteller der Welt und an den Ersatzteilmarkt.<\/p>\n","protected":false},"featured_media":3538,"template":"","meta":{"_acf_changed":false},"product-type":[],"class_list":["post-4008","product","type-product","status-publish","has-post-thumbnail","hentry"],"acf":{"product-claim":"OE-Z\u00fcndungsteile f\u00fcr den Ersatzteilmarkt","product-description":"Als Teil der BorgWarner Gruppe und Pionier in der Dieseltechnologie liefert BERU Qualit\u00e4tsteile f\u00fcr die Z\u00fcndung und die Dieselkaltstarttechnologie an die f\u00fchrenden Automobilhersteller der Welt und an den Ersatzteilmarkt.\n<h3>Innovation und OE-Qualit\u00e4t<\/h3>\nDie Dieselkaltstartsysteme von BERU f\u00fcr den Nachr\u00fcstmarkt stehen f\u00fcr h\u00f6chste Qualit\u00e4t und werden in denselben Betrieben hergestellt, die auch die Erstausr\u00fcstung beliefern. Die Hauptproduktionsst\u00e4tten f\u00fcr Gl\u00fchkerzen und Z\u00fcndspulen befinden sich nach wie vor in Deutschland, dessen Technologiezentren einen Durchbruch in der Spitzentechnologie erm\u00f6glichen. \n\n[ws-catalog]\n<h3>KonPart Import-Export GmbH Lieferant der gesamten BERU Produktpalette<\/h3>\nAls autorisierter Exporteur vertreibt die KonPart Import-Export GmbH das komplette BERU Produktsortiment f\u00fcr alle g\u00e4ngigen Anwendungen auf dem Ersatzteilmarkt.\n\nDie enorme Produktpalette von BERU f\u00fcr den Aftermarket umfasst haupts\u00e4chlich:\n<ul>\n \t<li>Gl\u00fchkerze, Z\u00fcndkerze<\/li>\n \t<li>Gl\u00fchsteuerger\u00e4te<\/li>\n \t<li>Z\u00fcndspulen<\/li>\n \t<li>Module f\u00fcr die Z\u00fcndung<\/li>\n \t<li>Z\u00fcndkondensatoren<\/li>\n \t<li>Verteilerkappen<\/li>\n \t<li>Verteiler-Rotoren<\/li>\n \t<li>Kontakt-Sets<\/li>\n \t<li>Regulierungsbeh\u00f6rden<\/li>\n \t<li>Steckverbinder<\/li>\n<\/ul>\n\u00a0\n\n<strong>Nachfolgend finden Sie einen kleinen Auszug aus dem umfangreichen BERU Nachr\u00fcstsortiment<\/strong>\n\n[table id=\"9\" \/]","catalog":[{"catalog-name":"BERU Z\u00fcndkerzen, Gl\u00fchkerzen, Gl\u00fchkerzensteuerger\u00e4t Katalog","catalog-description":"","katalog-cover":525,"katalog-file":545},{"catalog-name":"BERU Z\u00fcndung Teilekatalog","catalog-description":"","katalog-cover":521,"katalog-file":541},{"catalog-name":"BERU Z\u00fcndspulen & Z\u00fcndmodule Katalog","catalog-description":"","katalog-cover":513,"katalog-file":533},{"catalog-name":"BERU Z\u00fcndkabel Steckverbinder Katalog","catalog-description":"","katalog-cover":517,"katalog-file":537},{"catalog-name":"BERU Bewerbungsliste f\u00fcr Oldtimer","catalog-description":"","katalog-cover":509,"katalog-file":529}],"logo-reihenfolge":20,"spare-part-table":"[table id=\"9\" \/]"},"_links":{"self":[{"href":"https:\/\/konpart.de\/de\/wp-json\/wp\/v2\/product\/4008","targetHints":{"allow":["GET"]}}],"collection":[{"href":"https:\/\/konpart.de\/de\/wp-json\/wp\/v2\/product"}],"about":[{"href":"https:\/\/konpart.de\/de\/wp-json\/wp\/v2\/types\/product"}],"wp:featuredmedia":[{"embeddable":true,"href":"https:\/\/konpart.de\/de\/wp-json\/wp\/v2\/media\/3538"}],"wp:attachment":[{"href":"https:\/\/konpart.de\/de\/wp-json\/wp\/v2\/media?parent=4008"}],"wp:term":[{"taxonomy":"product-type","embeddable":true,"href":"https:\/\/konpart.de\/de\/wp-json\/wp\/v2\/product-type?post=4008"}],"curies":[{"name":"wp","href":"https:\/\/api.w.org\/{rel}","templated":true}]}}