{"id":4009,"date":"2024-11-12T11:24:20","date_gmt":"2024-11-12T10:24:20","guid":{"rendered":"https:\/\/konpart.de\/product\/behr\/"},"modified":"2024-11-12T11:24:20","modified_gmt":"2024-11-12T10:24:20","slug":"behr","status":"publish","type":"product","link":"https:\/\/konpart.de\/de\/product\/behr\/","title":{"rendered":"Behr"},"excerpt":{"rendered":"<p>Die Behr GmbH &amp; Co. KG, Stuttgart, ist ein Systempartner der internationalen Automobilindustrie. Als Spezialist f\u00fcr Fahrzeugklimatisierung und Motork\u00fchlung geh\u00f6rt die Behr-Gruppe zu den weltweit f\u00fchrenden Herstellern und Lieferanten von Erstausr\u00fcstungen f\u00fcr leichte Nutzfahrzeuge und Lkw. <\/p>\n","protected":false},"featured_media":3533,"template":"","meta":{"_acf_changed":false},"product-type":[],"class_list":["post-4009","product","type-product","status-publish","has-post-thumbnail","hentry"],"acf":{"product-claim":"","product-description":"Die Behr GmbH & Co. KG, Stuttgart, ist ein Systempartner der internationalen Automobilindustrie. Als Spezialist f\u00fcr Fahrzeugklimatisierung und Motork\u00fchlung geh\u00f6rt die Behr-Gruppe zu den weltweit f\u00fchrenden Herstellern und Lieferanten von Erstausr\u00fcstungen f\u00fcr leichte Nutzfahrzeuge und Lkw. \n\nDer Umsatz der Gruppe belief sich im Gesch\u00e4ftsjahr 2010 auf rund 3,3 Milliarden EUR. Behr besch\u00e4ftigt derzeit rund 16.500 Mitarbeiter an 9 Entwicklungsstandorten, 22 Produktionsstandorten und 10 Joint Ventures weltweit. ","catalog":[{"catalog-name":"","catalog-description":"","katalog-cover":446,"katalog-file":462},{"catalog-name":"","catalog-description":"","katalog-cover":450,"katalog-file":466},{"catalog-name":"","catalog-description":"","katalog-cover":454,"katalog-file":470},{"catalog-name":"","catalog-description":"","katalog-cover":458,"katalog-file":474}],"logo-reihenfolge":"","spare-part-table":""},"_links":{"self":[{"href":"https:\/\/konpart.de\/de\/wp-json\/wp\/v2\/product\/4009","targetHints":{"allow":["GET"]}}],"collection":[{"href":"https:\/\/konpart.de\/de\/wp-json\/wp\/v2\/product"}],"about":[{"href":"https:\/\/konpart.de\/de\/wp-json\/wp\/v2\/types\/product"}],"wp:featuredmedia":[{"embeddable":true,"href":"https:\/\/konpart.de\/de\/wp-json\/wp\/v2\/media\/3533"}],"wp:attachment":[{"href":"https:\/\/konpart.de\/de\/wp-json\/wp\/v2\/media?parent=4009"}],"wp:term":[{"taxonomy":"product-type","embeddable":true,"href":"https:\/\/konpart.de\/de\/wp-json\/wp\/v2\/product-type?post=4009"}],"curies":[{"name":"wp","href":"https:\/\/api.w.org\/{rel}","templated":true}]}}