{"id":4010,"date":"2024-11-12T10:54:41","date_gmt":"2024-11-12T09:54:41","guid":{"rendered":"https:\/\/konpart.de\/product\/ate\/"},"modified":"2024-11-12T10:54:41","modified_gmt":"2024-11-12T09:54:41","slug":"ate","status":"publish","type":"product","link":"https:\/\/konpart.de\/de\/product\/ate\/","title":{"rendered":"ATE"},"excerpt":{"rendered":"<p>Als Teil der Continental AG deckt die ATE Aftermarket-Produktpalette eine enorme Bandbreite an Brems- und Hydraulikteilen in Erstausr\u00fcsterqualit\u00e4t ab, die f\u00fcr viele Fahrzeuganwendungen geeignet sind:<\/p>\n","protected":false},"featured_media":3529,"template":"","meta":{"_acf_changed":false},"product-type":[],"class_list":["post-4010","product","type-product","status-publish","has-post-thumbnail","hentry"],"acf":{"product-claim":"ATE Brems- und Hydraulikteile, OE-Qualit\u00e4t f\u00fcr den Ersatzteilmarkt.","product-description":"Als Teil der Continental AG deckt die ATE Aftermarket-Produktpalette eine enorme Bandbreite an Brems- und Hydraulikteilen in Erstausr\u00fcsterqualit\u00e4t ab, die f\u00fcr viele Fahrzeuganwendungen geeignet sind:\n<ul>\n \t<li>Bremsbel\u00e4ge<\/li>\n \t<li>Bremsscheiben<\/li>\n \t<li>Radzylinder<\/li>\n \t<li>Hauptzylinder<\/li>\n \t<li>Bremskraftverst\u00e4rker<\/li>\n \t<li>Bremsschl\u00e4uche<\/li>\n \t<li>Bremsfl\u00fcssigkeit<\/li>\n<\/ul>\nDie Qualit\u00e4t der Produkte von ATE \u00fcberzeugt Fahrzeughersteller, Werkst\u00e4tten und Endkunden. ATE-Produkte werden h\u00e4ufig als Erstausr\u00fcstung gew\u00e4hlt, was ATE zum Marktf\u00fchrer im Bereich der Bremssteuerung und Radbremsen in der Automobilindustrie macht. Objektive Qualit\u00e4t, z.B. durch die Verwendung von 160 verschiedenen Materialmischungen f\u00fcr Bremsbel\u00e4ge, immer in \u00dcbereinstimmung mit den Serienqualit\u00e4ten.  \n\nWer Bremsverschlei\u00dfteile in Erstausr\u00fcsterqualit\u00e4t ersetzen will, greift zu Produkten der Marke ATE. Damit nimmt ATE auch auf dem Ersatzteilmarkt eine f\u00fchrende Position ein: Nummer 1 in Deutschland mit einem Marktanteil von \u00fcber 30 %, Nummer 2 in ganz Europa und weltweit einer der Top Ten. \n\nAls autorisierter Exporteur liefert KonPart Import-Export GmbH mit gro\u00dfem Erfolg ATE-Teile haupts\u00e4chlich f\u00fcr PKW-Anwendungen.","catalog":[{"catalog-name":"","catalog-description":"","katalog-cover":411,"katalog-file":423},{"catalog-name":"","catalog-description":"","katalog-cover":415,"katalog-file":427},{"catalog-name":"","catalog-description":"","katalog-cover":407,"katalog-file":419}],"logo-reihenfolge":3,"spare-part-table":""},"_links":{"self":[{"href":"https:\/\/konpart.de\/de\/wp-json\/wp\/v2\/product\/4010","targetHints":{"allow":["GET"]}}],"collection":[{"href":"https:\/\/konpart.de\/de\/wp-json\/wp\/v2\/product"}],"about":[{"href":"https:\/\/konpart.de\/de\/wp-json\/wp\/v2\/types\/product"}],"wp:featuredmedia":[{"embeddable":true,"href":"https:\/\/konpart.de\/de\/wp-json\/wp\/v2\/media\/3529"}],"wp:attachment":[{"href":"https:\/\/konpart.de\/de\/wp-json\/wp\/v2\/media?parent=4010"}],"wp:term":[{"taxonomy":"product-type","embeddable":true,"href":"https:\/\/konpart.de\/de\/wp-json\/wp\/v2\/product-type?post=4010"}],"curies":[{"name":"wp","href":"https:\/\/api.w.org\/{rel}","templated":true}]}}