{"id":580,"date":"2024-11-12T17:18:05","date_gmt":"2024-11-12T16:18:05","guid":{"rendered":"https:\/\/konpart.de\/product\/bosch\/"},"modified":"2025-09-24T15:21:36","modified_gmt":"2025-09-24T13:21:36","slug":"bosch","status":"publish","type":"product","link":"https:\/\/konpart.de\/de\/product\/bosch\/","title":{"rendered":"Bosch"},"excerpt":{"rendered":"<p>Bosch (Robert Bosch GmbH) ist der weltweit f\u00fchrende Anbieter von Kfz-Ersatzteilen. Als Teil der Bosch-Gruppe hat die Robert Bosch GmbH mehr als 450 Tochter- und Regionalgesellschaften in \u00fcber 60 L\u00e4ndern. <\/p>\n","protected":false},"featured_media":3550,"template":"","meta":{"_acf_changed":false},"product-type":[],"class_list":["post-580","product","type-product","status-publish","has-post-thumbnail","hentry"],"acf":{"product-claim":"Der weltweit f\u00fchrende OEM","product-description":"Bosch (Robert Bosch GmbH) ist der weltweit f\u00fchrende Anbieter von Kfz-Ersatzteilen. Als Teil der Bosch-Gruppe verf\u00fcgt die Robert Bosch GmbH \u00fcber mehr als 450 Tochter- und Regionalgesellschaften in \u00fcber 60 L\u00e4ndern. Das weltweite Entwicklungs-, Fertigungs- und Vertriebsnetz ist die Basis f\u00fcr das weitere Wachstum von Bosch. Mit seinem umfassenden Produktangebot verbessert Bosch die Lebensqualit\u00e4t durch die Bereitstellung von Ersatz- und Verschlei\u00dfteilen h\u00f6chster Qualit\u00e4t, die sowohl innovativ als auch langlebig sind.\r\n\r\nMit ca. 450.000 Artikeln im Bosch Ersatzteilprogramm bietet Bosch ein umfassendes Produktprogramm in Erstausr\u00fcsterqualit\u00e4t:\r\n<ul>\r\n \t<li>Diesel-Einspritzung<\/li>\r\n \t<li>Kraftstoffversorgung<\/li>\r\n \t<li>Elektronische Motoren<\/li>\r\n \t<li>Anlasser und Lichtmaschinen<\/li>\r\n \t<li>Sensoren<\/li>\r\n \t<li>Relais und Magnetspulen<\/li>\r\n \t<li>H\u00f6rner<\/li>\r\n \t<li>Beleuchtung<\/li>\r\n \t<li>Antriebsriemen<\/li>\r\n \t<li>Bremsen<\/li>\r\n \t<li>Z\u00fcndkerzen<\/li>\r\n \t<li>Filter<\/li>\r\n \t<li>Gl\u00fchbirnen<\/li>\r\n \t<li>Batterien<\/li>\r\n \t<li>Windschutzscheiben<\/li>\r\n<\/ul>\r\nDie KonPart Import-Export GmbH ist in der Lage, das gesamte Bosch-Produktsortiment zu liefern.\r\n\r\n<img class=\"alignnone wp-image-561 size-full\" title=\"Bosch Products\" src=\"https:\/\/konpart.de\/wp-content\/uploads\/2024\/11\/bosch_small.webp\" alt=\"Image of Bosch Products\" width=\"600\" height=\"396\" \/>","catalog":null,"logo-reihenfolge":22,"spare-part-table":""},"_links":{"self":[{"href":"https:\/\/konpart.de\/de\/wp-json\/wp\/v2\/product\/580","targetHints":{"allow":["GET"]}}],"collection":[{"href":"https:\/\/konpart.de\/de\/wp-json\/wp\/v2\/product"}],"about":[{"href":"https:\/\/konpart.de\/de\/wp-json\/wp\/v2\/types\/product"}],"wp:featuredmedia":[{"embeddable":true,"href":"https:\/\/konpart.de\/de\/wp-json\/wp\/v2\/media\/3550"}],"wp:attachment":[{"href":"https:\/\/konpart.de\/de\/wp-json\/wp\/v2\/media?parent=580"}],"wp:term":[{"taxonomy":"product-type","embeddable":true,"href":"https:\/\/konpart.de\/de\/wp-json\/wp\/v2\/product-type?post=580"}],"curies":[{"name":"wp","href":"https:\/\/api.w.org\/{rel}","templated":true}]}}