{"id":3905,"date":"2020-03-20T16:50:23","date_gmt":"2020-03-20T15:50:23","guid":{"rendered":"https:\/\/konpart.de\/aviso-del-sitio\/"},"modified":"2025-09-04T11:26:03","modified_gmt":"2025-09-04T09:26:03","slug":"aviso-del-sitio","status":"publish","type":"page","link":"https:\/\/konpart.de\/es\/aviso-del-sitio\/","title":{"rendered":"Aviso del sitio"},"content":{"rendered":"<div class=\"gb-container gb-container-1b6166a1 main\">\n<div class=\"gb-container gb-container-e483e268 small\">\n\n<h1 class=\"wp-block-heading\">Aviso del sitio<\/h1>\n\n\n\n<p>KonPart Import-Export GmbH<br\/>Am alten Lokschuppen 6<br\/>21509 Glinde, Alemania<\/p>\n\n\n\n<p>Registro Mercantil: HRB 22138<br\/>Tribunal de registro: Amtsgericht L\u00fcbeck<\/p>\n\n\n\n<p><strong>Representado por:<\/strong><br\/>Roman Choinowski<\/p>\n\n\n\n<p><strong>Contacto<\/strong><br\/>Tel\u00e9fono: +49 (0)40 6963948-0<br\/>Telefax: +49 (0)40 6963948-20<br\/>Correo electr\u00f3nico: info@konpart.de<\/p>\n\n\n\n<p><strong>CIF<\/strong><br\/>N\u00famero de identificaci\u00f3n fiscal seg\u00fan el art. 27 a de la Ley del Impuesto sobre las Ventas:<br\/>DE 118 629 230 <\/p>\n\n\n\n<p><strong>Persona responsable de la redacci\u00f3n<\/strong><br\/>Roman Choinowski<br\/>Direcci\u00f3n ver arriba<\/p>\n\n<\/div>\n<\/div>","protected":false},"excerpt":{"rendered":"<p>Aviso del sitio KonPart Import-Export GmbHAm alten Lokschuppen 621509 Glinde, Alemania Registro Mercantil: HRB 22138Tribunal de registro: Amtsgericht L\u00fcbeck Representado por:Roman Choinowski ContactoTel\u00e9fono: +49 (0)40 6963948-0Telefax: +49 (0)40 6963948-20Correo electr\u00f3nico: info@konpart.de CIFN\u00famero de identificaci\u00f3n fiscal seg\u00fan el art. 27 a de la Ley del Impuesto sobre las Ventas:DE 118 629 230 Persona responsable de la &#8230; <a title=\"Aviso del sitio\" class=\"read-more\" href=\"https:\/\/konpart.de\/es\/aviso-del-sitio\/\" aria-label=\"Leer m\u00e1s sobre Aviso del sitio\">Weiterlesen &#8230;<\/a><\/p>\n","protected":false},"author":1,"featured_media":0,"parent":0,"menu_order":100,"comment_status":"closed","ping_status":"closed","template":"","meta":{"_acf_changed":false,"footnotes":""},"element-controls":[],"class_list":["post-3905","page","type-page","status-publish"],"acf":[],"_links":{"self":[{"href":"https:\/\/konpart.de\/es\/wp-json\/wp\/v2\/pages\/3905","targetHints":{"allow":["GET"]}}],"collection":[{"href":"https:\/\/konpart.de\/es\/wp-json\/wp\/v2\/pages"}],"about":[{"href":"https:\/\/konpart.de\/es\/wp-json\/wp\/v2\/types\/page"}],"author":[{"embeddable":true,"href":"https:\/\/konpart.de\/es\/wp-json\/wp\/v2\/users\/1"}],"replies":[{"embeddable":true,"href":"https:\/\/konpart.de\/es\/wp-json\/wp\/v2\/comments?post=3905"}],"version-history":[{"count":1,"href":"https:\/\/konpart.de\/es\/wp-json\/wp\/v2\/pages\/3905\/revisions"}],"predecessor-version":[{"id":3906,"href":"https:\/\/konpart.de\/es\/wp-json\/wp\/v2\/pages\/3905\/revisions\/3906"}],"wp:attachment":[{"href":"https:\/\/konpart.de\/es\/wp-json\/wp\/v2\/media?parent=3905"}],"wp:term":[{"taxonomy":"element-controls","embeddable":true,"href":"https:\/\/konpart.de\/es\/wp-json\/wp\/v2\/element-controls?post=3905"}],"curies":[{"name":"wp","href":"https:\/\/api.w.org\/{rel}","templated":true}]}}