{"id":4054,"date":"2025-05-13T18:16:44","date_gmt":"2025-05-13T16:16:44","guid":{"rendered":"https:\/\/konpart.de\/ubicacion\/"},"modified":"2025-10-23T11:19:45","modified_gmt":"2025-10-23T09:19:45","slug":"ubicacion","status":"publish","type":"page","link":"https:\/\/konpart.de\/es\/ubicacion\/","title":{"rendered":"Ubicaci\u00f3n"},"content":{"rendered":"\n<div><div class=\"n2_clear\"><ss3-force-full-width data-overflow-x=\"body\" data-horizontal-selector=\"body\"><div class=\"n2-section-smartslider fitvidsignore  n2_clear\" data-ssid=\"51\"><div id=\"n2-ss-51-align\" class=\"n2-ss-align\"><div class=\"n2-padding\"><div id=\"n2-ss-51\" data-creator=\"Smart Slider 3\" data-responsive=\"fullwidth\" class=\"n2-ss-slider n2-ow n2-has-hover n2notransition  \">\n        <div class=\"n2-ss-slider-1 n2_ss__touch_element n2-ow\">\n            <div class=\"n2-ss-slider-2 n2-ow\">\n                                                <div class=\"n2-ss-slider-3 n2-ow\">\n\n                    <div class=\"n2-ss-slide-backgrounds n2-ow-all\"><div class=\"n2-ss-slide-background\" data-public-id=\"1\" data-mode=\"fill\"><div class=\"n2-ss-slide-background-image\" data-blur=\"0\" data-opacity=\"100\" data-x=\"50\" data-y=\"50\" data-alt=\"\" data-title=\"\"><picture class=\"skip-lazy\" data-skip-lazy=\"1\"><source srcset=\"\/\/konpart.de\/wp-content\/uploads\/2025\/06\/konpart-automotive-catalogues-aftermarket-spare-parts-location-mobil.jpg\" media=\"(max-width: 900px)\" class=\"skip-lazy\" data-skip-lazy=\"1\"><img decoding=\"async\" src=\"\/\/konpart.de\/wp-content\/uploads\/2025\/06\/konpart-automotive-catalogues-aftermarket-spare-parts-location.jpg\" alt=\"\" title=\"\" loading=\"lazy\" class=\"skip-lazy\" data-skip-lazy=\"1\"><\/picture><\/div><div data-color=\"RGBA(210,10,16,1)\" style=\"background-color: RGBA(210,10,16,1);\" class=\"n2-ss-slide-background-color\"><\/div><\/div><\/div>                    <div class=\"n2-ss-slider-4 n2-ow\">\n                        <svg xmlns=\"http:\/\/www.w3.org\/2000\/svg\" viewBox=\"0 0 1920 500\" data-related-device=\"desktopPortrait\" class=\"n2-ow n2-ss-preserve-size n2-ss-preserve-size--slider n2-ss-slide-limiter\"><\/svg><div data-first=\"1\" data-slide-duration=\"0\" data-id=\"64\" data-slide-public-id=\"1\" data-title=\"Slide\" class=\"n2-ss-slide n2-ow  n2-ss-slide-64\"><div role=\"note\" class=\"n2-ss-slide--focus\" tabindex=\"-1\">Slide<\/div><div class=\"n2-ss-layers-container n2-ss-slide-limiter n2-ow\"><div class=\"n2-ss-layer n2-ow n-uc-bpLWj4yXtqF4\" data-sstype=\"slide\" data-pm=\"default\"><div class=\"n2-ss-layer n2-ow n-uc-hhc4IDmWLaRh\" data-pm=\"default\" data-sstype=\"content\" data-hasbackground=\"0\"><div class=\"n2-ss-section-main-content n2-ss-layer-with-background n2-ss-layer-content n2-ow n-uc-hhc4IDmWLaRh-inner\"><div class=\"n2-ss-layer n2-ow n2-ss-layer--block n2-ss-has-self-align n2-ss-stretch-layer n-uc-JugOdV0MDSlI\" data-pm=\"normal\" data-sstype=\"row\"><div class=\"n2-ss-layer-row n2-ss-layer-with-background n-uc-JugOdV0MDSlI-inner\"><div class=\"n2-ss-layer-row-inner \"><div class=\"n2-ss-layer n2-ow n-uc-TAXXBJ21zVZo\" data-pm=\"default\" data-sstype=\"col\"><div class=\"n2-ss-layer-col n2-ss-layer-with-background n2-ss-layer-content n-uc-TAXXBJ21zVZo-inner\"><\/div><\/div><div class=\"n2-ss-layer n2-ow n-uc-BS0qDBbpkQq3\" data-pm=\"default\" data-hidemobileportrait=\"1\" data-sstype=\"col\"><div class=\"n2-ss-layer-col n2-ss-layer-with-background n2-ss-layer-content n-uc-BS0qDBbpkQq3-inner\"><div class=\"n2-ss-layer n2-ow n-uc-KOgdlRtTRDlz\" data-pm=\"normal\" data-animv2=\"{&quot;basic&quot;:{&quot;in&quot;:{&quot;type&quot;:&quot;basic&quot;,&quot;name&quot;:&quot;Fade&quot;,&quot;keyFrames&quot;:[{&quot;ease&quot;:&quot;linear&quot;,&quot;opacity&quot;:0}]}}}\" data-sstype=\"layer\"><div id=\"n2-ss-51item1\" class=\"n2-font-7c51fb98e3f68a79f75f15481ce3fc1c-hover   n2-ss-item-content n2-ss-text n2-ow\" style=\"display:block;\">Ubicaci\u00f3n<\/div><\/div><div class=\"n2-ss-layer n2-ow n-uc-xIJMj2x5aVYR\" data-pm=\"normal\" data-animv2=\"{&quot;basic&quot;:{&quot;in&quot;:{&quot;type&quot;:&quot;basic&quot;,&quot;name&quot;:&quot;Fade&quot;,&quot;keyFrames&quot;:[{&quot;duration&quot;:1,&quot;delay&quot;:0.6,&quot;opacity&quot;:0}]}}}\" data-sstype=\"layer\"><div class=\"n2-ss-item-content n2-ss-text n2-ow-all\"><div class=\"\"><p class=\"n2-font-a263158264e92a79de52d2ce25ae23a6-paragraph   \">Sede central de KonPart en Glinde, cerca de Hamburgo.<br \/>\n1.500 metros cuadrados de oficinas, almac\u00e9n y zona log\u00edstica. <\/p>\n<\/div><\/div><\/div><div class=\"n2-ss-layer n2-ow n-uc-iJE92Ry4IkqA\" data-pm=\"normal\" data-animv2=\"{&quot;basic&quot;:{&quot;in&quot;:{&quot;type&quot;:&quot;basic&quot;,&quot;name&quot;:&quot;Fade&quot;,&quot;keyFrames&quot;:[{&quot;duration&quot;:1,&quot;delay&quot;:0.6,&quot;opacity&quot;:0}]}}}\" data-sstype=\"layer\"><div class=\"n2-ss-item-content n2-ss-text n2-ow-all\"><div class=\"\"><p class=\"n2-font-a263158264e92a79de52d2ce25ae23a6-paragraph   \">KonPart Import-Export GmbH<br \/>\nAm alten Lokschuppen 6<br \/>\n21509 Glinde, Alemania<\/p>\n<\/div><\/div><\/div><\/div><\/div><\/div><\/div><\/div><\/div><\/div><\/div><\/div><\/div>                    <\/div>\n\n                                    <\/div>\n            <\/div>\n        <\/div>\n        <\/div><ss3-loader><\/ss3-loader><\/div><\/div><div class=\"n2_clear\"><\/div><\/div><\/ss3-force-full-width><\/div><\/div>\n\n\n\n<div class=\"gb-element-78c191c8\">\n<div class=\"order-by-priority\"><div class=\"gb-looper-6020cb22 order-by-priority\">\n<div class=\"gb-loop-item gb-loop-item-70ad5639 post-4118 product type-product status-publish has-post-thumbnail hentry\">\n<a href=\"https:\/\/konpart.de\/es\/product\/zf\/\"><img loading=\"lazy\" decoding=\"async\" width=\"300\" height=\"200\" data-media-id=\"3715\" class=\"gb-media-16e43eec\" src=\"https:\/\/konpart.de\/wp-content\/uploads\/2024\/11\/zf-logo-1.jpg\" alt=\"ZF\"\/><\/a>\n<\/div>\n\n<div class=\"gb-loop-item gb-loop-item-70ad5639 post-4116 product type-product status-publish has-post-thumbnail hentry\">\n<a href=\"https:\/\/konpart.de\/es\/product\/contitech\/\"><img loading=\"lazy\" decoding=\"async\" width=\"300\" height=\"200\" data-media-id=\"3559\" class=\"gb-media-16e43eec\" src=\"https:\/\/konpart.de\/wp-content\/uploads\/2025\/05\/contitech-logo-2.jpg\" alt=\"ContiTech\"\/><\/a>\n<\/div>\n\n<div class=\"gb-loop-item gb-loop-item-70ad5639 post-4153 product type-product status-publish has-post-thumbnail hentry\">\n<a href=\"https:\/\/konpart.de\/es\/product\/ate\/\"><img loading=\"lazy\" decoding=\"async\" width=\"300\" height=\"200\" data-media-id=\"3530\" class=\"gb-media-16e43eec\" src=\"https:\/\/konpart.de\/wp-content\/uploads\/2024\/11\/ate-logo-2.jpg\" alt=\"ATE\"\/><\/a>\n<\/div>\n\n<div class=\"gb-loop-item gb-loop-item-70ad5639 post-4161 product type-product status-publish has-post-thumbnail hentry\">\n<a href=\"https:\/\/konpart.de\/es\/product\/continental\/\"><img loading=\"lazy\" decoding=\"async\" width=\"300\" height=\"200\" data-media-id=\"3555\" class=\"gb-media-16e43eec\" src=\"https:\/\/konpart.de\/wp-content\/uploads\/2024\/11\/continental-logo-1.jpg\" alt=\"Continental\"\/><\/a>\n<\/div>\n\n<div class=\"gb-loop-item gb-loop-item-70ad5639 post-4126 product type-product status-publish has-post-thumbnail hentry\">\n<a href=\"https:\/\/konpart.de\/es\/product\/victor-reinz\/\"><img loading=\"lazy\" decoding=\"async\" width=\"300\" height=\"200\" data-media-id=\"3675\" class=\"gb-media-16e43eec\" src=\"https:\/\/konpart.de\/wp-content\/uploads\/2024\/11\/reinz-logo.jpg\" alt=\"Victor Reinz\"\/><\/a>\n<\/div>\n\n<div class=\"gb-loop-item gb-loop-item-70ad5639 post-4115 product type-product status-publish has-post-thumbnail hentry\">\n<a href=\"https:\/\/konpart.de\/es\/product\/kolbenschmidt\/\"><img loading=\"lazy\" decoding=\"async\" width=\"300\" height=\"200\" data-media-id=\"3615\" class=\"gb-media-16e43eec\" src=\"https:\/\/konpart.de\/wp-content\/uploads\/2025\/05\/kolbenschmidt-logo-1.jpg\" alt=\"Kolbenschmidt\"\/><\/a>\n<\/div>\n\n<div class=\"gb-loop-item gb-loop-item-70ad5639 post-4191 product type-product status-publish has-post-thumbnail hentry\">\n<a href=\"https:\/\/konpart.de\/es\/product\/productos-mahle\/\"><img loading=\"lazy\" decoding=\"async\" width=\"300\" height=\"200\" data-media-id=\"3631\" class=\"gb-media-16e43eec\" src=\"https:\/\/konpart.de\/wp-content\/uploads\/2024\/11\/mahle-logo-1.jpg\" alt=\"Productos Mahle\"\/><\/a>\n<\/div>\n\n<div class=\"gb-loop-item gb-loop-item-70ad5639 post-4167 product type-product status-publish has-post-thumbnail hentry\">\n<a href=\"https:\/\/konpart.de\/es\/product\/febi\/\"><img loading=\"lazy\" decoding=\"async\" width=\"300\" height=\"200\" data-media-id=\"3575\" class=\"gb-media-16e43eec\" src=\"https:\/\/konpart.de\/wp-content\/uploads\/2024\/11\/febi-logo-1.jpg\" alt=\"febi\"\/><\/a>\n<\/div>\n\n<div class=\"gb-loop-item gb-loop-item-70ad5639 post-4137 product type-product status-publish has-post-thumbnail hentry\">\n<a href=\"https:\/\/konpart.de\/es\/product\/payen\/\"><img loading=\"lazy\" decoding=\"async\" width=\"300\" height=\"200\" data-media-id=\"3663\" class=\"gb-media-16e43eec\" src=\"https:\/\/konpart.de\/wp-content\/uploads\/2024\/11\/payen-logo-1.jpg\" alt=\"Payen\"\/><\/a>\n<\/div>\n\n<div class=\"gb-loop-item gb-loop-item-70ad5639 post-4156 product type-product status-publish has-post-thumbnail hentry\">\n<a href=\"https:\/\/konpart.de\/es\/product\/borgwarner\/\"><img loading=\"lazy\" decoding=\"async\" width=\"300\" height=\"200\" data-media-id=\"3547\" class=\"gb-media-16e43eec\" src=\"https:\/\/konpart.de\/wp-content\/uploads\/2024\/11\/borgwarner-logo-1.jpg\" alt=\"BorgWarner\"\/><\/a>\n<\/div>\n\n<div class=\"gb-loop-item gb-loop-item-70ad5639 post-4104 product type-product status-publish has-post-thumbnail hentry\">\n<a href=\"https:\/\/konpart.de\/es\/product\/knorr\/\"><img loading=\"lazy\" decoding=\"async\" width=\"300\" height=\"200\" data-media-id=\"3611\" class=\"gb-media-16e43eec\" src=\"https:\/\/konpart.de\/wp-content\/uploads\/2025\/05\/knorr-logo-1.jpg\" alt=\"Knorr\"\/><\/a>\n<\/div>\n\n<div class=\"gb-loop-item gb-loop-item-70ad5639 post-4119 product type-product status-publish has-post-thumbnail hentry\">\n<a href=\"https:\/\/konpart.de\/es\/product\/trw\/\"><img loading=\"lazy\" decoding=\"async\" width=\"300\" height=\"200\" data-media-id=\"3695\" class=\"gb-media-16e43eec\" src=\"https:\/\/konpart.de\/wp-content\/uploads\/2025\/05\/trw-logo-1.jpg\" alt=\"TRW\"\/><\/a>\n<\/div>\n\n<div class=\"gb-loop-item gb-loop-item-70ad5639 post-4143 product type-product status-publish has-post-thumbnail hentry\">\n<a href=\"https:\/\/konpart.de\/es\/product\/wabco\/\"><img loading=\"lazy\" decoding=\"async\" width=\"300\" height=\"200\" data-media-id=\"3707\" class=\"gb-media-16e43eec\" src=\"https:\/\/konpart.de\/wp-content\/uploads\/2025\/05\/wabco-logo-1.jpg\" alt=\"Wabco\"\/><\/a>\n<\/div>\n\n<div class=\"gb-loop-item gb-loop-item-70ad5639 post-4144 product type-product status-publish has-post-thumbnail hentry\">\n<a href=\"https:\/\/konpart.de\/es\/product\/lemforder\/\"><img loading=\"lazy\" decoding=\"async\" width=\"300\" height=\"200\" data-media-id=\"3627\" class=\"gb-media-16e43eec\" src=\"https:\/\/konpart.de\/wp-content\/uploads\/2025\/05\/lemfoerder-logo-1.jpg\" alt=\"Lemf\u00f6rder\"\/><\/a>\n<\/div>\n\n<div class=\"gb-loop-item gb-loop-item-70ad5639 post-4179 product type-product status-publish has-post-thumbnail hentry\">\n<a href=\"https:\/\/konpart.de\/es\/product\/glyco\/\"><img loading=\"lazy\" decoding=\"async\" width=\"300\" height=\"200\" data-media-id=\"3599\" class=\"gb-media-16e43eec\" src=\"https:\/\/konpart.de\/wp-content\/uploads\/2024\/11\/glyco-logo-2.jpg\" alt=\"Glyco\"\/><\/a>\n<\/div>\n\n<div class=\"gb-loop-item gb-loop-item-70ad5639 post-4132 product type-product status-publish has-post-thumbnail hentry\">\n<a href=\"https:\/\/konpart.de\/es\/product\/moog\/\"><img loading=\"lazy\" decoding=\"async\" width=\"300\" height=\"200\" data-media-id=\"3639\" class=\"gb-media-16e43eec\" src=\"https:\/\/konpart.de\/wp-content\/uploads\/2024\/11\/moog-logo-1.jpg\" alt=\"Moog\"\/><\/a>\n<\/div>\n\n<div class=\"gb-loop-item gb-loop-item-70ad5639 post-4181 product type-product status-publish has-post-thumbnail hentry\">\n<a href=\"https:\/\/konpart.de\/es\/product\/goetze\/\"><img loading=\"lazy\" decoding=\"async\" width=\"300\" height=\"200\" data-media-id=\"3603\" class=\"gb-media-16e43eec\" src=\"https:\/\/konpart.de\/wp-content\/uploads\/2024\/11\/goetze-logo-1.jpg\" alt=\"Goetze\"\/><\/a>\n<\/div>\n\n<div class=\"gb-loop-item gb-loop-item-70ad5639 post-4146 product type-product status-publish has-post-thumbnail hentry\">\n<a href=\"https:\/\/konpart.de\/es\/product\/sachs\/\"><img loading=\"lazy\" decoding=\"async\" width=\"300\" height=\"200\" data-media-id=\"3679\" class=\"gb-media-16e43eec\" src=\"https:\/\/konpart.de\/wp-content\/uploads\/2025\/05\/sachs-logo-1.jpg\" alt=\"Sachs\"\/><\/a>\n<\/div>\n\n<div class=\"gb-loop-item gb-loop-item-70ad5639 post-4129 product type-product status-publish has-post-thumbnail hentry\">\n<a href=\"https:\/\/konpart.de\/es\/product\/nural\/\"><img loading=\"lazy\" decoding=\"async\" width=\"300\" height=\"200\" data-media-id=\"3655\" class=\"gb-media-16e43eec\" src=\"https:\/\/konpart.de\/wp-content\/uploads\/2024\/11\/nueral-logo-1.jpg\" alt=\"N\u00fcral\"\/><\/a>\n<\/div>\n\n<div class=\"gb-loop-item gb-loop-item-70ad5639 post-4160 product type-product status-publish has-post-thumbnail hentry\">\n<a href=\"https:\/\/konpart.de\/es\/product\/beru\/\"><img loading=\"lazy\" decoding=\"async\" width=\"300\" height=\"200\" data-media-id=\"3539\" class=\"gb-media-16e43eec\" src=\"https:\/\/konpart.de\/wp-content\/uploads\/2024\/11\/beru-logo-1.jpg\" alt=\"Beru\"\/><\/a>\n<\/div>\n\n<div class=\"gb-loop-item gb-loop-item-70ad5639 post-4185 product type-product status-publish has-post-thumbnail hentry\">\n<a href=\"https:\/\/konpart.de\/es\/product\/hella\/\"><img loading=\"lazy\" decoding=\"async\" width=\"300\" height=\"200\" data-media-id=\"3607\" class=\"gb-media-16e43eec\" src=\"https:\/\/konpart.de\/wp-content\/uploads\/2024\/11\/hella-logo-1.jpg\" alt=\"Hella\"\/><\/a>\n<\/div>\n\n<div class=\"gb-loop-item gb-loop-item-70ad5639 post-581 product type-product status-publish has-post-thumbnail hentry\">\n<a href=\"https:\/\/konpart.de\/es\/product\/bosch\/\"><img loading=\"lazy\" decoding=\"async\" width=\"125\" height=\"40\" data-media-id=\"560\" class=\"gb-media-16e43eec\" src=\"https:\/\/konpart.de\/wp-content\/uploads\/2024\/11\/BOSCH2.webp\" alt=\"Bosch\"\/><\/a>\n<\/div>\n\n<div class=\"gb-loop-item gb-loop-item-70ad5639 post-4127 product type-product status-publish has-post-thumbnail hentry\">\n<a href=\"https:\/\/konpart.de\/es\/product\/nissens\/\"><img loading=\"lazy\" decoding=\"async\" width=\"300\" height=\"200\" data-media-id=\"3647\" class=\"gb-media-16e43eec\" src=\"https:\/\/konpart.de\/wp-content\/uploads\/2024\/11\/nissens-logo.jpg\" alt=\"Nissens\"\/><\/a>\n<\/div>\n\n<div class=\"gb-loop-item gb-loop-item-70ad5639 post-4170 product type-product status-publish has-post-thumbnail hentry\">\n<a href=\"https:\/\/konpart.de\/es\/product\/autoedicion\/\"><img loading=\"lazy\" decoding=\"async\" width=\"300\" height=\"200\" data-media-id=\"3567\" class=\"gb-media-16e43eec\" src=\"https:\/\/konpart.de\/wp-content\/uploads\/2024\/11\/dtp-logo-1.jpg\" alt=\"AUTOEDICI\u00d3N\"\/><\/a>\n<\/div>\n\n<div class=\"gb-loop-item gb-loop-item-70ad5639 post-4102 product type-product status-publish has-post-thumbnail hentry\">\n<a href=\"https:\/\/konpart.de\/es\/product\/pierburg\/\"><img loading=\"lazy\" decoding=\"async\" width=\"300\" height=\"200\" data-media-id=\"3671\" class=\"gb-media-16e43eec\" src=\"https:\/\/konpart.de\/wp-content\/uploads\/2025\/05\/pierburg-logo-1.jpg\" alt=\"Pierburg\"\/><\/a>\n<\/div>\n\n<div class=\"gb-loop-item gb-loop-item-70ad5639 post-4174 product type-product status-publish has-post-thumbnail hentry\">\n<a href=\"https:\/\/konpart.de\/es\/product\/fp-diesel\/\"><img loading=\"lazy\" decoding=\"async\" width=\"300\" height=\"200\" data-media-id=\"3591\" class=\"gb-media-16e43eec\" src=\"https:\/\/konpart.de\/wp-content\/uploads\/2024\/11\/fp-diesel-logo-1.jpg\" alt=\"FP Diesel\"\/><\/a>\n<\/div>\n\n<div class=\"gb-loop-item gb-loop-item-70ad5639 post-4096 product type-product status-publish has-post-thumbnail hentry\">\n<a href=\"https:\/\/konpart.de\/es\/product\/impresion-azul\/\"><img loading=\"lazy\" decoding=\"async\" width=\"300\" height=\"200\" data-media-id=\"3543\" class=\"gb-media-16e43eec\" src=\"https:\/\/konpart.de\/wp-content\/uploads\/2025\/05\/blue-print-logo-1.jpg\" alt=\"Impresi\u00f3n azul\"\/><\/a>\n<\/div>\n\n<div class=\"gb-loop-item gb-loop-item-70ad5639 post-4097 product type-product status-publish has-post-thumbnail hentry\">\n<a href=\"https:\/\/konpart.de\/es\/product\/nrf\/\"><img loading=\"lazy\" decoding=\"async\" width=\"300\" height=\"200\" data-media-id=\"3651\" class=\"gb-media-16e43eec\" src=\"https:\/\/konpart.de\/wp-content\/uploads\/2025\/05\/nrf-logo-1.jpg\" alt=\"NRF\"\/><\/a>\n<\/div>\n<\/div><\/div>\n<\/div>\n\n\n<div class=\"gb-container gb-container-4c28cbe3 main page-mb\">\n<div class=\"gb-container gb-container-914b04a5 small\">\n\n<h1 class=\"gb-text gb-text-26113fbc\">Ubicaci\u00f3n<\/h1>\n\n\n\n<p class=\"gb-text\"><strong>Direcci\u00f3n<\/strong><br>KonPart Import-Export GmbH<br>Am alten Lokschuppen 6<br>21509 Glinde, Alemania<\/p>\n\n\n\n<div class=\"gb-element-4bb419c4\">\n<p><strong>C\u00f3mo llegar en coche o cami\u00f3n&#8230;<\/strong><\/p>\n\n\n\n<p>Sal de la autopista 24 por la salida 4 \u00abReinbek\u00bb y sigue las se\u00f1ales en direcci\u00f3n \u00abReinbek\/Glinde\u00bb.<br>En el cruce con la \u00abM\u00f6llner Landstrasse\u00bb gira a la izquierda. Tras unos cientos de metros, toma la tercera salida \u00abBerliner Strasse\u00bb en la rotonda para entrar en el pol\u00edgono industrial \u00abGewerbegebiet Reinbek-Glinde\u00bb. <\/p>\n<\/div>\n\n\n\n<div class=\"gb-element-c89795ed\">\n<p><strong>C\u00f3mo llegar en transporte p\u00fablico<\/strong>&#8230;<br>Desde el Aeropuerto \u00abFlughafen Hamburg\u00bb<\/p>\n\n\n\n<p>Metro \u00abS1\u00bb &#8211; direcci\u00f3n \u00abWedel\u00bb<br>Salida \u00abBerliner Tor\u00bb<br>Tren subterr\u00e1neo \u00abU2\u00bb &#8211; direcci\u00f3n \u00abM\u00fcmmelmannsberg\u00bb<br>Salida \u00abMerkenstrasse\u00bb o \u00abSteinfurther Allee\u00bb<br>Despu\u00e9s coge el autob\u00fas n\u00fam. \u00ab133\u00bb &#8211; direcci\u00f3n \u00abNeusch\u00f6nningstedt, Haidkrug\u00bb<br>Salir en \u00abBerliner Strasse\u00bb <\/p>\n<\/div>\n\n\n\n<div class=\"gb-element-e9fad60b\">\n<p><strong>Desde la Estaci\u00f3n Principal de Tren \u00abHamburg Hauptbahnhof\u00bb.<\/strong><\/p>\n\n\n\n<p>Tren subterr\u00e1neo \u00abU2\u00bb &#8211; direcci\u00f3n \u00abM\u00fcmmelmannsberg\u00bb<br>Sal en \u00abMerkenstrasse\u00bb o \u00abSteinfurther Allee\u00bb<br>Luego coge el autob\u00fas n\u00fam. \u00ab133\u00bb &#8211; direcci\u00f3n \u00abNeusch\u00f6nningstedt, Haidkrug\u00bb<br>Salir en \u00abBerliner Strasse\u00bb <\/p>\n<\/div>\n\n<\/div>\n<\/div>","protected":false},"excerpt":{"rendered":"<p>Ubicaci\u00f3n Direcci\u00f3nKonPart Import-Export GmbHAm alten Lokschuppen 621509 Glinde, Alemania C\u00f3mo llegar en coche o cami\u00f3n&#8230; Sal de la autopista 24 por la salida 4 \u00abReinbek\u00bb y sigue las se\u00f1ales en direcci\u00f3n \u00abReinbek\/Glinde\u00bb.En el cruce con la \u00abM\u00f6llner Landstrasse\u00bb gira a la izquierda. Tras unos cientos de metros, toma la tercera salida \u00abBerliner Strasse\u00bb en la &#8230; <a title=\"Ubicaci\u00f3n\" class=\"read-more\" href=\"https:\/\/konpart.de\/es\/ubicacion\/\" aria-label=\"Leer m\u00e1s sobre Ubicaci\u00f3n\">Weiterlesen &#8230;<\/a><\/p>\n","protected":false},"author":1,"featured_media":0,"parent":0,"menu_order":70,"comment_status":"closed","ping_status":"closed","template":"","meta":{"_acf_changed":false,"footnotes":""},"element-controls":[],"class_list":["post-4054","page","type-page","status-publish"],"acf":[],"_links":{"self":[{"href":"https:\/\/konpart.de\/es\/wp-json\/wp\/v2\/pages\/4054","targetHints":{"allow":["GET"]}}],"collection":[{"href":"https:\/\/konpart.de\/es\/wp-json\/wp\/v2\/pages"}],"about":[{"href":"https:\/\/konpart.de\/es\/wp-json\/wp\/v2\/types\/page"}],"author":[{"embeddable":true,"href":"https:\/\/konpart.de\/es\/wp-json\/wp\/v2\/users\/1"}],"replies":[{"embeddable":true,"href":"https:\/\/konpart.de\/es\/wp-json\/wp\/v2\/comments?post=4054"}],"version-history":[{"count":2,"href":"https:\/\/konpart.de\/es\/wp-json\/wp\/v2\/pages\/4054\/revisions"}],"predecessor-version":[{"id":4873,"href":"https:\/\/konpart.de\/es\/wp-json\/wp\/v2\/pages\/4054\/revisions\/4873"}],"wp:attachment":[{"href":"https:\/\/konpart.de\/es\/wp-json\/wp\/v2\/media?parent=4054"}],"wp:term":[{"taxonomy":"element-controls","embeddable":true,"href":"https:\/\/konpart.de\/es\/wp-json\/wp\/v2\/element-controls?post=4054"}],"curies":[{"name":"wp","href":"https:\/\/api.w.org\/{rel}","templated":true}]}}