{"id":4060,"date":"2025-05-13T18:16:22","date_gmt":"2025-05-13T16:16:22","guid":{"rendered":"https:\/\/konpart.de\/acerca-de\/"},"modified":"2025-10-23T11:16:43","modified_gmt":"2025-10-23T09:16:43","slug":"acerca-de","status":"publish","type":"page","link":"https:\/\/konpart.de\/es\/acerca-de\/","title":{"rendered":"Acerca de"},"content":{"rendered":"\n<div><div class=\"n2_clear\"><ss3-force-full-width data-overflow-x=\"body\" data-horizontal-selector=\"body\"><div class=\"n2-section-smartslider fitvidsignore  n2_clear\" data-ssid=\"50\"><div id=\"n2-ss-50-align\" class=\"n2-ss-align\"><div class=\"n2-padding\"><div id=\"n2-ss-50\" data-creator=\"Smart Slider 3\" data-responsive=\"fullwidth\" class=\"n2-ss-slider n2-ow n2-has-hover n2notransition  \">\n        <div class=\"n2-ss-slider-1 n2_ss__touch_element n2-ow\">\n            <div class=\"n2-ss-slider-2 n2-ow\">\n                                                <div class=\"n2-ss-slider-3 n2-ow\">\n\n                    <div class=\"n2-ss-slide-backgrounds n2-ow-all\"><div class=\"n2-ss-slide-background\" data-public-id=\"1\" data-mode=\"fill\"><div class=\"n2-ss-slide-background-image\" data-blur=\"0\" data-opacity=\"100\" data-x=\"50\" data-y=\"50\" data-alt=\"\" data-title=\"\"><picture class=\"skip-lazy\" data-skip-lazy=\"1\"><source srcset=\"\/\/konpart.de\/wp-content\/uploads\/2025\/06\/konpart-automotive-catalogues-aftermarket-spare-parts-about-mobil.jpg\" media=\"(max-width: 900px)\" class=\"skip-lazy\" data-skip-lazy=\"1\"><img decoding=\"async\" src=\"\/\/konpart.de\/wp-content\/uploads\/2025\/06\/konpart-automotive-catalogues-aftermarket-spare-parts-about.jpg\" alt=\"\" title=\"\" loading=\"lazy\" class=\"skip-lazy\" data-skip-lazy=\"1\"><\/picture><\/div><div data-color=\"RGBA(210,10,16,1)\" style=\"background-color: RGBA(210,10,16,1);\" class=\"n2-ss-slide-background-color\"><\/div><\/div><\/div>                    <div class=\"n2-ss-slider-4 n2-ow\">\n                        <svg xmlns=\"http:\/\/www.w3.org\/2000\/svg\" viewBox=\"0 0 1920 500\" data-related-device=\"desktopPortrait\" class=\"n2-ow n2-ss-preserve-size n2-ss-preserve-size--slider n2-ss-slide-limiter\"><\/svg><div data-first=\"1\" data-slide-duration=\"0\" data-id=\"63\" data-slide-public-id=\"1\" data-title=\"Slide\" class=\"n2-ss-slide n2-ow  n2-ss-slide-63\"><div role=\"note\" class=\"n2-ss-slide--focus\" tabindex=\"-1\">Slide<\/div><div class=\"n2-ss-layers-container n2-ss-slide-limiter n2-ow\"><div class=\"n2-ss-layer n2-ow n-uc-66ouUhcKJrXt\" data-sstype=\"slide\" data-pm=\"default\"><div class=\"n2-ss-layer n2-ow n-uc-Ocrk9F3ndTue\" data-pm=\"default\" data-sstype=\"content\" data-hasbackground=\"0\"><div class=\"n2-ss-section-main-content n2-ss-layer-with-background n2-ss-layer-content n2-ow n-uc-Ocrk9F3ndTue-inner\"><div class=\"n2-ss-layer n2-ow n2-ss-layer--block n2-ss-has-self-align n2-ss-stretch-layer n-uc-1DEwI09vQV0j\" data-pm=\"normal\" data-sstype=\"row\"><div class=\"n2-ss-layer-row n2-ss-layer-with-background n-uc-1DEwI09vQV0j-inner\"><div class=\"n2-ss-layer-row-inner \"><div class=\"n2-ss-layer n2-ow n-uc-wyGgoxmb12Ta\" data-pm=\"default\" data-sstype=\"col\"><div class=\"n2-ss-layer-col n2-ss-layer-with-background n2-ss-layer-content n-uc-wyGgoxmb12Ta-inner\"><\/div><\/div><div class=\"n2-ss-layer n2-ow n-uc-q2ZkesIRmHwu\" data-pm=\"default\" data-hidemobileportrait=\"1\" data-sstype=\"col\"><div class=\"n2-ss-layer-col n2-ss-layer-with-background n2-ss-layer-content n-uc-q2ZkesIRmHwu-inner\"><div class=\"n2-ss-layer n2-ow n-uc-PgyC6vZz3YUW\" data-pm=\"normal\" data-animv2=\"{&quot;basic&quot;:{&quot;in&quot;:{&quot;type&quot;:&quot;basic&quot;,&quot;name&quot;:&quot;Fade&quot;,&quot;keyFrames&quot;:[{&quot;ease&quot;:&quot;linear&quot;,&quot;opacity&quot;:0}]}}}\" data-sstype=\"layer\"><div id=\"n2-ss-50item1\" class=\"n2-font-7c51fb98e3f68a79f75f15481ce3fc1c-hover   n2-ss-item-content n2-ss-text n2-ow\" style=\"display:block;\">Acerca de<\/div><\/div><div class=\"n2-ss-layer n2-ow slider-text n-uc-6p1XwJ9PCAdl\" data-pm=\"normal\" data-animv2=\"{&quot;basic&quot;:{&quot;in&quot;:{&quot;type&quot;:&quot;basic&quot;,&quot;name&quot;:&quot;Fade&quot;,&quot;keyFrames&quot;:[{&quot;duration&quot;:1,&quot;delay&quot;:0.6,&quot;opacity&quot;:0}]}}}\" data-sstype=\"layer\"><div class=\"n2-ss-item-content n2-ss-text n2-ow-all\"><div class=\"\"><p class=\"n2-font-a263158264e92a79de52d2ce25ae23a6-paragraph   \"><span class=\"list-icon\">M\u00e1s de 30 a\u00f1os de servicio y experiencia.<\/span><br \/>\n<span class=\"list-icon\">M\u00e1s de 1000 clientes. <\/span><br \/>\n<span class=\"list-icon\">M\u00e1s de 10 000 transportes internacionales. <\/span><br \/>\n<span class=\"list-icon\">M\u00e1s de 1 000 000 de piezas al a\u00f1o. <\/span><\/p>\n<\/div><\/div><\/div><\/div><\/div><\/div><\/div><\/div><\/div><\/div><\/div><\/div><\/div>                    <\/div>\n\n                                    <\/div>\n            <\/div>\n        <\/div>\n        <\/div><ss3-loader><\/ss3-loader><\/div><\/div><div class=\"n2_clear\"><\/div><\/div><\/ss3-force-full-width><\/div><\/div>\n\n\n\n<div class=\"gb-element-78c191c8\">\n<div class=\"order-by-priority\"><div class=\"gb-looper-6020cb22 order-by-priority\">\n<div class=\"gb-loop-item gb-loop-item-70ad5639 post-4118 product type-product status-publish has-post-thumbnail hentry\">\n<a href=\"https:\/\/konpart.de\/es\/product\/zf\/\"><img loading=\"lazy\" decoding=\"async\" width=\"300\" height=\"200\" data-media-id=\"3715\" class=\"gb-media-16e43eec\" src=\"https:\/\/konpart.de\/wp-content\/uploads\/2024\/11\/zf-logo-1.jpg\" alt=\"ZF\"\/><\/a>\n<\/div>\n\n<div class=\"gb-loop-item gb-loop-item-70ad5639 post-4116 product type-product status-publish has-post-thumbnail hentry\">\n<a href=\"https:\/\/konpart.de\/es\/product\/contitech\/\"><img loading=\"lazy\" decoding=\"async\" width=\"300\" height=\"200\" data-media-id=\"3559\" class=\"gb-media-16e43eec\" src=\"https:\/\/konpart.de\/wp-content\/uploads\/2025\/05\/contitech-logo-2.jpg\" alt=\"ContiTech\"\/><\/a>\n<\/div>\n\n<div class=\"gb-loop-item gb-loop-item-70ad5639 post-4153 product type-product status-publish has-post-thumbnail hentry\">\n<a href=\"https:\/\/konpart.de\/es\/product\/ate\/\"><img loading=\"lazy\" decoding=\"async\" width=\"300\" height=\"200\" data-media-id=\"3530\" class=\"gb-media-16e43eec\" src=\"https:\/\/konpart.de\/wp-content\/uploads\/2024\/11\/ate-logo-2.jpg\" alt=\"ATE\"\/><\/a>\n<\/div>\n\n<div class=\"gb-loop-item gb-loop-item-70ad5639 post-4161 product type-product status-publish has-post-thumbnail hentry\">\n<a href=\"https:\/\/konpart.de\/es\/product\/continental\/\"><img loading=\"lazy\" decoding=\"async\" width=\"300\" height=\"200\" data-media-id=\"3555\" class=\"gb-media-16e43eec\" src=\"https:\/\/konpart.de\/wp-content\/uploads\/2024\/11\/continental-logo-1.jpg\" alt=\"Continental\"\/><\/a>\n<\/div>\n\n<div class=\"gb-loop-item gb-loop-item-70ad5639 post-4126 product type-product status-publish has-post-thumbnail hentry\">\n<a href=\"https:\/\/konpart.de\/es\/product\/victor-reinz\/\"><img loading=\"lazy\" decoding=\"async\" width=\"300\" height=\"200\" data-media-id=\"3675\" class=\"gb-media-16e43eec\" src=\"https:\/\/konpart.de\/wp-content\/uploads\/2024\/11\/reinz-logo.jpg\" alt=\"Victor Reinz\"\/><\/a>\n<\/div>\n\n<div class=\"gb-loop-item gb-loop-item-70ad5639 post-4115 product type-product status-publish has-post-thumbnail hentry\">\n<a href=\"https:\/\/konpart.de\/es\/product\/kolbenschmidt\/\"><img loading=\"lazy\" decoding=\"async\" width=\"300\" height=\"200\" data-media-id=\"3615\" class=\"gb-media-16e43eec\" src=\"https:\/\/konpart.de\/wp-content\/uploads\/2025\/05\/kolbenschmidt-logo-1.jpg\" alt=\"Kolbenschmidt\"\/><\/a>\n<\/div>\n\n<div class=\"gb-loop-item gb-loop-item-70ad5639 post-4191 product type-product status-publish has-post-thumbnail hentry\">\n<a href=\"https:\/\/konpart.de\/es\/product\/productos-mahle\/\"><img loading=\"lazy\" decoding=\"async\" width=\"300\" height=\"200\" data-media-id=\"3631\" class=\"gb-media-16e43eec\" src=\"https:\/\/konpart.de\/wp-content\/uploads\/2024\/11\/mahle-logo-1.jpg\" alt=\"Productos Mahle\"\/><\/a>\n<\/div>\n\n<div class=\"gb-loop-item gb-loop-item-70ad5639 post-4167 product type-product status-publish has-post-thumbnail hentry\">\n<a href=\"https:\/\/konpart.de\/es\/product\/febi\/\"><img loading=\"lazy\" decoding=\"async\" width=\"300\" height=\"200\" data-media-id=\"3575\" class=\"gb-media-16e43eec\" src=\"https:\/\/konpart.de\/wp-content\/uploads\/2024\/11\/febi-logo-1.jpg\" alt=\"febi\"\/><\/a>\n<\/div>\n\n<div class=\"gb-loop-item gb-loop-item-70ad5639 post-4137 product type-product status-publish has-post-thumbnail hentry\">\n<a href=\"https:\/\/konpart.de\/es\/product\/payen\/\"><img loading=\"lazy\" decoding=\"async\" width=\"300\" height=\"200\" data-media-id=\"3663\" class=\"gb-media-16e43eec\" src=\"https:\/\/konpart.de\/wp-content\/uploads\/2024\/11\/payen-logo-1.jpg\" alt=\"Payen\"\/><\/a>\n<\/div>\n\n<div class=\"gb-loop-item gb-loop-item-70ad5639 post-4156 product type-product status-publish has-post-thumbnail hentry\">\n<a href=\"https:\/\/konpart.de\/es\/product\/borgwarner\/\"><img loading=\"lazy\" decoding=\"async\" width=\"300\" height=\"200\" data-media-id=\"3547\" class=\"gb-media-16e43eec\" src=\"https:\/\/konpart.de\/wp-content\/uploads\/2024\/11\/borgwarner-logo-1.jpg\" alt=\"BorgWarner\"\/><\/a>\n<\/div>\n\n<div class=\"gb-loop-item gb-loop-item-70ad5639 post-4104 product type-product status-publish has-post-thumbnail hentry\">\n<a href=\"https:\/\/konpart.de\/es\/product\/knorr\/\"><img loading=\"lazy\" decoding=\"async\" width=\"300\" height=\"200\" data-media-id=\"3611\" class=\"gb-media-16e43eec\" src=\"https:\/\/konpart.de\/wp-content\/uploads\/2025\/05\/knorr-logo-1.jpg\" alt=\"Knorr\"\/><\/a>\n<\/div>\n\n<div class=\"gb-loop-item gb-loop-item-70ad5639 post-4119 product type-product status-publish has-post-thumbnail hentry\">\n<a href=\"https:\/\/konpart.de\/es\/product\/trw\/\"><img loading=\"lazy\" decoding=\"async\" width=\"300\" height=\"200\" data-media-id=\"3695\" class=\"gb-media-16e43eec\" src=\"https:\/\/konpart.de\/wp-content\/uploads\/2025\/05\/trw-logo-1.jpg\" alt=\"TRW\"\/><\/a>\n<\/div>\n\n<div class=\"gb-loop-item gb-loop-item-70ad5639 post-4143 product type-product status-publish has-post-thumbnail hentry\">\n<a href=\"https:\/\/konpart.de\/es\/product\/wabco\/\"><img loading=\"lazy\" decoding=\"async\" width=\"300\" height=\"200\" data-media-id=\"3707\" class=\"gb-media-16e43eec\" src=\"https:\/\/konpart.de\/wp-content\/uploads\/2025\/05\/wabco-logo-1.jpg\" alt=\"Wabco\"\/><\/a>\n<\/div>\n\n<div class=\"gb-loop-item gb-loop-item-70ad5639 post-4144 product type-product status-publish has-post-thumbnail hentry\">\n<a href=\"https:\/\/konpart.de\/es\/product\/lemforder\/\"><img loading=\"lazy\" decoding=\"async\" width=\"300\" height=\"200\" data-media-id=\"3627\" class=\"gb-media-16e43eec\" src=\"https:\/\/konpart.de\/wp-content\/uploads\/2025\/05\/lemfoerder-logo-1.jpg\" alt=\"Lemf\u00f6rder\"\/><\/a>\n<\/div>\n\n<div class=\"gb-loop-item gb-loop-item-70ad5639 post-4179 product type-product status-publish has-post-thumbnail hentry\">\n<a href=\"https:\/\/konpart.de\/es\/product\/glyco\/\"><img loading=\"lazy\" decoding=\"async\" width=\"300\" height=\"200\" data-media-id=\"3599\" class=\"gb-media-16e43eec\" src=\"https:\/\/konpart.de\/wp-content\/uploads\/2024\/11\/glyco-logo-2.jpg\" alt=\"Glyco\"\/><\/a>\n<\/div>\n\n<div class=\"gb-loop-item gb-loop-item-70ad5639 post-4132 product type-product status-publish has-post-thumbnail hentry\">\n<a href=\"https:\/\/konpart.de\/es\/product\/moog\/\"><img loading=\"lazy\" decoding=\"async\" width=\"300\" height=\"200\" data-media-id=\"3639\" class=\"gb-media-16e43eec\" src=\"https:\/\/konpart.de\/wp-content\/uploads\/2024\/11\/moog-logo-1.jpg\" alt=\"Moog\"\/><\/a>\n<\/div>\n\n<div class=\"gb-loop-item gb-loop-item-70ad5639 post-4181 product type-product status-publish has-post-thumbnail hentry\">\n<a href=\"https:\/\/konpart.de\/es\/product\/goetze\/\"><img loading=\"lazy\" decoding=\"async\" width=\"300\" height=\"200\" data-media-id=\"3603\" class=\"gb-media-16e43eec\" src=\"https:\/\/konpart.de\/wp-content\/uploads\/2024\/11\/goetze-logo-1.jpg\" alt=\"Goetze\"\/><\/a>\n<\/div>\n\n<div class=\"gb-loop-item gb-loop-item-70ad5639 post-4146 product type-product status-publish has-post-thumbnail hentry\">\n<a href=\"https:\/\/konpart.de\/es\/product\/sachs\/\"><img loading=\"lazy\" decoding=\"async\" width=\"300\" height=\"200\" data-media-id=\"3679\" class=\"gb-media-16e43eec\" src=\"https:\/\/konpart.de\/wp-content\/uploads\/2025\/05\/sachs-logo-1.jpg\" alt=\"Sachs\"\/><\/a>\n<\/div>\n\n<div class=\"gb-loop-item gb-loop-item-70ad5639 post-4129 product type-product status-publish has-post-thumbnail hentry\">\n<a href=\"https:\/\/konpart.de\/es\/product\/nural\/\"><img loading=\"lazy\" decoding=\"async\" width=\"300\" height=\"200\" data-media-id=\"3655\" class=\"gb-media-16e43eec\" src=\"https:\/\/konpart.de\/wp-content\/uploads\/2024\/11\/nueral-logo-1.jpg\" alt=\"N\u00fcral\"\/><\/a>\n<\/div>\n\n<div class=\"gb-loop-item gb-loop-item-70ad5639 post-4160 product type-product status-publish has-post-thumbnail hentry\">\n<a href=\"https:\/\/konpart.de\/es\/product\/beru\/\"><img loading=\"lazy\" decoding=\"async\" width=\"300\" height=\"200\" data-media-id=\"3539\" class=\"gb-media-16e43eec\" src=\"https:\/\/konpart.de\/wp-content\/uploads\/2024\/11\/beru-logo-1.jpg\" alt=\"Beru\"\/><\/a>\n<\/div>\n\n<div class=\"gb-loop-item gb-loop-item-70ad5639 post-4185 product type-product status-publish has-post-thumbnail hentry\">\n<a href=\"https:\/\/konpart.de\/es\/product\/hella\/\"><img loading=\"lazy\" decoding=\"async\" width=\"300\" height=\"200\" data-media-id=\"3607\" class=\"gb-media-16e43eec\" src=\"https:\/\/konpart.de\/wp-content\/uploads\/2024\/11\/hella-logo-1.jpg\" alt=\"Hella\"\/><\/a>\n<\/div>\n\n<div class=\"gb-loop-item gb-loop-item-70ad5639 post-581 product type-product status-publish has-post-thumbnail hentry\">\n<a href=\"https:\/\/konpart.de\/es\/product\/bosch\/\"><img loading=\"lazy\" decoding=\"async\" width=\"125\" height=\"40\" data-media-id=\"560\" class=\"gb-media-16e43eec\" src=\"https:\/\/konpart.de\/wp-content\/uploads\/2024\/11\/BOSCH2.webp\" alt=\"Bosch\"\/><\/a>\n<\/div>\n\n<div class=\"gb-loop-item gb-loop-item-70ad5639 post-4127 product type-product status-publish has-post-thumbnail hentry\">\n<a href=\"https:\/\/konpart.de\/es\/product\/nissens\/\"><img loading=\"lazy\" decoding=\"async\" width=\"300\" height=\"200\" data-media-id=\"3647\" class=\"gb-media-16e43eec\" src=\"https:\/\/konpart.de\/wp-content\/uploads\/2024\/11\/nissens-logo.jpg\" alt=\"Nissens\"\/><\/a>\n<\/div>\n\n<div class=\"gb-loop-item gb-loop-item-70ad5639 post-4170 product type-product status-publish has-post-thumbnail hentry\">\n<a href=\"https:\/\/konpart.de\/es\/product\/autoedicion\/\"><img loading=\"lazy\" decoding=\"async\" width=\"300\" height=\"200\" data-media-id=\"3567\" class=\"gb-media-16e43eec\" src=\"https:\/\/konpart.de\/wp-content\/uploads\/2024\/11\/dtp-logo-1.jpg\" alt=\"AUTOEDICI\u00d3N\"\/><\/a>\n<\/div>\n\n<div class=\"gb-loop-item gb-loop-item-70ad5639 post-4102 product type-product status-publish has-post-thumbnail hentry\">\n<a href=\"https:\/\/konpart.de\/es\/product\/pierburg\/\"><img loading=\"lazy\" decoding=\"async\" width=\"300\" height=\"200\" data-media-id=\"3671\" class=\"gb-media-16e43eec\" src=\"https:\/\/konpart.de\/wp-content\/uploads\/2025\/05\/pierburg-logo-1.jpg\" alt=\"Pierburg\"\/><\/a>\n<\/div>\n\n<div class=\"gb-loop-item gb-loop-item-70ad5639 post-4174 product type-product status-publish has-post-thumbnail hentry\">\n<a href=\"https:\/\/konpart.de\/es\/product\/fp-diesel\/\"><img loading=\"lazy\" decoding=\"async\" width=\"300\" height=\"200\" data-media-id=\"3591\" class=\"gb-media-16e43eec\" src=\"https:\/\/konpart.de\/wp-content\/uploads\/2024\/11\/fp-diesel-logo-1.jpg\" alt=\"FP Diesel\"\/><\/a>\n<\/div>\n\n<div class=\"gb-loop-item gb-loop-item-70ad5639 post-4096 product type-product status-publish has-post-thumbnail hentry\">\n<a href=\"https:\/\/konpart.de\/es\/product\/impresion-azul\/\"><img loading=\"lazy\" decoding=\"async\" width=\"300\" height=\"200\" data-media-id=\"3543\" class=\"gb-media-16e43eec\" src=\"https:\/\/konpart.de\/wp-content\/uploads\/2025\/05\/blue-print-logo-1.jpg\" alt=\"Impresi\u00f3n azul\"\/><\/a>\n<\/div>\n\n<div class=\"gb-loop-item gb-loop-item-70ad5639 post-4097 product type-product status-publish has-post-thumbnail hentry\">\n<a href=\"https:\/\/konpart.de\/es\/product\/nrf\/\"><img loading=\"lazy\" decoding=\"async\" width=\"300\" height=\"200\" data-media-id=\"3651\" class=\"gb-media-16e43eec\" src=\"https:\/\/konpart.de\/wp-content\/uploads\/2025\/05\/nrf-logo-1.jpg\" alt=\"NRF\"\/><\/a>\n<\/div>\n<\/div><\/div>\n<\/div>\n\n\n<div class=\"gb-container gb-container-4c28cbe3 main\">\n<div class=\"gb-container gb-container-914b04a5 small\">\n\n<h1 class=\"gb-text gb-text-26113fbc\">Acerca de<\/h1>\n\n<\/div>\n<\/div>\n\n\n<div class=\"main gb-element-30b127b4\">\n<div class=\"small gb-element-c6fd46af\">\n<div class=\"gb-element-ba7218b7\">\n<img loading=\"lazy\" decoding=\"async\" width=\"2521\" height=\"219\" class=\"gb-media-36324af9\" alt=\"\" src=\"https:\/\/konpart.de\/wp-content\/uploads\/2025\/05\/konpart-automotive-zeitleiste.webp\" title=\"konpart-automotive-zeitleiste\" srcset=\"https:\/\/konpart.de\/wp-content\/uploads\/2025\/05\/konpart-automotive-zeitleiste.webp 2521w, https:\/\/konpart.de\/wp-content\/uploads\/2025\/05\/konpart-automotive-zeitleiste-300x26.webp 300w, https:\/\/konpart.de\/wp-content\/uploads\/2025\/05\/konpart-automotive-zeitleiste-1024x89.webp 1024w, https:\/\/konpart.de\/wp-content\/uploads\/2025\/05\/konpart-automotive-zeitleiste-768x67.webp 768w, https:\/\/konpart.de\/wp-content\/uploads\/2025\/05\/konpart-automotive-zeitleiste-1536x133.webp 1536w, https:\/\/konpart.de\/wp-content\/uploads\/2025\/05\/konpart-automotive-zeitleiste-2048x178.webp 2048w, https:\/\/konpart.de\/wp-content\/uploads\/2025\/05\/konpart-automotive-zeitleiste-1320x115.webp 1320w\" sizes=\"auto, (max-width: 2521px) 100vw, 2521px\" \/>\n<\/div>\n\n\n\n<div class=\"gb-element-da0fea3f\">\n<div class=\"gb-element-f276450c\">\n<div>\n<p class=\"gb-text gb-text-add474d0\">1991<\/p>\n<\/div>\n\n\n\n<div>\n<p class=\"gb-text gb-text-118044d2\">Fundaci\u00f3n de KonPart en Hamburgo \/ Alemania. Tras trabajar m\u00e1s de 20 a\u00f1os en varias empresas de exportaci\u00f3n y log\u00edstica, Konrad Choinowski decidi\u00f3 fundar KonPart Import-Export GmbH para mantener sus s\u00f3lidos contactos en el comercio con \u00c1frica Occidental. <\/p>\n<\/div>\n\n\n\n<div>\n<p class=\"gb-text gb-text-add474d0\">1995<\/p>\n<\/div>\n\n\n\n<div>\n<p class=\"gb-text gb-text-180cacba\">Se re\u00fanen por primera vez las instalaciones de oficina y almacenamiento, que siguen siendo la clave del \u00e9xito para el procesamiento y la entrega m\u00e1s r\u00e1pidos y eficaces a los clientes de todo el mundo.<\/p>\n<\/div>\n\n\n\n<div>\n<p class=\"gb-text gb-text-8d46a1cd\">2001<\/p>\n<\/div>\n\n\n\n<div>\n<p class=\"gb-text gb-text-9840b52a\">La celebraci\u00f3n de los 10 a\u00f1os re\u00fane a clientes y proveedores de toda \u00c1frica y del mundo. KonPart es uno de los mayores exportadores alemanes de piezas de recambio a \u00c1frica Occidental y representa a m\u00e1s de 20 marcas l\u00edderes del mercado de recambios en varios pa\u00edses de \u00c1frica Occidental. <\/p>\n<\/div>\n\n\n\n<div>\n<p class=\"gb-text gb-text-fa99bcf6\">2011<\/p>\n<\/div>\n\n\n\n<div>\n<p class=\"gb-text gb-text-f0d601ce\">KonPart se ha consolidado a\u00fan m\u00e1s en los mercados y ahora cuenta con el apoyo de un s\u00f3lido equipo de expertos en ventas que proporcionan servicio al cliente y experiencia. Se distribuyen m\u00e1s de 50 marcas l\u00edderes del mercado de recambios. <\/p>\n<\/div>\n\n\n\n<div>\n<p class=\"gb-text gb-text-313d6739\">2022<\/p>\n<\/div>\n\n\n\n<div>\n<p class=\"gb-text gb-text-182f6f64\">KonPart inicia el relevo generacional en la direcci\u00f3n y Roman Choinowski asume la direcci\u00f3n de la empresa.<\/p>\n<\/div>\n\n\n\n<div>\n<p class=\"gb-text gb-text-a97c4c92\">2023<\/p>\n<\/div>\n\n\n\n<div>\n<p class=\"gb-text gb-text-3f9929c9\">KonPart ha crecido en su nueva sede cerca de Hamburgo, en Glinde \/ Alemania, y atiende a sus clientes desde una zona de oficinas, almacenes y log\u00edstica de 1.500 metros cuadrados.<\/p>\n<\/div>\n\n\n\n<div>\n<p class=\"gb-text gb-text-bed3d110\">2024<\/p>\n<\/div>\n\n\n\n<div>\n<p class=\"gb-text gb-text-d2ef2fd3\">KonPart ha implantado un sistema ERP potente y orientado al futuro.<\/p>\n<\/div>\n\n\n\n<div>\n<p class=\"gb-text gb-text-aac52a1e\">2025<\/p>\n<\/div>\n\n\n\n<div>\n<p class=\"gb-text gb-text-fd05f85d\">KonPart ha lanzado un nuevo sitio web de empresa e intruduce una moderna identidad corporativa.<\/p>\n<\/div>\n<\/div>\n<\/div>\n<\/div>\n<\/div>\n","protected":false},"excerpt":{"rendered":"<p>Acerca de 1991 Fundaci\u00f3n de KonPart en Hamburgo \/ Alemania. Tras trabajar m\u00e1s de 20 a\u00f1os en varias empresas de exportaci\u00f3n y log\u00edstica, Konrad Choinowski decidi\u00f3 fundar KonPart Import-Export GmbH para mantener sus s\u00f3lidos contactos en el comercio con \u00c1frica Occidental. 1995 Se re\u00fanen por primera vez las instalaciones de oficina y almacenamiento, que siguen &#8230; <a title=\"Acerca de\" class=\"read-more\" href=\"https:\/\/konpart.de\/es\/acerca-de\/\" aria-label=\"Leer m\u00e1s sobre Acerca de\">Weiterlesen &#8230;<\/a><\/p>\n","protected":false},"author":1,"featured_media":0,"parent":0,"menu_order":60,"comment_status":"closed","ping_status":"closed","template":"","meta":{"_acf_changed":false,"footnotes":""},"element-controls":[],"class_list":["post-4060","page","type-page","status-publish"],"acf":[],"_links":{"self":[{"href":"https:\/\/konpart.de\/es\/wp-json\/wp\/v2\/pages\/4060","targetHints":{"allow":["GET"]}}],"collection":[{"href":"https:\/\/konpart.de\/es\/wp-json\/wp\/v2\/pages"}],"about":[{"href":"https:\/\/konpart.de\/es\/wp-json\/wp\/v2\/types\/page"}],"author":[{"embeddable":true,"href":"https:\/\/konpart.de\/es\/wp-json\/wp\/v2\/users\/1"}],"replies":[{"embeddable":true,"href":"https:\/\/konpart.de\/es\/wp-json\/wp\/v2\/comments?post=4060"}],"version-history":[{"count":2,"href":"https:\/\/konpart.de\/es\/wp-json\/wp\/v2\/pages\/4060\/revisions"}],"predecessor-version":[{"id":4872,"href":"https:\/\/konpart.de\/es\/wp-json\/wp\/v2\/pages\/4060\/revisions\/4872"}],"wp:attachment":[{"href":"https:\/\/konpart.de\/es\/wp-json\/wp\/v2\/media?parent=4060"}],"wp:term":[{"taxonomy":"element-controls","embeddable":true,"href":"https:\/\/konpart.de\/es\/wp-json\/wp\/v2\/element-controls?post=4060"}],"curies":[{"name":"wp","href":"https:\/\/api.w.org\/{rel}","templated":true}]}}