{"id":4735,"date":"2020-05-07T15:20:15","date_gmt":"2020-05-07T13:20:15","guid":{"rendered":"https:\/\/konpart.de\/ponte-en-contacto-con\/"},"modified":"2025-10-23T11:20:44","modified_gmt":"2025-10-23T09:20:44","slug":"contacto","status":"publish","type":"page","link":"https:\/\/konpart.de\/es\/contacto\/","title":{"rendered":"Contacto"},"content":{"rendered":"\n<div><div class=\"n2_clear\"><ss3-force-full-width data-overflow-x=\"body\" data-horizontal-selector=\"body\"><div class=\"n2-section-smartslider fitvidsignore  n2_clear\" data-ssid=\"53\"><div id=\"n2-ss-53-align\" class=\"n2-ss-align\"><div class=\"n2-padding\"><div id=\"n2-ss-53\" data-creator=\"Smart Slider 3\" data-responsive=\"fullwidth\" class=\"n2-ss-slider n2-ow n2-has-hover n2notransition  \">\n        <div class=\"n2-ss-slider-1 n2_ss__touch_element n2-ow\">\n            <div class=\"n2-ss-slider-2 n2-ow\">\n                                                <div class=\"n2-ss-slider-3 n2-ow\">\n\n                    <div class=\"n2-ss-slide-backgrounds n2-ow-all\"><div class=\"n2-ss-slide-background\" data-public-id=\"1\" data-mode=\"fill\"><div class=\"n2-ss-slide-background-image\" data-blur=\"0\" data-opacity=\"100\" data-x=\"50\" data-y=\"50\" data-alt=\"\" data-title=\"\"><picture class=\"skip-lazy\" data-skip-lazy=\"1\"><source srcset=\"\/\/konpart.de\/wp-content\/uploads\/2025\/06\/konpart-automotive-catalogues-aftermarket-spare-parts-contact-mobil.jpg\" media=\"(max-width: 900px)\" class=\"skip-lazy\" data-skip-lazy=\"1\"><img decoding=\"async\" src=\"\/\/konpart.de\/wp-content\/uploads\/2025\/06\/konpart-automotive-catalogues-aftermarket-spare-parts-contact.jpg\" alt=\"\" title=\"\" loading=\"lazy\" class=\"skip-lazy\" data-skip-lazy=\"1\"><\/picture><\/div><div data-color=\"RGBA(210,10,16,1)\" style=\"background-color: RGBA(210,10,16,1);\" class=\"n2-ss-slide-background-color\"><\/div><\/div><\/div>                    <div class=\"n2-ss-slider-4 n2-ow\">\n                        <svg xmlns=\"http:\/\/www.w3.org\/2000\/svg\" viewBox=\"0 0 1920 500\" data-related-device=\"desktopPortrait\" class=\"n2-ow n2-ss-preserve-size n2-ss-preserve-size--slider n2-ss-slide-limiter\"><\/svg><div data-first=\"1\" data-slide-duration=\"0\" data-id=\"66\" data-slide-public-id=\"1\" data-title=\"Slide\" class=\"n2-ss-slide n2-ow  n2-ss-slide-66\"><div role=\"note\" class=\"n2-ss-slide--focus\" tabindex=\"-1\">Slide<\/div><div class=\"n2-ss-layers-container n2-ss-slide-limiter n2-ow\"><div class=\"n2-ss-layer n2-ow n-uc-kmdXqYqwR8ah\" data-sstype=\"slide\" data-pm=\"default\"><div class=\"n2-ss-layer n2-ow n-uc-nDLRrg0aOs3V\" data-pm=\"default\" data-sstype=\"content\" data-hasbackground=\"0\"><div class=\"n2-ss-section-main-content n2-ss-layer-with-background n2-ss-layer-content n2-ow n-uc-nDLRrg0aOs3V-inner\"><div class=\"n2-ss-layer n2-ow n2-ss-layer--block n2-ss-has-self-align n2-ss-stretch-layer n-uc-whAkjPs2ELrY\" data-pm=\"normal\" data-sstype=\"row\"><div class=\"n2-ss-layer-row n2-ss-layer-with-background n-uc-whAkjPs2ELrY-inner\"><div class=\"n2-ss-layer-row-inner \"><div class=\"n2-ss-layer n2-ow n-uc-yqjvLdHyXXqG\" data-pm=\"default\" data-sstype=\"col\"><div class=\"n2-ss-layer-col n2-ss-layer-with-background n2-ss-layer-content n-uc-yqjvLdHyXXqG-inner\"><\/div><\/div><div class=\"n2-ss-layer n2-ow n-uc-qjQDRt2yldSO\" data-pm=\"default\" data-hidemobileportrait=\"1\" data-sstype=\"col\"><div class=\"n2-ss-layer-col n2-ss-layer-with-background n2-ss-layer-content n-uc-qjQDRt2yldSO-inner\"><div class=\"n2-ss-layer n2-ow n-uc-OdiadCG5IZd6\" data-pm=\"normal\" data-animv2=\"{&quot;basic&quot;:{&quot;in&quot;:{&quot;type&quot;:&quot;basic&quot;,&quot;name&quot;:&quot;Fade&quot;,&quot;keyFrames&quot;:[{&quot;ease&quot;:&quot;linear&quot;,&quot;opacity&quot;:0}]}}}\" data-sstype=\"layer\"><div id=\"n2-ss-53item1\" class=\"n2-font-7c51fb98e3f68a79f75f15481ce3fc1c-hover   n2-ss-item-content n2-ss-text n2-ow\" style=\"display:block;\">\u00a1P\u00f3ngase en contacto con nosotros para solicitar un presupuesto!<\/div><\/div><div class=\"n2-ss-layer n2-ow n2-ss-layer--block n2-ss-has-self-align n-uc-sHmnA4hmyfbT\" data-pm=\"normal\" data-animv2=\"{&quot;basic&quot;:{&quot;in&quot;:{&quot;type&quot;:&quot;basic&quot;,&quot;name&quot;:&quot;Fade&quot;,&quot;keyFrames&quot;:[{&quot;duration&quot;:1,&quot;delay&quot;:0.6,&quot;opacity&quot;:0}]}}}\" data-sstype=\"row\"><div class=\"n2-ss-layer-row n2-ss-layer-with-background n-uc-sHmnA4hmyfbT-inner\"><div class=\"n2-ss-layer-row-inner \"><div class=\"n2-ss-layer n2-ow n-uc-LXvcYi4wxUkK\" data-pm=\"default\" data-hidetabletportrait=\"1\" data-sstype=\"col\"><div class=\"n2-ss-layer-col n2-ss-layer-with-background n2-ss-layer-content n-uc-LXvcYi4wxUkK-inner\"><div class=\"n2-ss-layer n2-ow n-uc-MYmeayz10dW1\" data-pm=\"normal\" data-sstype=\"layer\"><div class=\"n2-ss-item-content n2-ss-text n2-ow-all\"><div class=\"\"><p class=\"n2-font-a263158264e92a79de52d2ce25ae23a6-paragraph   \">Solo empresas<\/p>\n<\/div><\/div><\/div><div class=\"n2-ss-layer n2-ow slider-text n-uc-8hnB8rywBSd1\" data-pm=\"normal\" data-sstype=\"layer\"><div class=\"n2-ss-item-content n2-ss-text n2-ow-all\"><div class=\"\"><p class=\"n2-font-a263158264e92a79de52d2ce25ae23a6-paragraph   \"><span class=\"list-icon\"><b>M\u00e1s de 50 marcas l\u00edderes del mercado de repuestos<\/b><\/span><br \/>\n<span class=\"list-icon\"><b>Los precios m\u00e1s competitivos<\/b><\/span><br \/>\n<span class=\"list-icon\"><b>Env\u00edos a todo el mundo<\/b><\/span><\/p>\n<\/div><\/div><\/div><\/div><\/div><div class=\"n2-ss-layer n2-ow n-uc-ULNnbRRZcujp\" data-pm=\"default\" data-sstype=\"col\"><div class=\"n2-ss-layer-col n2-ss-layer-with-background n2-ss-layer-content n-uc-ULNnbRRZcujp-inner\"><div class=\"n2-ss-layer n2-ow n-uc-Tx2yQA3gg21x\" data-pm=\"normal\" data-sstype=\"layer\"><div class=\"n2-ss-item-content n2-ss-text n2-ow-all\"><div class=\"\"><p class=\"n2-font-78067eb9c2693845cf09c27f3f66e900-paragraph   \"><b>Email: <a href=\"mailto:&#105;&#110;f&#111;&#64;&#107;&#111;&#110;p&#97;&#114;t&#46;&#100;&#101;\">&#105;n&#102;o&#64;ko&#110;p&#97;rt.&#100;e<\/a><br \/>\nPhone: +49 (0)40 6963948-0<\/b><br \/>\nBusiness Hours: Mon &#8211; Fri 8am &#8211; 5pm CET<\/p>\n<\/div><\/div><\/div><\/div><\/div><\/div><\/div><\/div><\/div><\/div><\/div><\/div><\/div><\/div><\/div><\/div><\/div><\/div>                    <\/div>\n\n                                    <\/div>\n            <\/div>\n        <\/div>\n        <\/div><ss3-loader><\/ss3-loader><\/div><\/div><div class=\"n2_clear\"><\/div><\/div><\/ss3-force-full-width><\/div><\/div>\n\n\n\n<div class=\"gb-element-78c191c8\">\n<div class=\"order-by-priority\"><div class=\"gb-looper-6020cb22 order-by-priority\">\n<div class=\"gb-loop-item gb-loop-item-70ad5639 post-4118 product type-product status-publish has-post-thumbnail hentry\">\n<a href=\"https:\/\/konpart.de\/es\/product\/zf\/\"><img loading=\"lazy\" decoding=\"async\" width=\"300\" height=\"200\" data-media-id=\"3715\" class=\"gb-media-16e43eec\" src=\"https:\/\/konpart.de\/wp-content\/uploads\/2024\/11\/zf-logo-1.jpg\" alt=\"ZF\"\/><\/a>\n<\/div>\n\n<div class=\"gb-loop-item gb-loop-item-70ad5639 post-4116 product type-product status-publish has-post-thumbnail hentry\">\n<a href=\"https:\/\/konpart.de\/es\/product\/contitech\/\"><img loading=\"lazy\" decoding=\"async\" width=\"300\" height=\"200\" data-media-id=\"3559\" class=\"gb-media-16e43eec\" src=\"https:\/\/konpart.de\/wp-content\/uploads\/2025\/05\/contitech-logo-2.jpg\" alt=\"ContiTech\"\/><\/a>\n<\/div>\n\n<div class=\"gb-loop-item gb-loop-item-70ad5639 post-4153 product type-product status-publish has-post-thumbnail hentry\">\n<a href=\"https:\/\/konpart.de\/es\/product\/ate\/\"><img loading=\"lazy\" decoding=\"async\" width=\"300\" height=\"200\" data-media-id=\"3530\" class=\"gb-media-16e43eec\" src=\"https:\/\/konpart.de\/wp-content\/uploads\/2024\/11\/ate-logo-2.jpg\" alt=\"ATE\"\/><\/a>\n<\/div>\n\n<div class=\"gb-loop-item gb-loop-item-70ad5639 post-4161 product type-product status-publish has-post-thumbnail hentry\">\n<a href=\"https:\/\/konpart.de\/es\/product\/continental\/\"><img loading=\"lazy\" decoding=\"async\" width=\"300\" height=\"200\" data-media-id=\"3555\" class=\"gb-media-16e43eec\" src=\"https:\/\/konpart.de\/wp-content\/uploads\/2024\/11\/continental-logo-1.jpg\" alt=\"Continental\"\/><\/a>\n<\/div>\n\n<div class=\"gb-loop-item gb-loop-item-70ad5639 post-4126 product type-product status-publish has-post-thumbnail hentry\">\n<a href=\"https:\/\/konpart.de\/es\/product\/victor-reinz\/\"><img loading=\"lazy\" decoding=\"async\" width=\"300\" height=\"200\" data-media-id=\"3675\" class=\"gb-media-16e43eec\" src=\"https:\/\/konpart.de\/wp-content\/uploads\/2024\/11\/reinz-logo.jpg\" alt=\"Victor Reinz\"\/><\/a>\n<\/div>\n\n<div class=\"gb-loop-item gb-loop-item-70ad5639 post-4115 product type-product status-publish has-post-thumbnail hentry\">\n<a href=\"https:\/\/konpart.de\/es\/product\/kolbenschmidt\/\"><img loading=\"lazy\" decoding=\"async\" width=\"300\" height=\"200\" data-media-id=\"3615\" class=\"gb-media-16e43eec\" src=\"https:\/\/konpart.de\/wp-content\/uploads\/2025\/05\/kolbenschmidt-logo-1.jpg\" alt=\"Kolbenschmidt\"\/><\/a>\n<\/div>\n\n<div class=\"gb-loop-item gb-loop-item-70ad5639 post-4191 product type-product status-publish has-post-thumbnail hentry\">\n<a href=\"https:\/\/konpart.de\/es\/product\/productos-mahle\/\"><img loading=\"lazy\" decoding=\"async\" width=\"300\" height=\"200\" data-media-id=\"3631\" class=\"gb-media-16e43eec\" src=\"https:\/\/konpart.de\/wp-content\/uploads\/2024\/11\/mahle-logo-1.jpg\" alt=\"Productos Mahle\"\/><\/a>\n<\/div>\n\n<div class=\"gb-loop-item gb-loop-item-70ad5639 post-4167 product type-product status-publish has-post-thumbnail hentry\">\n<a href=\"https:\/\/konpart.de\/es\/product\/febi\/\"><img loading=\"lazy\" decoding=\"async\" width=\"300\" height=\"200\" data-media-id=\"3575\" class=\"gb-media-16e43eec\" src=\"https:\/\/konpart.de\/wp-content\/uploads\/2024\/11\/febi-logo-1.jpg\" alt=\"febi\"\/><\/a>\n<\/div>\n\n<div class=\"gb-loop-item gb-loop-item-70ad5639 post-4137 product type-product status-publish has-post-thumbnail hentry\">\n<a href=\"https:\/\/konpart.de\/es\/product\/payen\/\"><img loading=\"lazy\" decoding=\"async\" width=\"300\" height=\"200\" data-media-id=\"3663\" class=\"gb-media-16e43eec\" src=\"https:\/\/konpart.de\/wp-content\/uploads\/2024\/11\/payen-logo-1.jpg\" alt=\"Payen\"\/><\/a>\n<\/div>\n\n<div class=\"gb-loop-item gb-loop-item-70ad5639 post-4156 product type-product status-publish has-post-thumbnail hentry\">\n<a href=\"https:\/\/konpart.de\/es\/product\/borgwarner\/\"><img loading=\"lazy\" decoding=\"async\" width=\"300\" height=\"200\" data-media-id=\"3547\" class=\"gb-media-16e43eec\" src=\"https:\/\/konpart.de\/wp-content\/uploads\/2024\/11\/borgwarner-logo-1.jpg\" alt=\"BorgWarner\"\/><\/a>\n<\/div>\n\n<div class=\"gb-loop-item gb-loop-item-70ad5639 post-4104 product type-product status-publish has-post-thumbnail hentry\">\n<a href=\"https:\/\/konpart.de\/es\/product\/knorr\/\"><img loading=\"lazy\" decoding=\"async\" width=\"300\" height=\"200\" data-media-id=\"3611\" class=\"gb-media-16e43eec\" src=\"https:\/\/konpart.de\/wp-content\/uploads\/2025\/05\/knorr-logo-1.jpg\" alt=\"Knorr\"\/><\/a>\n<\/div>\n\n<div class=\"gb-loop-item gb-loop-item-70ad5639 post-4119 product type-product status-publish has-post-thumbnail hentry\">\n<a href=\"https:\/\/konpart.de\/es\/product\/trw\/\"><img loading=\"lazy\" decoding=\"async\" width=\"300\" height=\"200\" data-media-id=\"3695\" class=\"gb-media-16e43eec\" src=\"https:\/\/konpart.de\/wp-content\/uploads\/2025\/05\/trw-logo-1.jpg\" alt=\"TRW\"\/><\/a>\n<\/div>\n\n<div class=\"gb-loop-item gb-loop-item-70ad5639 post-4143 product type-product status-publish has-post-thumbnail hentry\">\n<a href=\"https:\/\/konpart.de\/es\/product\/wabco\/\"><img loading=\"lazy\" decoding=\"async\" width=\"300\" height=\"200\" data-media-id=\"3707\" class=\"gb-media-16e43eec\" src=\"https:\/\/konpart.de\/wp-content\/uploads\/2025\/05\/wabco-logo-1.jpg\" alt=\"Wabco\"\/><\/a>\n<\/div>\n\n<div class=\"gb-loop-item gb-loop-item-70ad5639 post-4144 product type-product status-publish has-post-thumbnail hentry\">\n<a href=\"https:\/\/konpart.de\/es\/product\/lemforder\/\"><img loading=\"lazy\" decoding=\"async\" width=\"300\" height=\"200\" data-media-id=\"3627\" class=\"gb-media-16e43eec\" src=\"https:\/\/konpart.de\/wp-content\/uploads\/2025\/05\/lemfoerder-logo-1.jpg\" alt=\"Lemf\u00f6rder\"\/><\/a>\n<\/div>\n\n<div class=\"gb-loop-item gb-loop-item-70ad5639 post-4179 product type-product status-publish has-post-thumbnail hentry\">\n<a href=\"https:\/\/konpart.de\/es\/product\/glyco\/\"><img loading=\"lazy\" decoding=\"async\" width=\"300\" height=\"200\" data-media-id=\"3599\" class=\"gb-media-16e43eec\" src=\"https:\/\/konpart.de\/wp-content\/uploads\/2024\/11\/glyco-logo-2.jpg\" alt=\"Glyco\"\/><\/a>\n<\/div>\n\n<div class=\"gb-loop-item gb-loop-item-70ad5639 post-4132 product type-product status-publish has-post-thumbnail hentry\">\n<a href=\"https:\/\/konpart.de\/es\/product\/moog\/\"><img loading=\"lazy\" decoding=\"async\" width=\"300\" height=\"200\" data-media-id=\"3639\" class=\"gb-media-16e43eec\" src=\"https:\/\/konpart.de\/wp-content\/uploads\/2024\/11\/moog-logo-1.jpg\" alt=\"Moog\"\/><\/a>\n<\/div>\n\n<div class=\"gb-loop-item gb-loop-item-70ad5639 post-4181 product type-product status-publish has-post-thumbnail hentry\">\n<a href=\"https:\/\/konpart.de\/es\/product\/goetze\/\"><img loading=\"lazy\" decoding=\"async\" width=\"300\" height=\"200\" data-media-id=\"3603\" class=\"gb-media-16e43eec\" src=\"https:\/\/konpart.de\/wp-content\/uploads\/2024\/11\/goetze-logo-1.jpg\" alt=\"Goetze\"\/><\/a>\n<\/div>\n\n<div class=\"gb-loop-item gb-loop-item-70ad5639 post-4146 product type-product status-publish has-post-thumbnail hentry\">\n<a href=\"https:\/\/konpart.de\/es\/product\/sachs\/\"><img loading=\"lazy\" decoding=\"async\" width=\"300\" height=\"200\" data-media-id=\"3679\" class=\"gb-media-16e43eec\" src=\"https:\/\/konpart.de\/wp-content\/uploads\/2025\/05\/sachs-logo-1.jpg\" alt=\"Sachs\"\/><\/a>\n<\/div>\n\n<div class=\"gb-loop-item gb-loop-item-70ad5639 post-4129 product type-product status-publish has-post-thumbnail hentry\">\n<a href=\"https:\/\/konpart.de\/es\/product\/nural\/\"><img loading=\"lazy\" decoding=\"async\" width=\"300\" height=\"200\" data-media-id=\"3655\" class=\"gb-media-16e43eec\" src=\"https:\/\/konpart.de\/wp-content\/uploads\/2024\/11\/nueral-logo-1.jpg\" alt=\"N\u00fcral\"\/><\/a>\n<\/div>\n\n<div class=\"gb-loop-item gb-loop-item-70ad5639 post-4160 product type-product status-publish has-post-thumbnail hentry\">\n<a href=\"https:\/\/konpart.de\/es\/product\/beru\/\"><img loading=\"lazy\" decoding=\"async\" width=\"300\" height=\"200\" data-media-id=\"3539\" class=\"gb-media-16e43eec\" src=\"https:\/\/konpart.de\/wp-content\/uploads\/2024\/11\/beru-logo-1.jpg\" alt=\"Beru\"\/><\/a>\n<\/div>\n\n<div class=\"gb-loop-item gb-loop-item-70ad5639 post-4185 product type-product status-publish has-post-thumbnail hentry\">\n<a href=\"https:\/\/konpart.de\/es\/product\/hella\/\"><img loading=\"lazy\" decoding=\"async\" width=\"300\" height=\"200\" data-media-id=\"3607\" class=\"gb-media-16e43eec\" src=\"https:\/\/konpart.de\/wp-content\/uploads\/2024\/11\/hella-logo-1.jpg\" alt=\"Hella\"\/><\/a>\n<\/div>\n\n<div class=\"gb-loop-item gb-loop-item-70ad5639 post-581 product type-product status-publish has-post-thumbnail hentry\">\n<a href=\"https:\/\/konpart.de\/es\/product\/bosch\/\"><img loading=\"lazy\" decoding=\"async\" width=\"125\" height=\"40\" data-media-id=\"560\" class=\"gb-media-16e43eec\" src=\"https:\/\/konpart.de\/wp-content\/uploads\/2024\/11\/BOSCH2.webp\" alt=\"Bosch\"\/><\/a>\n<\/div>\n\n<div class=\"gb-loop-item gb-loop-item-70ad5639 post-4127 product type-product status-publish has-post-thumbnail hentry\">\n<a href=\"https:\/\/konpart.de\/es\/product\/nissens\/\"><img loading=\"lazy\" decoding=\"async\" width=\"300\" height=\"200\" data-media-id=\"3647\" class=\"gb-media-16e43eec\" src=\"https:\/\/konpart.de\/wp-content\/uploads\/2024\/11\/nissens-logo.jpg\" alt=\"Nissens\"\/><\/a>\n<\/div>\n\n<div class=\"gb-loop-item gb-loop-item-70ad5639 post-4170 product type-product status-publish has-post-thumbnail hentry\">\n<a href=\"https:\/\/konpart.de\/es\/product\/autoedicion\/\"><img loading=\"lazy\" decoding=\"async\" width=\"300\" height=\"200\" data-media-id=\"3567\" class=\"gb-media-16e43eec\" src=\"https:\/\/konpart.de\/wp-content\/uploads\/2024\/11\/dtp-logo-1.jpg\" alt=\"AUTOEDICI\u00d3N\"\/><\/a>\n<\/div>\n\n<div class=\"gb-loop-item gb-loop-item-70ad5639 post-4102 product type-product status-publish has-post-thumbnail hentry\">\n<a href=\"https:\/\/konpart.de\/es\/product\/pierburg\/\"><img loading=\"lazy\" decoding=\"async\" width=\"300\" height=\"200\" data-media-id=\"3671\" class=\"gb-media-16e43eec\" src=\"https:\/\/konpart.de\/wp-content\/uploads\/2025\/05\/pierburg-logo-1.jpg\" alt=\"Pierburg\"\/><\/a>\n<\/div>\n\n<div class=\"gb-loop-item gb-loop-item-70ad5639 post-4174 product type-product status-publish has-post-thumbnail hentry\">\n<a href=\"https:\/\/konpart.de\/es\/product\/fp-diesel\/\"><img loading=\"lazy\" decoding=\"async\" width=\"300\" height=\"200\" data-media-id=\"3591\" class=\"gb-media-16e43eec\" src=\"https:\/\/konpart.de\/wp-content\/uploads\/2024\/11\/fp-diesel-logo-1.jpg\" alt=\"FP Diesel\"\/><\/a>\n<\/div>\n\n<div class=\"gb-loop-item gb-loop-item-70ad5639 post-4096 product type-product status-publish has-post-thumbnail hentry\">\n<a href=\"https:\/\/konpart.de\/es\/product\/impresion-azul\/\"><img loading=\"lazy\" decoding=\"async\" width=\"300\" height=\"200\" data-media-id=\"3543\" class=\"gb-media-16e43eec\" src=\"https:\/\/konpart.de\/wp-content\/uploads\/2025\/05\/blue-print-logo-1.jpg\" alt=\"Impresi\u00f3n azul\"\/><\/a>\n<\/div>\n\n<div class=\"gb-loop-item gb-loop-item-70ad5639 post-4097 product type-product status-publish has-post-thumbnail hentry\">\n<a href=\"https:\/\/konpart.de\/es\/product\/nrf\/\"><img loading=\"lazy\" decoding=\"async\" width=\"300\" height=\"200\" data-media-id=\"3651\" class=\"gb-media-16e43eec\" src=\"https:\/\/konpart.de\/wp-content\/uploads\/2025\/05\/nrf-logo-1.jpg\" alt=\"NRF\"\/><\/a>\n<\/div>\n<\/div><\/div>\n<\/div>\n\n\n<div class=\"gb-container gb-container-4c28cbe3 main\">\n<div class=\"gb-container gb-container-914b04a5 wide\">\n\n<h1 class=\"gb-text gb-text-26113fbc\">Ponte en contacto con<\/h1>\n\n\n\n<p class=\"gb-text\"><strong>Para cualquier consulta, \u00a1no dudes en ponerte en contacto con nosotros!<\/strong><\/p>\n\n\n\n<p><strong>S\u00f3lo tienes que enviarnos los n\u00fameros de art\u00edculo que necesitas (o los n\u00fameros OE) y las cantidades, \u00a1y estaremos encantados de hacerte un presupuesto!<\/strong><\/p>\n\n\n\n<p><strong>Direcci\u00f3n<\/strong><br>KonPart Import-Export GmbH<br>Am alten Lokschuppen 6<br>21509 Glinde, Alemania<\/p>\n\n\n\n<p><strong>Tel\u00e9fono<\/strong><br>+49 (0) 40 6963948-0<br>+49 (0) 40 6963948-20<\/p>\n\n\n\n<p>i<a href=\"mailto:n&#102;&#111;&#64;k&#111;n&#112;ar&#116;&#46;&#100;e\">n&#102;o&#64;&#107;onpa&#114;&#116;&#46;de<\/a><br>http:\/\/www.konpart.de<\/p>\n\n<\/div>\n<\/div>\n\n<div class=\"gb-container gb-container-ff76f97b main page-mb\">\n<div class=\"gb-container gb-container-82e47643 small\">\n\n<div class=\"wpcf7 no-js\" id=\"wpcf7-f4731-o1\" lang=\"es-ES\" dir=\"ltr\" data-wpcf7-id=\"4731\">\n<div class=\"screen-reader-response\"><p role=\"status\" aria-live=\"polite\" aria-atomic=\"true\"><\/p> <ul><\/ul><\/div>\n<form action=\"\/es\/wp-json\/wp\/v2\/pages\/4735#wpcf7-f4731-o1\" method=\"post\" class=\"wpcf7-form init\" aria-label=\"Formulario de contacto\" novalidate=\"novalidate\" data-status=\"init\">\n<fieldset class=\"hidden-fields-container\"><input type=\"hidden\" name=\"_wpcf7\" value=\"4731\" \/><input type=\"hidden\" name=\"_wpcf7_version\" value=\"6.1.5\" \/><input type=\"hidden\" name=\"_wpcf7_locale\" value=\"es_ES\" \/><input type=\"hidden\" name=\"_wpcf7_unit_tag\" value=\"wpcf7-f4731-o1\" \/><input type=\"hidden\" name=\"_wpcf7_container_post\" value=\"0\" \/><input type=\"hidden\" name=\"_wpcf7_posted_data_hash\" value=\"\" \/>\n<\/fieldset>\n<div class=\"ws-form-grid\">\n   <div class=\"ws-form-row\">\n       <div><span class=\"wpcf7-form-control-wrap\" data-name=\"your-name\"><input size=\"40\" maxlength=\"400\" class=\"wpcf7-form-control wpcf7-text wpcf7-validates-as-required\" aria-required=\"true\" aria-invalid=\"false\" placeholder=\"Nombre*\" value=\"\" type=\"text\" name=\"your-name\" \/><\/span><\/div>\n   <\/div>\n   <div class=\"ws-form-row\">\n       <div><span class=\"wpcf7-form-control-wrap\" data-name=\"company\"><input size=\"40\" maxlength=\"400\" class=\"wpcf7-form-control wpcf7-text wpcf7-validates-as-required\" aria-required=\"true\" aria-invalid=\"false\" placeholder=\"Empresa*\" value=\"\" type=\"text\" name=\"company\" \/><\/span><\/div>\n   <\/div>\n   <div class=\"ws-form-row\">\n       <div><span class=\"wpcf7-form-control-wrap\" data-name=\"your-email\"><input size=\"40\" maxlength=\"400\" class=\"wpcf7-form-control wpcf7-email wpcf7-validates-as-required wpcf7-text wpcf7-validates-as-email\" aria-required=\"true\" aria-invalid=\"false\" placeholder=\"Direcci\u00f3n de correo electr\u00f3nico*\" value=\"\" type=\"email\" name=\"your-email\" \/><\/span><\/div>\n   <\/div>\n\n   <div class=\"ws-form-row\">\n       <div><span class=\"wpcf7-form-control-wrap\" data-name=\"your-message\"><textarea cols=\"40\" rows=\"10\" maxlength=\"2000\" class=\"wpcf7-form-control wpcf7-textarea\" aria-invalid=\"false\" placeholder=\"Tu mensaje\" name=\"your-message\"><\/textarea><\/span><\/div>\n   <\/div>\n   \n<div class=\"ws-form-row\">\n      <p>* Campos obligatorios<\/p>\n      <p>Al enviar este formulario, aceptas que utilicemos tus datos para procesar tu solicitud o ponernos en contacto contigo. Puedes encontrar m\u00e1s informaci\u00f3n sobre la protecci\u00f3n de datos en nuestra <a href=\"\/privacy-policy\/\" target=\"_blank\">Pol\u00edtica de privacidad<\/a>. <\/p>\n   <\/div>\n   <div class=\"ws-form-row\">\n      \n\n\t\t\t\t\t\t\t<span class=\"wpcf7-form-control-wrap mailpoetsignup-367\">\n\t\t\t<span class=\"wpcf7-form-control wpcf7-mailpoetsignup\">\n\t\t\t\t<label class=\"wpcf7-list-label\">\n\t\t\t\t<input type=\"checkbox\"\n\t\t\t\tname=\"mailpoetsignup-367[]\" value=\"\n\t\t\t\t\t\t\t\t\t\tNewsletter mailing list\t\t\t\t\"\n\t\t\t\tid=\"\" class=\"\"\n\t\t\t\t\t\t\t\t\/>Suscripci\u00f3n al bolet\u00edn\t\t\t\t\t<input type=\"hidden\" name=\"fieldVal\"  value=\"\n\t\t\t\t\t3\t\t\t\t\t\"\n\t\t\t\t<\/label>\n\t\t\t\t<br\/>\n\t\t\t\t<\/span>\n\n\t\t\t\t<\/span>\n\n\t\t\t\t\n   <\/div>\n<span id=\"ai1ic-CC8cl\" data-toggle=\"\" class=\"cf7ic-loader\">Loading...<\/span>\n<input class=\"wpcf7-form-control wpcf7-submit has-spinner\" type=\"submit\" value=\"Env\u00eda\" \/>\n<\/div><div class=\"wpcf7-response-output\" aria-hidden=\"true\"><\/div>\n<\/form>\n<\/div>\n\n\n<\/div>\n<\/div>","protected":false},"excerpt":{"rendered":"<p>Ponte en contacto con Para cualquier consulta, \u00a1no dudes en ponerte en contacto con nosotros! S\u00f3lo tienes que enviarnos los n\u00fameros de art\u00edculo que necesitas (o los n\u00fameros OE) y las cantidades, \u00a1y estaremos encantados de hacerte un presupuesto! Direcci\u00f3nKonPart Import-Export GmbHAm alten Lokschuppen 621509 Glinde, Alemania Tel\u00e9fono+49 (0) 40 6963948-0+49 (0) 40 6963948-20 ihttp:\/\/www.konpart.de<\/p>\n","protected":false},"author":1,"featured_media":0,"parent":0,"menu_order":80,"comment_status":"closed","ping_status":"closed","template":"","meta":{"_acf_changed":false,"footnotes":""},"element-controls":[],"class_list":["post-4735","page","type-page","status-publish"],"acf":[],"_links":{"self":[{"href":"https:\/\/konpart.de\/es\/wp-json\/wp\/v2\/pages\/4735","targetHints":{"allow":["GET"]}}],"collection":[{"href":"https:\/\/konpart.de\/es\/wp-json\/wp\/v2\/pages"}],"about":[{"href":"https:\/\/konpart.de\/es\/wp-json\/wp\/v2\/types\/page"}],"author":[{"embeddable":true,"href":"https:\/\/konpart.de\/es\/wp-json\/wp\/v2\/users\/1"}],"replies":[{"embeddable":true,"href":"https:\/\/konpart.de\/es\/wp-json\/wp\/v2\/comments?post=4735"}],"version-history":[{"count":4,"href":"https:\/\/konpart.de\/es\/wp-json\/wp\/v2\/pages\/4735\/revisions"}],"predecessor-version":[{"id":4874,"href":"https:\/\/konpart.de\/es\/wp-json\/wp\/v2\/pages\/4735\/revisions\/4874"}],"wp:attachment":[{"href":"https:\/\/konpart.de\/es\/wp-json\/wp\/v2\/media?parent=4735"}],"wp:term":[{"taxonomy":"element-controls","embeddable":true,"href":"https:\/\/konpart.de\/es\/wp-json\/wp\/v2\/element-controls?post=4735"}],"curies":[{"name":"wp","href":"https:\/\/api.w.org\/{rel}","templated":true}]}}