{"id":4096,"date":"2025-05-16T11:49:42","date_gmt":"2025-05-16T09:49:42","guid":{"rendered":"https:\/\/konpart.de\/product\/impresion-azul\/"},"modified":"2025-10-14T13:46:04","modified_gmt":"2025-10-14T11:46:04","slug":"impresion-azul","status":"publish","type":"product","link":"https:\/\/konpart.de\/es\/product\/impresion-azul\/","title":{"rendered":"Impresi\u00f3n azul"},"excerpt":{"rendered":"<p>Blue Print es especialista en recambios de calidad de equipo original para marcas de veh\u00edculos asi\u00e1ticas y americanas, y ofrece una amplia gama de componentes de automoci\u00f3n dise\u00f1ados con precisi\u00f3n. Como parte del grupo Bilstein, Blue Print se ha forjado una s\u00f3lida reputaci\u00f3n por su precisi\u00f3n, fiabilidad y cobertura de productos, especialmente para modelos de Toyota, Honda, Hyundai, Kia, Nissan, Ford (EE.UU.), etc. <\/p>\n","protected":false},"featured_media":3543,"template":"","meta":{"_acf_changed":false},"product-type":[],"class_list":["post-4096","product","type-product","status-publish","has-post-thumbnail","hentry"],"acf":{"product-claim":"Blue Print - Recambios de precisi\u00f3n para veh\u00edculos asi\u00e1ticos y americanos","product-description":"<em>Tu fuente de productos originales Blue Print de un exportador alem\u00e1n de confianza<\/em>\n\n<strong>Blue<\/strong> Print es especialista en <strong>recambios de calidad de equipo original<\/strong> para marcas de veh\u00edculos asi\u00e1ticas y americanas, y ofrece una amplia gama de componentes de automoci\u00f3n dise\u00f1ados con precisi\u00f3n. Como parte del grupo Bilstein, <strong>Blue<\/strong> Print se ha forjado una s\u00f3lida reputaci\u00f3n por su precisi\u00f3n, fiabilidad y cobertura de productos, especialmente para modelos de Toyota, Honda, Hyundai, Kia, Nissan, Ford (EE.UU.), etc. \n\nComo <strong>exportador alem\u00e1n<\/strong> l\u00edder <strong>de piezas de recambio<\/strong>, ofrecemos una gama completa de <strong>productos Blue<\/strong> Print, enviados directamente desde Alemania a nuestros clientes. Tanto si eres mayorista, distribuidor o centro de servicio, te garantizamos un acceso fluido y fiable al cat\u00e1logo completo de Blue Print. \n\n<strong>Puntos destacados del producto Blue Print:<\/strong>\n<ul>\n \t<li><strong>Piezas con calidad de equipo original<\/strong> para marcas asi\u00e1ticas y americanas<\/li>\n \t<li>M\u00e1s de 25.000 art\u00edculos en categor\u00edas como:\n<ul>\n \t<li>Sistemas de freno<\/li>\n \t<li>Filtros<\/li>\n \t<li>Kits de embrague<\/li>\n \t<li>Componentes del motor<\/li>\n \t<li>Direcci\u00f3n y suspensi\u00f3n<\/li>\n \t<li>Piezas el\u00e9ctricas y de refrigeraci\u00f3n<\/li>\n<\/ul>\n<\/li>\n \t<li><strong>Ajuste y funcionamiento exactos<\/strong>: ideal para una instalaci\u00f3n r\u00e1pida y fiabilidad a largo plazo<\/li>\n \t<li>Respaldado por la calidad y la red log\u00edstica de Bilstein group<\/li>\n<\/ul>\n<strong>Los recambios Blue Print<\/strong> se fabrican para cumplir las especificaciones exactas de las piezas originales del veh\u00edculo, ofreciendo una alternativa perfecta a las piezas de Equipo Original, especialmente cuando se trata de marcas de veh\u00edculos japonesas, coreanas y estadounidenses.\n\n<strong>Exportaci\u00f3n de productos Blue Print<\/strong>\n\nComo <strong>exportador alem\u00e1n de<\/strong> confianza, ofrecemos:\n<ul>\n \t<li>Acceso directo a toda la gama Blue Print<\/li>\n \t<li>Log\u00edstica de exportaci\u00f3n r\u00e1pida y eficaz<\/li>\n \t<li>Asistencia profesional para la identificaci\u00f3n y suministro de piezas<\/li>\n \t<li>Precios competitivos y soluciones para pedidos al por mayor<\/li>\n \t<li>Documentaci\u00f3n y embalaje de exportaci\u00f3n personalizados<\/li>\n<\/ul>\nTanto si buscas recambios <strong>Blue Print<\/strong> para turismos como para veh\u00edculos comerciales ligeros, nuestro equipo de exportaci\u00f3n garantiza un alto nivel de servicio y una entrega internacional sin problemas.\n\n<em>Ponte en contacto para consultar precios, disponibilidad o asociaciones de suministro a largo plazo.  <\/em><em>Blue Print: ingenier\u00eda de precisi\u00f3n, suministrada desde Alemania.<\/em>","catalog":null,"logo-reihenfolge":27,"spare-part-table":""},"_links":{"self":[{"href":"https:\/\/konpart.de\/es\/wp-json\/wp\/v2\/product\/4096","targetHints":{"allow":["GET"]}}],"collection":[{"href":"https:\/\/konpart.de\/es\/wp-json\/wp\/v2\/product"}],"about":[{"href":"https:\/\/konpart.de\/es\/wp-json\/wp\/v2\/types\/product"}],"wp:featuredmedia":[{"embeddable":true,"href":"https:\/\/konpart.de\/es\/wp-json\/wp\/v2\/media\/3543"}],"wp:attachment":[{"href":"https:\/\/konpart.de\/es\/wp-json\/wp\/v2\/media?parent=4096"}],"wp:term":[{"taxonomy":"product-type","embeddable":true,"href":"https:\/\/konpart.de\/es\/wp-json\/wp\/v2\/product-type?post=4096"}],"curies":[{"name":"wp","href":"https:\/\/api.w.org\/{rel}","templated":true}]}}