{"id":4097,"date":"2025-05-16T11:50:11","date_gmt":"2025-05-16T09:50:11","guid":{"rendered":"https:\/\/konpart.de\/product\/nrf\/"},"modified":"2025-10-14T13:46:04","modified_gmt":"2025-10-14T11:46:04","slug":"nrf","status":"publish","type":"product","link":"https:\/\/konpart.de\/es\/product\/nrf\/","title":{"rendered":"NRF"},"excerpt":{"rendered":"<p>NRF es l\u00edder mundial en sistemas de refrigeraci\u00f3n y climatizaci\u00f3n de autom\u00f3viles. Con m\u00e1s de 90 a\u00f1os de experiencia, NRF suministra recambios con calidad de equipo original que satisfacen las exigencias de los veh\u00edculos modernos y los talleres de reparaci\u00f3n profesionales. Conocidos por su innovaci\u00f3n y fiabilidad, los productos de NRF gozan de la confianza de todo el mercado de recambios por su rendimiento, durabilidad y ajuste exacto.  <\/p>\n","protected":false},"featured_media":3651,"template":"","meta":{"_acf_changed":false},"product-type":[],"class_list":["post-4097","product","type-product","status-publish","has-post-thumbnail","hentry"],"acf":{"product-claim":"NRF - Soluciones inteligentes de refrigeraci\u00f3n y climatizaci\u00f3n","product-description":"<em>Tu exportador alem\u00e1n de confianza para productos NRF y piezas de recambio de alta calidad<\/em>\n\n<strong>NRF<\/strong> es l\u00edder mundial en sistemas de refrigeraci\u00f3n y climatizaci\u00f3n de autom\u00f3viles. Con m\u00e1s de 90 a\u00f1os de experiencia, <g id=\"gid_1\">NRF<\/g> suministra <g id=\"gid_2\">recambios con calidad de equipo original<\/g> que satisfacen las exigencias de los veh\u00edculos modernos y los talleres de reparaci\u00f3n profesionales. Conocidos por su innovaci\u00f3n y fiabilidad, <strong>los productos de NRF<\/strong> gozan de la confianza de todo el mercado de recambios por su rendimiento, durabilidad y ajuste exacto.  \n\nComo <strong>exportador alem\u00e1n de recambios de automoci\u00f3n<\/strong> con experiencia, proporcionamos acceso directo a la gama completa de recambios <strong>NRF<\/strong>, enviados desde Alemania a nuestros clientes exportadores. Tanto si eres distribuidor como mayorista, nuestro servicio de exportaci\u00f3n te garantiza una entrega r\u00e1pida y fiable y un apoyo experto. \n\n<strong>\u00bfPor qu\u00e9 elegir productos NRF?<\/strong>\n<ul>\n \t<li><strong>Componentes con calidad de equipo original<\/strong> en los que conf\u00edan fabricantes de autom\u00f3viles de todo el mundo<\/li>\n \t<li>Amplia gama de productos que incluye:\n<ul>\n \t<li>Radiadores<\/li>\n \t<li>Condensadores<\/li>\n \t<li>Intercoolers<\/li>\n \t<li>Motores de soplado<\/li>\n \t<li>Filtros de habit\u00e1culo<\/li>\n \t<li>Enfriadores de aceite y embragues de ventilador<\/li>\n<\/ul>\n<\/li>\n \t<li>Innovaci\u00f3n continua con sensores inteligentes y soluciones E-Tech<\/li>\n \t<li>Ajuste perfecto y f\u00e1cil instalaci\u00f3n para reducir el tiempo de trabajo<\/li>\n \t<li>Cobertura de aplicaciones para veh\u00edculos europeos, asi\u00e1ticos y americanos<\/li>\n<\/ul>\n<strong>Los recambios NRF<\/strong> est\u00e1n dise\u00f1ados para ofrecer un rendimiento y una eficiencia t\u00e9rmica duraderos, garantizando una temperatura \u00f3ptima del motor y del habit\u00e1culo en todas las condiciones de conducci\u00f3n.\n\n<strong>Tu socio exportador de productos NRF<\/strong>\n\nComo <strong>exportador alem\u00e1n de<\/strong> confianza, estamos especializados en el comercio internacional de <strong>piezas de recambio NRF<\/strong>. Nuestros servicios de exportaci\u00f3n incluyen: \n<ul>\n \t<li>Productos genuinos de NRF, de origen directo<\/li>\n \t<li>Env\u00edo con log\u00edstica r\u00e1pida y segura<\/li>\n \t<li>Documentaci\u00f3n y embalaje de exportaci\u00f3n personalizados<\/li>\n \t<li>Atenci\u00f3n al cliente y orientaci\u00f3n t\u00e9cnica multiling\u00fces<\/li>\n \t<li>Precios competitivos y disponibilidad para pedidos al por mayor y repetidos<\/li>\n<\/ul>\nTrabajamos en estrecha colaboraci\u00f3n con clientes que buscan proveedores fiables de <strong>piezas de recambio alemanas<\/strong> y <strong>productos NRF<\/strong> que combinen calidad y asequibilidad.\n\n<em>Ponte en contacto con nosotros hoy mismo para solicitar un presupuesto o una consulta sobre exportaci\u00f3n. NRF - Gesti\u00f3n t\u00e9rmica con calidad de equipo original, exportada desde Alemania con precisi\u00f3n. <\/em>","catalog":null,"logo-reihenfolge":28,"spare-part-table":""},"_links":{"self":[{"href":"https:\/\/konpart.de\/es\/wp-json\/wp\/v2\/product\/4097","targetHints":{"allow":["GET"]}}],"collection":[{"href":"https:\/\/konpart.de\/es\/wp-json\/wp\/v2\/product"}],"about":[{"href":"https:\/\/konpart.de\/es\/wp-json\/wp\/v2\/types\/product"}],"wp:featuredmedia":[{"embeddable":true,"href":"https:\/\/konpart.de\/es\/wp-json\/wp\/v2\/media\/3651"}],"wp:attachment":[{"href":"https:\/\/konpart.de\/es\/wp-json\/wp\/v2\/media?parent=4097"}],"wp:term":[{"taxonomy":"product-type","embeddable":true,"href":"https:\/\/konpart.de\/es\/wp-json\/wp\/v2\/product-type?post=4097"}],"curies":[{"name":"wp","href":"https:\/\/api.w.org\/{rel}","templated":true}]}}